{"id":8701,"date":"2022-10-11T09:57:53","date_gmt":"2022-10-11T01:57:53","guid":{"rendered":"https:\/\/www.focoinduction.com\/dao-tao-thiet-bi-cam-ung\/"},"modified":"2025-01-02T10:37:34","modified_gmt":"2025-01-02T02:37:34","slug":"dao-tao-thiet-bi-cam-ung","status":"publish","type":"page","link":"https:\/\/www.focoinduction.com\/vi\/dich-vu-gia-nhiet-cam-ung\/dao-tao-thiet-bi-cam-ung\/","title":{"rendered":"\u0110\u00e0o t\u1ea1o thi\u1ebft b\u1ecb c\u1ea3m \u1ee9ng"},"content":{"rendered":"<p><div class=\"fusion-fullwidth fullwidth-box fusion-builder-row-1 fusion-flex-container has-pattern-background has-mask-background nonhundred-percent-fullwidth non-hundred-percent-height-scrolling\" style=\"--awb-border-radius-top-left:0px;--awb-border-radius-top-right:0px;--awb-border-radius-bottom-right:0px;--awb-border-radius-bottom-left:0px;--awb-flex-wrap:wrap;\" ><div class=\"fusion-builder-row fusion-row fusion-flex-align-items-flex-start fusion-flex-content-wrap\" style=\"max-width:1248px;margin-left: calc(-4% \/ 2 );margin-right: calc(-4% \/ 2 );\"><div class=\"fusion-layout-column fusion_builder_column fusion-builder-column-0 fusion_builder_column_1_1 1_1 fusion-flex-column\" style=\"--awb-bg-size:cover;--awb-width-large:100%;--awb-margin-top-large:0px;--awb-spacing-right-large:1.92%;--awb-margin-bottom-large:20px;--awb-spacing-left-large:1.92%;--awb-width-medium:100%;--awb-order-medium:0;--awb-spacing-right-medium:1.92%;--awb-spacing-left-medium:1.92%;--awb-width-small:100%;--awb-order-small:0;--awb-spacing-right-small:1.92%;--awb-spacing-left-small:1.92%;\"><div class=\"fusion-column-wrapper fusion-column-has-shadow fusion-flex-justify-content-flex-start fusion-content-layout-column\"><div class=\"fusion-text fusion-text-1\"><p>\u0110\u00e0o t\u1ea1o FOCO bao g\u1ed3m m\u1ecdi th\u1ee9 t\u1eeb ki\u1ebfn th\u1ee9c c\u01a1 b\u1ea3n v\u1ec1 gia nhi\u1ec7t c\u1ea3m \u1ee9ng \u0111\u1ebfn l\u00fd thuy\u1ebft n\u00e2ng cao v\u1ec1 thi\u1ebft k\u1ebf c\u1ea3m \u1ee9ng, t\u1eeb b\u1ea3o tr\u00ec h\u1ec7 th\u1ed1ng ph\u00f2ng ng\u1eeba \u0111\u1ebfn \u0111\u00e0o t\u1ea1o cho ng\u01b0\u1eddi d\u00f9ng h\u1ec7 th\u1ed1ng. \u0110\u00e0o t\u1ea1o ng\u01b0\u1eddi v\u1eadn h\u00e0nh t\u00f9y ch\u1ec9nh c\u0169ng c\u00f3 th\u1ec3 \u0111\u01b0\u1ee3c \u0111i\u1ec1u ch\u1ec9nh theo thi\u1ebft b\u1ecb v\u00e0 m\u00f4i tr\u01b0\u1eddng s\u1ea3n xu\u1ea5t c\u1ee5 th\u1ec3 c\u1ee7a b\u1ea1n. H\u1ecdc vi\u00ean s\u1ebd \u0111\u01b0\u1ee3c h\u1ecdc t\u1eeb c\u00e1c k\u1ef9 thu\u1eadt vi\u00ean \u0111\u01b0\u1ee3c \u0111\u00e0o t\u1ea1o b\u00e0i b\u1ea3n c\u1ee7a ch\u00fang t\u00f4i v\u1edbi nhi\u1ec1u n\u0103m kinh nghi\u1ec7m th\u1ef1c t\u1ebf v\u00e0 ki\u1ebfn th\u1ee9c s\u00e2u r\u1ed9ng. C\u00e1c kh\u00f3a h\u1ecdc c\u00f3 s\u1eb5n \u1edf m\u1ecdi tr\u00ecnh \u0111\u1ed9 v\u00e0 c\u00f3 th\u1ec3 \u0111\u01b0\u1ee3c \u0111i\u1ec1u ch\u1ec9nh \u0111\u1ec3 \u0111\u00e1p \u1ee9ng nhu c\u1ea7u c\u1ee7a b\u1ea1n.<\/p>\n<\/div><\/div><\/div><div class=\"fusion-layout-column fusion_builder_column fusion-builder-column-1 fusion_builder_column_1_1 1_1 fusion-flex-column\" style=\"--awb-bg-size:cover;--awb-width-large:100%;--awb-margin-top-large:0px;--awb-spacing-right-large:1.92%;--awb-margin-bottom-large:20px;--awb-spacing-left-large:1.92%;--awb-width-medium:100%;--awb-order-medium:0;--awb-spacing-right-medium:1.92%;--awb-spacing-left-medium:1.92%;--awb-width-small:100%;--awb-order-small:0;--awb-spacing-right-small:1.92%;--awb-spacing-left-small:1.92%;\"><div class=\"fusion-column-wrapper fusion-column-has-shadow fusion-flex-justify-content-flex-start fusion-content-layout-column\"><div class=\"fusion-text fusion-text-2\"><p>\u0110\u00e0o t\u1ea1o nh\u00e2n vi\u00ean m\u1edbi gi\u00fap tr\u00e1nh nh\u1eefng sai l\u1ea7m t\u1ed1n k\u00e9m nh\u01b0ng gi\u00fap h\u1ecd b\u1eaft k\u1ecbp ti\u1ebfn \u0111\u1ed9 c\u00f3 th\u1ec3 l\u00e0 m\u1ed9t th\u00e1ch th\u1ee9c. \u0110\u00f3 l\u00e0 l\u00fd do t\u1ea1i sao FOCO cung c\u1ea5p \u0111\u00e0o t\u1ea1o v\u1eadn h\u00e0nh h\u1ec7 th\u1ed1ng s\u01b0\u1edfi \u1ea5m c\u1ea3m \u1ee9ng. Nh\u1eadn \u0111\u00e0o t\u1ea1o th\u1ef1c h\u00e0nh t\u1ea1i[LOCATION] ti\u1ec7n nghi. Nh\u00e2n vi\u00ean c\u1ee7a b\u1ea1n s\u1ebd h\u1ecdc c\u00e1ch \u0111\u1ea1t \u0111\u01b0\u1ee3c m\u1ee9c hi\u1ec7u su\u1ea5t t\u1ed1i \u01b0u khi l\u00e0m vi\u1ec7c ri\u00eang l\u1ebb ho\u1eb7c theo nh\u00f3m nh\u1ecf.<\/p>\n<\/div><\/div><\/div><div class=\"fusion-layout-column fusion_builder_column fusion-builder-column-2 fusion_builder_column_1_1 1_1 fusion-flex-column\" style=\"--awb-bg-size:cover;--awb-width-large:100%;--awb-margin-top-large:0px;--awb-spacing-right-large:1.92%;--awb-margin-bottom-large:20px;--awb-spacing-left-large:1.92%;--awb-width-medium:100%;--awb-order-medium:0;--awb-spacing-right-medium:1.92%;--awb-spacing-left-medium:1.92%;--awb-width-small:100%;--awb-order-small:0;--awb-spacing-right-small:1.92%;--awb-spacing-left-small:1.92%;\"><div class=\"fusion-column-wrapper fusion-column-has-shadow fusion-flex-justify-content-flex-start fusion-content-layout-column\"><div class=\"fusion-text fusion-text-3\"><p>Cho d\u00f9 nh\u00e2n vi\u00ean m\u1edbi c\u1ee7a b\u1ea1n c\u1ea7n \u0111\u00e0o t\u1ea1o c\u01a1 b\u1ea3n hay n\u00e2ng cao, b\u1ea1n c\u00f3 th\u1ec3 tr\u00e1nh th\u1eddi gian ch\u1ebft kh\u00f4ng c\u1ea7n thi\u1ebft, ch\u1ea5n th\u01b0\u01a1ng v\u00e0 th\u1ea5t v\u1ecdng b\u1eb1ng c\u00e1ch l\u00ean l\u1ecbch bu\u1ed5i \u0111\u00e0o t\u1ea1o ng\u01b0\u1eddi v\u1eadn h\u00e0nh v\u1edbi FOCO. Li\u00ean h\u1ec7 v\u1edbi ch\u00fang t\u00f4i \u0111\u1ec3 th\u1ea3o lu\u1eadn v\u1ec1 d\u1ef1 \u00e1n c\u1ee5 th\u1ec3 c\u1ee7a b\u1ea1n. B\u1ea3o tr\u00ec v\u00e0 ch\u0103m s\u00f3c \u0111\u00fang c\u00e1ch k\u00e9o d\u00e0i \u0111\u00e1ng k\u1ec3 tu\u1ed5i th\u1ecd c\u1ee7a m\u00e1y.<\/p>\n<\/div><\/div><\/div><\/div><\/div><div class=\"fusion-fullwidth fullwidth-box fusion-builder-row-2 fusion-flex-container has-pattern-background has-mask-background nonhundred-percent-fullwidth non-hundred-percent-height-scrolling\" style=\"--awb-border-radius-top-left:0px;--awb-border-radius-top-right:0px;--awb-border-radius-bottom-right:0px;--awb-border-radius-bottom-left:0px;--awb-flex-wrap:wrap;\" ><div class=\"fusion-builder-row fusion-row fusion-flex-align-items-flex-start fusion-flex-content-wrap\" style=\"max-width:1248px;margin-left: calc(-4% \/ 2 );margin-right: calc(-4% \/ 2 );\"><div class=\"fusion-layout-column fusion_builder_column fusion-builder-column-3 fusion_builder_column_1_1 1_1 fusion-flex-column\" style=\"--awb-bg-size:cover;--awb-width-large:100%;--awb-margin-top-large:0px;--awb-spacing-right-large:1.92%;--awb-margin-bottom-large:20px;--awb-spacing-left-large:1.92%;--awb-width-medium:100%;--awb-order-medium:0;--awb-spacing-right-medium:1.92%;--awb-spacing-left-medium:1.92%;--awb-width-small:100%;--awb-order-small:0;--awb-spacing-right-small:1.92%;--awb-spacing-left-small:1.92%;\"><div class=\"fusion-column-wrapper fusion-column-has-shadow fusion-flex-justify-content-flex-start fusion-content-layout-column\"><div class=\"fusion-text fusion-text-4\"><h2>\u0110\u00e0o t\u1ea1o b\u1ea3o tr\u00ec c\u1ea3m \u1ee9ng<\/h2>\n<p>\u0110\u1ec3 ng\u0103n ng\u1eeba th\u1eddi gian ch\u1ebft v\u00e0 theo k\u1ecbp m\u1ee9c s\u1ea3n xu\u1ea5t, ch\u00fang t\u00f4i cung c\u1ea5p c\u00e1c kh\u00f3a \u0111\u00e0o t\u1ea1o b\u1ea3o tr\u00ec trong \u0111\u00f3 c\u00e1c k\u1ef9 thu\u1eadt vi\u00ean d\u1ecbch v\u1ee5 c\u1ee7a b\u1ea1n h\u1ecdc c\u00e1c chi\u1ebfn thu\u1eadt b\u1ea3o tr\u00ec ph\u00f2ng ng\u1eeba \u0111\u1ec3 \u0111\u1ea3m b\u1ea3o r\u1eb1ng h\u1ec7 th\u1ed1ng s\u1ea3n xu\u1ea5t c\u1ee7a b\u1ea1n lu\u00f4n ho\u1ea1t \u0111\u1ed9ng. Cu\u1ed9n c\u1ea3m t\u1eeb FOCO. V\u00ec ch\u00fang t\u00f4i tin r\u1eb1ng thi\u1ebft k\u1ebf v\u00e0 ch\u1ea5t l\u01b0\u1ee3ng cu\u1ed9n c\u1ea3m l\u00e0 r\u1ea5t quan tr\u1ecdng \u0111\u1ed1i v\u1edbi t\u1eebng h\u1ec7 th\u1ed1ng FOCO. Do \u0111\u00f3, ch\u00fang t\u00f4i cung c\u1ea5p \u0111\u00e0o t\u1ea1o gia c\u00f4ng cu\u1ed9n c\u1ea3m c\u1ee5 th\u1ec3. \u0110\u00e0o t\u1ea1o \u0111\u01b0\u1ee3c chia th\u00e0nh c\u00e1c ph\u1ea7n l\u00fd thuy\u1ebft v\u00e0 th\u1ef1c h\u00e0nh. \u0110\u1ea7u ti\u00ean, ch\u00fang t\u00f4i d\u1ea1y c\u00e1c nguy\u00ean t\u1eafc l\u00fd thuy\u1ebft v\u1ec1 thi\u1ebft k\u1ebf t\u1ed1t v\u00e0 ti\u1ebfn h\u00e0nh c\u00e1c b\u00e0i t\u1eadp th\u1ef1c h\u00e0nh. H\u1ecd h\u1ecdc c\u00e1ch ch\u1ebf t\u1ea1o c\u00e1c cu\u1ed9n c\u1ea3m ph\u00f9 h\u1ee3p theo t\u1ea7n s\u1ed1, v\u1eadt li\u1ec7u v\u00e0 m\u1eadt \u0111\u1ed9 c\u00f4ng su\u1ea5t.<\/p>\n<\/div><\/div><\/div><\/div><\/div><div class=\"fusion-fullwidth fullwidth-box fusion-builder-row-3 fusion-flex-container has-pattern-background has-mask-background nonhundred-percent-fullwidth non-hundred-percent-height-scrolling\" style=\"--awb-border-radius-top-left:0px;--awb-border-radius-top-right:0px;--awb-border-radius-bottom-right:0px;--awb-border-radius-bottom-left:0px;--awb-flex-wrap:wrap;\" ><div class=\"fusion-builder-row fusion-row fusion-flex-align-items-flex-start fusion-flex-content-wrap\" style=\"max-width:1248px;margin-left: calc(-4% \/ 2 );margin-right: calc(-4% \/ 2 );\"><div class=\"fusion-layout-column fusion_builder_column fusion-builder-column-4 fusion_builder_column_1_1 1_1 fusion-flex-column\" style=\"--awb-bg-size:cover;--awb-width-large:100%;--awb-margin-top-large:0px;--awb-spacing-right-large:1.92%;--awb-margin-bottom-large:20px;--awb-spacing-left-large:1.92%;--awb-width-medium:100%;--awb-order-medium:0;--awb-spacing-right-medium:1.92%;--awb-spacing-left-medium:1.92%;--awb-width-small:100%;--awb-order-small:0;--awb-spacing-right-small:1.92%;--awb-spacing-left-small:1.92%;\"><div class=\"fusion-column-wrapper fusion-column-has-shadow fusion-flex-justify-content-flex-start fusion-content-layout-column\"><div class=\"fusion-text fusion-text-5\"><h2>\u0110\u00e0o t\u1ea1o t\u00f9y ch\u1ec9nh<\/h2>\n<p>Ch\u00fang t\u00f4i s\u1ebd t\u00f9y ch\u1ec9nh ch\u01b0\u01a1ng tr\u00ecnh \u0111\u00e0o t\u1ea1o cho m\u00f4i tr\u01b0\u1eddng s\u1ea3n xu\u1ea5t \u0111\u1ed9c \u0111\u00e1o c\u1ee7a b\u1ea1n, c\u00e1c b\u1ed9 ph\u1eadn c\u1ee7a b\u1ea1n v\u00e0 tr\u00ecnh \u0111\u1ed9 k\u1ef9 n\u0103ng c\u1ee7a nh\u00e2n vi\u00ean c\u1ee7a b\u1ea1n. V\u00ec v\u1eady, h\u00e3y g\u1ecdi cho ch\u00fang t\u00f4i ngay h\u00f4m nay v\u00e0 \u0111\u1ec3 ch\u00fang t\u00f4i gi\u00fap b\u1ea1n t\u1eadn d\u1ee5ng t\u1ed1i \u0111a h\u1ec7 th\u1ed1ng s\u01b0\u1edfi \u1ea5m c\u1ea3m \u1ee9ng c\u1ee7a m\u00ecnh. H\u00e3y cho ch\u00fang t\u00f4i bi\u1ebft v\u1ec1 ho\u1ea1t \u0111\u1ed9ng v\u00e0 nhu c\u1ea7u c\u1ee7a b\u1ea1n, ch\u00fang t\u00f4i s\u1ebd thi\u1ebft k\u1ebf ri\u00eang m\u1ed9t ch\u01b0\u01a1ng tr\u00ecnh \u0111\u00e0o t\u1ea1o s\u01b0\u1edfi \u1ea5m c\u1ea3m \u1ee9ng d\u00e0nh ri\u00eang cho b\u1ea1n.<\/p>\n<\/div><\/div><\/div><\/div><\/div><div class=\"fusion-fullwidth fullwidth-box fusion-builder-row-4 fusion-flex-container has-pattern-background has-mask-background nonhundred-percent-fullwidth non-hundred-percent-height-scrolling\" style=\"--awb-border-radius-top-left:0px;--awb-border-radius-top-right:0px;--awb-border-radius-bottom-right:0px;--awb-border-radius-bottom-left:0px;--awb-flex-wrap:wrap;\" ><div class=\"fusion-builder-row fusion-row fusion-flex-align-items-flex-start fusion-flex-content-wrap\" style=\"max-width:1248px;margin-left: calc(-4% \/ 2 );margin-right: calc(-4% \/ 2 );\"><div class=\"fusion-layout-column fusion_builder_column fusion-builder-column-5 fusion_builder_column_1_1 1_1 fusion-flex-column\" style=\"--awb-bg-size:cover;--awb-width-large:100%;--awb-margin-top-large:0px;--awb-spacing-right-large:1.92%;--awb-margin-bottom-large:20px;--awb-spacing-left-large:1.92%;--awb-width-medium:100%;--awb-order-medium:0;--awb-spacing-right-medium:1.92%;--awb-spacing-left-medium:1.92%;--awb-width-small:100%;--awb-order-small:0;--awb-spacing-right-small:1.92%;--awb-spacing-left-small:1.92%;\"><div class=\"fusion-column-wrapper fusion-column-has-shadow fusion-flex-justify-content-flex-start fusion-content-layout-column\"><div class=\"fusion-text fusion-text-6\"><h2>Gi\u1ea3ng vi\u00ean chuy\u00ean nghi\u1ec7p<\/h2>\n<p>Gi\u1ea3ng vi\u00ean c\u1ee7a ch\u00fang t\u00f4i l\u00e0 nh\u1eefng chuy\u00ean gia \u0111\u01b0\u1ee3c \u0111\u00e0o t\u1ea1o t\u1ea1i nh\u00e0 m\u00e1y, gi\u00e0u kinh nghi\u1ec7m, k\u1ebft h\u1ee3p ki\u1ebfn th\u1ee9c v\u1ec1 h\u1ec7 th\u1ed1ng c\u1ea3m \u1ee9ng v\u1edbi kh\u1ea3 n\u0103ng gi\u1ea3ng d\u1ea1y hi\u1ec7u qu\u1ea3 tuy\u1ec7t v\u1eddi. Trong khi h\u1ea7u h\u1ebft c\u00e1c kh\u00f3a \u0111\u00e0o t\u1ea1o c\u1ee7a ch\u00fang t\u00f4i t\u1eadp trung v\u00e0o c\u00e1c b\u1ed9 ph\u1eadn k\u1ef9 thu\u1eadt h\u01a1n c\u1ee7a h\u1ec7 th\u1ed1ng c\u1ea3m \u1ee9ng, ch\u00fang t\u00f4i c\u0169ng cung c\u1ea5p c\u00e1c l\u1edbp d\u1ecbch v\u1ee5 t\u00f9y ch\u1ec9nh bao g\u1ed3m to\u00e0n b\u1ed9 h\u1ec7 th\u1ed1ng v\u00e0 \u0111\u00e0o t\u1ea1o v\u1ec1 an to\u00e0n thi\u1ebft b\u1ecb v\u00e0 ng\u01b0\u1eddi v\u1eadn h\u00e0nh. \u0110\u00e0o t\u1ea1o FOCO cung c\u1ea5p cho b\u1ea1n c\u00e1c c\u00f4ng c\u1ee5 \u0111\u1ec3 hi\u1ec3u r\u00f5 h\u01a1n v\u1ec1 quy tr\u00ecnh v\u00e0 thi\u1ebft b\u1ecb gia nhi\u1ec7t c\u1ea3m \u1ee9ng\u2014thi\u1ebft y\u1ebfu \u0111\u1ec3 \u0111\u1ea1t \u0111\u01b0\u1ee3c l\u1ee3i nhu\u1eadn v\u00e0 ho\u00e0n v\u1ed1n \u0111\u1ea7u t\u01b0 t\u1ed1i \u0111a. B\u1ea1n c\u00e0ng hi\u1ec3u bi\u1ebft v\u1ec1 thi\u1ebft b\u1ecb c\u1ea3m \u1ee9ng c\u1ee7a m\u00ecnh, b\u1ea1n c\u00e0ng thu h\u1ed3i \u0111\u01b0\u1ee3c v\u1ed1n \u0111\u1ea7u t\u01b0 t\u1ed1t h\u01a1n. H\u00e3y li\u00ean h\u1ec7 ngay h\u00f4m nay! Ch\u00fang t\u00f4i s\u1ebd n\u00f3i v\u1ec1 c\u00e1ch FOCO s\u1ebd \u0111\u00e0o t\u1ea1o nh\u00e2n vi\u00ean c\u1ee7a b\u1ea1n \u0111\u1ec3 khai th\u00e1c hi\u1ec7u su\u1ea5t t\u1ed1t nh\u1ea5t t\u1eeb thi\u1ebft b\u1ecb c\u1ea3m \u1ee9ng c\u1ee7a b\u1ea1n.<\/p>\n<\/div><\/div><\/div><\/div><\/div><\/p>\n","protected":false},"excerpt":{"rendered":"","protected":false},"author":1,"featured_media":8703,"parent":9370,"menu_order":0,"comment_status":"closed","ping_status":"closed","template":"","meta":{"footnotes":""},"class_list":["post-8701","page","type-page","status-publish","has-post-thumbnail","hentry"],"_links":{"self":[{"href":"https:\/\/www.focoinduction.com\/vi\/wp-json\/wp\/v2\/pages\/8701","targetHints":{"allow":["GET"]}}],"collection":[{"href":"https:\/\/www.focoinduction.com\/vi\/wp-json\/wp\/v2\/pages"}],"about":[{"href":"https:\/\/www.focoinduction.com\/vi\/wp-json\/wp\/v2\/types\/page"}],"author":[{"embeddable":true,"href":"https:\/\/www.focoinduction.com\/vi\/wp-json\/wp\/v2\/users\/1"}],"replies":[{"embeddable":true,"href":"https:\/\/www.focoinduction.com\/vi\/wp-json\/wp\/v2\/comments?post=8701"}],"version-history":[{"count":0,"href":"https:\/\/www.focoinduction.com\/vi\/wp-json\/wp\/v2\/pages\/8701\/revisions"}],"up":[{"embeddable":true,"href":"https:\/\/www.focoinduction.com\/vi\/wp-json\/wp\/v2\/pages\/9370"}],"wp:featuredmedia":[{"embeddable":true,"href":"https:\/\/www.focoinduction.com\/vi\/wp-json\/wp\/v2\/media\/8703"}],"wp:attachment":[{"href":"https:\/\/www.focoinduction.com\/vi\/wp-json\/wp\/v2\/media?parent=8701"}],"curies":[{"name":"wp","href":"https:\/\/api.w.org\/{rel}","templated":true}]}}