{"id":8735,"date":"2022-10-10T16:15:28","date_gmt":"2022-10-10T08:15:28","guid":{"rendered":"https:\/\/www.focoinduction.com\/tu-van-ung-dung-cam-ung\/"},"modified":"2025-01-02T10:37:33","modified_gmt":"2025-01-02T02:37:33","slug":"tu-van-ung-dung-cam-ung","status":"publish","type":"page","link":"https:\/\/www.focoinduction.com\/vi\/dich-vu-gia-nhiet-cam-ung\/tu-van-ung-dung-cam-ung\/","title":{"rendered":"T\u01b0 v\u1ea5n \u1ee9ng d\u1ee5ng c\u1ea3m \u1ee9ng"},"content":{"rendered":"<div class=\"fusion-fullwidth fullwidth-box fusion-builder-row-1 fusion-flex-container has-pattern-background has-mask-background nonhundred-percent-fullwidth non-hundred-percent-height-scrolling\" style=\"--awb-border-radius-top-left:0px;--awb-border-radius-top-right:0px;--awb-border-radius-bottom-right:0px;--awb-border-radius-bottom-left:0px;--awb-flex-wrap:wrap;\" ><div class=\"fusion-builder-row fusion-row fusion-flex-align-items-flex-start fusion-flex-content-wrap\" style=\"max-width:1248px;margin-left: calc(-4% \/ 2 );margin-right: calc(-4% \/ 2 );\"><div class=\"fusion-layout-column fusion_builder_column fusion-builder-column-0 fusion_builder_column_1_1 1_1 fusion-flex-column\" style=\"--awb-bg-size:cover;--awb-width-large:100%;--awb-margin-top-large:0px;--awb-spacing-right-large:1.92%;--awb-margin-bottom-large:20px;--awb-spacing-left-large:1.92%;--awb-width-medium:100%;--awb-order-medium:0;--awb-spacing-right-medium:1.92%;--awb-spacing-left-medium:1.92%;--awb-width-small:100%;--awb-order-small:0;--awb-spacing-right-small:1.92%;--awb-spacing-left-small:1.92%;\"><div class=\"fusion-column-wrapper fusion-column-has-shadow fusion-flex-justify-content-flex-start fusion-content-layout-column\"><div class=\"fusion-text fusion-text-1\"><p>FOCO s\u1eed d\u1ee5ng m\u1ed9t \u0111\u1ed9i ng\u0169 k\u1ef9 s\u01b0 c\u00f3 m\u1ee5c \u0111\u00edch ph\u00e1t tri\u1ec3n c\u00e1c quy tr\u00ecnh t\u00f9y ch\u1ec9nh cho kh\u00e1ch h\u00e0ng c\u1ee7a ch\u00fang t\u00f4i. V\u1edbi c\u00e1c chuy\u00ean gia v\u1ec1 h\u00e0n, t\u00f4i, h\u00e0n v\u00e0 \u1ee7 kim lo\u1ea1i, ch\u00fang t\u00f4i c\u00f3 th\u1ec3 t\u01b0 v\u1ea5n v\u1ec1 c\u00e1c y\u00eau c\u1ea7u s\u1ea3n xu\u1ea5t ph\u1ee9c t\u1ea1p nh\u1ea5t.<\/p>\n<\/div><\/div><\/div><div class=\"fusion-layout-column fusion_builder_column fusion-builder-column-1 fusion_builder_column_1_1 1_1 fusion-flex-column\" style=\"--awb-bg-size:cover;--awb-width-large:100%;--awb-margin-top-large:0px;--awb-spacing-right-large:1.92%;--awb-margin-bottom-large:20px;--awb-spacing-left-large:1.92%;--awb-width-medium:100%;--awb-order-medium:0;--awb-spacing-right-medium:1.92%;--awb-spacing-left-medium:1.92%;--awb-width-small:100%;--awb-order-small:0;--awb-spacing-right-small:1.92%;--awb-spacing-left-small:1.92%;\"><div class=\"fusion-column-wrapper fusion-column-has-shadow fusion-flex-justify-content-flex-start fusion-content-layout-column\"><div class=\"fusion-text fusion-text-2\"><p>Sau khi b\u1ea1n li\u00ean h\u1ec7, ch\u00fang t\u00f4i s\u1ebd c\u1eed m\u1ed9t chuy\u00ean gia t\u01b0 v\u1ea5n k\u1ef9 thu\u1eadt \u0111\u1ebfn xem x\u00e9t c\u00e1c th\u00f4ng s\u1ed1 k\u1ef9 thu\u1eadt v\u00e0 nhu c\u1ea7u c\u1ee7a b\u1ea1n. C\u00e1c chuy\u00ean gia t\u01b0 v\u1ea5n c\u1ee7a ch\u00fang t\u00f4i c\u00f3 nhi\u1ec1u n\u0103m kinh nghi\u1ec7m v\u1ec1 c\u00e1c kh\u00e1i ni\u1ec7m, quy tr\u00ecnh, thi\u1ebft k\u1ebf, b\u00e1n h\u00e0ng, b\u00e1o gi\u00e1, cung c\u1ea5p v\u00e0 d\u1ecbch v\u1ee5 c\u1ee7a thi\u1ebft b\u1ecb gia nhi\u1ec7t c\u1ea3m \u1ee9ng. T\u1eeb \u0111\u00f3, c\u00e1c k\u1ef9 s\u01b0 c\u1ee7a ch\u00fang t\u00f4i s\u1ebd ph\u00e1t tri\u1ec3n m\u1ed9t ph\u01b0\u01a1ng ph\u00e1p lu\u1eadn v\u00e0 thi\u1ebft k\u1ebf ri\u00eang c\u00e1c thi\u1ebft b\u1ecb d\u1ef1a tr\u00ean h\u1ed3 s\u01a1 nhi\u1ec7t c\u1ee7a b\u1ea1n.<\/p>\n<\/div><\/div><\/div><div class=\"fusion-layout-column fusion_builder_column fusion-builder-column-2 fusion_builder_column_1_1 1_1 fusion-flex-column\" style=\"--awb-bg-size:cover;--awb-width-large:100%;--awb-margin-top-large:0px;--awb-spacing-right-large:1.92%;--awb-margin-bottom-large:20px;--awb-spacing-left-large:1.92%;--awb-width-medium:100%;--awb-order-medium:0;--awb-spacing-right-medium:1.92%;--awb-spacing-left-medium:1.92%;--awb-width-small:100%;--awb-order-small:0;--awb-spacing-right-small:1.92%;--awb-spacing-left-small:1.92%;\"><div class=\"fusion-column-wrapper fusion-column-has-shadow fusion-flex-justify-content-flex-start fusion-content-layout-column\"><div class=\"fusion-text fusion-text-3\"><p>Ch\u00fang t\u00f4i \u0111\u00e3 thi\u1ebft k\u1ebf c\u00e1c gi\u1ea3i ph\u00e1p cho nhi\u1ec1u ng\u00e0nh c\u00f4ng nghi\u1ec7p, t\u1eeb \u00f4 t\u00f4, h\u00e0ng kh\u00f4ng v\u0169 tr\u1ee5 v\u00e0 s\u1ea3n xu\u1ea5t n\u0103ng l\u01b0\u1ee3ng \u0111\u1ebfn x\u00e2y d\u1ef1ng, s\u1ea3n xu\u1ea5t v\u00e0 \u0111\u01b0\u1eddng s\u1eaft. Ch\u00fang t\u00f4i \u0111\u00e1nh gi\u00e1 c\u00e1c v\u1eadt li\u1ec7u b\u1ea1n \u0111ang s\u1eed d\u1ee5ng v\u00e0 c\u00e1c quy tr\u00ecnh hi\u1ec7n t\u1ea1i c\u1ee7a b\u1ea1n v\u00e0 cung c\u1ea5p c\u00e1c h\u1ec7 th\u1ed1ng t\u00f9y ch\u1ec9nh cho nhu c\u1ea7u v\u1ec1 \u1ed1ng l\u00f3t c\u1ea3m \u1ee9ng v\u00e0 gia nhi\u1ec7t c\u1ee7a b\u1ea1n. C\u00e1c c\u00f4ng ty trong m\u1ecdi danh m\u1ee5c t\u1eeb l\u00e2u \u0111\u00e3 \u0111\u00e1nh gi\u00e1 cao v\u00e0 tin t\u01b0\u1edfng v\u00e0o hi\u1ec7u qu\u1ea3, \u0111\u1ed9 b\u1ec1n v\u00e0 s\u1ee9c m\u1ea1nh c\u1ee7a c\u00e1c quy tr\u00ecnh x\u1eed l\u00fd nhi\u1ec7t c\u1ee7a FOCO nh\u01b0 l\u00e0m c\u1ee9ng, t\u00f4i v\u00e0 \u1ee7.<\/p>\n<\/div><\/div><\/div><div class=\"fusion-layout-column fusion_builder_column fusion-builder-column-3 fusion_builder_column_1_1 1_1 fusion-flex-column\" style=\"--awb-bg-size:cover;--awb-width-large:100%;--awb-margin-top-large:0px;--awb-spacing-right-large:1.92%;--awb-margin-bottom-large:20px;--awb-spacing-left-large:1.92%;--awb-width-medium:100%;--awb-order-medium:0;--awb-spacing-right-medium:1.92%;--awb-spacing-left-medium:1.92%;--awb-width-small:100%;--awb-order-small:0;--awb-spacing-right-small:1.92%;--awb-spacing-left-small:1.92%;\"><div class=\"fusion-column-wrapper fusion-column-has-shadow fusion-flex-justify-content-flex-start fusion-content-layout-column\"><div class=\"fusion-text fusion-text-4\"><p>S\u1eed d\u1ee5ng chuy\u00ean m\u00f4n c\u1ee7a chuy\u00ean gia t\u01b0 v\u1ea5n \u0111\u1ec3 h\u1ed7 tr\u1ee3 mua s\u1eafm thi\u1ebft b\u1ecb c\u1ea3m \u1ee9ng chuy\u00ean d\u1ee5ng c\u00f3 th\u1ec3 mang l\u1ea1i m\u1ed9t s\u1ed1 l\u1ee3i \u00edch.<\/p>\n<\/div><\/div><\/div><div class=\"fusion-layout-column fusion_builder_column fusion-builder-column-4 fusion_builder_column_1_1 1_1 fusion-flex-column\" style=\"--awb-bg-size:cover;--awb-width-large:100%;--awb-margin-top-large:0px;--awb-spacing-right-large:1.92%;--awb-margin-bottom-large:20px;--awb-spacing-left-large:1.92%;--awb-width-medium:100%;--awb-order-medium:0;--awb-spacing-right-medium:1.92%;--awb-spacing-left-medium:1.92%;--awb-width-small:100%;--awb-order-small:0;--awb-spacing-right-small:1.92%;--awb-spacing-left-small:1.92%;\"><div class=\"fusion-column-wrapper fusion-column-has-shadow fusion-flex-justify-content-flex-start fusion-content-layout-column\"><div class=\"fusion-text fusion-text-5\"><p>C\u00e1c chuy\u00ean gia c\u1ee7a ch\u00fang t\u00f4i s\u1eb5n s\u00e0ng h\u1ed7 tr\u1ee3 c\u00e1c nh\u00e0 s\u1ea3n xu\u1ea5t l\u1edbn v\u00e0 nh\u1ecf mu\u1ed1n \u0111\u01b0\u1ee3c h\u1ed7 tr\u1ee3 mua, s\u1eed d\u1ee5ng ho\u1eb7c c\u1ea3i ti\u1ebfn thi\u1ebft b\u1ecb gia nhi\u1ec7t c\u1ea3m \u1ee9ng c\u1ee7a h\u1ecd. Ch\u00fang t\u00f4i c\u00f3 th\u1ec3 cung c\u1ea5p cho chuy\u00ean gia t\u01b0 v\u1ea5n chuy\u00ean m\u00f4n v\u1ec1 luy\u1ec7n kim (y\u00eau c\u1ea7u c\u1ea3m \u1ee9ng), kh\u00e1i ni\u1ec7m v\u00e0 \u0111\u1ec1 xu\u1ea5t m\u00e1y m\u00f3c, b\u00e1n h\u00e0ng, qu\u1ea3n l\u00fd d\u1ef1 \u00e1n, thi\u1ebft k\u1ebf h\u1ec7 th\u1ed1ng \u0111i\u1ec7n v\u00e0 d\u1ecbch v\u1ee5 k\u1ef9 thu\u1eadt. Ngo\u00e0i ra, FOCO c\u00f2n cung c\u1ea5p d\u1ecbch v\u1ee5 t\u01b0 v\u1ea5n \u0111\u1ec3 xem x\u00e9t c\u00e1c \u0111\u1ec1 xu\u1ea5t c\u1ee7a c\u00e1c nh\u00e0 cung c\u1ea5p gia nhi\u1ec7t c\u1ea3m \u1ee9ng ti\u1ec1m n\u0103ng v\u00e0 cung c\u1ea5p h\u1ed7 tr\u1ee3 k\u1ef9 thu\u1eadt trong su\u1ed1t qu\u00e1 tr\u00ecnh ph\u00e1t tri\u1ec3n.<\/p>\n<\/div><\/div><\/div><div class=\"fusion-layout-column fusion_builder_column fusion-builder-column-5 fusion_builder_column_1_1 1_1 fusion-flex-column\" style=\"--awb-bg-size:cover;--awb-width-large:100%;--awb-margin-top-large:0px;--awb-spacing-right-large:1.92%;--awb-margin-bottom-large:20px;--awb-spacing-left-large:1.92%;--awb-width-medium:100%;--awb-order-medium:0;--awb-spacing-right-medium:1.92%;--awb-spacing-left-medium:1.92%;--awb-width-small:100%;--awb-order-small:0;--awb-spacing-right-small:1.92%;--awb-spacing-left-small:1.92%;\"><div class=\"fusion-column-wrapper fusion-column-has-shadow fusion-flex-justify-content-flex-start fusion-content-layout-column\"><div class=\"fusion-text fusion-text-6\"><p>B\u1ed9 ph\u1eadn thi\u1ebft k\u1ebf v\u00e0 ch\u1ebf t\u1ea1o cu\u1ed9n c\u1ea3m t\u1ea1i ch\u1ed7 c\u1ee7a ch\u00fang t\u00f4i cho ph\u00e9p ch\u00fang t\u00f4i nhanh ch\u00f3ng s\u1eeda \u0111\u1ed5i v\u00e0 t\u1ed1i \u01b0u h\u00f3a cu\u1ed9n c\u1ea3m c\u1ee7a b\u1ea1n \u0111\u1ec3 ph\u00f9 h\u1ee3p v\u1edbi quy tr\u00ecnh c\u1ee5 th\u1ec3 c\u1ee7a b\u1ea1n.<\/p>\n<\/div><\/div><\/div><div class=\"fusion-layout-column fusion_builder_column fusion-builder-column-6 fusion_builder_column_1_1 1_1 fusion-flex-column\" style=\"--awb-bg-size:cover;--awb-width-large:100%;--awb-margin-top-large:0px;--awb-spacing-right-large:1.92%;--awb-margin-bottom-large:20px;--awb-spacing-left-large:1.92%;--awb-width-medium:100%;--awb-order-medium:0;--awb-spacing-right-medium:1.92%;--awb-spacing-left-medium:1.92%;--awb-width-small:100%;--awb-order-small:0;--awb-spacing-right-small:1.92%;--awb-spacing-left-small:1.92%;\"><div class=\"fusion-column-wrapper fusion-column-has-shadow fusion-flex-justify-content-flex-start fusion-content-layout-column\"><div class=\"fusion-text fusion-text-7\"><p>H\u00e3y t\u1eadn d\u1ee5ng \u0111\u1ed9i ng\u0169 k\u1ef9 s\u01b0 c\u1ee7a FOCO v\u00e0 \u0111\u1ec3 ch\u00fang t\u00f4i b\u1eaft \u0111\u1ea7u xem x\u00e9t \u0111\u01a1n \u0111\u0103ng k\u00fd c\u1ee7a b\u1ea1n.<\/p>\n<\/div><\/div><\/div><\/div><\/div>\n","protected":false},"excerpt":{"rendered":"","protected":false},"author":1,"featured_media":8736,"parent":9370,"menu_order":0,"comment_status":"closed","ping_status":"closed","template":"","meta":{"footnotes":""},"class_list":["post-8735","page","type-page","status-publish","has-post-thumbnail","hentry"],"_links":{"self":[{"href":"https:\/\/www.focoinduction.com\/vi\/wp-json\/wp\/v2\/pages\/8735","targetHints":{"allow":["GET"]}}],"collection":[{"href":"https:\/\/www.focoinduction.com\/vi\/wp-json\/wp\/v2\/pages"}],"about":[{"href":"https:\/\/www.focoinduction.com\/vi\/wp-json\/wp\/v2\/types\/page"}],"author":[{"embeddable":true,"href":"https:\/\/www.focoinduction.com\/vi\/wp-json\/wp\/v2\/users\/1"}],"replies":[{"embeddable":true,"href":"https:\/\/www.focoinduction.com\/vi\/wp-json\/wp\/v2\/comments?post=8735"}],"version-history":[{"count":0,"href":"https:\/\/www.focoinduction.com\/vi\/wp-json\/wp\/v2\/pages\/8735\/revisions"}],"up":[{"embeddable":true,"href":"https:\/\/www.focoinduction.com\/vi\/wp-json\/wp\/v2\/pages\/9370"}],"wp:featuredmedia":[{"embeddable":true,"href":"https:\/\/www.focoinduction.com\/vi\/wp-json\/wp\/v2\/media\/8736"}],"wp:attachment":[{"href":"https:\/\/www.focoinduction.com\/vi\/wp-json\/wp\/v2\/media?parent=8735"}],"curies":[{"name":"wp","href":"https:\/\/api.w.org\/{rel}","templated":true}]}}