{"id":8755,"date":"2022-10-13T09:35:44","date_gmt":"2022-10-13T01:35:44","guid":{"rendered":"https:\/\/www.focoinduction.com\/kiem-tra-nhiet-cam-ung\/"},"modified":"2025-01-02T10:37:34","modified_gmt":"2025-01-02T02:37:34","slug":"kiem-tra-nhiet-cam-ung","status":"publish","type":"page","link":"https:\/\/www.focoinduction.com\/vi\/dich-vu-gia-nhiet-cam-ung\/kiem-tra-nhiet-cam-ung\/","title":{"rendered":"Ki\u1ec3m tra nhi\u1ec7t c\u1ea3m \u1ee9ng"},"content":{"rendered":"<p><div class=\"fusion-fullwidth fullwidth-box fusion-builder-row-1 fusion-flex-container has-pattern-background has-mask-background nonhundred-percent-fullwidth non-hundred-percent-height-scrolling\" style=\"--awb-border-radius-top-left:0px;--awb-border-radius-top-right:0px;--awb-border-radius-bottom-right:0px;--awb-border-radius-bottom-left:0px;--awb-flex-wrap:wrap;\" ><div class=\"fusion-builder-row fusion-row fusion-flex-align-items-flex-start fusion-flex-content-wrap\" style=\"max-width:1248px;margin-left: calc(-4% \/ 2 );margin-right: calc(-4% \/ 2 );\"><div class=\"fusion-layout-column fusion_builder_column fusion-builder-column-0 fusion_builder_column_1_1 1_1 fusion-flex-column\" style=\"--awb-bg-size:cover;--awb-width-large:100%;--awb-margin-top-large:0px;--awb-spacing-right-large:1.92%;--awb-margin-bottom-large:20px;--awb-spacing-left-large:1.92%;--awb-width-medium:100%;--awb-order-medium:0;--awb-spacing-right-medium:1.92%;--awb-spacing-left-medium:1.92%;--awb-width-small:100%;--awb-order-small:0;--awb-spacing-right-small:1.92%;--awb-spacing-left-small:1.92%;\"><div class=\"fusion-column-wrapper fusion-column-has-shadow fusion-flex-justify-content-flex-start fusion-content-layout-column\"><div class=\"fusion-text fusion-text-1\"><p>Ch\u00fang t\u00f4i cung c\u1ea5p d\u1ecbch v\u1ee5 gia nhi\u1ec7t c\u1ea3m \u1ee9ng, bao g\u1ed3m th\u1eed nghi\u1ec7m mi\u1ec5n ph\u00ed \u0111\u1ec3 x\u00e1c minh r\u1eb1ng b\u1ea1n nh\u1eadn \u0111\u01b0\u1ee3c gi\u1ea3i ph\u00e1p t\u1ed1t nh\u1ea5t c\u00f3 th\u1ec3 cho d\u1ef1 \u00e1n c\u1ee7a m\u00ecnh. \u0110i\u1ec1u n\u00e0y c\u00f3 th\u1ec3 bao g\u1ed3m h\u00e0n, t\u00f4i, \u1ee7, l\u00e0m n\u00f3ng tr\u01b0\u1edbc v\u00e0 co l\u1ea1i t\u00f9y thu\u1ed9c v\u00e0o nhu c\u1ea7u c\u1ee7a b\u1ea1n. T\u1ea1i FOCO, ch\u00fang t\u00f4i t\u1ef1 h\u00e0o cung c\u1ea5p d\u1ecbch v\u1ee5 kh\u00e1ch h\u00e0ng \u0111\u1eb3ng c\u1ea5p th\u1ebf gi\u1edbi v\u00e0 \u0111\u1ea3m b\u1ea3o r\u1eb1ng m\u1ecdi kh\u00e1ch h\u00e0ng \u0111\u1ec1u h\u00e0i l\u00f2ng. Ch\u00fang t\u00f4i hi\u1ec3u r\u1eb1ng m\u1ed7i doanh nghi\u1ec7p c\u00f3 nhu c\u1ea7u kh\u00e1c nhau, v\u00ec v\u1eady h\u00e3y cho ch\u00fang t\u00f4i bi\u1ebft ch\u00fang t\u00f4i c\u00f3 th\u1ec3 gi\u00fap g\u00ec!<\/p>\n<\/div><\/div><\/div><\/div><\/div><div class=\"fusion-fullwidth fullwidth-box fusion-builder-row-2 fusion-flex-container has-pattern-background has-mask-background nonhundred-percent-fullwidth non-hundred-percent-height-scrolling\" style=\"--awb-border-radius-top-left:0px;--awb-border-radius-top-right:0px;--awb-border-radius-bottom-right:0px;--awb-border-radius-bottom-left:0px;--awb-flex-wrap:wrap;\" ><div class=\"fusion-builder-row fusion-row fusion-flex-align-items-flex-start fusion-flex-content-wrap\" style=\"max-width:1248px;margin-left: calc(-4% \/ 2 );margin-right: calc(-4% \/ 2 );\"><div class=\"fusion-layout-column fusion_builder_column fusion-builder-column-1 fusion_builder_column_1_1 1_1 fusion-flex-column\" style=\"--awb-bg-size:cover;--awb-width-large:100%;--awb-margin-top-large:0px;--awb-spacing-right-large:1.92%;--awb-margin-bottom-large:20px;--awb-spacing-left-large:1.92%;--awb-width-medium:100%;--awb-order-medium:0;--awb-spacing-right-medium:1.92%;--awb-spacing-left-medium:1.92%;--awb-width-small:100%;--awb-order-small:0;--awb-spacing-right-small:1.92%;--awb-spacing-left-small:1.92%;\"><div class=\"fusion-column-wrapper fusion-column-has-shadow fusion-flex-justify-content-flex-start fusion-content-layout-column\"><div class=\"fusion-text fusion-text-2\"><h2>Quy tr\u00ecnh th\u1eed nhi\u1ec7t<\/h2>\n<p>Ch\u00fang t\u00f4i th\u1ef1c hi\u1ec7n c\u00e1c th\u1eed nghi\u1ec7m gia nhi\u1ec7t c\u1ea3m \u1ee9ng tr\u00ean c\u00e1c b\u1ed9 ph\u1eadn (ph\u00f4i gia c\u00f4ng) c\u1ee7a b\u1ea1n b\u1eb1ng c\u00e1c m\u1ee9c nhi\u1ec7t kh\u00e1c nhau \u0111\u1ec3 xem ph\u01b0\u01a1ng ph\u00e1p n\u00e0o hi\u1ec7u qu\u1ea3 nh\u1ea5t v\u1edbi s\u1ea3n ph\u1ea9m c\u1ee7a b\u1ea1n. Sau \u0111\u00f3, ch\u00fang t\u00f4i s\u1ebd cung c\u1ea5p cho b\u1ea1n m\u1ed9t k\u1ebf ho\u1ea1ch d\u1ef1a tr\u00ean c\u00e1c k\u1ebft qu\u1ea3 n\u00e0y \u0111\u1ec3 b\u1ea1n c\u00f3 th\u1ec3 \u0111\u01b0a ra quy\u1ebft \u0111\u1ecbnh s\u00e1ng su\u1ed1t v\u1ec1 vi\u1ec7c gia nhi\u1ec7t c\u1ea3m \u1ee9ng c\u00f3 ph\u00f9 h\u1ee3p v\u1edbi \u1ee9ng d\u1ee5ng c\u1ee7a b\u1ea1n hay kh\u00f4ng. M\u1ed9t v\u00ed d\u1ee5 l\u00e0 m\u1ed9t d\u1ef1 \u00e1n m\u00e0 ch\u00fang t\u00f4i \u0111\u00e3 nung n\u00f3ng c\u00e1c m\u1ea3nh v\u00e0ng v\u00e0 b\u1ea1ch kim nh\u1ecf. M\u1ee5c ti\u00eau l\u00e0 \u0111\u1ea1t \u0111\u01b0\u1ee3c v\u00e0 duy tr\u00ec nhi\u1ec7t \u0111\u1ed9 l\u00ean \u0111\u1ebfn 1.600 \u0111\u1ed9 C trong h\u01a1n 30 ph\u00fat. Sau khi c\u00e1c m\u1eabu \u0111\u01b0\u1ee3c nung n\u00f3ng \u0111\u1ebfn nhi\u1ec7t \u0111\u1ed9 n\u00f3ng ch\u1ea3y, ch\u00fang \u0111\u00e3 s\u1eb5n s\u00e0ng \u0111\u1ec3 ph\u00e2n t\u00edch c\u00e1c \u0111\u1ed3ng v\u1ecb trong m\u00e1y quang ph\u1ed5.<br \/>\n \u0110\u1ed1i v\u1edbi c\u00e1c thi\u1ebft k\u1ebf t\u00f9y ch\u1ec9nh, \u0111\u1eb7c bi\u1ec7t l\u00e0 c\u00e1c thi\u1ebft k\u1ebf li\u00ean quan \u0111\u1ebfn ph\u00f4i kh\u00f4ng theo ti\u00eau chu\u1ea9n, ch\u00fang t\u00f4i s\u1ebd cho b\u1ea1n bi\u1ebft c\u00e1c t\u00f9y ch\u1ecdn s\u1ea3n xu\u1ea5t c\u1ee7a m\u00ecnh th\u00f4ng qua th\u1eed nghi\u1ec7m! Th\u1eed nghi\u1ec7m nhi\u1ec7t c\u1ea3m \u1ee9ng l\u00e0 c\u00e1ch t\u1ed1t nh\u1ea5t \u0111\u1ec3 t\u00ecm ra quy tr\u00ecnh v\u00e0 thi\u1ebft b\u1ecb gia nhi\u1ec7t c\u1ea3m \u1ee9ng n\u00e0o ho\u1ea1t \u0111\u1ed9ng t\u1ed1t nh\u1ea5t cho \u1ee9ng d\u1ee5ng c\u1ee7a b\u1ea1n. Ch\u00fang t\u00f4i cung c\u1ea5p nhi\u1ec1u lo\u1ea1i th\u1eed nghi\u1ec7m trong ph\u00f2ng th\u00ed nghi\u1ec7m gia nhi\u1ec7t c\u1ea3m \u1ee9ng c\u1ee7a m\u00ecnh \u0111\u1ec3 b\u1ea1n c\u00f3 th\u1ec3 c\u00f3 \u0111\u01b0\u1ee3c m\u1ecdi th\u00f4ng tin c\u1ea7n thi\u1ebft v\u1ec1 c\u00e1ch c\u00e1c b\u1ed9 ph\u1eadn kh\u00e1c nhau ph\u1ea3n \u1ee9ng khi \u0111\u01b0\u1ee3c gia nhi\u1ec7t b\u1eb1ng c\u1ea3m \u1ee9ng. Ch\u00fang t\u00f4i c\u00f3 th\u1ec3 th\u1eed nghi\u1ec7m nhi\u1ec1u \u1ee9ng d\u1ee5ng kh\u00e1c nhau bao g\u1ed3m nh\u01b0ng kh\u00f4ng gi\u1edbi h\u1ea1n \u1edf: <\/p>\n<ul>\n<li>L\u00e0m c\u1ee9ng c\u1ea3m \u1ee9ng<\/li>\n<li>N\u1ea5u ch\u1ea3y c\u1ea3m \u1ee9ng<\/li>\n<li>H\u00e0n c\u1ea3m \u1ee9ng<\/li>\n<li>R\u00e8n c\u1ea3m \u1ee9ng<\/li>\n<li>L\u00e0m n\u00f3ng tr\u01b0\u1edbc b\u1eb1ng c\u1ea3m \u1ee9ng<\/li>\n<li>\u1ee6 c\u1ea3m \u1ee9ng<\/li>\n<li>Co ng\u00f3t<\/li>\n<\/ul>\n<\/div><\/div><\/div><\/div><\/div><div class=\"fusion-fullwidth fullwidth-box fusion-builder-row-3 fusion-flex-container has-pattern-background has-mask-background nonhundred-percent-fullwidth non-hundred-percent-height-scrolling\" style=\"--awb-border-radius-top-left:0px;--awb-border-radius-top-right:0px;--awb-border-radius-bottom-right:0px;--awb-border-radius-bottom-left:0px;--awb-flex-wrap:wrap;\" ><div class=\"fusion-builder-row fusion-row fusion-flex-align-items-flex-start fusion-flex-content-wrap\" style=\"max-width:1248px;margin-left: calc(-4% \/ 2 );margin-right: calc(-4% \/ 2 );\"><div class=\"fusion-layout-column fusion_builder_column fusion-builder-column-2 fusion_builder_column_1_1 1_1 fusion-flex-column\" style=\"--awb-bg-size:cover;--awb-width-large:100%;--awb-margin-top-large:0px;--awb-spacing-right-large:1.92%;--awb-margin-bottom-large:20px;--awb-spacing-left-large:1.92%;--awb-width-medium:100%;--awb-order-medium:0;--awb-spacing-right-medium:1.92%;--awb-spacing-left-medium:1.92%;--awb-width-small:100%;--awb-order-small:0;--awb-spacing-right-small:1.92%;--awb-spacing-left-small:1.92%;\"><div class=\"fusion-column-wrapper fusion-column-has-shadow fusion-flex-justify-content-flex-start fusion-content-layout-column\"><div class=\"fusion-text fusion-text-3\"><h2>\u0110\u1eb7t l\u1ecbch h\u1eb9n v\u1edbi ch\u00fang t\u00f4i<\/h2>\n<p>T\u1ea5t c\u1ea3 nh\u1eefng g\u00ec b\u1ea1n ph\u1ea3i l\u00e0m l\u00e0 cho ch\u00fang t\u00f4i bi\u1ebft lo\u1ea1i ph\u00f4i b\u1ea1n mu\u1ed1n th\u1eed nghi\u1ec7m v\u00e0 \u1ee9ng d\u1ee5ng gia nhi\u1ec7t n\u00e0o s\u1ebd \u0111\u01b0\u1ee3c s\u1eed d\u1ee5ng, sau \u0111\u00f3 g\u1eedi \u0111\u1ebfn ph\u00f2ng th\u00ed nghi\u1ec7m c\u1ee7a ch\u00fang t\u00f4i (ch\u00fang t\u00f4i s\u1ebd g\u1eedi cho b\u1ea1n t\u1ea5t c\u1ea3 th\u00f4ng tin chi ti\u1ebft qua email). Sau khi nh\u1eadn \u0111\u01b0\u1ee3c ph\u00f4i c\u1ee7a b\u1ea1n, ch\u00fang t\u00f4i s\u1ebd s\u1eafp x\u1ebfp cu\u1ed9c h\u1eb9n v\u1edbi m\u1ed9t trong nh\u1eefng k\u1ef9 s\u01b0 chuy\u00ean gia c\u1ee7a ch\u00fang t\u00f4i, ng\u01b0\u1eddi c\u00f3 th\u1ec3 \u0111\u01b0a ra c\u00e1c khuy\u1ebfn ngh\u1ecb d\u1ef1a tr\u00ean nhu c\u1ea7u c\u1ee7a b\u1ea1n! L\u00e0 nh\u00e0 cung c\u1ea5p m\u1ed9t ngu\u1ed3n cho c\u00e1c h\u1ec7 th\u1ed1ng gia nhi\u1ec7t c\u1ea3m \u1ee9ng ho\u00e0n ch\u1ec9nh, FOCO cung c\u1ea5p c\u00e1c kh\u1ea3 n\u0103ng th\u1eed nghi\u1ec7m \u0111\u1ed9c \u0111\u00e1o cho kh\u00e1ch h\u00e0ng c\u1ee7a m\u00ecnh. Ch\u00fang t\u00f4i n\u1ed7 l\u1ef1c cung c\u1ea5p ch\u1ea5t l\u01b0\u1ee3ng cao nh\u1ea5t v\u1edbi t\u01b0 c\u00e1ch l\u00e0 nh\u00e0 cung c\u1ea5p th\u1eed nghi\u1ec7m nhi\u1ec7t \u0111\u00e1ng tin c\u1eady \u0111\u1ec3 \u0111\u1ea3m b\u1ea3o r\u1eb1ng c\u00e1c b\u1ed9 ph\u1eadn c\u1ee7a kh\u00e1ch h\u00e0ng tu\u00e2n th\u1ee7 c\u00e1c th\u00f4ng s\u1ed1 k\u1ef9 thu\u1eadt ch\u00ednh x\u00e1c. C\u00e1c quy tr\u00ecnh Ki\u1ec3m tra kh\u00f4ng ph\u00e1 h\u1ee7y (NDT) c\u1ee7a ch\u00fang t\u00f4i cho ph\u00e9p ch\u00fang t\u00f4i x\u00e1c \u0111\u1ecbnh c\u00e1c l\u1ed7i nh\u1ecf nh\u1ea5t, \u0111\u1ea3m b\u1ea3o r\u1eb1ng c\u00e1c b\u1ed9 ph\u1eadn c\u1ee7a b\u1ea1n duy tr\u00ec c\u00e1c ti\u00eau chu\u1ea9n ch\u1ea5t l\u01b0\u1ee3ng, cung c\u1ea5p c\u00e1c s\u1ea3n ph\u1ea9m an to\u00e0n cho kh\u00e1ch h\u00e0ng v\u00e0 tr\u00e1nh c\u00e1c v\u1ea5n \u0111\u1ec1 b\u1ea3o h\u00e0nh t\u1ed1n k\u00e9m. Ngo\u00e0i ra, ch\u00fang t\u00f4i c\u00f3 kh\u1ea3 n\u0103ng v\u00e0 s\u1ef1 linh ho\u1ea1t \u0111\u1ec3 th\u1eed nghi\u1ec7m c\u00e1c b\u1ed9 ph\u1eadn kh\u1ed1i l\u01b0\u1ee3ng th\u1ea5p v\u00e0 kh\u1ed1i l\u01b0\u1ee3ng l\u1edbn v\u00e0 c\u00f3 nhi\u1ec1u kinh nghi\u1ec7m trong vi\u1ec7c ki\u1ec3m tra c\u00e1c th\u00e0nh ph\u1ea7n xanh v\u00e0 \u0111\u00e3 qua x\u1eed l\u00fd nhi\u1ec7t kh\u00e1c nhau. M\u1eb7c d\u00f9 c\u00e1c nguy\u00ean t\u1eafc c\u01a1 b\u1ea3n \u0111\u00e3 \u0111\u01b0\u1ee3c bi\u1ebft \u0111\u1ebfn r\u1ed9ng r\u00e3i, nh\u01b0ng nh\u1eefng ti\u1ebfn b\u1ed9 trong cu\u1ed9n d\u00e2y khi\u1ebfn nhi\u1ec7t c\u1ea3m \u1ee9ng tr\u1edf th\u00e0nh ph\u01b0\u01a1ng ph\u00e1p th\u1eed nghi\u1ec7m gia nhi\u1ec7t \u0111\u01a1n gi\u1ea3n v\u00e0 kh\u00f4ng t\u1ed1n k\u00e9m. Gia nhi\u1ec7t c\u1ea3m \u1ee9ng mang l\u1ea1i nhi\u1ec1u l\u1ee3i \u00edch cho c\u00e1c quy tr\u00ecnh s\u1ea3n xu\u1ea5t v\u00ec \u0111\u00e2y l\u00e0 c\u00e1ch gia nhi\u1ec7t v\u1eadt li\u1ec7u d\u1eabn \u0111i\u1ec7n nhanh, ti\u1ebft ki\u1ec7m n\u0103ng l\u01b0\u1ee3ng v\u00e0 kh\u00f4ng c\u1ea7n ng\u1ecdn l\u1eeda. Ngo\u00e0i ra, gia nhi\u1ec7t c\u1ea3m \u1ee9ng cung c\u1ea5p kh\u1ea3 n\u0103ng gia nhi\u1ec7t \u0111\u00e1ng tin c\u1eady, c\u00f3 th\u1ec3 l\u1eb7p l\u1ea1i, ch\u00ednh x\u00e1c, kh\u00f4ng ti\u1ebfp x\u00fac, ti\u1ebft ki\u1ec7m n\u0103ng l\u01b0\u1ee3ng trong th\u1eddi gian t\u1ed1i thi\u1ec3u v\u00e0 th\u01b0\u1eddng l\u00e0 l\u1ef1a ch\u1ecdn tuy\u1ec7t v\u1eddi \u0111\u1ec3 th\u1eed nghi\u1ec7m v\u1eadt li\u1ec7u. B\u1eb1ng c\u00e1ch s\u1eed d\u1ee5ng cu\u1ed9n d\u00e2y \u0111\u01b0\u1ee3c gia nhi\u1ec7t b\u1eb1ng \u0111i\u1ec7n \u0111\u01b0\u1ee3c ki\u1ec3m so\u00e1t ch\u1eb7t ch\u1ebd, gia nhi\u1ec7t c\u1ea3m \u1ee9ng cho ph\u00e9p b\u1ea1n ki\u1ec3m tra c\u00e1c \u0111\u1eb7c t\u00ednh v\u1eadt l\u00fd t\u1ed1i \u01b0u kh\u00f4ng ch\u1ec9 cho m\u1ecdi b\u1ed9 ph\u1eadn m\u00e0 c\u00f2n cho m\u1ecdi b\u1ed9 ph\u1eadn trong b\u1ed9 ph\u1eadn \u0111\u00f3. V\u1edbi FOCO, b\u1ea1n c\u00f3 th\u1ec3 ki\u1ec3m tra nhi\u1ec7t c\u00e1c th\u00e0nh ph\u1ea7n kim lo\u1ea1i m\u00e0 kh\u00f4ng g\u1eb7p nhi\u1ec1u v\u1ea5n \u0111\u1ec1 th\u01b0\u1eddng g\u1eb7p trong c\u00e1c quy tr\u00ecnh ki\u1ec3m tra nhi\u1ec7t kh\u00e1c.<\/p>\n<\/div><\/div><\/div><\/div><\/div><\/p>\n","protected":false},"excerpt":{"rendered":"","protected":false},"author":1,"featured_media":8757,"parent":9370,"menu_order":0,"comment_status":"closed","ping_status":"closed","template":"","meta":{"footnotes":""},"class_list":["post-8755","page","type-page","status-publish","has-post-thumbnail","hentry"],"_links":{"self":[{"href":"https:\/\/www.focoinduction.com\/vi\/wp-json\/wp\/v2\/pages\/8755","targetHints":{"allow":["GET"]}}],"collection":[{"href":"https:\/\/www.focoinduction.com\/vi\/wp-json\/wp\/v2\/pages"}],"about":[{"href":"https:\/\/www.focoinduction.com\/vi\/wp-json\/wp\/v2\/types\/page"}],"author":[{"embeddable":true,"href":"https:\/\/www.focoinduction.com\/vi\/wp-json\/wp\/v2\/users\/1"}],"replies":[{"embeddable":true,"href":"https:\/\/www.focoinduction.com\/vi\/wp-json\/wp\/v2\/comments?post=8755"}],"version-history":[{"count":0,"href":"https:\/\/www.focoinduction.com\/vi\/wp-json\/wp\/v2\/pages\/8755\/revisions"}],"up":[{"embeddable":true,"href":"https:\/\/www.focoinduction.com\/vi\/wp-json\/wp\/v2\/pages\/9370"}],"wp:featuredmedia":[{"embeddable":true,"href":"https:\/\/www.focoinduction.com\/vi\/wp-json\/wp\/v2\/media\/8757"}],"wp:attachment":[{"href":"https:\/\/www.focoinduction.com\/vi\/wp-json\/wp\/v2\/media?parent=8755"}],"curies":[{"name":"wp","href":"https:\/\/api.w.org\/{rel}","templated":true}]}}