{"id":8804,"date":"2022-10-14T10:14:50","date_gmt":"2022-10-14T02:14:50","guid":{"rendered":"https:\/\/www.focoinduction.com\/lap-dat-thiet-bi-cam-ung\/"},"modified":"2025-01-02T10:37:36","modified_gmt":"2025-01-02T02:37:36","slug":"lap-dat-thiet-bi-cam-ung","status":"publish","type":"page","link":"https:\/\/www.focoinduction.com\/vi\/dich-vu-gia-nhiet-cam-ung\/lap-dat-thiet-bi-cam-ung\/","title":{"rendered":"L\u1eafp \u0111\u1eb7t thi\u1ebft b\u1ecb c\u1ea3m \u1ee9ng"},"content":{"rendered":"<p><div class=\"fusion-fullwidth fullwidth-box fusion-builder-row-1 fusion-flex-container has-pattern-background has-mask-background nonhundred-percent-fullwidth non-hundred-percent-height-scrolling\" style=\"--awb-border-radius-top-left:0px;--awb-border-radius-top-right:0px;--awb-border-radius-bottom-right:0px;--awb-border-radius-bottom-left:0px;--awb-flex-wrap:wrap;\" ><div class=\"fusion-builder-row fusion-row fusion-flex-align-items-flex-start fusion-flex-content-wrap\" style=\"max-width:1248px;margin-left: calc(-4% \/ 2 );margin-right: calc(-4% \/ 2 );\"><div class=\"fusion-layout-column fusion_builder_column fusion-builder-column-0 fusion_builder_column_1_1 1_1 fusion-flex-column\" style=\"--awb-bg-size:cover;--awb-width-large:100%;--awb-margin-top-large:0px;--awb-spacing-right-large:1.92%;--awb-margin-bottom-large:20px;--awb-spacing-left-large:1.92%;--awb-width-medium:100%;--awb-order-medium:0;--awb-spacing-right-medium:1.92%;--awb-spacing-left-medium:1.92%;--awb-width-small:100%;--awb-order-small:0;--awb-spacing-right-small:1.92%;--awb-spacing-left-small:1.92%;\"><div class=\"fusion-column-wrapper fusion-column-has-shadow fusion-flex-justify-content-flex-start fusion-content-layout-column\"><div class=\"fusion-text fusion-text-1\"><p>Vi\u1ec7c l\u1eafp \u0111\u1eb7t h\u1ea7u h\u1ebft c\u00e1c thi\u1ebft b\u1ecb l\u00e0 m\u1ed9t qu\u00e1 tr\u00ecnh \u0111\u01a1n gi\u1ea3n v\u00e0 kh\u00e1ch h\u00e0ng c\u00f3 th\u1ec3 ho\u00e0n th\u00e0nh vi\u1ec7c l\u1eafp \u0111\u1eb7t m\u00e0 kh\u00f4ng c\u1ea7n s\u1ef1 h\u1ed7 tr\u1ee3 c\u1ee7a th\u1ee3 l\u1eafp \u0111\u1eb7t chuy\u00ean nghi\u1ec7p. Thi\u1ebft b\u1ecb s\u01b0\u1edfi \u1ea5m c\u1ea3m \u1ee9ng c\u1ee7a ch\u00fang t\u00f4i \u0111\u01b0\u1ee3c thi\u1ebft k\u1ebf \u0111\u1ec3 d\u1ec5 l\u1eafp \u0111\u1eb7t, nh\u01b0ng khi c\u1ea5u tr\u00fac c\u1ee7a thi\u1ebft b\u1ecb r\u1ea5t ph\u1ee9c t\u1ea1p v\u00e0 \u0111\u01b0\u1ee3c chia th\u00e0nh nhi\u1ec1u b\u1ed9 ph\u1eadn v\u00e0 v\u1eadn chuy\u1ec3n \u0111\u1ebfn nh\u00e0 m\u00e1y c\u1ee7a kh\u00e1ch h\u00e0ng, ch\u00fang t\u00f4i cung c\u1ea5p d\u1ecbch v\u1ee5 l\u1eafp \u0111\u1eb7t chuy\u00ean nghi\u1ec7p c\u1ee7a m\u00ecnh.<\/p>\n<\/div><\/div><\/div><\/div><\/div><div class=\"fusion-fullwidth fullwidth-box fusion-builder-row-2 fusion-flex-container has-pattern-background has-mask-background nonhundred-percent-fullwidth non-hundred-percent-height-scrolling\" style=\"--awb-border-radius-top-left:0px;--awb-border-radius-top-right:0px;--awb-border-radius-bottom-right:0px;--awb-border-radius-bottom-left:0px;--awb-flex-wrap:wrap;\" ><div class=\"fusion-builder-row fusion-row fusion-flex-align-items-stretch fusion-flex-content-wrap\" style=\"max-width:1248px;margin-left: calc(-4% \/ 2 );margin-right: calc(-4% \/ 2 );\"><div class=\"fusion-layout-column fusion_builder_column fusion-builder-column-1 fusion_builder_column_1_1 1_1 fusion-flex-column\" style=\"--awb-bg-size:cover;--awb-width-large:100%;--awb-margin-top-large:0px;--awb-spacing-right-large:1.92%;--awb-margin-bottom-large:20px;--awb-spacing-left-large:1.92%;--awb-width-medium:100%;--awb-order-medium:0;--awb-spacing-right-medium:1.92%;--awb-spacing-left-medium:1.92%;--awb-width-small:100%;--awb-order-small:0;--awb-spacing-right-small:1.92%;--awb-spacing-left-small:1.92%;\"><div class=\"fusion-column-wrapper fusion-column-has-shadow fusion-flex-justify-content-flex-start fusion-content-layout-column\"><div class=\"fusion-text fusion-text-2\"><h2>D\u1ecbch v\u1ee5 l\u1eafp \u0111\u1eb7t:<\/h2>\n<\/div><\/div><\/div><div class=\"fusion-layout-column fusion_builder_column fusion-builder-column-2 fusion_builder_column_1_3 1_3 fusion-flex-column\" style=\"--awb-padding-top:20px;--awb-padding-right:20px;--awb-padding-left:20px;--awb-bg-color:var(--awb-custom15);--awb-bg-color-hover:var(--awb-custom15);--awb-bg-size:cover;--awb-width-large:33.333333333333%;--awb-margin-top-large:0px;--awb-spacing-right-large:5.76%;--awb-margin-bottom-large:20px;--awb-spacing-left-large:5.76%;--awb-width-medium:33.333333333333%;--awb-order-medium:0;--awb-spacing-right-medium:5.76%;--awb-spacing-left-medium:5.76%;--awb-width-small:100%;--awb-order-small:0;--awb-spacing-right-small:1.92%;--awb-spacing-left-small:1.92%;\"><div class=\"fusion-column-wrapper fusion-column-has-shadow fusion-flex-justify-content-flex-start fusion-content-layout-column\"><div class=\"fusion-content-boxes content-boxes columns row fusion-columns-1 fusion-columns-total-1 fusion-content-boxes-1 content-boxes-icon-on-top content-left\" style=\"--awb-margin-bottom:0px;--awb-hover-accent-color:var(--awb-color4);--awb-circle-hover-accent-color:var(--awb-color4);--awb-item-margin-bottom:40px;\" data-animationOffset=\"top-into-view\"><div style=\"--awb-backgroundcolor:transparent;\" class=\"fusion-column content-box-column content-box-column content-box-column-1 col-lg-12 col-md-12 col-sm-12 fusion-content-box-hover content-box-column-last content-box-column-last-in-row\"><div class=\"col content-box-wrapper content-wrapper link-area-link-icon content-icon-wrapper-yes icon-hover-animation-fade\" data-animationOffset=\"top-into-view\"><div class=\"heading heading-with-icon icon-left\"><div class=\"icon\"><span style=\"height:42px;width:42px;line-height:22px;border-color:rgba(255,255,255,0);border-width:1px;border-style:solid;background-color:#212934;box-sizing:content-box;border-radius:50%;\"><i style=\"border-color:#212934;border-width:1px;background-color:#212934;box-sizing:content-box;height:40px;width:40px;line-height:40px;border-radius:50%;position:relative;top:auto;left:auto;margin:0;border-radius:50%;font-size:20px;\" aria-hidden=\"true\" class=\"fontawesome-icon fa-book-open fas circle-yes\"><\/i><\/span><\/div><h3 class=\"content-box-heading fusion-responsive-typography-calculated\" style=\"--h3_typography-font-size:24px;--fontSize:24;line-height:1.1;\">H\u01b0\u1edbng d\u1eabn c\u00e0i \u0111\u1eb7t<\/h3><\/div><div class=\"fusion-clearfix\"><\/div><div class=\"content-container\">\n<p>S\u1ed5 tay h\u01b0\u1edbng d\u1eabn l\u1eafp \u0111\u1eb7t c\u1ea3m \u1ee9ng c\u1ee7a ch\u00fang t\u00f4i c\u00f3 h\u01b0\u1edbng d\u1eabn v\u1ec1 c\u00e1ch l\u1eafp \u0111\u1eb7t s\u1ea3n ph\u1ea9m theo \u0111\u1ecbnh d\u1ea1ng d\u1ec5 l\u00e0m theo. \u0110\u1ed1i v\u1edbi h\u1ec7 th\u1ed1ng s\u01b0\u1edfi c\u1ea3m \u1ee9ng t\u00f9y ch\u1ec9nh, ch\u00fang t\u00f4i s\u1ebd cung c\u1ea5p h\u01b0\u1edbng d\u1eabn l\u1eafp \u0111\u1eb7t \u0111\u1eb7c bi\u1ec7t.<\/p>\n<\/div><\/div><\/div><div class=\"fusion-clearfix\"><\/div><\/div><\/div><\/div><div class=\"fusion-layout-column fusion_builder_column fusion-builder-column-3 fusion_builder_column_1_3 1_3 fusion-flex-column\" style=\"--awb-padding-top:20px;--awb-padding-right:20px;--awb-padding-left:20px;--awb-bg-color:var(--awb-custom15);--awb-bg-color-hover:var(--awb-custom15);--awb-bg-size:cover;--awb-width-large:33.333333333333%;--awb-margin-top-large:0px;--awb-spacing-right-large:5.76%;--awb-margin-bottom-large:20px;--awb-spacing-left-large:5.76%;--awb-width-medium:33.333333333333%;--awb-order-medium:0;--awb-spacing-right-medium:5.76%;--awb-spacing-left-medium:5.76%;--awb-width-small:100%;--awb-order-small:0;--awb-spacing-right-small:1.92%;--awb-spacing-left-small:1.92%;\"><div class=\"fusion-column-wrapper fusion-column-has-shadow fusion-flex-justify-content-flex-start fusion-content-layout-column\"><div class=\"fusion-content-boxes content-boxes columns row fusion-columns-1 fusion-columns-total-1 fusion-content-boxes-2 content-boxes-icon-on-top content-left\" style=\"--awb-margin-bottom:0px;--awb-hover-accent-color:var(--awb-color4);--awb-circle-hover-accent-color:var(--awb-color4);--awb-item-margin-bottom:40px;\" data-animationOffset=\"top-into-view\"><div style=\"--awb-backgroundcolor:transparent;\" class=\"fusion-column content-box-column content-box-column content-box-column-1 col-lg-12 col-md-12 col-sm-12 fusion-content-box-hover content-box-column-last content-box-column-last-in-row\"><div class=\"col content-box-wrapper content-wrapper link-area-link-icon content-icon-wrapper-yes icon-hover-animation-fade\" data-animationOffset=\"top-into-view\"><div class=\"heading heading-with-icon icon-left\"><div class=\"icon\"><span style=\"height:42px;width:42px;line-height:22px;border-color:rgba(255,255,255,0);border-width:1px;border-style:solid;background-color:#212934;box-sizing:content-box;border-radius:50%;\"><i style=\"border-color:#212934;border-width:1px;background-color:#212934;box-sizing:content-box;height:40px;width:40px;line-height:40px;border-radius:50%;position:relative;top:auto;left:auto;margin:0;border-radius:50%;font-size:20px;\" aria-hidden=\"true\" class=\"fontawesome-icon fa-video fas circle-yes\"><\/i><\/span><\/div><h3 class=\"content-box-heading fusion-responsive-typography-calculated\" style=\"--h3_typography-font-size:24px;--fontSize:24;line-height:1.1;\">H\u01b0\u1edbng d\u1eabn c\u00e0i \u0111\u1eb7t b\u1eb1ng video<\/h3><\/div><div class=\"fusion-clearfix\"><\/div><div class=\"content-container\">\n<p>Ch\u00fang t\u00f4i c\u00f3 th\u01b0 vi\u1ec7n h\u01b0\u1edbng d\u1eabn c\u00e0i \u0111\u1eb7t video ho\u1eb7c ch\u00fang t\u00f4i s\u1ebd cung c\u1ea5p h\u01b0\u1edbng d\u1eabn video t\u00f9y ch\u1ec9nh cho c\u00e1c d\u1ef1 \u00e1n t\u00f9y ch\u1ec9nh. C\u00f3 s\u1eb5n h\u01b0\u1edbng d\u1eabn c\u00e0i \u0111\u1eb7t video tr\u1ef1c tuy\u1ebfn v\u00e0 ngo\u1ea1i tuy\u1ebfn.<\/p>\n<\/div><\/div><\/div><div class=\"fusion-clearfix\"><\/div><\/div><\/div><\/div><div class=\"fusion-layout-column fusion_builder_column fusion-builder-column-4 fusion_builder_column_1_3 1_3 fusion-flex-column\" style=\"--awb-padding-top:20px;--awb-padding-right:20px;--awb-padding-left:20px;--awb-bg-color:var(--awb-custom15);--awb-bg-color-hover:var(--awb-custom15);--awb-bg-size:cover;--awb-width-large:33.333333333333%;--awb-margin-top-large:0px;--awb-spacing-right-large:5.76%;--awb-margin-bottom-large:20px;--awb-spacing-left-large:5.76%;--awb-width-medium:33.333333333333%;--awb-order-medium:0;--awb-spacing-right-medium:5.76%;--awb-spacing-left-medium:5.76%;--awb-width-small:100%;--awb-order-small:0;--awb-spacing-right-small:1.92%;--awb-spacing-left-small:1.92%;\"><div class=\"fusion-column-wrapper fusion-column-has-shadow fusion-flex-justify-content-flex-start fusion-content-layout-column\"><div class=\"fusion-content-boxes content-boxes columns row fusion-columns-1 fusion-columns-total-1 fusion-content-boxes-3 content-boxes-icon-on-top content-left\" style=\"--awb-margin-bottom:0px;--awb-hover-accent-color:var(--awb-color4);--awb-circle-hover-accent-color:var(--awb-color4);--awb-item-margin-bottom:40px;\" data-animationOffset=\"top-into-view\"><div style=\"--awb-backgroundcolor:transparent;\" class=\"fusion-column content-box-column content-box-column content-box-column-1 col-lg-12 col-md-12 col-sm-12 fusion-content-box-hover content-box-column-last content-box-column-last-in-row\"><div class=\"col content-box-wrapper content-wrapper link-area-link-icon content-icon-wrapper-yes icon-hover-animation-fade\" data-animationOffset=\"top-into-view\"><div class=\"heading heading-with-icon icon-left\"><div class=\"icon\"><span style=\"height:42px;width:42px;line-height:22px;border-color:rgba(255,255,255,0);border-width:1px;border-style:solid;background-color:#212934;box-sizing:content-box;border-radius:50%;\"><i style=\"border-color:#212934;border-width:1px;background-color:#212934;box-sizing:content-box;height:40px;width:40px;line-height:40px;border-radius:50%;position:relative;top:auto;left:auto;margin:0;border-radius:50%;font-size:20px;\" aria-hidden=\"true\" class=\"fontawesome-icon fa-wrench fas circle-yes\"><\/i><\/span><\/div><h3 class=\"content-box-heading fusion-responsive-typography-calculated\" style=\"--h3_typography-font-size:24px;--fontSize:24;line-height:1.1;\">K\u1ef9 s\u01b0 l\u1eafp \u0111\u1eb7t<\/h3><\/div><div class=\"fusion-clearfix\"><\/div><div class=\"content-container\">\n<p>Ch\u00fang t\u00f4i s\u1ebd c\u1eed m\u1ed9t k\u1ef9 s\u01b0 c\u00f3 kinh nghi\u1ec7m \u0111\u1ebfn \u0111\u1ecba \u0111i\u1ec3m c\u1ee7a b\u1ea1n trong m\u1ed9t kho\u1ea3ng th\u1eddi gian nh\u1ea5t \u0111\u1ecbnh (th\u01b0\u1eddng l\u00e0 m\u1ed9t ng\u00e0y) \u0111\u1ec3 h\u1ecd c\u00f3 th\u1ec3 h\u1ed7 tr\u1ee3 qu\u00e1 tr\u00ecnh l\u1eafp \u0111\u1eb7t v\u00e0 \u0111\u1ea3m b\u1ea3o m\u1ecdi th\u1ee9 ho\u1ea1t \u0111\u1ed9ng b\u00ecnh th\u01b0\u1eddng tr\u01b0\u1edbc khi b\u1ea1n b\u1eaft \u0111\u1ea7u s\u1eed d\u1ee5ng.<\/p>\n<\/div><\/div><\/div><div class=\"fusion-clearfix\"><\/div><\/div><\/div><\/div><\/div><\/div><div class=\"fusion-fullwidth fullwidth-box fusion-builder-row-3 fusion-flex-container has-pattern-background has-mask-background nonhundred-percent-fullwidth non-hundred-percent-height-scrolling\" style=\"--awb-border-radius-top-left:0px;--awb-border-radius-top-right:0px;--awb-border-radius-bottom-right:0px;--awb-border-radius-bottom-left:0px;--awb-margin-top:30px;--awb-flex-wrap:wrap;\" ><div class=\"fusion-builder-row fusion-row fusion-flex-align-items-flex-start fusion-flex-content-wrap\" style=\"max-width:1248px;margin-left: calc(-4% \/ 2 );margin-right: calc(-4% \/ 2 );\"><div class=\"fusion-layout-column fusion_builder_column fusion-builder-column-5 fusion_builder_column_1_1 1_1 fusion-flex-column\" style=\"--awb-bg-size:cover;--awb-width-large:100%;--awb-margin-top-large:0px;--awb-spacing-right-large:1.92%;--awb-margin-bottom-large:20px;--awb-spacing-left-large:1.92%;--awb-width-medium:100%;--awb-order-medium:0;--awb-spacing-right-medium:1.92%;--awb-spacing-left-medium:1.92%;--awb-width-small:100%;--awb-order-small:0;--awb-spacing-right-small:1.92%;--awb-spacing-left-small:1.92%;\"><div class=\"fusion-column-wrapper fusion-column-has-shadow fusion-flex-justify-content-flex-start fusion-content-layout-column\"><div class=\"fusion-text fusion-text-3\"><h2>C\u00e1c t\u00ecnh hu\u1ed1ng c\u1ea7n \u0111\u1ebfn K\u1ef9 s\u01b0 l\u1eafp \u0111\u1eb7t<\/h2>\n<p>Khi c\u1ea5u tr\u00fac c\u1ee7a qu\u00e1 tr\u00ecnh l\u1eafp \u0111\u1eb7t thi\u1ebft b\u1ecb gia nhi\u1ec7t c\u1ea3m \u1ee9ng r\u1ea5t ph\u1ee9c t\u1ea1p, ch\u00fang t\u00f4i \u0111\u1ea3m b\u1ea3o r\u1eb1ng vi\u1ec7c l\u1eafp \u0111\u1eb7t s\u1ebd nhanh ch\u00f3ng v\u00e0 d\u1ec5 d\u00e0ng \u0111\u1ec3 b\u1ea1n kh\u00f4ng ph\u1ea3i lo l\u1eafng v\u1ec1 b\u1ea5t c\u1ee9 \u0111i\u1ec1u g\u00ec trong khi \u0111i\u1ec1u h\u00e0nh doanh nghi\u1ec7p c\u1ee7a m\u00ecnh.<\/p>\n<\/div><\/div><\/div><\/div><\/div><div class=\"fusion-fullwidth fullwidth-box fusion-builder-row-4 fusion-flex-container has-pattern-background has-mask-background nonhundred-percent-fullwidth non-hundred-percent-height-scrolling\" style=\"--awb-border-radius-top-left:0px;--awb-border-radius-top-right:0px;--awb-border-radius-bottom-right:0px;--awb-border-radius-bottom-left:0px;--awb-flex-wrap:wrap;\" ><div class=\"fusion-builder-row fusion-row fusion-flex-align-items-flex-start fusion-flex-content-wrap\" style=\"max-width:1248px;margin-left: calc(-4% \/ 2 );margin-right: calc(-4% \/ 2 );\"><div class=\"fusion-layout-column fusion_builder_column fusion-builder-column-6 fusion_builder_column_1_1 1_1 fusion-flex-column\" style=\"--awb-bg-size:cover;--awb-width-large:100%;--awb-margin-top-large:0px;--awb-spacing-right-large:1.92%;--awb-margin-bottom-large:20px;--awb-spacing-left-large:1.92%;--awb-width-medium:100%;--awb-order-medium:0;--awb-spacing-right-medium:1.92%;--awb-spacing-left-medium:1.92%;--awb-width-small:100%;--awb-order-small:0;--awb-spacing-right-small:1.92%;--awb-spacing-left-small:1.92%;\"><div class=\"fusion-column-wrapper fusion-column-has-shadow fusion-flex-justify-content-flex-start fusion-content-layout-column\"><div class=\"fusion-text fusion-text-4\"><h2>C\u00e0i \u0111\u1eb7t ph\u1ee9c t\u1ea1p<\/h2>\n<p>Vi\u1ec7c l\u1eafp \u0111\u1eb7t <a href=\"https:\/\/www.focoinduction.com\/induction-heating-equipment\/induction-heating-system-for-forging\/\" target=\"_blank\" rel=\"noopener\">h\u1ec7 th\u1ed1ng s\u01b0\u1edfi \u1ea5m c\u1ea3m \u1ee9ng<\/a> ho\u1eb7c <a href=\"https:\/\/www.focoinduction.com\/induction-heating-equipment\/induction-melting-furnace\/\" target=\"_blank\" rel=\"noopener\">h\u1ec7 th\u1ed1ng n\u1ea5u ch\u1ea3y c\u1ea3m \u1ee9ng<\/a> \u0111\u00f4i khi c\u00f3 th\u1ec3 ph\u1ee9c t\u1ea1p, \u0111\u1eb7c bi\u1ec7t l\u00e0 n\u1ebfu nh\u00f3m c\u1ee7a b\u1ea1n thi\u1ebfu kinh nghi\u1ec7m l\u1eafp \u0111\u1eb7t ho\u1eb7c ki\u1ebfn th\u1ee9c c\u01a1 b\u1ea3n v\u1ec1 thi\u1ebft b\u1ecb \u0111i\u1ec7n. Khi h\u1ec7 th\u1ed1ng m\u1edbi c\u1ee7a b\u1ea1n \u0111\u01b0\u1ee3c chia th\u00e0nh nhi\u1ec1u b\u1ed9 ph\u1eadn \u0111\u1ec3 d\u1ec5 v\u1eadn chuy\u1ec3n, c\u00e1c b\u1ed9 ph\u1eadn n\u00e0y c\u1ea7n \u0111\u01b0\u1ee3c l\u1eafp r\u00e1p tr\u01b0\u1edbc khi s\u1eed d\u1ee5ng. Trong nh\u1eefng t\u00ecnh hu\u1ed1ng n\u00e0y, c\u00e1c k\u1ef9 s\u01b0 l\u1eafp \u0111\u1eb7t chuy\u00ean nghi\u1ec7p c\u1ee7a ch\u00fang t\u00f4i s\u1ebd \u0111\u1ebfn t\u1eadn n\u01a1i \u0111\u1ec3 h\u1ed7 tr\u1ee3 l\u1eafp \u0111\u1eb7t h\u1ec7 th\u1ed1ng s\u01b0\u1edfi \u1ea5m c\u1ea3m \u1ee9ng ho\u1eb7c h\u1ec7 th\u1ed1ng n\u1ea5u ch\u1ea3y c\u1ea3m \u1ee9ng c\u1ee7a b\u1ea1n.<\/p>\n<\/div><\/div><\/div><\/div><\/div><div class=\"fusion-fullwidth fullwidth-box fusion-builder-row-5 fusion-flex-container has-pattern-background has-mask-background nonhundred-percent-fullwidth non-hundred-percent-height-scrolling\" style=\"--awb-border-radius-top-left:0px;--awb-border-radius-top-right:0px;--awb-border-radius-bottom-right:0px;--awb-border-radius-bottom-left:0px;--awb-flex-wrap:wrap;\" ><div class=\"fusion-builder-row fusion-row fusion-flex-align-items-flex-start fusion-flex-content-wrap\" style=\"max-width:1248px;margin-left: calc(-4% \/ 2 );margin-right: calc(-4% \/ 2 );\"><div class=\"fusion-layout-column fusion_builder_column fusion-builder-column-7 fusion_builder_column_1_1 1_1 fusion-flex-column\" style=\"--awb-bg-size:cover;--awb-width-large:100%;--awb-margin-top-large:0px;--awb-spacing-right-large:1.92%;--awb-margin-bottom-large:20px;--awb-spacing-left-large:1.92%;--awb-width-medium:100%;--awb-order-medium:0;--awb-spacing-right-medium:1.92%;--awb-spacing-left-medium:1.92%;--awb-width-small:100%;--awb-order-small:0;--awb-spacing-right-small:1.92%;--awb-spacing-left-small:1.92%;\"><div class=\"fusion-column-wrapper fusion-column-has-shadow fusion-flex-justify-content-flex-start fusion-content-layout-column\"><div class=\"fusion-text fusion-text-5\"><h2>Ki\u1ec3m tra l\u00f2 c\u1ea3m \u1ee9ng<\/h2>\n<p>Sau khi l\u1eafp \u0111\u1eb7t th\u00e2n l\u00f2, h\u1ec7 th\u1ed1ng l\u00e0m m\u00e1t b\u1eb1ng n\u01b0\u1edbc v\u00e0 h\u1ec7 th\u1ed1ng th\u1ee7y l\u1ef1c, c\u1ea7n ti\u1ebfn h\u00e0nh th\u1eed nghi\u1ec7m nghi\u00eang th\u00e2n l\u00f2 \u0111\u1ec3 x\u00e1c \u0111\u1ecbnh xem l\u00f2 c\u1ee7a b\u1ea1n c\u00f3 ho\u1ea1t \u0111\u1ed9ng theo mong \u0111\u1ee3i hay kh\u00f4ng. Tr\u01b0\u1edbc khi l\u00f2 v\u00e0o ch\u1ebf \u0111\u1ed9 v\u1eadn h\u00e0nh, b\u1ea1n ph\u1ea3i x\u00e1c nh\u1eadn r\u1eb1ng t\u1ea5t c\u1ea3 c\u00e1c t\u00ednh n\u0103ng an to\u00e0n c\u1ee7a l\u00f2 \u0111\u1ec1u ho\u1ea1t \u0111\u1ed9ng, ch\u1eb3ng h\u1ea1n nh\u01b0 thi\u1ebft b\u1ecb kh\u00f3a v\u00e0 thi\u1ebft b\u1ecb b\u00e1o hi\u1ec7u. Sau khi x\u00e1c minh, l\u00f2 c\u00f3 th\u1ec3 \u0111\u01b0\u1ee3c b\u1eadt ngu\u1ed3n v\u00e0 b\u1ea1n c\u00f3 th\u1ec3 b\u1eaft \u0111\u1ea7u s\u1eed d\u1ee5ng c\u00e1c kh\u1ea3 n\u0103ng c\u1ea3m \u1ee9ng m\u1edbi c\u1ee7a m\u00ecnh.<\/p>\n<p><a href=\"https:\/\/www.focoinduction.com\/contact\/\" target=\"_blank\" rel=\"noopener\"><em>N\u1ebfu b\u1ea1n c\u1ea7n chuy\u00ean gia l\u1eafp \u0111\u1eb7t ho\u1eb7c t\u01b0 v\u1ea5n v\u1ec1 l\u1eafp \u0111\u1eb7t l\u00f2 s\u01b0\u1edfi, h\u00e3y li\u00ean h\u1ec7 ngay h\u00f4m nay v\u00e0 ch\u00fang ta h\u00e3y c\u00f9ng trao \u0111\u1ed5i!<\/em><\/a><\/p>\n<\/div><\/div><\/div><\/div><\/div><\/p>\n","protected":false},"excerpt":{"rendered":"","protected":false},"author":1,"featured_media":8806,"parent":9370,"menu_order":0,"comment_status":"closed","ping_status":"closed","template":"","meta":{"footnotes":""},"class_list":["post-8804","page","type-page","status-publish","has-post-thumbnail","hentry"],"_links":{"self":[{"href":"https:\/\/www.focoinduction.com\/vi\/wp-json\/wp\/v2\/pages\/8804","targetHints":{"allow":["GET"]}}],"collection":[{"href":"https:\/\/www.focoinduction.com\/vi\/wp-json\/wp\/v2\/pages"}],"about":[{"href":"https:\/\/www.focoinduction.com\/vi\/wp-json\/wp\/v2\/types\/page"}],"author":[{"embeddable":true,"href":"https:\/\/www.focoinduction.com\/vi\/wp-json\/wp\/v2\/users\/1"}],"replies":[{"embeddable":true,"href":"https:\/\/www.focoinduction.com\/vi\/wp-json\/wp\/v2\/comments?post=8804"}],"version-history":[{"count":0,"href":"https:\/\/www.focoinduction.com\/vi\/wp-json\/wp\/v2\/pages\/8804\/revisions"}],"up":[{"embeddable":true,"href":"https:\/\/www.focoinduction.com\/vi\/wp-json\/wp\/v2\/pages\/9370"}],"wp:featuredmedia":[{"embeddable":true,"href":"https:\/\/www.focoinduction.com\/vi\/wp-json\/wp\/v2\/media\/8806"}],"wp:attachment":[{"href":"https:\/\/www.focoinduction.com\/vi\/wp-json\/wp\/v2\/media?parent=8804"}],"curies":[{"name":"wp","href":"https:\/\/api.w.org\/{rel}","templated":true}]}}