{"id":8848,"date":"2022-12-03T09:56:10","date_gmt":"2022-12-03T01:56:10","guid":{"rendered":"https:\/\/www.focoinduction.com\/nganh-cong-nghiep\/"},"modified":"2025-01-02T10:33:50","modified_gmt":"2025-01-02T02:33:50","slug":"nganh-cong-nghiep","status":"publish","type":"page","link":"https:\/\/www.focoinduction.com\/vi\/nganh-cong-nghiep\/","title":{"rendered":"Ng\u00e0nh c\u00f4ng nghi\u1ec7p"},"content":{"rendered":"<p><div class=\"fusion-fullwidth fullwidth-box fusion-builder-row-1 fusion-flex-container has-pattern-background has-mask-background nonhundred-percent-fullwidth non-hundred-percent-height-scrolling\" style=\"--awb-border-radius-top-left:0px;--awb-border-radius-top-right:0px;--awb-border-radius-bottom-right:0px;--awb-border-radius-bottom-left:0px;--awb-flex-wrap:wrap;\" ><div class=\"fusion-builder-row fusion-row fusion-flex-align-items-flex-start fusion-flex-content-wrap\" style=\"max-width:1248px;margin-left: calc(-4% \/ 2 );margin-right: calc(-4% \/ 2 );\"><div class=\"fusion-layout-column fusion_builder_column fusion-builder-column-0 fusion_builder_column_1_1 1_1 fusion-flex-column\" style=\"--awb-bg-size:cover;--awb-width-large:100%;--awb-margin-top-large:0px;--awb-spacing-right-large:1.92%;--awb-margin-bottom-large:20px;--awb-spacing-left-large:1.92%;--awb-width-medium:100%;--awb-order-medium:0;--awb-spacing-right-medium:1.92%;--awb-spacing-left-medium:1.92%;--awb-width-small:100%;--awb-order-small:0;--awb-spacing-right-small:1.92%;--awb-spacing-left-small:1.92%;\"><div class=\"fusion-column-wrapper fusion-column-has-shadow fusion-flex-justify-content-flex-start fusion-content-layout-column\"><div class=\"fusion-text fusion-text-1\"><p>FOCO induction cung c\u1ea5p c\u00e1c gi\u1ea3i ph\u00e1p gia nhi\u1ec7t c\u1ea3m \u1ee9ng cho nhi\u1ec1u ng\u00e0nh c\u00f4ng nghi\u1ec7p kh\u00e1c nhau. Gia nhi\u1ec7t c\u1ea3m \u1ee9ng l\u00e0 h\u00ecnh th\u1ee9c gia nhi\u1ec7t c\u00f4ng nghi\u1ec7p ti\u1ebft ki\u1ec7m chi ph\u00ed nh\u1ea5t trong ng\u00e0nh c\u00f4ng nghi\u1ec7p hi\u1ec7n \u0111\u1ea1i. N\u00f3 c\u00f3 c\u00e1c \u0111\u1eb7c \u0111i\u1ec3m l\u00e0 hi\u1ec7u su\u1ea5t cao, \u0111\u1ed9 tin c\u1eady, an to\u00e0n v\u00e0 v\u1eadn h\u00e0nh kh\u00f4ng g\u1eb7p s\u1ef1 c\u1ed1. Tuy\u1ec7t v\u1eddi nh\u1ea5t l\u00e0 n\u00f3 d\u1ec5 d\u00e0ng t\u00edch h\u1ee3p v\u00e0o d\u00e2y chuy\u1ec1n s\u1ea3n xu\u1ea5t t\u1ef1 \u0111\u1ed9ng c\u1ee7a b\u1ea1n. C\u00e1c k\u1ef9 s\u01b0 chuy\u00ean nghi\u1ec7p c\u1ee7a ch\u00fang t\u00f4i s\u1ebd \u0111\u00e1nh gi\u00e1 nhu c\u1ea7u gia nhi\u1ec7t ri\u00eang c\u1ee7a b\u1ea1n v\u00e0 cung c\u1ea5p cho b\u1ea1n h\u1ec7 th\u1ed1ng gia nhi\u1ec7t c\u1ea3m \u1ee9ng \u0111\u00e1p \u1ee9ng c\u00e1c y\u00eau c\u1ea7u v\u1ec1 quy tr\u00ecnh gia nhi\u1ec7t c\u1ee5 th\u1ec3 c\u1ee7a b\u1ea1n.<\/p>\n<\/div><\/div><\/div><\/div><\/div><div class=\"fusion-fullwidth fullwidth-box fusion-builder-row-2 fusion-flex-container has-pattern-background has-mask-background nonhundred-percent-fullwidth non-hundred-percent-height-scrolling\" style=\"--awb-border-radius-top-left:0px;--awb-border-radius-top-right:0px;--awb-border-radius-bottom-right:0px;--awb-border-radius-bottom-left:0px;--awb-flex-wrap:wrap;\" ><div class=\"fusion-builder-row fusion-row fusion-flex-align-items-flex-start fusion-flex-content-wrap\" style=\"max-width:1248px;margin-left: calc(-4% \/ 2 );margin-right: calc(-4% \/ 2 );\"><div class=\"fusion-layout-column fusion_builder_column fusion-builder-column-1 fusion_builder_column_1_3 1_3 fusion-flex-column\" style=\"--awb-bg-size:cover;--awb-border-color:#e2e2e2;--awb-border-top:1px;--awb-border-right:1px;--awb-border-bottom:1px;--awb-border-left:1px;--awb-border-style:solid;--awb-width-large:33.333333333333%;--awb-margin-top-large:0px;--awb-spacing-right-large:5.76%;--awb-margin-bottom-large:20px;--awb-spacing-left-large:5.76%;--awb-width-medium:33.333333333333%;--awb-order-medium:0;--awb-spacing-right-medium:5.76%;--awb-spacing-left-medium:5.76%;--awb-width-small:100%;--awb-order-small:0;--awb-spacing-right-small:1.92%;--awb-spacing-left-small:1.92%;\"><div class=\"fusion-column-wrapper fusion-column-has-shadow fusion-flex-justify-content-flex-start fusion-content-layout-column\"><div class=\"fusion-image-element \" style=\"--awb-liftup-border-radius:0px;--awb-margin-top:0px;--awb-margin-right:0px;--awb-margin-left:0px;--awb-caption-title-font-family:var(--h2_typography-font-family);--awb-caption-title-font-weight:var(--h2_typography-font-weight);--awb-caption-title-font-style:var(--h2_typography-font-style);--awb-caption-title-size:var(--h2_typography-font-size);--awb-caption-title-transform:var(--h2_typography-text-transform);--awb-caption-title-line-height:var(--h2_typography-line-height);--awb-caption-title-letter-spacing:var(--h2_typography-letter-spacing);\"><div class=\"awb-image-frame awb-image-frame-1 imageframe-liftup\"><span class=\" fusion-imageframe imageframe-none imageframe-1\"><a class=\"fusion-no-lightbox\" href=\"https:\/\/www.focoinduction.com\/industries\/automotive-industry\/\" target=\"_blank\" aria-label=\"Automotive Industry\" rel=\"noopener noreferrer\"><img decoding=\"async\" width=\"600\" height=\"229\" alt=\"Ng\u00e0nh c\u00f4ng nghi\u1ec7p \u00f4 t\u00f4\" src=\"https:\/\/www.focoinduction.com\/wp-content\/uploads\/2022\/12\/Automotive-Industry-600x229.jpg\" class=\"img-responsive wp-image-2256\" srcset=\"https:\/\/www.focoinduction.com\/wp-content\/uploads\/2022\/12\/Automotive-Industry-200x76.jpg 200w, https:\/\/www.focoinduction.com\/wp-content\/uploads\/2022\/12\/Automotive-Industry-400x152.jpg 400w, https:\/\/www.focoinduction.com\/wp-content\/uploads\/2022\/12\/Automotive-Industry-600x229.jpg 600w, https:\/\/www.focoinduction.com\/wp-content\/uploads\/2022\/12\/Automotive-Industry-800x305.jpg 800w, https:\/\/www.focoinduction.com\/wp-content\/uploads\/2022\/12\/Automotive-Industry.jpg 1050w\" sizes=\"(max-width: 768px) 100vw, 400px\" \/><\/a><\/span><\/div><\/div><div class=\"fusion-text fusion-text-2\" style=\"--awb-margin-top:10px;\"><p style=\"text-align: center;\"><a href=\"https:\/\/www.focoinduction.com\/industries\/automotive-industry\/\" target=\"_blank\" rel=\"noopener\">Ng\u00e0nh c\u00f4ng nghi\u1ec7p \u00f4 t\u00f4<\/a><\/p>\n<\/div><\/div><\/div><div class=\"fusion-layout-column fusion_builder_column fusion-builder-column-2 fusion_builder_column_1_3 1_3 fusion-flex-column\" style=\"--awb-bg-size:cover;--awb-border-color:#e2e2e2;--awb-border-top:1px;--awb-border-right:1px;--awb-border-bottom:1px;--awb-border-left:1px;--awb-border-style:solid;--awb-width-large:33.333333333333%;--awb-margin-top-large:0px;--awb-spacing-right-large:5.76%;--awb-margin-bottom-large:20px;--awb-spacing-left-large:5.76%;--awb-width-medium:33.333333333333%;--awb-order-medium:0;--awb-spacing-right-medium:5.76%;--awb-spacing-left-medium:5.76%;--awb-width-small:100%;--awb-order-small:0;--awb-spacing-right-small:1.92%;--awb-spacing-left-small:1.92%;\"><div class=\"fusion-column-wrapper fusion-column-has-shadow fusion-flex-justify-content-flex-start fusion-content-layout-column\"><div class=\"fusion-image-element \" style=\"--awb-liftup-border-radius:0px;--awb-margin-top:0px;--awb-margin-right:0px;--awb-margin-left:0px;--awb-caption-title-font-family:var(--h2_typography-font-family);--awb-caption-title-font-weight:var(--h2_typography-font-weight);--awb-caption-title-font-style:var(--h2_typography-font-style);--awb-caption-title-size:var(--h2_typography-font-size);--awb-caption-title-transform:var(--h2_typography-text-transform);--awb-caption-title-line-height:var(--h2_typography-line-height);--awb-caption-title-letter-spacing:var(--h2_typography-letter-spacing);\"><div class=\"awb-image-frame awb-image-frame-2 imageframe-liftup\"><span class=\" fusion-imageframe imageframe-none imageframe-2\"><a class=\"fusion-no-lightbox\" href=\"https:\/\/www.focoinduction.com\/industries\/energy-industry\/\" target=\"_blank\" aria-label=\"induction heating for energy industry\" rel=\"noopener noreferrer\"><img decoding=\"async\" width=\"600\" height=\"229\" alt=\"ng\u00e0nh c\u00f4ng nghi\u1ec7p n\u0103ng l\u01b0\u1ee3ng\" src=\"https:\/\/www.focoinduction.com\/wp-content\/uploads\/2022\/12\/induction-heating-for-energy-industry-600x229.jpg\" class=\"img-responsive wp-image-8905\" srcset=\"https:\/\/www.focoinduction.com\/wp-content\/uploads\/2022\/12\/induction-heating-for-energy-industry-200x76.jpg 200w, https:\/\/www.focoinduction.com\/wp-content\/uploads\/2022\/12\/induction-heating-for-energy-industry-400x152.jpg 400w, https:\/\/www.focoinduction.com\/wp-content\/uploads\/2022\/12\/induction-heating-for-energy-industry-600x229.jpg 600w, https:\/\/www.focoinduction.com\/wp-content\/uploads\/2022\/12\/induction-heating-for-energy-industry-800x305.jpg 800w, https:\/\/www.focoinduction.com\/wp-content\/uploads\/2022\/12\/induction-heating-for-energy-industry.jpg 1050w\" sizes=\"(max-width: 768px) 100vw, 400px\" \/><\/a><\/span><\/div><\/div><div class=\"fusion-text fusion-text-3\" style=\"--awb-margin-top:10px;\"><p style=\"text-align: center;\"><a href=\"https:\/\/www.focoinduction.com\/industries\/energy-industry\/\" target=\"_blank\" rel=\"noopener\">Ng\u00e0nh c\u00f4ng nghi\u1ec7p n\u0103ng l\u01b0\u1ee3ng<\/a><\/p>\n<\/div><\/div><\/div><div class=\"fusion-layout-column fusion_builder_column fusion-builder-column-3 fusion_builder_column_1_3 1_3 fusion-flex-column\" style=\"--awb-bg-size:cover;--awb-border-color:#e2e2e2;--awb-border-top:1px;--awb-border-right:1px;--awb-border-bottom:1px;--awb-border-left:1px;--awb-border-style:solid;--awb-width-large:33.333333333333%;--awb-margin-top-large:0px;--awb-spacing-right-large:5.76%;--awb-margin-bottom-large:20px;--awb-spacing-left-large:5.76%;--awb-width-medium:33.333333333333%;--awb-order-medium:0;--awb-spacing-right-medium:5.76%;--awb-spacing-left-medium:5.76%;--awb-width-small:100%;--awb-order-small:0;--awb-spacing-right-small:1.92%;--awb-spacing-left-small:1.92%;\"><div class=\"fusion-column-wrapper fusion-column-has-shadow fusion-flex-justify-content-flex-start fusion-content-layout-column\"><div class=\"fusion-image-element \" style=\"--awb-liftup-border-radius:0px;--awb-margin-top:0px;--awb-margin-right:0px;--awb-margin-left:0px;--awb-caption-title-font-family:var(--h2_typography-font-family);--awb-caption-title-font-weight:var(--h2_typography-font-weight);--awb-caption-title-font-style:var(--h2_typography-font-style);--awb-caption-title-size:var(--h2_typography-font-size);--awb-caption-title-transform:var(--h2_typography-text-transform);--awb-caption-title-line-height:var(--h2_typography-line-height);--awb-caption-title-letter-spacing:var(--h2_typography-letter-spacing);\"><div class=\"awb-image-frame awb-image-frame-3 imageframe-liftup\"><span class=\" fusion-imageframe imageframe-none imageframe-3\"><a class=\"fusion-no-lightbox\" href=\"https:\/\/www.focoinduction.com\/industries\/food-beverage-industry\/\" target=\"_blank\" aria-label=\"Induction Heating for Food and Beverage Industry\" rel=\"noopener noreferrer\"><img decoding=\"async\" width=\"600\" height=\"229\" alt=\" Ng\u00e0nh th\u1ef1c ph\u1ea9m v\u00e0 \u0111\u1ed3 u\u1ed1ng\" src=\"https:\/\/www.focoinduction.com\/wp-content\/uploads\/2022\/12\/Induction-Heating-for-Food-and-Beverage-Industry-600x229.jpg\" class=\"img-responsive wp-image-8892\" srcset=\"https:\/\/www.focoinduction.com\/wp-content\/uploads\/2022\/12\/Induction-Heating-for-Food-and-Beverage-Industry-200x76.jpg 200w, https:\/\/www.focoinduction.com\/wp-content\/uploads\/2022\/12\/Induction-Heating-for-Food-and-Beverage-Industry-400x152.jpg 400w, https:\/\/www.focoinduction.com\/wp-content\/uploads\/2022\/12\/Induction-Heating-for-Food-and-Beverage-Industry-600x229.jpg 600w, https:\/\/www.focoinduction.com\/wp-content\/uploads\/2022\/12\/Induction-Heating-for-Food-and-Beverage-Industry-800x305.jpg 800w, https:\/\/www.focoinduction.com\/wp-content\/uploads\/2022\/12\/Induction-Heating-for-Food-and-Beverage-Industry.jpg 1050w\" sizes=\"(max-width: 768px) 100vw, 400px\" \/><\/a><\/span><\/div><\/div><div class=\"fusion-text fusion-text-4\" style=\"--awb-margin-top:10px;\"><p style=\"text-align: center;\"><a href=\"https:\/\/www.focoinduction.com\/industries\/food-beverage-industry\/\" target=\"_blank\" rel=\"noopener\">Ng\u00e0nh th\u1ef1c ph\u1ea9m v\u00e0 \u0111\u1ed3 u\u1ed1ng<\/a><\/p>\n<\/div><\/div><\/div><div class=\"fusion-layout-column fusion_builder_column fusion-builder-column-4 fusion_builder_column_1_3 1_3 fusion-flex-column\" style=\"--awb-bg-size:cover;--awb-border-color:#e2e2e2;--awb-border-top:1px;--awb-border-right:1px;--awb-border-bottom:1px;--awb-border-left:1px;--awb-border-style:solid;--awb-width-large:33.333333333333%;--awb-margin-top-large:0px;--awb-spacing-right-large:5.76%;--awb-margin-bottom-large:20px;--awb-spacing-left-large:5.76%;--awb-width-medium:33.333333333333%;--awb-order-medium:0;--awb-spacing-right-medium:5.76%;--awb-spacing-left-medium:5.76%;--awb-width-small:100%;--awb-order-small:0;--awb-spacing-right-small:1.92%;--awb-spacing-left-small:1.92%;\"><div class=\"fusion-column-wrapper fusion-column-has-shadow fusion-flex-justify-content-flex-start fusion-content-layout-column\"><div class=\"fusion-image-element \" style=\"--awb-liftup-border-radius:0px;--awb-margin-top:0px;--awb-margin-right:0px;--awb-margin-left:0px;--awb-caption-title-font-family:var(--h2_typography-font-family);--awb-caption-title-font-weight:var(--h2_typography-font-weight);--awb-caption-title-font-style:var(--h2_typography-font-style);--awb-caption-title-size:var(--h2_typography-font-size);--awb-caption-title-transform:var(--h2_typography-text-transform);--awb-caption-title-line-height:var(--h2_typography-line-height);--awb-caption-title-letter-spacing:var(--h2_typography-letter-spacing);\"><div class=\"awb-image-frame awb-image-frame-4 imageframe-liftup\"><span class=\" fusion-imageframe imageframe-none imageframe-4\"><a class=\"fusion-no-lightbox\" href=\"https:\/\/www.focoinduction.com\/industries\/oil-gas-industry\/\" target=\"_blank\" aria-label=\"induction heating for oil and gas industry\" rel=\"noopener noreferrer\"><img decoding=\"async\" width=\"600\" height=\"229\" alt=\"ng\u00e0nh c\u00f4ng nghi\u1ec7p d\u1ea7u kh\u00ed\" src=\"https:\/\/www.focoinduction.com\/wp-content\/uploads\/2022\/12\/induction-heating-for-oil-and-gas-industry-600x229.jpg\" class=\"img-responsive wp-image-8949\" srcset=\"https:\/\/www.focoinduction.com\/wp-content\/uploads\/2022\/12\/induction-heating-for-oil-and-gas-industry-200x76.jpg 200w, https:\/\/www.focoinduction.com\/wp-content\/uploads\/2022\/12\/induction-heating-for-oil-and-gas-industry-400x152.jpg 400w, https:\/\/www.focoinduction.com\/wp-content\/uploads\/2022\/12\/induction-heating-for-oil-and-gas-industry-600x229.jpg 600w, https:\/\/www.focoinduction.com\/wp-content\/uploads\/2022\/12\/induction-heating-for-oil-and-gas-industry-800x305.jpg 800w, https:\/\/www.focoinduction.com\/wp-content\/uploads\/2022\/12\/induction-heating-for-oil-and-gas-industry.jpg 1050w\" sizes=\"(max-width: 768px) 100vw, 400px\" \/><\/a><\/span><\/div><\/div><div class=\"fusion-text fusion-text-5\" style=\"--awb-margin-top:10px;\"><p style=\"text-align: center;\"><a href=\"https:\/\/www.focoinduction.com\/industries\/oil-gas-industry\/\" target=\"_blank\" rel=\"noopener\">Ng\u00e0nh c\u00f4ng nghi\u1ec7p d\u1ea7u kh\u00ed<\/a><\/p>\n<\/div><\/div><\/div><div class=\"fusion-layout-column fusion_builder_column fusion-builder-column-5 fusion_builder_column_1_3 1_3 fusion-flex-column\" style=\"--awb-bg-size:cover;--awb-border-color:#e2e2e2;--awb-border-top:1px;--awb-border-right:1px;--awb-border-bottom:1px;--awb-border-left:1px;--awb-border-style:solid;--awb-width-large:33.333333333333%;--awb-margin-top-large:0px;--awb-spacing-right-large:5.76%;--awb-margin-bottom-large:20px;--awb-spacing-left-large:5.76%;--awb-width-medium:33.333333333333%;--awb-order-medium:0;--awb-spacing-right-medium:5.76%;--awb-spacing-left-medium:5.76%;--awb-width-small:100%;--awb-order-small:0;--awb-spacing-right-small:1.92%;--awb-spacing-left-small:1.92%;\"><div class=\"fusion-column-wrapper fusion-column-has-shadow fusion-flex-justify-content-flex-start fusion-content-layout-column\"><div class=\"fusion-image-element \" style=\"--awb-liftup-border-radius:0px;--awb-margin-top:0px;--awb-margin-right:0px;--awb-margin-left:0px;--awb-caption-title-font-family:var(--h2_typography-font-family);--awb-caption-title-font-weight:var(--h2_typography-font-weight);--awb-caption-title-font-style:var(--h2_typography-font-style);--awb-caption-title-size:var(--h2_typography-font-size);--awb-caption-title-transform:var(--h2_typography-text-transform);--awb-caption-title-line-height:var(--h2_typography-line-height);--awb-caption-title-letter-spacing:var(--h2_typography-letter-spacing);\"><div class=\"awb-image-frame awb-image-frame-5 imageframe-liftup\"><span class=\" fusion-imageframe imageframe-none imageframe-5\"><a class=\"fusion-no-lightbox\" href=\"https:\/\/www.focoinduction.com\/industries\/pharmaceutical-industry\/\" target=\"_blank\" aria-label=\"Induction Heating for Pharmaceutical Industry\" rel=\"noopener noreferrer\"><img decoding=\"async\" width=\"600\" height=\"229\" alt=\"Ng\u00e0nh c\u00f4ng nghi\u1ec7p d\u01b0\u1ee3c ph\u1ea9m\" src=\"https:\/\/www.focoinduction.com\/wp-content\/uploads\/2022\/12\/Induction-Heating-for-Pharmaceutical-Industry-600x229.jpg\" class=\"img-responsive wp-image-9002\" srcset=\"https:\/\/www.focoinduction.com\/wp-content\/uploads\/2022\/12\/Induction-Heating-for-Pharmaceutical-Industry-200x76.jpg 200w, https:\/\/www.focoinduction.com\/wp-content\/uploads\/2022\/12\/Induction-Heating-for-Pharmaceutical-Industry-400x152.jpg 400w, https:\/\/www.focoinduction.com\/wp-content\/uploads\/2022\/12\/Induction-Heating-for-Pharmaceutical-Industry-600x229.jpg 600w, https:\/\/www.focoinduction.com\/wp-content\/uploads\/2022\/12\/Induction-Heating-for-Pharmaceutical-Industry-800x305.jpg 800w, https:\/\/www.focoinduction.com\/wp-content\/uploads\/2022\/12\/Induction-Heating-for-Pharmaceutical-Industry.jpg 1050w\" sizes=\"(max-width: 768px) 100vw, 400px\" \/><\/a><\/span><\/div><\/div><div class=\"fusion-text fusion-text-6\" style=\"--awb-margin-top:10px;\"><p style=\"text-align: center;\"><a href=\"https:\/\/www.focoinduction.com\/industries\/pharmaceutical-industry\/\" target=\"_blank\" rel=\"noopener\">Ng\u00e0nh c\u00f4ng nghi\u1ec7p d\u01b0\u1ee3c ph\u1ea9m<\/a><\/p>\n<\/div><\/div><\/div><div class=\"fusion-layout-column fusion_builder_column fusion-builder-column-6 fusion_builder_column_1_3 1_3 fusion-flex-column\" style=\"--awb-bg-size:cover;--awb-border-color:#e2e2e2;--awb-border-top:1px;--awb-border-right:1px;--awb-border-bottom:1px;--awb-border-left:1px;--awb-border-style:solid;--awb-width-large:33.333333333333%;--awb-margin-top-large:0px;--awb-spacing-right-large:5.76%;--awb-margin-bottom-large:20px;--awb-spacing-left-large:5.76%;--awb-width-medium:33.333333333333%;--awb-order-medium:0;--awb-spacing-right-medium:5.76%;--awb-spacing-left-medium:5.76%;--awb-width-small:100%;--awb-order-small:0;--awb-spacing-right-small:1.92%;--awb-spacing-left-small:1.92%;\"><div class=\"fusion-column-wrapper fusion-column-has-shadow fusion-flex-justify-content-flex-start fusion-content-layout-column\"><div class=\"fusion-image-element \" style=\"--awb-liftup-border-radius:0px;--awb-margin-top:0px;--awb-margin-right:0px;--awb-margin-left:0px;--awb-caption-title-font-family:var(--h2_typography-font-family);--awb-caption-title-font-weight:var(--h2_typography-font-weight);--awb-caption-title-font-style:var(--h2_typography-font-style);--awb-caption-title-size:var(--h2_typography-font-size);--awb-caption-title-transform:var(--h2_typography-text-transform);--awb-caption-title-line-height:var(--h2_typography-line-height);--awb-caption-title-letter-spacing:var(--h2_typography-letter-spacing);\"><div class=\"awb-image-frame awb-image-frame-6 imageframe-liftup\"><span class=\" fusion-imageframe imageframe-none imageframe-6\"><a class=\"fusion-no-lightbox\" href=\"https:\/\/www.focoinduction.com\/industries\/pipe-tubing-industry\/\" target=\"_blank\" aria-label=\"Induction Heating for Pipe and Tubing Industry\" rel=\"noopener noreferrer\"><img decoding=\"async\" width=\"600\" height=\"229\" alt=\"Ng\u00e0nh c\u00f4ng nghi\u1ec7p \u1ed1ng v\u00e0 \u1ed1ng\" src=\"https:\/\/www.focoinduction.com\/wp-content\/uploads\/2022\/12\/Induction-Heating-for-Pipe-and-Tubing-Industry-600x229.jpg\" class=\"img-responsive wp-image-8985\" srcset=\"https:\/\/www.focoinduction.com\/wp-content\/uploads\/2022\/12\/Induction-Heating-for-Pipe-and-Tubing-Industry-200x76.jpg 200w, https:\/\/www.focoinduction.com\/wp-content\/uploads\/2022\/12\/Induction-Heating-for-Pipe-and-Tubing-Industry-400x152.jpg 400w, https:\/\/www.focoinduction.com\/wp-content\/uploads\/2022\/12\/Induction-Heating-for-Pipe-and-Tubing-Industry-600x229.jpg 600w, https:\/\/www.focoinduction.com\/wp-content\/uploads\/2022\/12\/Induction-Heating-for-Pipe-and-Tubing-Industry-800x305.jpg 800w, https:\/\/www.focoinduction.com\/wp-content\/uploads\/2022\/12\/Induction-Heating-for-Pipe-and-Tubing-Industry.jpg 1050w\" sizes=\"(max-width: 768px) 100vw, 400px\" \/><\/a><\/span><\/div><\/div><div class=\"fusion-text fusion-text-7\" style=\"--awb-margin-top:10px;\"><p style=\"text-align: center;\"><a href=\"https:\/\/www.focoinduction.com\/industries\/pipe-tubing-industry\/\" target=\"_blank\" rel=\"noopener\">Ng\u00e0nh c\u00f4ng nghi\u1ec7p \u1ed1ng v\u00e0 \u1ed1ng<\/a><\/p>\n<\/div><\/div><\/div><div class=\"fusion-layout-column fusion_builder_column fusion-builder-column-7 fusion_builder_column_1_3 1_3 fusion-flex-column\" style=\"--awb-bg-size:cover;--awb-border-color:#e2e2e2;--awb-border-top:1px;--awb-border-right:1px;--awb-border-bottom:1px;--awb-border-left:1px;--awb-border-style:solid;--awb-width-large:33.333333333333%;--awb-margin-top-large:0px;--awb-spacing-right-large:5.76%;--awb-margin-bottom-large:20px;--awb-spacing-left-large:5.76%;--awb-width-medium:33.333333333333%;--awb-order-medium:0;--awb-spacing-right-medium:5.76%;--awb-spacing-left-medium:5.76%;--awb-width-small:100%;--awb-order-small:0;--awb-spacing-right-small:1.92%;--awb-spacing-left-small:1.92%;\"><div class=\"fusion-column-wrapper fusion-column-has-shadow fusion-flex-justify-content-flex-start fusion-content-layout-column\"><div class=\"fusion-image-element \" style=\"--awb-liftup-border-radius:0px;--awb-margin-top:0px;--awb-margin-right:0px;--awb-margin-left:0px;--awb-caption-title-font-family:var(--h2_typography-font-family);--awb-caption-title-font-weight:var(--h2_typography-font-weight);--awb-caption-title-font-style:var(--h2_typography-font-style);--awb-caption-title-size:var(--h2_typography-font-size);--awb-caption-title-transform:var(--h2_typography-text-transform);--awb-caption-title-line-height:var(--h2_typography-line-height);--awb-caption-title-letter-spacing:var(--h2_typography-letter-spacing);\"><div class=\"awb-image-frame awb-image-frame-7 imageframe-liftup\"><span class=\" fusion-imageframe imageframe-none imageframe-7\"><a class=\"fusion-no-lightbox\" href=\"https:\/\/www.focoinduction.com\/industries\/renewable-energy-industry\/\" target=\"_blank\" aria-label=\"Induction Heating for Renewable Energy Industry\" rel=\"noopener noreferrer\"><img decoding=\"async\" width=\"600\" height=\"229\" alt=\"Ng\u00e0nh c\u00f4ng nghi\u1ec7p n\u0103ng l\u01b0\u1ee3ng t\u00e1i t\u1ea1o\" src=\"https:\/\/www.focoinduction.com\/wp-content\/uploads\/2022\/12\/Induction-Heating-for-Renewable-Energy-Industry-600x229.jpg\" class=\"img-responsive wp-image-9056\" srcset=\"https:\/\/www.focoinduction.com\/wp-content\/uploads\/2022\/12\/Induction-Heating-for-Renewable-Energy-Industry-200x76.jpg 200w, https:\/\/www.focoinduction.com\/wp-content\/uploads\/2022\/12\/Induction-Heating-for-Renewable-Energy-Industry-400x152.jpg 400w, https:\/\/www.focoinduction.com\/wp-content\/uploads\/2022\/12\/Induction-Heating-for-Renewable-Energy-Industry-600x229.jpg 600w, https:\/\/www.focoinduction.com\/wp-content\/uploads\/2022\/12\/Induction-Heating-for-Renewable-Energy-Industry-800x305.jpg 800w, https:\/\/www.focoinduction.com\/wp-content\/uploads\/2022\/12\/Induction-Heating-for-Renewable-Energy-Industry.jpg 1050w\" sizes=\"(max-width: 768px) 100vw, 400px\" \/><\/a><\/span><\/div><\/div><div class=\"fusion-text fusion-text-8\" style=\"--awb-margin-top:10px;\"><p style=\"text-align: center;\"><a href=\"https:\/\/www.focoinduction.com\/industries\/renewable-energy-industry\/\" target=\"_blank\" rel=\"noopener\">Ng\u00e0nh c\u00f4ng nghi\u1ec7p n\u0103ng l\u01b0\u1ee3ng t\u00e1i t\u1ea1o<\/a><\/p>\n<\/div><\/div><\/div><\/div><\/div><\/p>\n","protected":false},"excerpt":{"rendered":"","protected":false},"author":1,"featured_media":8850,"parent":0,"menu_order":0,"comment_status":"closed","ping_status":"closed","template":"","meta":{"footnotes":""},"class_list":["post-8848","page","type-page","status-publish","has-post-thumbnail","hentry"],"_links":{"self":[{"href":"https:\/\/www.focoinduction.com\/vi\/wp-json\/wp\/v2\/pages\/8848","targetHints":{"allow":["GET"]}}],"collection":[{"href":"https:\/\/www.focoinduction.com\/vi\/wp-json\/wp\/v2\/pages"}],"about":[{"href":"https:\/\/www.focoinduction.com\/vi\/wp-json\/wp\/v2\/types\/page"}],"author":[{"embeddable":true,"href":"https:\/\/www.focoinduction.com\/vi\/wp-json\/wp\/v2\/users\/1"}],"replies":[{"embeddable":true,"href":"https:\/\/www.focoinduction.com\/vi\/wp-json\/wp\/v2\/comments?post=8848"}],"version-history":[{"count":0,"href":"https:\/\/www.focoinduction.com\/vi\/wp-json\/wp\/v2\/pages\/8848\/revisions"}],"wp:featuredmedia":[{"embeddable":true,"href":"https:\/\/www.focoinduction.com\/vi\/wp-json\/wp\/v2\/media\/8850"}],"wp:attachment":[{"href":"https:\/\/www.focoinduction.com\/vi\/wp-json\/wp\/v2\/media?parent=8848"}],"curies":[{"name":"wp","href":"https:\/\/api.w.org\/{rel}","templated":true}]}}