{"id":8891,"date":"2022-12-05T09:54:29","date_gmt":"2022-12-05T01:54:29","guid":{"rendered":"https:\/\/www.focoinduction.com\/nganh-cong-nghiep\/suoi-am-cam-ung-trong-nganh-thuc-pham-va-do-uong\/"},"modified":"2025-01-02T10:34:05","modified_gmt":"2025-01-02T02:34:05","slug":"suoi-am-cam-ung-trong-nganh-thuc-pham-va-do-uong","status":"publish","type":"page","link":"https:\/\/www.focoinduction.com\/vi\/nganh-cong-nghiep\/suoi-am-cam-ung-trong-nganh-thuc-pham-va-do-uong\/","title":{"rendered":"S\u01b0\u1edfi \u1ea5m c\u1ea3m \u1ee9ng trong ng\u00e0nh th\u1ef1c ph\u1ea9m v\u00e0 \u0111\u1ed3 u\u1ed1ng"},"content":{"rendered":"<p><div class=\"fusion-fullwidth fullwidth-box fusion-builder-row-1 fusion-flex-container has-pattern-background has-mask-background nonhundred-percent-fullwidth non-hundred-percent-height-scrolling\" style=\"--awb-border-radius-top-left:0px;--awb-border-radius-top-right:0px;--awb-border-radius-bottom-right:0px;--awb-border-radius-bottom-left:0px;--awb-flex-wrap:wrap;\" ><div class=\"fusion-builder-row fusion-row fusion-flex-align-items-flex-start fusion-flex-content-wrap\" style=\"max-width:1248px;margin-left: calc(-4% \/ 2 );margin-right: calc(-4% \/ 2 );\"><div class=\"fusion-layout-column fusion_builder_column fusion-builder-column-0 fusion_builder_column_1_1 1_1 fusion-flex-column\" style=\"--awb-bg-size:cover;--awb-width-large:100%;--awb-margin-top-large:0px;--awb-spacing-right-large:1.92%;--awb-margin-bottom-large:20px;--awb-spacing-left-large:1.92%;--awb-width-medium:100%;--awb-order-medium:0;--awb-spacing-right-medium:1.92%;--awb-spacing-left-medium:1.92%;--awb-width-small:100%;--awb-order-small:0;--awb-spacing-right-small:1.92%;--awb-spacing-left-small:1.92%;\"><div class=\"fusion-column-wrapper fusion-column-has-shadow fusion-flex-justify-content-flex-start fusion-content-layout-column\"><div class=\"fusion-text fusion-text-1\"><p>Gia nhi\u1ec7t c\u1ea3m \u1ee9ng \u0111\u01b0\u1ee3c s\u1eed d\u1ee5ng trong ng\u00e0nh th\u1ef1c ph\u1ea9m v\u00e0 \u0111\u1ed3 u\u1ed1ng \u0111\u1ec3 c\u00f3 c\u00f9ng l\u1ef1c, \u0111\u1ed9 ch\u00ednh x\u00e1c v\u00e0 kh\u1ea3 n\u0103ng tinh ch\u1ec9nh khi\u1ebfn n\u00f3 tr\u1edf th\u00e0nh l\u1ef1a ch\u1ecdn \u01b0a th\u00edch trong c\u00e1c ng\u00e0nh c\u00f4ng nghi\u1ec7p n\u1eb7ng. V\u00ed d\u1ee5, b\u1ed9 trao \u0111\u1ed5i nhi\u1ec7t c\u1ea3m \u1ee9ng ng\u0103n ng\u1eeba nhi\u1ec7t \u0111\u1ed9 t\u0103ng cao c\u1ee5c b\u1ed9, \u0111i\u1ec1u n\u00e0y r\u1ea5t c\u1ea7n thi\u1ebft trong vi\u1ec7c ki\u1ec3m so\u00e1t \u0111\u1ed9ng h\u1ecdc ph\u1ea3n \u1ee9ng trong qu\u00e1 tr\u00ecnh ch\u1ebf bi\u1ebfn th\u1ef1c ph\u1ea9m.<\/p>\n<\/div><\/div><\/div><\/div><\/div><div class=\"fusion-fullwidth fullwidth-box fusion-builder-row-2 fusion-flex-container has-pattern-background has-mask-background nonhundred-percent-fullwidth non-hundred-percent-height-scrolling\" style=\"--awb-border-radius-top-left:0px;--awb-border-radius-top-right:0px;--awb-border-radius-bottom-right:0px;--awb-border-radius-bottom-left:0px;--awb-flex-wrap:wrap;\" ><div class=\"fusion-builder-row fusion-row fusion-flex-align-items-flex-start fusion-flex-content-wrap\" style=\"max-width:1248px;margin-left: calc(-4% \/ 2 );margin-right: calc(-4% \/ 2 );\"><div class=\"fusion-layout-column fusion_builder_column fusion-builder-column-1 fusion_builder_column_1_1 1_1 fusion-flex-column\" style=\"--awb-bg-size:cover;--awb-width-large:100%;--awb-margin-top-large:0px;--awb-spacing-right-large:1.92%;--awb-margin-bottom-large:20px;--awb-spacing-left-large:1.92%;--awb-width-medium:100%;--awb-order-medium:0;--awb-spacing-right-medium:1.92%;--awb-spacing-left-medium:1.92%;--awb-width-small:100%;--awb-order-small:0;--awb-spacing-right-small:1.92%;--awb-spacing-left-small:1.92%;\"><div class=\"fusion-column-wrapper fusion-column-has-shadow fusion-flex-justify-content-flex-start fusion-content-layout-column\"><div class=\"fusion-text fusion-text-2\"><h2>S\u01b0\u1edfi \u1ea5m b\u1eb1ng ch\u1ea5t l\u1ecfng s\u1eed d\u1ee5ng c\u1ea3m \u1ee9ng<\/h2>\n<p>B\u1eb1ng c\u00e1ch l\u00e0m n\u00f3ng t\u1eeb trong ra ngo\u00e0i, c\u1ea3m \u1ee9ng l\u00e0 m\u1ed9t ph\u01b0\u01a1ng ph\u00e1p d\u1ec5 d\u00e0ng, ch\u00ednh x\u00e1c th\u01b0\u1eddng \u0111\u01b0\u1ee3c s\u1eed d\u1ee5ng trong ng\u00e0nh th\u1ef1c ph\u1ea9m v\u00e0 \u0111\u1ed3 u\u1ed1ng. L\u00e0m n\u00f3ng d\u1ef1a tr\u00ean ch\u1ea5t l\u1ecfng \u1edf quy m\u00f4 c\u00f4ng nghi\u1ec7p gi\u00fap th\u1ef1c ph\u1ea9m duy tr\u00ec \u0111\u1ed9 \u1ed5n \u0111\u1ecbnh tr\u00ean k\u1ec7 trong nhi\u1ec1u tu\u1ea7n \u0111\u1ebfn nhi\u1ec1u th\u00e1ng, \u0111\u1ea3m b\u1ea3o r\u1eb1ng s\u1ea3n ph\u1ea9m s\u1ebd kh\u00f4ng ph\u00e1t tri\u1ec3n vi khu\u1ea9n v\u00e0 r\u1ea5t quan tr\u1ecdng trong c\u00e1c \u1ee9ng d\u1ee5ng c\u00f4ng nghi\u1ec7p v\u00e0 h\u00f3a ch\u1ea5t kh\u00e1c. Quy tr\u00ecnh n\u00e0y s\u1eed d\u1ee5ng h\u1ec7 th\u1ed1ng s\u01b0\u1edfi \u1ea5m susceptor, bao g\u1ed3m vi\u1ec7c s\u1eed d\u1ee5ng <a href=\"https:\/\/www.focoinduction.com\/vi\/cuon-day-suoi-am-cam-ung-tuy-chinh\/\" target=\"_blank\" rel=\"noopener\">cu\u1ed9n d\u00e2y c\u1ea3m \u1ee9ng<\/a> \u0111\u1ec3 l\u00e0m n\u00f3ng v\u1eadt th\u1ec3 d\u1eabn \u0111i\u1ec7n ti\u1ebfp x\u00fac v\u1edbi th\u1ef1c ph\u1ea9m. L\u00e0m n\u00f3ng ch\u1ea5t l\u1ecfng \u1edf quy m\u00f4 c\u00f4ng nghi\u1ec7p c\u0169ng l\u00e0 m\u1ed9t trong nh\u1eefng l\u0129nh v\u1ef1c ph\u1ee9c t\u1ea1p nh\u1ea5t \u0111\u1ec3 kh\u1eed cacbon, \u0111\u00e2y l\u00e0 m\u1ed9t v\u1ea5n \u0111\u1ec1 \u0111\u00e1ng k\u1ec3. L\u00e0m b\u1ea9n b\u1ec1 m\u1eb7t gia nhi\u1ec7t l\u00e0 m\u1ed9t th\u00e1ch th\u1ee9c to l\u1edbn trong s\u1ea3n xu\u1ea5t th\u1ef1c ph\u1ea9m v\u00e0 \u0111\u1ed3 u\u1ed1ng. \u0110\u00e2y l\u00e0 nguy\u00ean nh\u00e2n ch\u00ednh g\u00e2y ra t\u00ecnh tr\u1ea1ng \u0111\u00f3ng c\u1eeda \u0111\u1ed1i v\u1edbi c\u00e1c s\u1ea3n ph\u1ea9m gi\u00e0u protein nh\u01b0 tr\u1ee9ng l\u1ecfng, s\u1eefa l\u1eafc protein v\u00e0 s\u1eefa s\u00f4 c\u00f4 la. C\u00e1c c\u00f4ng ty \u00e1p d\u1ee5ng h\u1ec7 th\u1ed1ng s\u01b0\u1edfi \u1ea5m c\u1ea3m \u1ee9ng v\u00e0o quy tr\u00ecnh c\u1ee7a m\u00ecnh s\u1ebd linh ho\u1ea1t h\u01a1n v\u1ec1 c\u00e1c ph\u01b0\u01a1ng ph\u00e1p th\u1ef1c ph\u1ea9m b\u1ec1n v\u1eefng v\u00e0 c\u00f3 th\u1ec3 \u0111\u00e1p \u1ee9ng c\u00e1c th\u00e1ch th\u1ee9c trong t\u01b0\u01a1ng lai.<\/p>\n<\/div><\/div><\/div><\/div><\/div><div class=\"fusion-fullwidth fullwidth-box fusion-builder-row-3 fusion-flex-container has-pattern-background has-mask-background nonhundred-percent-fullwidth non-hundred-percent-height-scrolling\" style=\"--awb-border-radius-top-left:0px;--awb-border-radius-top-right:0px;--awb-border-radius-bottom-right:0px;--awb-border-radius-bottom-left:0px;--awb-flex-wrap:wrap;\" ><div class=\"fusion-builder-row fusion-row fusion-flex-align-items-flex-start fusion-flex-content-wrap\" style=\"max-width:1248px;margin-left: calc(-4% \/ 2 );margin-right: calc(-4% \/ 2 );\"><div class=\"fusion-layout-column fusion_builder_column fusion-builder-column-2 fusion_builder_column_1_1 1_1 fusion-flex-column\" style=\"--awb-bg-size:cover;--awb-width-large:100%;--awb-margin-top-large:0px;--awb-spacing-right-large:1.92%;--awb-margin-bottom-large:20px;--awb-spacing-left-large:1.92%;--awb-width-medium:100%;--awb-order-medium:0;--awb-spacing-right-medium:1.92%;--awb-spacing-left-medium:1.92%;--awb-width-small:100%;--awb-order-small:0;--awb-spacing-right-small:1.92%;--awb-spacing-left-small:1.92%;\"><div class=\"fusion-column-wrapper fusion-column-has-shadow fusion-flex-justify-content-flex-start fusion-content-layout-column\"><div class=\"fusion-text fusion-text-3\"><h2>C\u1ea3m \u1ee9ng l\u00e0 m\u00e0u xanh l\u00e1 c\u00e2y<\/h2>\n<p>\u00c1p d\u1ee5ng <a href=\"https:\/\/www.focoinduction.com\/lean-about-induction-heating\/induction-heating\/\" target=\"_blank\" rel=\"noopener\">h\u1ec7 th\u1ed1ng s\u01b0\u1edfi c\u1ea3m \u1ee9ng<\/a> v\u00e0o doanh nghi\u1ec7p c\u1ee7a b\u1ea1n gi\u00fap \u0111\u00e1p \u1ee9ng nh\u1eefng th\u00e1ch th\u1ee9c \u0111\u1ec3 chuy\u1ec3n sang c\u00e1c d\u1ea5u ch\u00e2n nh\u1ecf h\u01a1n, h\u01b0\u1edbng t\u1edbi Ch\u01b0\u01a1ng tr\u00ecnh ngh\u1ecb s\u1ef1 2030 v\u00ec s\u1ef1 ph\u00e1t tri\u1ec3n b\u1ec1n v\u1eefng. Bi\u1ebft r\u1eb1ng c\u00e1c nh\u00e0 s\u1ea3n xu\u1ea5t th\u1ef1c ph\u1ea9m v\u00e0 \u0111\u1ed3 u\u1ed1ng l\u00e0m vi\u1ec7c v\u1edbi h\u1ec7 th\u1ed1ng s\u01b0\u1edfi c\u1ea3m \u1ee9ng c\u00f3 kh\u1ea3 n\u0103ng cao s\u1ebd c\u00f3 c\u00e1c s\u1ea3n ph\u1ea9m c\u00f3 gi\u00e1 tr\u1ecb gia t\u0103ng v\u00e0 t\u00ednh b\u1ec1n v\u1eefng, l\u00e0m vi\u1ec7c v\u1edbi c\u00e1c c\u00f4ng ngh\u1ec7 s\u1ea1ch s\u1ebd g\u00f3p ph\u1ea7n b\u1ea3o v\u1ec7 m\u00f4i tr\u01b0\u1eddng v\u00e0 gi\u1ea3m l\u01b0\u1ee3ng kh\u00ed th\u1ea3i carbon c\u1ee7a ng\u00e0nh c\u00f4ng nghi\u1ec7p th\u1ef1c ph\u1ea9m. H\u1ec7 th\u1ed1ng th\u1ef1c ph\u1ea9m c\u1ea3m \u1ee9ng gi\u00fap c\u00e1c nh\u00e0 s\u1ea3n xu\u1ea5t th\u1ef1c ph\u1ea9m v\u00e0 \u0111\u1ed3 u\u1ed1ng t\u0103ng hi\u1ec7u qu\u1ea3 v\u00e0 s\u1ea3n l\u01b0\u1ee3ng b\u1eb1ng c\u00e1ch s\u1eed d\u1ee5ng thi\u1ebft b\u1ecb s\u01b0\u1edfi \u1ea5m ch\u00ednh x\u00e1c theo y\u00eau c\u1ea7u. N\u00f3 c\u0169ng \u0111\u00e3 t\u00ecm th\u1ea5y c\u00e1c \u1ee9ng d\u1ee5ng b\u00ean ngo\u00e0i ng\u00e0nh c\u00f4ng nghi\u1ec7p th\u1ef1c ph\u1ea9m, bao g\u1ed3m c\u00e1c nh\u00e0 s\u1ea3n xu\u1ea5t h\u00f3a ch\u1ea5t \u0111\u1eb7c bi\u1ec7t ph\u1ea3i l\u00e0m n\u00f3ng c\u00e1c s\u1ea3n ph\u1ea9m kh\u00f3 l\u00e0m n\u00f3ng.<\/p>\n<\/div><\/div><\/div><\/div><\/div><div class=\"fusion-fullwidth fullwidth-box fusion-builder-row-4 fusion-flex-container has-pattern-background has-mask-background nonhundred-percent-fullwidth non-hundred-percent-height-scrolling\" style=\"--awb-border-radius-top-left:0px;--awb-border-radius-top-right:0px;--awb-border-radius-bottom-right:0px;--awb-border-radius-bottom-left:0px;--awb-flex-wrap:wrap;\" ><div class=\"fusion-builder-row fusion-row fusion-flex-align-items-flex-start fusion-flex-content-wrap\" style=\"max-width:1248px;margin-left: calc(-4% \/ 2 );margin-right: calc(-4% \/ 2 );\"><div class=\"fusion-layout-column fusion_builder_column fusion-builder-column-3 fusion_builder_column_1_1 1_1 fusion-flex-column\" style=\"--awb-bg-size:cover;--awb-width-large:100%;--awb-margin-top-large:0px;--awb-spacing-right-large:1.92%;--awb-margin-bottom-large:20px;--awb-spacing-left-large:1.92%;--awb-width-medium:100%;--awb-order-medium:0;--awb-spacing-right-medium:1.92%;--awb-spacing-left-medium:1.92%;--awb-width-small:100%;--awb-order-small:0;--awb-spacing-right-small:1.92%;--awb-spacing-left-small:1.92%;\"><div class=\"fusion-column-wrapper fusion-column-has-shadow fusion-flex-justify-content-flex-start fusion-content-layout-column\"><div class=\"fusion-text fusion-text-4\"><h2>\u1ee8ng d\u1ee5ng gia nhi\u1ec7t c\u1ea3m \u1ee9ng trong ng\u00e0nh th\u1ef1c ph\u1ea9m<\/h2>\n<p><strong>Nhi\u1ec7t c\u1ea3m \u1ee9ng:<\/strong> Ch\u1ebf bi\u1ebfn th\u1ef1c ph\u1ea9m, Ti\u1ec7t tr\u00f9ng th\u1ef1c ph\u1ea9m, L\u00e0m bay h\u01a1i th\u1ef1c ph\u1ea9m, Kh\u1eed n\u01b0\u1edbc, R\u00e3 \u0111\u00f4ng, M\u00f4 ph\u1ecfng s\u1ea5y \u0111\u00f4ng l\u1ea1nh, N\u1ea5u th\u1ef1c ph\u1ea9m, Thanh tr\u00f9ng, Ni\u00eam phong k\u00edn ch\u1ed1ng gi\u1ea3 m\u1ea1o, Ni\u00eam phong n\u1eafp, Ni\u00eam phong g\u00f3i, L\u00e0m n\u00f3ng d\u1ea7u \u0103n, Ki\u1ec3m so\u00e1t nhi\u1ec7t \u0111\u1ed9 \u0111\u1ed3ng \u0111\u1ec1u, Ni\u00eam phong n\u00fat chai, Rang<\/p>\n<\/div><\/div><\/div><\/div><\/div><div class=\"fusion-fullwidth fullwidth-box fusion-builder-row-5 fusion-flex-container has-pattern-background has-mask-background nonhundred-percent-fullwidth non-hundred-percent-height-scrolling\" style=\"--awb-border-radius-top-left:0px;--awb-border-radius-top-right:0px;--awb-border-radius-bottom-right:0px;--awb-border-radius-bottom-left:0px;--awb-background-color:#ffffff;--awb-flex-wrap:wrap;\" ><div class=\"fusion-builder-row fusion-row fusion-flex-align-items-flex-start fusion-flex-content-wrap\" style=\"max-width:1248px;margin-left: calc(-4% \/ 2 );margin-right: calc(-4% \/ 2 );\"><div class=\"fusion-layout-column fusion_builder_column fusion-builder-column-4 fusion_builder_column_1_1 1_1 fusion-flex-column\" style=\"--awb-bg-size:cover;--awb-border-color:#e2e2e2;--awb-border-top:1px;--awb-border-style:solid;--awb-width-large:100%;--awb-margin-top-large:0px;--awb-spacing-right-large:1.92%;--awb-margin-bottom-large:20px;--awb-spacing-left-large:1.92%;--awb-width-medium:100%;--awb-order-medium:0;--awb-spacing-right-medium:1.92%;--awb-spacing-left-medium:1.92%;--awb-width-small:100%;--awb-order-small:0;--awb-spacing-right-small:1.92%;--awb-spacing-left-small:1.92%;\"><div class=\"fusion-column-wrapper fusion-column-has-shadow fusion-flex-justify-content-flex-start fusion-content-layout-column\"><div class=\"fusion-text fusion-text-5\" style=\"--awb-text-transform:none;\"><h3>S\u1ea3n ph\u1ea9m li\u00ean quan<\/h3>\n<\/div><\/div><\/div><div class=\"fusion-layout-column fusion_builder_column fusion-builder-column-5 fusion_builder_column_1_3 1_3 fusion-flex-column fusion-flex-align-self-center\" style=\"--awb-bg-size:cover;--awb-width-large:33.333333333333%;--awb-margin-top-large:0px;--awb-spacing-right-large:5.76%;--awb-margin-bottom-large:20px;--awb-spacing-left-large:5.76%;--awb-width-medium:33.333333333333%;--awb-order-medium:0;--awb-spacing-right-medium:5.76%;--awb-spacing-left-medium:5.76%;--awb-width-small:100%;--awb-order-small:0;--awb-spacing-right-small:1.92%;--awb-spacing-left-small:1.92%;\"><div class=\"fusion-column-wrapper fusion-column-has-shadow fusion-flex-justify-content-flex-start fusion-content-layout-column\"><div class=\"fusion-image-element \" style=\"text-align:center;--awb-liftup-border-radius:0px;--awb-caption-title-color:#8bc34a;--awb-caption-margin-top:20px;--awb-caption-margin-bottom:20px;--awb-caption-title-font-family:var(--h4_typography-font-family);--awb-caption-title-font-weight:var(--h4_typography-font-weight);--awb-caption-title-font-style:var(--h4_typography-font-style);--awb-caption-title-size:18px;--awb-caption-title-transform:var(--h4_typography-text-transform);--awb-caption-title-line-height:var(--h4_typography-line-height);--awb-caption-title-letter-spacing:var(--h4_typography-letter-spacing);\"><div class=\"awb-image-frame awb-image-frame-1 imageframe-liftup\"><span class=\" fusion-imageframe imageframe-none imageframe-1\" style=\"border:1px solid #000000;\"><a class=\"fusion-no-lightbox\" href=\"https:\/\/www.focoinduction.com\/induction-heating-equipment\/induction-heating-machine\/high-frequency-induction-heating-machine\/\" target=\"_blank\" aria-label=\"High frequency induction heating machine\" rel=\"noopener noreferrer\"><img decoding=\"async\" width=\"380\" height=\"280\" alt=\"M\u00e1y gia nhi\u1ec7t c\u1ea3m \u1ee9ng t\u1ea7n s\u1ed1 cao\" src=\"https:\/\/www.focoinduction.com\/wp-content\/uploads\/2021\/12\/High-frequency-induction-heating-machine.jpg\" class=\"img-responsive wp-image-10493\" srcset=\"https:\/\/www.focoinduction.com\/wp-content\/uploads\/2021\/12\/High-frequency-induction-heating-machine-200x147.jpg 200w, https:\/\/www.focoinduction.com\/wp-content\/uploads\/2021\/12\/High-frequency-induction-heating-machine.jpg 380w\" sizes=\"(max-width: 768px) 100vw, 380px\" \/><\/a><\/span><\/div><\/div><div class=\"fusion-text fusion-text-6\" style=\"--awb-text-transform:none;--awb-margin-top:10px;\"><p style=\"text-align: center;\"><a href=\"https:\/\/www.focoinduction.com\/induction-heating-equipment\/induction-heating-machine\/high-frequency-induction-heating-machine\/\" target=\"_blank\" rel=\"noopener\">M\u00e1y gia nhi\u1ec7t c\u1ea3m \u1ee9ng t\u1ea7n s\u1ed1 cao<\/a><\/p>\n<\/div><\/div><\/div><div class=\"fusion-layout-column fusion_builder_column fusion-builder-column-6 fusion_builder_column_1_3 1_3 fusion-flex-column fusion-flex-align-self-center\" style=\"--awb-bg-size:cover;--awb-width-large:33.333333333333%;--awb-margin-top-large:0px;--awb-spacing-right-large:5.76%;--awb-margin-bottom-large:20px;--awb-spacing-left-large:5.76%;--awb-width-medium:33.333333333333%;--awb-order-medium:0;--awb-spacing-right-medium:5.76%;--awb-spacing-left-medium:5.76%;--awb-width-small:100%;--awb-order-small:0;--awb-spacing-right-small:1.92%;--awb-spacing-left-small:1.92%;\"><div class=\"fusion-column-wrapper fusion-column-has-shadow fusion-flex-justify-content-flex-start fusion-content-layout-column\"><div class=\"fusion-image-element \" style=\"text-align:center;--awb-liftup-border-radius:0px;--awb-caption-title-color:#8bc34a;--awb-caption-margin-top:20px;--awb-caption-margin-bottom:20px;--awb-caption-title-font-family:var(--h4_typography-font-family);--awb-caption-title-font-weight:var(--h4_typography-font-weight);--awb-caption-title-font-style:var(--h4_typography-font-style);--awb-caption-title-size:18px;--awb-caption-title-transform:var(--h4_typography-text-transform);--awb-caption-title-line-height:var(--h4_typography-line-height);--awb-caption-title-letter-spacing:var(--h4_typography-letter-spacing);\"><div class=\"awb-image-frame awb-image-frame-2 imageframe-liftup\"><span class=\" fusion-imageframe imageframe-none imageframe-2\" style=\"border:1px solid #000000;\"><a class=\"fusion-no-lightbox\" href=\"https:\/\/www.focoinduction.com\/induction-heating-equipment\/induction-heating-machine\/medium-frequency-induction-heating-machine\/\" target=\"_blank\" aria-label=\"Medium frequency induction heating machine\" rel=\"noopener noreferrer\"><img decoding=\"async\" width=\"380\" height=\"280\" alt=\"M\u00e1y gia nhi\u1ec7t c\u1ea3m \u1ee9ng t\u1ea7n s\u1ed1 trung b\u00ecnh\" src=\"https:\/\/www.focoinduction.com\/wp-content\/uploads\/2021\/12\/Medium-frequency-induction-heating-machine.jpg\" class=\"img-responsive wp-image-14779\" srcset=\"https:\/\/www.focoinduction.com\/wp-content\/uploads\/2021\/12\/Medium-frequency-induction-heating-machine-200x147.jpg 200w, https:\/\/www.focoinduction.com\/wp-content\/uploads\/2021\/12\/Medium-frequency-induction-heating-machine.jpg 380w\" sizes=\"(max-width: 768px) 100vw, 380px\" \/><\/a><\/span><\/div><\/div><div class=\"fusion-text fusion-text-7\" style=\"--awb-text-transform:none;--awb-margin-top:10px;\"><p style=\"text-align: center;\"><a href=\"https:\/\/www.focoinduction.com\/induction-heating-equipment\/induction-heating-machine\/medium-frequency-induction-heating-machine\/\" target=\"_blank\" rel=\"noopener\">M\u00e1y gia nhi\u1ec7t c\u1ea3m \u1ee9ng t\u1ea7n s\u1ed1 trung b\u00ecnh<\/a><\/p>\n<\/div><\/div><\/div><div class=\"fusion-layout-column fusion_builder_column fusion-builder-column-7 fusion_builder_column_1_3 1_3 fusion-flex-column fusion-flex-align-self-center\" style=\"--awb-bg-size:cover;--awb-width-large:33.333333333333%;--awb-margin-top-large:0px;--awb-spacing-right-large:5.76%;--awb-margin-bottom-large:20px;--awb-spacing-left-large:5.76%;--awb-width-medium:33.333333333333%;--awb-order-medium:0;--awb-spacing-right-medium:5.76%;--awb-spacing-left-medium:5.76%;--awb-width-small:100%;--awb-order-small:0;--awb-spacing-right-small:1.92%;--awb-spacing-left-small:1.92%;\"><div class=\"fusion-column-wrapper fusion-column-has-shadow fusion-flex-justify-content-flex-start fusion-content-layout-column\"><div class=\"fusion-image-element \" style=\"text-align:center;--awb-liftup-border-radius:0px;--awb-caption-title-color:#8bc34a;--awb-caption-margin-top:20px;--awb-caption-margin-bottom:20px;--awb-caption-title-font-family:var(--h4_typography-font-family);--awb-caption-title-font-weight:var(--h4_typography-font-weight);--awb-caption-title-font-style:var(--h4_typography-font-style);--awb-caption-title-size:18px;--awb-caption-title-transform:var(--h4_typography-text-transform);--awb-caption-title-line-height:var(--h4_typography-line-height);--awb-caption-title-letter-spacing:var(--h4_typography-letter-spacing);\"><div class=\"awb-image-frame awb-image-frame-3 imageframe-liftup\"><span class=\" fusion-imageframe imageframe-none imageframe-3\" style=\"border:1px solid #000000;\"><a class=\"fusion-no-lightbox\" href=\"https:\/\/www.focoinduction.com\/induction-heating-equipment\/induction-heating-machine\/ultra-high-frequency-induction-heating-machine\/\" target=\"_blank\" aria-label=\"Ultra High Frequency Induction Heating Machine\" rel=\"noopener noreferrer\"><img decoding=\"async\" width=\"380\" height=\"280\" alt=\"M\u00e1y gia nhi\u1ec7t c\u1ea3m \u1ee9ng t\u1ea7n s\u1ed1 c\u1ef1c cao\" src=\"https:\/\/www.focoinduction.com\/wp-content\/uploads\/2021\/12\/Ultra-High-Frequency-Induction-Heating-Machine.jpg\" class=\"img-responsive wp-image-10614\" srcset=\"https:\/\/www.focoinduction.com\/wp-content\/uploads\/2021\/12\/Ultra-High-Frequency-Induction-Heating-Machine-200x147.jpg 200w, https:\/\/www.focoinduction.com\/wp-content\/uploads\/2021\/12\/Ultra-High-Frequency-Induction-Heating-Machine.jpg 380w\" sizes=\"(max-width: 768px) 100vw, 380px\" \/><\/a><\/span><\/div><\/div><div class=\"fusion-text fusion-text-8\" style=\"--awb-text-transform:none;--awb-margin-top:10px;\"><p style=\"text-align: center;\"><a href=\"https:\/\/www.focoinduction.com\/induction-heating-equipment\/induction-heating-machine\/ultra-high-frequency-induction-heating-machine\/\" target=\"_blank\" rel=\"noopener\">M\u00e1y gia nhi\u1ec7t c\u1ea3m \u1ee9ng t\u1ea7n s\u1ed1 c\u1ef1c cao<\/a><\/p>\n<\/div><\/div><\/div><div class=\"fusion-layout-column fusion_builder_column fusion-builder-column-8 fusion_builder_column_1_3 1_3 fusion-flex-column fusion-flex-align-self-center\" style=\"--awb-bg-size:cover;--awb-width-large:33.333333333333%;--awb-margin-top-large:0px;--awb-spacing-right-large:5.76%;--awb-margin-bottom-large:20px;--awb-spacing-left-large:5.76%;--awb-width-medium:33.333333333333%;--awb-order-medium:0;--awb-spacing-right-medium:5.76%;--awb-spacing-left-medium:5.76%;--awb-width-small:100%;--awb-order-small:0;--awb-spacing-right-small:1.92%;--awb-spacing-left-small:1.92%;\"><div class=\"fusion-column-wrapper fusion-column-has-shadow fusion-flex-justify-content-flex-start fusion-content-layout-column\"><div class=\"fusion-image-element \" style=\"text-align:center;--awb-liftup-border-radius:0px;--awb-caption-title-color:#8bc34a;--awb-caption-margin-top:20px;--awb-caption-margin-bottom:20px;--awb-caption-title-font-family:var(--h4_typography-font-family);--awb-caption-title-font-weight:var(--h4_typography-font-weight);--awb-caption-title-font-style:var(--h4_typography-font-style);--awb-caption-title-size:18px;--awb-caption-title-transform:var(--h4_typography-text-transform);--awb-caption-title-line-height:var(--h4_typography-line-height);--awb-caption-title-letter-spacing:var(--h4_typography-letter-spacing);\"><div class=\"awb-image-frame awb-image-frame-4 imageframe-liftup\"><span class=\" fusion-imageframe imageframe-none imageframe-4\" style=\"border:1px solid #000000;\"><a class=\"fusion-no-lightbox\" href=\"https:\/\/www.focoinduction.com\/induction-heating-equipment\/induction-heating-machine\/super-audio-frequency-induction-heating-machine\/\" target=\"_blank\" aria-label=\"Super audio induction heating machine\" rel=\"noopener noreferrer\"><img decoding=\"async\" width=\"380\" height=\"280\" alt=\"M\u00e1y gia nhi\u1ec7t c\u1ea3m \u1ee9ng t\u1ea7n s\u1ed1 \u00e2m thanh si\u00eau m\u1ea1nh\" src=\"https:\/\/www.focoinduction.com\/wp-content\/uploads\/2021\/12\/Super-audio-induction-heating-machine.jpg\" class=\"img-responsive wp-image-10642\" srcset=\"https:\/\/www.focoinduction.com\/wp-content\/uploads\/2021\/12\/Super-audio-induction-heating-machine-200x147.jpg 200w, https:\/\/www.focoinduction.com\/wp-content\/uploads\/2021\/12\/Super-audio-induction-heating-machine.jpg 380w\" sizes=\"(max-width: 768px) 100vw, 380px\" \/><\/a><\/span><\/div><\/div><div class=\"fusion-text fusion-text-9\" style=\"--awb-text-transform:none;--awb-margin-top:10px;\"><p style=\"text-align: center;\"><a href=\"https:\/\/www.focoinduction.com\/induction-heating-equipment\/induction-heating-machine\/super-audio-frequency-induction-heating-machine\/\" target=\"_blank\" rel=\"noopener\">M\u00e1y gia nhi\u1ec7t c\u1ea3m \u1ee9ng t\u1ea7n s\u1ed1 \u00e2m thanh si\u00eau cao<\/a><\/p>\n<\/div><\/div><\/div><\/div><\/div><\/p>\n","protected":false},"excerpt":{"rendered":"","protected":false},"author":1,"featured_media":8892,"parent":8848,"menu_order":0,"comment_status":"closed","ping_status":"closed","template":"","meta":{"footnotes":""},"class_list":["post-8891","page","type-page","status-publish","has-post-thumbnail","hentry"],"_links":{"self":[{"href":"https:\/\/www.focoinduction.com\/vi\/wp-json\/wp\/v2\/pages\/8891","targetHints":{"allow":["GET"]}}],"collection":[{"href":"https:\/\/www.focoinduction.com\/vi\/wp-json\/wp\/v2\/pages"}],"about":[{"href":"https:\/\/www.focoinduction.com\/vi\/wp-json\/wp\/v2\/types\/page"}],"author":[{"embeddable":true,"href":"https:\/\/www.focoinduction.com\/vi\/wp-json\/wp\/v2\/users\/1"}],"replies":[{"embeddable":true,"href":"https:\/\/www.focoinduction.com\/vi\/wp-json\/wp\/v2\/comments?post=8891"}],"version-history":[{"count":0,"href":"https:\/\/www.focoinduction.com\/vi\/wp-json\/wp\/v2\/pages\/8891\/revisions"}],"up":[{"embeddable":true,"href":"https:\/\/www.focoinduction.com\/vi\/wp-json\/wp\/v2\/pages\/8848"}],"wp:featuredmedia":[{"embeddable":true,"href":"https:\/\/www.focoinduction.com\/vi\/wp-json\/wp\/v2\/media\/8892"}],"wp:attachment":[{"href":"https:\/\/www.focoinduction.com\/vi\/wp-json\/wp\/v2\/media?parent=8891"}],"curies":[{"name":"wp","href":"https:\/\/api.w.org\/{rel}","templated":true}]}}