{"id":9041,"date":"2023-02-08T14:26:20","date_gmt":"2023-02-08T06:26:20","guid":{"rendered":"https:\/\/www.focoinduction.com\/toi-luyen-cam-ung-la-gi\/"},"modified":"2025-01-02T10:37:08","modified_gmt":"2025-01-02T02:37:08","slug":"toi-luyen-cam-ung-la-gi","status":"publish","type":"page","link":"https:\/\/www.focoinduction.com\/vi\/tim-hieu-ve-he-thong-suoi-am-cam-ung\/toi-luyen-cam-ung-la-gi\/","title":{"rendered":"T\u00f4i luy\u1ec7n c\u1ea3m \u1ee9ng l\u00e0 g\u00ec"},"content":{"rendered":"<div class=\"fusion-fullwidth fullwidth-box fusion-builder-row-1 fusion-flex-container has-pattern-background has-mask-background nonhundred-percent-fullwidth non-hundred-percent-height-scrolling\" style=\"--awb-border-radius-top-left:0px;--awb-border-radius-top-right:0px;--awb-border-radius-bottom-right:0px;--awb-border-radius-bottom-left:0px;--awb-flex-wrap:wrap;\" ><div class=\"fusion-builder-row fusion-row fusion-flex-align-items-flex-start fusion-flex-content-wrap\" style=\"max-width:1248px;margin-left: calc(-4% \/ 2 );margin-right: calc(-4% \/ 2 );\"><div class=\"fusion-layout-column fusion_builder_column fusion-builder-column-0 fusion_builder_column_1_1 1_1 fusion-flex-column\" style=\"--awb-bg-size:cover;--awb-width-large:100%;--awb-margin-top-large:0px;--awb-spacing-right-large:1.92%;--awb-margin-bottom-large:20px;--awb-spacing-left-large:1.92%;--awb-width-medium:100%;--awb-order-medium:0;--awb-spacing-right-medium:1.92%;--awb-spacing-left-medium:1.92%;--awb-width-small:100%;--awb-order-small:0;--awb-spacing-right-small:1.92%;--awb-spacing-left-small:1.92%;\"><div class=\"fusion-column-wrapper fusion-column-has-shadow fusion-flex-justify-content-flex-start fusion-content-layout-column\"><div class=\"fusion-text fusion-text-1\"><p>T\u00f4i luy\u1ec7n c\u1ea3m \u1ee9ng l\u00e0 m\u1ed9t qu\u00e1 tr\u00ecnh x\u1eed l\u00fd nhi\u1ec7t th\u01b0\u1eddng \u0111\u01b0\u1ee3c th\u1ef1c hi\u1ec7n sau qu\u00e1 tr\u00ecnh t\u00f4i luy\u1ec7n c\u1ea3m \u1ee9ng, th\u1ea5m cacbon trong kh\u00ed quy\u1ec3n ho\u1eb7c th\u1ea5m cacbonit, \u0111\u1ec3 \u0111\u1ea1t \u0111\u01b0\u1ee3c \u0111\u1ed9 d\u1ebbo, t\u1ef7 l\u1ec7 \u0111\u1ed9 c\u1ee9ng\/\u0111\u1ed9 c\u1ee9ng mong mu\u1ed1n. \u0110\u1ec3 \u0111\u1ea1t \u0111\u01b0\u1ee3c ph\u1ea1m vi \u0111\u1ed9 c\u1ee9ng mong mu\u1ed1n ho\u1eb7c \u0111\u1ec3 t\u0103ng \u0111\u1ed9 c\u1ee9ng cho m\u1ed9t b\u1ed9 ph\u1eadn trong khi t\u0103ng kh\u1ea3 n\u0103ng u\u1ed1n. Th\u00e9p t\u00f4i luy\u1ec7n c\u1ea3m \u1ee9ng th\u01b0\u1eddng \u0111\u01b0\u1ee3c th\u1ef1c hi\u1ec7n trong l\u00f2 c\u00f3 th\u1ec3 c\u00f3 t\u00f9y ch\u1ecdn kh\u00ed b\u1ea3o v\u1ec7. Kh\u00ed b\u1ea3o v\u1ec7 s\u1ebd gi\u1eef cho b\u1ec1 m\u1eb7t kh\u00f4ng b\u1ecb oxy h\u00f3a trong su\u1ed1t qu\u00e1 tr\u00ecnh v\u00e0 ch\u1ee7 y\u1ebfu \u0111\u01b0\u1ee3c s\u1eed d\u1ee5ng \u1edf nhi\u1ec7t \u0111\u1ed9 cao h\u01a1n. T\u1ea7n s\u1ed1 th\u1ea5p h\u01a1n \u0111\u1ea1t \u0111\u01b0\u1ee3c k\u1ebft qu\u1ea3 trong v\u00f2ng v\u00e0i gi\u00e2y, tr\u00e1i ng\u01b0\u1ee3c v\u1edbi c\u00e1c \u1ee9ng d\u1ee5ng t\u00f4i luy\u1ec7n trong l\u00f2 th\u01b0\u1eddng m\u1ea5t nhi\u1ec1u gi\u1edd. \u0110\u1ed1i v\u1edbi m\u1ed9t s\u1ed1 lo\u1ea1i th\u00e9p nh\u1ea5t \u0111\u1ecbnh, th\u1eddi gian gi\u1eef \u1edf nhi\u1ec7t \u0111\u1ed9 t\u00f4i luy\u1ec7n r\u1ea5t quan tr\u1ecdng; th\u1eddi gian gi\u1eef k\u00e9o d\u00e0i s\u1ebd ph\u00f9 h\u1ee3p \u1edf nhi\u1ec7t \u0111\u1ed9 cao h\u01a1n. T\u00f9y thu\u1ed9c v\u00e0o lo\u1ea1i th\u00e9p \u0111\u01b0\u1ee3c s\u1eed d\u1ee5ng, c\u00f3 m\u1ed9t hi\u1ec7n t\u01b0\u1ee3ng \u0111\u01b0\u1ee3c g\u1ecdi l\u00e0 b\u0103ng gi\u00e1 t\u00f4i luy\u1ec7n c\u00f3 th\u1ec3 ph\u00e1t sinh \u1edf c\u00e1c ph\u1ea1m vi nhi\u1ec7t \u0111\u1ed9 c\u1ee5 th\u1ec3. T\u00f4i luy\u1ec7n trong c\u00e1c kho\u1ea3ng nhi\u1ec7t \u0111\u1ed9 n\u00e0y th\u01b0\u1eddng n\u00ean tr\u00e1nh. Nh\u1eefng khu v\u1ef1c n\u00e0y \u0111\u01b0\u1ee3c hi\u1ec3n th\u1ecb trong danh m\u1ee5c th\u00e9p c\u1ee7a nh\u00e0 cung c\u1ea5p th\u00e9p, c\u00f9ng v\u1edbi nhi\u1ec7t \u0111\u1ed9 ph\u00f9 h\u1ee3p nh\u1ea5t c\u1ee7a ch\u00fang. T\u00f9y thu\u1ed9c v\u00e0o y\u00eau c\u1ea7u v\u1ec1 \u0111\u1ed9 c\u1ee9ng, t\u00f4i luy\u1ec7n c\u1ea3m \u1ee9ng c\u00f3 th\u1ec3 \u0111\u01b0\u1ee3c th\u1ef1c hi\u1ec7n tr\u00ean t\u1ea5t c\u1ea3 c\u00e1c th\u00e0nh ph\u1ea7n, ch\u1eb3ng h\u1ea1n nh\u01b0 thanh, m\u1ed1i n\u1ed1i v\u00e0 tr\u1ee5c. Qu\u00e1 tr\u00ecnh t\u00f4i luy\u1ec7n gi\u00fap c\u1ea3i thi\u1ec7n c\u1ea3 <a href=\"https:\/\/www.focoinduction.com\/what-is-the-hardness-of-the-induction-hardened-steel-parts\/\" target=\"_blank\" rel=\"noopener\">\u0111\u1ed9 c\u1ee9ng<\/a> v\u00e0 kh\u1ea3 n\u0103ng ch\u1ed1ng m\u00e0i m\u00f2n c\u1ee7a v\u1eadt li\u1ec7u.<\/p>\n<\/div><\/div><\/div><div class=\"fusion-layout-column fusion_builder_column fusion-builder-column-1 fusion_builder_column_1_1 1_1 fusion-flex-column\" style=\"--awb-bg-size:cover;--awb-width-large:100%;--awb-margin-top-large:0px;--awb-spacing-right-large:1.92%;--awb-margin-bottom-large:20px;--awb-spacing-left-large:1.92%;--awb-width-medium:100%;--awb-order-medium:0;--awb-spacing-right-medium:1.92%;--awb-spacing-left-medium:1.92%;--awb-width-small:100%;--awb-order-small:0;--awb-spacing-right-small:1.92%;--awb-spacing-left-small:1.92%;\"><div class=\"fusion-column-wrapper fusion-column-has-shadow fusion-flex-justify-content-flex-start fusion-content-layout-column\"><div class=\"fusion-text fusion-text-2\"><h2>T\u00f4i luy\u1ec7n c\u1ea3m \u1ee9ng trong c\u00f4ng nghi\u1ec7p<\/h2>\n<p>T\u00f4i luy\u1ec7n c\u1ea3m \u1ee9ng \u0111\u01b0\u1ee3c s\u1eed d\u1ee5ng \u1edf \u0111\u00e2u? L\u00e0m c\u1ee9ng th\u00e9p v\u00e0 gang l\u00e0 \u1ee9ng d\u1ee5ng ph\u1ed5 bi\u1ebfn nh\u1ea5t c\u1ee7a x\u1eed l\u00fd nhi\u1ec7t c\u1ea3m \u1ee9ng. T\u00f4i luy\u1ec7n c\u1ea3m \u1ee9ng \u0111\u01b0\u1ee3c s\u1eed d\u1ee5ng r\u1ed9ng r\u00e3i trong ng\u00e0nh c\u00f4ng nghi\u1ec7p \u00f4 t\u00f4 \u0111\u1ec3 t\u00f4i luy\u1ec7n c\u00e1c th\u00e0nh ph\u1ea7n \u0111\u01b0\u1ee3c t\u00f4i luy\u1ec7n b\u1ec1 m\u1eb7t nh\u01b0 tr\u1ee5c, thanh v\u00e0 m\u1ed1i n\u1ed1i. C\u00e1c ng\u00e0nh c\u00f4ng nghi\u1ec7p \u1ed1ng v\u00e0 \u0111\u01b0\u1eddng \u1ed1ng c\u0169ng s\u1eed d\u1ee5ng quy tr\u00ecnh n\u00e0y \u0111\u1ec3 t\u00f4i luy\u1ec7n c\u00e1c ph\u00f4i. \u0110\u00e2y c\u0169ng l\u00e0 m\u1ed9t d\u1ea1ng t\u00f4i luy\u1ec7n v\u1ecf, c\u00f3 th\u1ec3 \u0111\u01b0\u1ee3c s\u1eed d\u1ee5ng tr\u00ean nhi\u1ec1u t\u1ea5m th\u00e9p v\u00e0 h\u1ee3p kim th\u00e9p \u0111\u1ec3 t\u0103ng c\u00e1c \u0111\u1eb7c t\u00ednh c\u1ee7a l\u1edbp b\u1ec1 m\u1eb7t, ch\u1eb3ng h\u1ea1n nh\u01b0 kh\u1ea3 n\u0103ng ch\u1ed1ng m\u00e0i m\u00f2n v\u00e0 \u0111\u1ed9 c\u1ee9ng. C\u00e1c \u1ee9ng d\u1ee5ng kh\u00e1c trong ng\u00e0nh bao g\u1ed3m: <\/p>\n<ul>\n<li>M\u00e1y k\u00e9o v\u00e0 m\u00e1y m\u00f3c x\u00e2y d\u1ef1ng<\/li>\n<li>Ng\u00e0nh c\u00f4ng nghi\u1ec7p s\u1ea3n xu\u1ea5t m\u00e1y c\u00f4ng c\u1ee5<\/li>\n<li>M\u00e1y m\u00f3c h\u1ea1ng n\u1eb7ng<\/li>\n<li>Ng\u00e0nh c\u00f4ng nghi\u1ec7p v\u00f2ng bi<\/li>\n<li>\u0110\u01b0\u1eddng s\u1eaft<\/li>\n<li>V\u1eadn t\u1ea3i<\/li>\n<li>Gi\u00e0n khoan d\u1ea7u<\/li>\n<li>M\u00e1y m\u00f3c luy\u1ec7n kim<\/li>\n<\/ul>\n<\/div><\/div><\/div><\/div><\/div>\n","protected":false},"excerpt":{"rendered":"","protected":false},"author":1,"featured_media":9042,"parent":9271,"menu_order":0,"comment_status":"closed","ping_status":"closed","template":"","meta":{"footnotes":""},"class_list":["post-9041","page","type-page","status-publish","has-post-thumbnail","hentry"],"_links":{"self":[{"href":"https:\/\/www.focoinduction.com\/vi\/wp-json\/wp\/v2\/pages\/9041","targetHints":{"allow":["GET"]}}],"collection":[{"href":"https:\/\/www.focoinduction.com\/vi\/wp-json\/wp\/v2\/pages"}],"about":[{"href":"https:\/\/www.focoinduction.com\/vi\/wp-json\/wp\/v2\/types\/page"}],"author":[{"embeddable":true,"href":"https:\/\/www.focoinduction.com\/vi\/wp-json\/wp\/v2\/users\/1"}],"replies":[{"embeddable":true,"href":"https:\/\/www.focoinduction.com\/vi\/wp-json\/wp\/v2\/comments?post=9041"}],"version-history":[{"count":0,"href":"https:\/\/www.focoinduction.com\/vi\/wp-json\/wp\/v2\/pages\/9041\/revisions"}],"up":[{"embeddable":true,"href":"https:\/\/www.focoinduction.com\/vi\/wp-json\/wp\/v2\/pages\/9271"}],"wp:featuredmedia":[{"embeddable":true,"href":"https:\/\/www.focoinduction.com\/vi\/wp-json\/wp\/v2\/media\/9042"}],"wp:attachment":[{"href":"https:\/\/www.focoinduction.com\/vi\/wp-json\/wp\/v2\/media?parent=9041"}],"curies":[{"name":"wp","href":"https:\/\/api.w.org\/{rel}","templated":true}]}}