{"id":9174,"date":"2024-12-27T16:10:15","date_gmt":"2024-12-27T08:10:15","guid":{"rendered":"https:\/\/www.focoinduction.com\/tam-dong-han-cam-ung\/"},"modified":"2025-01-02T10:51:06","modified_gmt":"2025-01-02T02:51:06","slug":"tam-dong-han-cam-ung","status":"publish","type":"page","link":"https:\/\/www.focoinduction.com\/vi\/ung-dung\/han-cam-ung\/tam-dong-han-cam-ung\/","title":{"rendered":"T\u1ea5m \u0111\u1ed3ng h\u00e0n c\u1ea3m \u1ee9ng"},"content":{"rendered":"<p><div class=\"fusion-fullwidth fullwidth-box fusion-builder-row-1 fusion-flex-container has-pattern-background has-mask-background nonhundred-percent-fullwidth non-hundred-percent-height-scrolling\" style=\"--awb-border-sizes-bottom:1px;--awb-border-radius-top-left:0px;--awb-border-radius-top-right:0px;--awb-border-radius-bottom-right:0px;--awb-border-radius-bottom-left:0px;--awb-flex-wrap:wrap;\" ><div class=\"fusion-builder-row fusion-row fusion-flex-align-items-flex-start fusion-flex-content-wrap\" style=\"max-width:1248px;margin-left: calc(-4% \/ 2 );margin-right: calc(-4% \/ 2 );\"><div class=\"fusion-layout-column fusion_builder_column fusion-builder-column-0 fusion_builder_column_1_1 1_1 fusion-flex-column\" style=\"--awb-bg-size:cover;--awb-width-large:100%;--awb-margin-top-large:0px;--awb-spacing-right-large:1.92%;--awb-margin-bottom-large:20px;--awb-spacing-left-large:1.92%;--awb-width-medium:100%;--awb-order-medium:0;--awb-spacing-right-medium:1.92%;--awb-spacing-left-medium:1.92%;--awb-width-small:100%;--awb-order-small:0;--awb-spacing-right-small:1.92%;--awb-spacing-left-small:1.92%;\"><div class=\"fusion-column-wrapper fusion-column-has-shadow fusion-flex-justify-content-flex-start fusion-content-layout-column\"><div class=\"fusion-text fusion-text-1\"><h2>H\u00e0n \u0111\u1ed9ng c\u01a1 t\u1ea5m \u0111\u1ed3ng v\u1edbi m\u00e1y gia nhi\u1ec7t c\u1ea3m \u1ee9ng di \u0111\u1ed9ng<\/h2>\n<p>M\u00e1y h\u00e0n c\u1ea3m \u1ee9ng di \u0111\u1ed9ng c\u1ee7a ch\u00fang t\u00f4i r\u1ea5t ph\u00f9 h\u1ee3p \u0111\u1ec3 h\u00e0n t\u1ea5m \u0111\u1ed3ng v\u00e0 \u0111\u1ea7u d\u00e2y \u0111\u1ed3ng. Do gia nhi\u1ec7t c\u1ea3m \u1ee9ng nhanh v\u00e0 hi\u1ec7u qu\u1ea3, n\u00f3 l\u00e0m gi\u1ea3m qu\u00e1 tr\u00ecnh oxy h\u00f3a b\u1ec1 m\u1eb7t \u0111\u1ed3ng v\u00e0 mang l\u1ea1i ch\u1ea5t l\u01b0\u1ee3ng h\u00e0n cao h\u01a1n, H\u00e0n b\u1ea1c t\u1ea5m \u0111\u1ed3ng l\u00e0 m\u1ed9t quy tr\u00ecnh quan tr\u1ecdng trong s\u1ea3n xu\u1ea5t \u0111\u1ed9ng c\u01a1 \u0111i\u1ec7n. T\u1ea5m \u0111\u1ed3ng c\u00f3 th\u1ec3 c\u00f3 \u0111\u1ed9 d\u00e0y v\u00e0 chi\u1ec1u r\u1ed9ng kh\u00e1c nhau v\u00e0 th\u01b0\u1eddng c\u1ea7n h\u00e0n hai ho\u1eb7c nhi\u1ec1u d\u00e2y d\u1eabn b\u1eb1ng \u0111\u1ed3ng v\u1edbi nhau, T\u00f9y thu\u1ed9c v\u00e0o v\u1ecb tr\u00ed c\u1ee7a t\u1ea5m \u0111\u1ed3ng, quy tr\u00ecnh h\u00e0n c\u00f3 th\u1ec3 c\u1ea7n \u0111\u01b0\u1ee3c ho\u00e0n th\u00e0nh b\u1eb1ng c\u00e1ch s\u1eed d\u1ee5ng <a href=\"https:\/\/www.focoinduction.com\/vi\/cuon-day-suoi-am-cam-ung-tuy-chinh\/\"><span style=\"color: #0000ff;\">cu\u1ed9n c\u1ea3m \u1ee9ng<\/span><\/a> tr\u00f2n k\u00edn ho\u1eb7c cu\u1ed9n c\u1ea3m \u1ee9ng h\u00ecnh ch\u1eef U h\u1edf. Trong d\u1ef1 \u00e1n h\u00e0n t\u1ea5m \u0111\u1ed3ng n\u00e0y, ch\u00fang t\u00f4i \u0111\u00e3 s\u1eed d\u1ee5ng 8 t\u1ea5m \u0111\u1ed3ng c\u00f3 k\u00edch th\u01b0\u1edbc 12\u00d74mm v\u00e0 d\u00e0i 50mm. M\u1ed1i h\u00e0n k\u00e9o d\u00e0i \u0111\u1ebfn \u0111\u1ed9 s\u00e2u kho\u1ea3ng 20mm.<br \/>\n M\u00e1y h\u00e0n \u0111\u01b0\u1ee3c s\u1eed d\u1ee5ng: <span style=\"color: #0000ff;\"><a style=\"color: #0000ff;\" href=\"https:\/\/www.focoinduction.com\/induction-heating-equipment\/induction-brazing-machine\/portable-induction-brazing-machine\/\">M\u00e1y gia nhi\u1ec7t c\u1ea3m \u1ee9ng di \u0111\u1ed9ng HF-35KW<\/a><\/span> <strong>Quy tr\u00ecnh h\u00e0n:<\/strong><br \/>\n Kh\u1edfi \u0111\u1ed9ng m\u00e1y h\u00e0n c\u1ea3m \u1ee9ng di \u0111\u1ed9ng 35KW sau khi m\u00e1y l\u00e0m l\u1ea1nh c\u00f4ng nghi\u1ec7p ch\u1ea1y, s\u1eed d\u1ee5ng cu\u1ed9n d\u00e2y t\u00f9y ch\u1ec9nh \u0111\u1ec3 l\u00e0m n\u00f3ng 8 t\u1ea5m \u0111\u1ed3ng \u0111\u00e3 \u0111\u01b0\u1ee3c c\u1ed1 \u0111\u1ecbnh s\u1eb5n. To\u00e0n b\u1ed9 qu\u00e1 tr\u00ecnh h\u00e0n k\u00e9o d\u00e0i kho\u1ea3ng 20 gi\u00e2y. <strong>K\u1ebft qu\u1ea3:<\/strong><br \/>\n M\u00e1y gia nhi\u1ec7t c\u1ea3m \u1ee9ng di \u0111\u1ed9ng 35KW ho\u00e0n th\u00e0nh vi\u1ec7c h\u00e0n t\u1ea5m \u0111\u1ed3ng trong kho\u1ea3ng 20 gi\u00e2y, M\u00e1y gia nhi\u1ec7t c\u1ea3m \u1ee9ng di \u0111\u1ed9ng c\u1ee7a ch\u00fang t\u00f4i gi\u00fap qu\u00e1 tr\u00ecnh h\u00e0n t\u1ea5m \u0111\u1ed3ng v\u00e0 \u0111\u1ea7u d\u00e2y \u0111i\u1ec7n c\u1ee7a \u0111\u1ed9ng c\u01a1 d\u1ec5 d\u00e0ng h\u01a1n nhi\u1ec1u, Theo y\u00eau c\u1ea7u c\u1ee7a kh\u00e1ch h\u00e0ng, ch\u00fang t\u00f4i c\u00f3 th\u1ec3 cung c\u1ea5p <a href=\"https:\/\/www.focoinduction.com\/induction-heating-equipment\/induction-brazing-machine\/handheld-induction-brazing-machine\/\"><span style=\"color: #0000ff;\">m\u00e1y h\u00e0n c\u1ea3m \u1ee9ng c\u1ea7m tay<\/span><\/a> c\u00f3 h\u1ec7 th\u1ed1ng l\u00e0m l\u1ea1nh c\u00f4ng nghi\u1ec7p v\u00e0 \u0111i\u1ec1u khi\u1ec3n PLC t\u00edch h\u1ee3p. \u0110\u1ecdc th\u00eam v\u1ec1 <a href=\"https:\/\/www.focoinduction.com\/induction-heating-applications\/induction-brazing\/\" target=\"_blank\" rel=\"noopener\"><span style=\"color: #0000ff;\">c\u00e1c \u1ee9ng d\u1ee5ng h\u00e0n c\u1ea3m \u1ee9ng<\/span><\/a> .<\/p>\n<\/div><\/div><\/div><\/div><\/div><div class=\"fusion-fullwidth fullwidth-box fusion-builder-row-2 fusion-flex-container has-pattern-background has-mask-background nonhundred-percent-fullwidth non-hundred-percent-height-scrolling\" style=\"--awb-border-radius-top-left:0px;--awb-border-radius-top-right:0px;--awb-border-radius-bottom-right:0px;--awb-border-radius-bottom-left:0px;--awb-flex-wrap:wrap;\" ><div class=\"fusion-builder-row fusion-row fusion-flex-align-items-flex-start fusion-flex-content-wrap\" style=\"max-width:1248px;margin-left: calc(-4% \/ 2 );margin-right: calc(-4% \/ 2 );\"><div class=\"fusion-layout-column fusion_builder_column fusion-builder-column-1 fusion_builder_column_1_1 1_1 fusion-flex-column\" style=\"--awb-bg-size:cover;--awb-width-large:100%;--awb-margin-top-large:0px;--awb-spacing-right-large:1.92%;--awb-margin-bottom-large:20px;--awb-spacing-left-large:1.92%;--awb-width-medium:100%;--awb-order-medium:0;--awb-spacing-right-medium:1.92%;--awb-spacing-left-medium:1.92%;--awb-width-small:100%;--awb-order-small:0;--awb-spacing-right-small:1.92%;--awb-spacing-left-small:1.92%;\"><div class=\"fusion-column-wrapper fusion-column-has-shadow fusion-flex-justify-content-flex-start fusion-content-layout-column\"><div class=\"fusion-text fusion-text-2\"><h3><strong>Video v\u1ec1 h\u00e0n c\u1ea3m \u1ee9ng<\/strong><\/h3>\n<\/div><div class=\"fusion-video fusion-youtube\" style=\"--awb-max-width:600px;--awb-max-height:360px;\"><div class=\"video-shortcode\"><lite-youtube videoid=\"9YYBxtog73w\" class=\"landscape\" params=\"wmode=transparent&autoplay=1&amp;enablejsapi=1\" title=\"Induction Brazing Copper Plate\" data-button-label=\"Play Video\" width=\"600\" height=\"360\" data-thumbnail-size=\"auto\" data-no-cookie=\"on\"><\/lite-youtube><\/div><\/div><\/div><\/div><\/div><\/div><\/p>\n","protected":false},"excerpt":{"rendered":"","protected":false},"author":1,"featured_media":9175,"parent":10041,"menu_order":0,"comment_status":"closed","ping_status":"closed","template":"","meta":{"footnotes":""},"class_list":["post-9174","page","type-page","status-publish","has-post-thumbnail","hentry"],"_links":{"self":[{"href":"https:\/\/www.focoinduction.com\/vi\/wp-json\/wp\/v2\/pages\/9174","targetHints":{"allow":["GET"]}}],"collection":[{"href":"https:\/\/www.focoinduction.com\/vi\/wp-json\/wp\/v2\/pages"}],"about":[{"href":"https:\/\/www.focoinduction.com\/vi\/wp-json\/wp\/v2\/types\/page"}],"author":[{"embeddable":true,"href":"https:\/\/www.focoinduction.com\/vi\/wp-json\/wp\/v2\/users\/1"}],"replies":[{"embeddable":true,"href":"https:\/\/www.focoinduction.com\/vi\/wp-json\/wp\/v2\/comments?post=9174"}],"version-history":[{"count":0,"href":"https:\/\/www.focoinduction.com\/vi\/wp-json\/wp\/v2\/pages\/9174\/revisions"}],"up":[{"embeddable":true,"href":"https:\/\/www.focoinduction.com\/vi\/wp-json\/wp\/v2\/pages\/10041"}],"wp:featuredmedia":[{"embeddable":true,"href":"https:\/\/www.focoinduction.com\/vi\/wp-json\/wp\/v2\/media\/9175"}],"wp:attachment":[{"href":"https:\/\/www.focoinduction.com\/vi\/wp-json\/wp\/v2\/media?parent=9174"}],"curies":[{"name":"wp","href":"https:\/\/api.w.org\/{rel}","templated":true}]}}