{"id":9196,"date":"2023-05-12T16:33:24","date_gmt":"2023-05-12T08:33:24","guid":{"rendered":"https:\/\/www.focoinduction.com\/huong-dan-ren-cam-ung\/"},"modified":"2025-01-02T10:35:11","modified_gmt":"2025-01-02T02:35:11","slug":"huong-dan-ren-cam-ung","status":"publish","type":"page","link":"https:\/\/www.focoinduction.com\/vi\/huong-dan-ren-cam-ung\/","title":{"rendered":"H\u01b0\u1edbng d\u1eabn r\u00e8n c\u1ea3m \u1ee9ng"},"content":{"rendered":"<p><div class=\"fusion-fullwidth fullwidth-box fusion-builder-row-1 fusion-flex-container has-pattern-background has-mask-background nonhundred-percent-fullwidth non-hundred-percent-height-scrolling\" style=\"--awb-border-radius-top-left:0px;--awb-border-radius-top-right:0px;--awb-border-radius-bottom-right:0px;--awb-border-radius-bottom-left:0px;--awb-flex-wrap:wrap;\" ><div class=\"fusion-builder-row fusion-row fusion-flex-align-items-flex-start fusion-flex-content-wrap\" style=\"max-width:1248px;margin-left: calc(-4% \/ 2 );margin-right: calc(-4% \/ 2 );\"><div class=\"fusion-layout-column fusion_builder_column fusion-builder-column-0 fusion_builder_column_1_1 1_1 fusion-flex-column\" style=\"--awb-bg-size:cover;--awb-width-large:100%;--awb-margin-top-large:0px;--awb-spacing-right-large:1.92%;--awb-margin-bottom-large:20px;--awb-spacing-left-large:1.92%;--awb-width-medium:100%;--awb-order-medium:0;--awb-spacing-right-medium:1.92%;--awb-spacing-left-medium:1.92%;--awb-width-small:100%;--awb-order-small:0;--awb-spacing-right-small:1.92%;--awb-spacing-left-small:1.92%;\"><div class=\"fusion-column-wrapper fusion-column-has-shadow fusion-flex-justify-content-flex-start fusion-content-layout-column\"><div class=\"fusion-text fusion-text-1\"><p>M\u00e1y r\u00e8n c\u1ea3m \u1ee9ng r\u1ea5t ph\u1ed5 bi\u1ebfn, \u0111\u1eb7c bi\u1ec7t l\u00e0 l\u00f2 r\u00e8n c\u1ea3m \u1ee9ng nh\u1ecf 15 kW, ph\u00f9 h\u1ee3p v\u1edbi h\u1ea7u h\u1ebft c\u00e1c \u1ee9ng d\u1ee5ng gia nhi\u1ec7t c\u00e1c b\u1ed9 ph\u1eadn kim lo\u1ea1i nh\u1ecf. Nhi\u1ec1u ng\u01b0\u1eddi m\u1edbi b\u1eaft \u0111\u1ea7u bi\u1ebft r\u1ea5t \u00edt v\u1ec1 thi\u1ebft b\u1ecb gia nhi\u1ec7t c\u1ea3m \u1ee9ng \u0111\u1ebfn n\u1ed7i h\u1ecd kh\u00f4ng th\u1ec3 mua v\u00e0 s\u1eed d\u1ee5ng \u0111\u00fang c\u00e1ch. FOCO INDUCTION, v\u1edbi t\u01b0 c\u00e1ch l\u00e0 nh\u00e0 cung c\u1ea5p v\u00e0 s\u1ea3n xu\u1ea5t m\u00e1y r\u00e8n c\u1ea3m \u1ee9ng chuy\u00ean nghi\u1ec7p, ch\u00fang t\u00f4i cung c\u1ea5p h\u01b0\u1edbng d\u1eabn l\u00f2 r\u00e8n c\u1ea3m \u1ee9ng ho\u00e0n ch\u1ec9nh n\u00e0y cho c\u00e1c doanh nh\u00e2n \u0111\u00e3 s\u1eb5n s\u00e0ng b\u1eaft \u0111\u1ea7u quy tr\u00ecnh r\u00e8n c\u1ea3m \u1ee9ng. \u0110\u1ecdc h\u01b0\u1edbng d\u1eabn v\u1ec1 l\u00f2 r\u00e8n c\u1ea3m \u1ee9ng \u0111\u1ec3 \u0111\u01b0\u1ee3c h\u01b0\u1edfng l\u1ee3i t\u1eeb gia nhi\u1ec7t c\u1ea3m \u1ee9ng.<\/p>\n<\/div><\/div><\/div><\/div><\/div><div class=\"fusion-fullwidth fullwidth-box fusion-builder-row-2 fusion-flex-container has-pattern-background has-mask-background nonhundred-percent-fullwidth non-hundred-percent-height-scrolling\" style=\"--awb-border-radius-top-left:0px;--awb-border-radius-top-right:0px;--awb-border-radius-bottom-right:0px;--awb-border-radius-bottom-left:0px;--awb-flex-wrap:wrap;\" ><div class=\"fusion-builder-row fusion-row fusion-flex-align-items-flex-start fusion-flex-content-wrap\" style=\"max-width:1248px;margin-left: calc(-4% \/ 2 );margin-right: calc(-4% \/ 2 );\"><div class=\"fusion-layout-column fusion_builder_column fusion-builder-column-1 fusion_builder_column_1_1 1_1 fusion-flex-column\" style=\"--awb-bg-size:cover;--awb-width-large:100%;--awb-margin-top-large:0px;--awb-spacing-right-large:1.92%;--awb-margin-bottom-large:20px;--awb-spacing-left-large:1.92%;--awb-width-medium:100%;--awb-order-medium:0;--awb-spacing-right-medium:1.92%;--awb-spacing-left-medium:1.92%;--awb-width-small:100%;--awb-order-small:0;--awb-spacing-right-small:1.92%;--awb-spacing-left-small:1.92%;\"><div class=\"fusion-column-wrapper fusion-column-has-shadow fusion-flex-justify-content-flex-start fusion-content-layout-column\"><div class=\"fusion-title title fusion-title-1 fusion-sep-none fusion-title-text fusion-title-size-two\" style=\"--awb-text-color:var(--awb-custom_color_3);--awb-margin-bottom:20px;--awb-margin-top-small:10px;--awb-margin-right-small:0px;--awb-margin-bottom-small:10px;--awb-margin-left-small:0px;\"><h2 class=\"fusion-title-heading title-heading-left fusion-responsive-typography-calculated\" style=\"margin:0;--fontSize:30;line-height:1.2;\">Gi\u00e1 c\u1ea3 v\u00e0 T\u00f9y ch\u1ecdn<\/h2><\/div><div class=\"fusion-text fusion-text-2\"><p>Gi\u00e1 c\u1ee7a m\u00e1y r\u00e8n c\u1ea3m \u1ee9ng thay \u0111\u1ed5i r\u1ea5t nhi\u1ec1u t\u00f9y thu\u1ed9c v\u00e0o s\u1ef1 k\u1ebft h\u1ee3p gi\u1eefa c\u00f4ng su\u1ea5t v\u00e0 t\u1ea7n s\u1ed1.<\/p>\n<\/div><div class=\"fusion-text fusion-text-3\"><h3>Gi\u00e1 l\u00f2 r\u00e8n c\u1ea3m \u1ee9ng 15 kW<\/h3>\n<p>M\u00e1y r\u00e8n c\u1ea3m \u1ee9ng t\u1ea7n s\u1ed1 cao 15 kW ph\u1ed5 bi\u1ebfn nh\u1ea5t \u0111\u01b0\u1ee3c b\u00e1n tr\u00ean th\u1ecb tr\u01b0\u1eddng th\u01b0\u1eddng c\u00f3 gi\u00e1 t\u1eeb 800 \u0111\u1ebfn 1200 \u0111\u00f4 la v\u00e0 t\u1ea7n s\u1ed1 c\u1ee7a n\u00f3 th\u01b0\u1eddng n\u1eb1m trong kho\u1ea3ng t\u1eeb 30 kHz \u0111\u1ebfn 100 kHz. Gi\u00e1 c\u1ee7a n\u00f3 thay \u0111\u1ed5i t\u00f9y theo \u0111\u1ea1i l\u00fd, nh\u01b0ng ch\u1ea5t l\u01b0\u1ee3ng c\u1ee7a ch\u00fang kh\u00f4ng kh\u00e1c nhau nhi\u1ec1u. N\u1ebfu b\u1ea1n mua tr\u1ef1c ti\u1ebfp t\u1eeb Trung Qu\u1ed1c ho\u1eb7c eBay, b\u1ea1n c\u0169ng s\u1ebd ph\u1ea3i tr\u1ea3 ph\u00ed v\u1eadn chuy\u1ec3n, c\u00f3 th\u1ec3 m\u1ea5t th\u00eam kho\u1ea3ng 50 \u0111\u1ebfn 100 \u0111\u00f4 la. Chi ph\u00ed v\u1eadn chuy\u1ec3n kh\u00f4ng c\u1ed1 \u0111\u1ecbnh, n\u00f3 s\u1ebd dao \u0111\u1ed9ng theo th\u1eddi gian. Ch\u00fang t\u00f4i nh\u1eadn th\u1ea5y c\u00f3 nh\u1eefng m\u00e1y c\u00f3 gi\u00e1 d\u01b0\u1edbi 600 \u0111\u00f4 la tr\u00ean eBay, nh\u01b0ng ch\u00fang t\u00f4i kh\u00f4ng khuy\u00ean b\u1ea1n n\u00ean mua ch\u00fang. B\u1edfi v\u00ec sau khi nghi\u00ean c\u1ee9u v\u00e0 \u0111i\u1ec1u tra, nh\u1eefng m\u00e1y n\u00e0y kh\u00f4ng th\u1ec3 ho\u1ea1t \u0111\u1ed9ng \u1ed5n \u0111\u1ecbnh trong th\u1eddi gian d\u00e0i. N\u1ebfu b\u1ea1n mua n\u00f3, c\u00f3 th\u1ec3 b\u1ea1n s\u1ebd ph\u1ea3i tr\u1ea3 nhi\u1ec1u ti\u1ec1n h\u01a1n \u0111\u1ec3 s\u1eeda ch\u1eefa n\u00f3 trong t\u01b0\u01a1ng lai.   <\/p>\n<h3>m\u00e1y r\u00e8n c\u1ea3m \u1ee9ng l\u1edbn<\/h3>\n<p>Gi\u00e1 c\u1ee7a m\u00e1y r\u00e8n c\u1ea3m \u1ee9ng l\u1edbn \u0111\u1eaft h\u01a1n, \u0111i\u1ec1u n\u00e0y l\u00e0 kh\u00f4ng th\u1ec3 tr\u00e1nh kh\u1ecfi. M\u1ed9t m\u00e1y r\u00e8n c\u1ea3m \u1ee9ng 160 kW c\u00f3 th\u1ec3 c\u00f3 gi\u00e1 h\u01a1n 10.000 \u0111\u00f4 la t\u00f9y thu\u1ed9c v\u00e0o t\u1ea7n s\u1ed1 c\u1ee7a n\u00f3.<\/p>\n<\/div><div class=\"fusion-text fusion-text-4\"><h3>Chi ph\u00ed kh\u00e1c<\/h3>\n<p>Nh\u01b0 ch\u00fang ta \u0111\u00e3 bi\u1ebft, khi s\u1eed d\u1ee5ng m\u00e1y r\u00e8n c\u1ea3m \u1ee9ng, b\u1ea1n c\u0169ng n\u00ean trang b\u1ecb cho n\u00f3 m\u1ed9t h\u1ec7 th\u1ed1ng l\u00e0m m\u00e1t b\u1eb1ng n\u01b0\u1edbc thi\u1ebft y\u1ebfu. B\u1ea1n c\u00f3 th\u1ec3 s\u1eed d\u1ee5ng h\u1ec7 th\u1ed1ng l\u00e0m m\u00e1t b\u1eb1ng n\u01b0\u1edbc \u0111\u01a1n gi\u1ea3n gi\u00e1 r\u1ebb ho\u1eb7c s\u1eed d\u1ee5ng m\u00e1y l\u00e0m l\u1ea1nh c\u00f4ng nghi\u1ec7p. <\/p>\n<ol>\n<li>M\u00e1y b\u01a1m n\u01b0\u1edbc + b\u00ecnh ch\u1ee9a n\u01b0\u1edbc. M\u1ed9t m\u00e1y t\u1ea7n s\u1ed1 cao 15 kW c\u1ea7n m\u1ed9t m\u00e1y b\u01a1m 0,37 kW v\u00e0 m\u1ed9t h\u1ed3 b\u01a1i ho\u1eb7c b\u1ec3 ch\u1ee9a \u00edt nh\u1ea5t 500L. M\u1ed9t m\u00e1y b\u01a1m 0,37 kW c\u00f3 gi\u00e1 kho\u1ea3ng 80 \u0111\u1ebfn 120 \u0111\u00f4 la. Gi\u00e1 c\u1ee7a m\u1ed9t b\u1ec3 ch\u1ee9a n\u01b0\u1edbc b\u1eb1ng nh\u1ef1a 500L l\u00e0 kho\u1ea3ng 50 \u0111\u00f4 la v\u00e0 b\u1ea1n c\u0169ng c\u00f3 th\u1ec3 t\u1ef1 l\u00e0m m\u1ed9t h\u1ed3 b\u01a1i. L\u01b0u \u00fd r\u1eb1ng b\u1ea1n c\u0169ng s\u1ebd c\u1ea7n m\u1ed9t b\u1ed9 l\u1ecdc cho m\u00e1y b\u01a1m c\u1ee7a m\u00ecnh n\u1ebfu c\u00f3 t\u1ea1p ch\u1ea5t trong n\u01b0\u1edbc. V\u00e0o m\u00f9a h\u00e8 n\u00f3ng n\u1ef1c, m\u00e1y c\u00f3 th\u1ec3 c\u1ea7n nhi\u1ec1u n\u01b0\u1edbc l\u1ea1nh h\u01a1n, b\u1ea1n c\u00f3 th\u1ec3 t\u0103ng s\u1ed1 l\u01b0\u1ee3ng b\u00ecnh ch\u1ee9a n\u01b0\u1edbc ho\u1eb7c gi\u1ea3m nhi\u1ec7t \u0111\u1ed9 c\u1ee7a n\u01b0\u1edbc t\u00f9y theo t\u00ecnh h\u00ecnh.     <\/li>\n<li>M\u00e1y l\u00e0m l\u1ea1nh c\u00f4ng nghi\u1ec7p. M\u1ed9t m\u00e1y l\u00e0m l\u1ea1nh c\u00f4ng nghi\u1ec7p c\u00f3 kh\u1ea3 n\u0103ng \u0111\u00e1p \u1ee9ng nhu c\u1ea7u c\u1ee7a m\u1ed9t nh\u00e0 m\u00e1y nhi\u1ec7t c\u1ea3m \u1ee9ng 15 kW c\u00f3 gi\u00e1 kho\u1ea3ng 400 \u0111\u1ebfn 600 \u0111\u00f4 la. <\/li>\n<\/ol>\n<\/div><div class=\"fusion-text fusion-text-5\"><h3>Mua tr\u00ean eBay hay t\u1eeb Trung Qu\u1ed1c?<\/h3>\n<p>Khi b\u1ea1n xem nhi\u1ec1u l\u00f2 r\u00e8n c\u1ea3m \u1ee9ng t\u1eeb c\u00e1c trang th\u01b0\u01a1ng m\u1ea1i \u0111i\u1ec7n t\u1eed nh\u01b0 eBay, b\u1ea1n s\u1ebd th\u1ea5y r\u1eb1ng ch\u00fang c\u00f3 h\u00ecnh d\u1ea1ng g\u1ea7n nh\u01b0 gi\u1ed1ng nhau. \u0110\u00fang v\u1eady, h\u1ea7u h\u1ebft c\u00e1c l\u00f2 s\u01b0\u1edfi c\u1ea3m \u1ee9ng \u0111\u1ec3 r\u00e8n \u0111\u1ec1u \u0111\u1ebfn t\u1eeb Trung Qu\u1ed1c, m\u1eb7c d\u00f9 ch\u00fang s\u1eed d\u1ee5ng c\u00e1c th\u01b0\u01a1ng hi\u1ec7u \u0111\u1ecba ph\u01b0\u01a1ng. Nhi\u1ec1u \u0111\u1ea1i l\u00fd ch\u1ec9 \u0111\u01a1n gi\u1ea3n l\u00e0 thay \u0111\u1ed5i m\u00e0u s\u1eafc v\u00e0 th\u01b0\u01a1ng hi\u1ec7u c\u1ee7a m\u00e1y. M\u1ed9t l\u1ee3i \u00edch ti\u1ec1m n\u0103ng c\u00f3 th\u1ec3 c\u00f3 khi mua t\u1eeb eBay l\u00e0 b\u1ea1n c\u00f3 th\u1ec3 nh\u1eadn \u0111\u01b0\u1ee3c m\u00e1y s\u1edbm h\u01a1n. T\u1ea5t nhi\u00ean, \u0111\u00f4i khi b\u1ea1n c\u0169ng c\u1ea7n ph\u1ea3i \u0111\u1ee3i \u0111\u1ea1i l\u00fd nh\u1eadp m\u00e1y t\u1eeb Trung Qu\u1ed1c. Mua l\u00f2 r\u00e8n c\u1ea3m \u1ee9ng t\u1eeb c\u00e1c nh\u00e0 s\u1ea3n xu\u1ea5t v\u00e0 nh\u00e0 cung c\u1ea5p Trung Qu\u1ed1c c\u0169ng l\u00e0 m\u1ed9t \u00fd t\u01b0\u1edfng hay. B\u1ea1n c\u00f3 th\u1ec3 tr\u1ef1c ti\u1ebfp nh\u1eadn \u0111\u01b0\u1ee3c h\u1ed7 tr\u1ee3 k\u1ef9 thu\u1eadt chuy\u00ean nghi\u1ec7p h\u01a1n v\u00e0 h\u1ed7 tr\u1ee3 sau b\u00e1n h\u00e0ng t\u1eeb c\u00e1c nh\u00e0 s\u1ea3n xu\u1ea5t Trung Qu\u1ed1c. H\u01a1n n\u1eefa, b\u1ea1n c\u00f3 th\u1ec3 mua m\u00e1y r\u00e8n c\u1ea3m \u1ee9ng v\u1edbi gi\u00e1 xu\u1ea5t x\u01b0\u1edfng ph\u1ea3i ch\u0103ng v\u00e0 chi ph\u00ed c\u1ee7a b\u1ea1n ch\u1ec9 l\u00e0 ch\u1edd \u0111\u1ee3i trong 2 ho\u1eb7c 3 tu\u1ea7n.<\/p>\n<\/div><div class=\"fusion-text fusion-text-6\"><h3>L\u00e0m th\u1ebf n\u00e0o \u0111\u1ec3 ch\u1ecdn m\u00e1y?<\/h3>\n<p>C\u00f4ng su\u1ea5t c\u1ee7a l\u00f2 r\u00e8n c\u1ea3m \u1ee9ng nh\u1ecf th\u00f4ng th\u01b0\u1eddng l\u00e0 15 kW v\u00e0 c\u00f4ng su\u1ea5t t\u1ed1i \u0111a v\u01b0\u1ee3t qu\u00e1 200 kW. N\u1ebfu b\u1ea1n \u0111\u1ecbnh gia nhi\u1ec7t ph\u00f4i l\u1edbn, th\u00ec b\u1ea1n th\u1eadm ch\u00ed c\u00f3 th\u1ec3 c\u1ea7n m\u1ed9t m\u00e1y c\u00f3 c\u00f4ng su\u1ea5t tr\u00ean 1000 kW. B\u1ea1n c\u00f3 th\u1ec3 ch\u1ecdn l\u00f2 r\u00e8n c\u1ea3m \u1ee9ng t\u1ea7n s\u1ed1 cao 15 kWh ho\u1eb7c 25 kW khi b\u1ea1n gia nhi\u1ec7t c\u00e1c b\u1ed9 ph\u1eadn kim lo\u1ea1i nh\u1ecf, ch\u1eb3ng h\u1ea1n nh\u01b0 l\u01b0\u1ee1i dao, li\u1ec1m, dao nh\u00e0 b\u1ebfp, cu\u1ed1c, gi\u0169a, d\u00f9i, k\u00e9o, m\u00e1y khoan, c\u1edd l\u00ea, v.v. N\u1ebfu b\u1ea1n \u0111\u1ecbnh gia nhi\u1ec7t c\u00e1c b\u1ed9 ph\u1eadn t\u01b0\u01a1ng \u0111\u1ed1i l\u1edbn, ch\u1eb3ng h\u1ea1n nh\u01b0 thanh th\u00e9p ho\u1eb7c thanh s\u1eaft c\u00f3 \u0111\u01b0\u1eddng k\u00ednh h\u01a1n 20mm, th\u00ec m\u00e1y gia nhi\u1ec7t c\u1ea3m \u1ee9ng t\u1ea7n s\u1ed1 trung b\u00ecnh ph\u00f9 h\u1ee3p h\u01a1n. T\u1ea7n s\u1ed1 c\u1ee7a n\u00f3 n\u1eb1m trong kho\u1ea3ng t\u1eeb 1 kHz \u0111\u1ebfn 10 kHz v\u00e0 n\u00f3 c\u00f3 th\u1ec3 gia nhi\u1ec7t tr\u1ef1c ti\u1ebfp tr\u00ean l\u00f5i thanh th\u00e9p, v\u1edbi kh\u1ea3 n\u0103ng th\u00e2m nh\u1eadp nhi\u1ec7t t\u1ed1t h\u01a1n v\u00e0 t\u1ed1c \u0111\u1ed9 gia nhi\u1ec7t nhanh.<\/p>\n<\/div><div class=\"fusion-image-element awb-imageframe-style awb-imageframe-style-below awb-imageframe-style-1\" style=\"--awb-margin-bottom:20px;--awb-caption-title-color:var(--awb-color5);--awb-caption-text-size:14px;--awb-caption-title-font-family:var(--body_typography-font-family);--awb-caption-title-font-weight:var(--body_typography-font-weight);--awb-caption-title-font-style:var(--body_typography-font-style);--awb-caption-title-size:16px;--awb-caption-title-transform:var(--body_typography-text-transform);--awb-caption-title-line-height:var(--body_typography-line-height);--awb-caption-title-letter-spacing:var(--body_typography-letter-spacing);\"><span class=\" fusion-imageframe imageframe-none imageframe-1 hover-type-none\"><img decoding=\"async\" width=\"765\" height=\"385\" alt=\"l\u00f2 r\u00e8n c\u1ea3m \u1ee9ng cho thanh th\u00e9p\" title=\"induction forge for steel bars\" src=\"https:\/\/www.focoinduction.com\/wp-content\/uploads\/2023\/05\/induction-forge-for-steel-bars.jpg\" class=\"img-responsive wp-image-3453\" srcset=\"https:\/\/www.focoinduction.com\/wp-content\/uploads\/2023\/05\/induction-forge-for-steel-bars-200x101.jpg 200w, https:\/\/www.focoinduction.com\/wp-content\/uploads\/2023\/05\/induction-forge-for-steel-bars-400x201.jpg 400w, https:\/\/www.focoinduction.com\/wp-content\/uploads\/2023\/05\/induction-forge-for-steel-bars-600x302.jpg 600w, https:\/\/www.focoinduction.com\/wp-content\/uploads\/2023\/05\/induction-forge-for-steel-bars.jpg 765w\" sizes=\"(max-width: 768px) 100vw, 765px\" \/><\/span><div class=\"awb-imageframe-caption-container\" style=\"text-align:center;\"><div class=\"awb-imageframe-caption\"><div class=\"awb-imageframe-caption-title\">induction forge for steel bars<\/div><\/div><\/div><\/div><div class=\"fusion-text fusion-text-7\"><p>M\u00e1y r\u00e8n c\u1ea3m \u1ee9ng 15 kW v\u1edbi t\u1ea5t c\u1ea3 c\u00e1c thi\u1ebft b\u1ecb c\u1ea7n thi\u1ebft c\u00f3 gi\u00e1 t\u1eeb 930 \u0111\u1ebfn 1800 \u0111\u00f4 la. B\u1ea1n c\u00f3 th\u1ec3 ch\u1ecdn m\u00e1y theo k\u00edch th\u01b0\u1edbc c\u1ee7a b\u1ed9 ph\u1eadn b\u1ea1n mu\u1ed1n gia nhi\u1ec7t. Nh\u01b0ng tr\u01b0\u1edbc khi mua, vui l\u00f2ng x\u00e1c nh\u1eadn v\u1edbi \u0111\u1ea1i l\u00fd ho\u1eb7c nh\u00e0 s\u1ea3n xu\u1ea5t r\u1eb1ng m\u00e1y ph\u00f9 h\u1ee3p. Cho d\u00f9 mua m\u00e1y r\u00e8n c\u1ea3m \u1ee9ng tr\u00ean eBay hay t\u1eeb Trung Qu\u1ed1c, h\u00e3y nh\u1edb ki\u1ec3m tra v\u1edbi ng\u01b0\u1eddi b\u00e1n v\u1ec1 th\u1eddi gian b\u1ea1n c\u00f3 th\u1ec3 nh\u1eadn \u0111\u01b0\u1ee3c m\u00e1y s\u1edbm nh\u1ea5t.<\/p>\n<\/div><div class=\"fusion-text fusion-text-8\" style=\"--awb-font-size:18px;--awb-text-transform:capitalize;\"><p><em>N\u1ebfu b\u1ea1n mu\u1ed1n \u0111\u01b0\u1ee3c gi\u1ea3m gi\u00e1 nhi\u1ec1u h\u01a1n, b\u1ea1n c\u00f3 th\u1ec3 nh\u1ea5p v\u00e0o n\u00fat b\u00ean d\u01b0\u1edbi \u0111\u1ec3 li\u00ean h\u1ec7 v\u1edbi FOCO INDUCTION.<\/em><\/p>\n<\/div><div style=\"text-align:center;\"><a class=\"fusion-button button-flat fusion-button-default-size button-default fusion-button-default button-1 fusion-button-default-span fusion-button-default-type\" target=\"_blank\" rel=\"noopener noreferrer\" href=\"https:\/\/www.focoinduction.com\/contact\/\"><span class=\"fusion-button-text awb-button__text awb-button__text--default\">NH\u1eacN B\u00c1O GI\u00c1<\/span><\/a><\/div><\/div><\/div><\/div><\/div><div class=\"fusion-fullwidth fullwidth-box fusion-builder-row-3 fusion-flex-container has-pattern-background has-mask-background nonhundred-percent-fullwidth non-hundred-percent-height-scrolling\" style=\"--awb-border-radius-top-left:0px;--awb-border-radius-top-right:0px;--awb-border-radius-bottom-right:0px;--awb-border-radius-bottom-left:0px;--awb-flex-wrap:wrap;\" ><div class=\"fusion-builder-row fusion-row fusion-flex-align-items-flex-start fusion-flex-content-wrap\" style=\"max-width:1248px;margin-left: calc(-4% \/ 2 );margin-right: calc(-4% \/ 2 );\"><div class=\"fusion-layout-column fusion_builder_column fusion-builder-column-2 fusion_builder_column_1_1 1_1 fusion-flex-column\" style=\"--awb-bg-size:cover;--awb-width-large:100%;--awb-margin-top-large:0px;--awb-spacing-right-large:1.92%;--awb-margin-bottom-large:20px;--awb-spacing-left-large:1.92%;--awb-width-medium:100%;--awb-order-medium:0;--awb-spacing-right-medium:1.92%;--awb-spacing-left-medium:1.92%;--awb-width-small:100%;--awb-order-small:0;--awb-spacing-right-small:1.92%;--awb-spacing-left-small:1.92%;\"><div class=\"fusion-column-wrapper fusion-column-has-shadow fusion-flex-justify-content-flex-start fusion-content-layout-column\"><div class=\"fusion-title title fusion-title-2 fusion-sep-none fusion-title-text fusion-title-size-two\" style=\"--awb-text-color:var(--awb-custom_color_3);--awb-margin-bottom:20px;--awb-margin-top-small:10px;--awb-margin-right-small:0px;--awb-margin-bottom-small:10px;--awb-margin-left-small:0px;\"><h2 class=\"fusion-title-heading title-heading-left fusion-responsive-typography-calculated\" style=\"margin:0;--fontSize:30;line-height:1.2;\">Danh s\u00e1ch thi\u1ebft b\u1ecb<\/h2><\/div><div class=\"fusion-text fusion-text-9\"><h3>Danh s\u00e1ch thi\u1ebft b\u1ecb c\u1ee7a l\u00f2 r\u00e8n c\u1ea3m \u1ee9ng 15 kW<\/h3>\n<ul>\n<li>M\u00e1y s\u01b0\u1edfi c\u1ea3m \u1ee9ng t\u1ea7n s\u1ed1 cao 15 kW<\/li>\n<li>K\u1eb9p \u1ed1ng<\/li>\n<li>C\u00f4ng t\u1eafc ch\u00e2n<\/li>\n<li>Cu\u1ed9n c\u1ea3m \u1ee9ng<\/li>\n<li>V\u00edt<\/li>\n<li>\u1ed0ng n\u01b0\u1edbc trong su\u1ed1t<\/li>\n<li>\u0110\u01b0\u1eddng t\u00edn hi\u1ec7u<\/li>\n<\/ul>\n<h3>Danh s\u00e1ch c\u00e1c b\u1ed9 ph\u1eadn b\u1ea1n s\u1ebd c\u1ea7n<\/h3>\n<ul>\n<li>D\u00e2y \u0111i\u1ec7n<\/li>\n<li>\u1ed0ng n\u01b0\u1edbc trong su\u1ed1t (k\u00e9o d\u00e0i n\u1ebfu c\u1ea7n)<\/li>\n<li>H\u1ec7 th\u1ed1ng l\u00e0m m\u00e1t b\u1eb1ng n\u01b0\u1edbc<\/li>\n<li>K\u1eb9p \u1ed1ng (\u0111\u1ec3 k\u1ebft n\u1ed1i c\u00e1c ph\u1ee5 ki\u1ec7n h\u1ec7 th\u1ed1ng l\u00e0m m\u00e1t)<\/li>\n<\/ul>\n<\/div><\/div><\/div><\/div><\/div><\/p>\n","protected":false},"excerpt":{"rendered":"","protected":false},"author":1,"featured_media":9198,"parent":0,"menu_order":5,"comment_status":"closed","ping_status":"closed","template":"","meta":{"footnotes":""},"class_list":["post-9196","page","type-page","status-publish","has-post-thumbnail","hentry"],"_links":{"self":[{"href":"https:\/\/www.focoinduction.com\/vi\/wp-json\/wp\/v2\/pages\/9196","targetHints":{"allow":["GET"]}}],"collection":[{"href":"https:\/\/www.focoinduction.com\/vi\/wp-json\/wp\/v2\/pages"}],"about":[{"href":"https:\/\/www.focoinduction.com\/vi\/wp-json\/wp\/v2\/types\/page"}],"author":[{"embeddable":true,"href":"https:\/\/www.focoinduction.com\/vi\/wp-json\/wp\/v2\/users\/1"}],"replies":[{"embeddable":true,"href":"https:\/\/www.focoinduction.com\/vi\/wp-json\/wp\/v2\/comments?post=9196"}],"version-history":[{"count":0,"href":"https:\/\/www.focoinduction.com\/vi\/wp-json\/wp\/v2\/pages\/9196\/revisions"}],"wp:featuredmedia":[{"embeddable":true,"href":"https:\/\/www.focoinduction.com\/vi\/wp-json\/wp\/v2\/media\/9198"}],"wp:attachment":[{"href":"https:\/\/www.focoinduction.com\/vi\/wp-json\/wp\/v2\/media?parent=9196"}],"curies":[{"name":"wp","href":"https:\/\/api.w.org\/{rel}","templated":true}]}}