{"id":9225,"date":"2022-10-01T13:55:33","date_gmt":"2022-10-01T05:55:33","guid":{"rendered":"https:\/\/www.focoinduction.com\/han-cam-ung-la-gi\/"},"modified":"2025-01-02T10:37:08","modified_gmt":"2025-01-02T02:37:08","slug":"han-cam-ung-la-gi","status":"publish","type":"page","link":"https:\/\/www.focoinduction.com\/vi\/tim-hieu-ve-he-thong-suoi-am-cam-ung\/han-cam-ung-la-gi\/","title":{"rendered":"H\u00e0n c\u1ea3m \u1ee9ng l\u00e0 g\u00ec"},"content":{"rendered":"<p><div class=\"fusion-fullwidth fullwidth-box fusion-builder-row-1 fusion-flex-container has-pattern-background has-mask-background nonhundred-percent-fullwidth non-hundred-percent-height-scrolling\" style=\"--awb-border-radius-top-left:0px;--awb-border-radius-top-right:0px;--awb-border-radius-bottom-right:0px;--awb-border-radius-bottom-left:0px;--awb-flex-wrap:wrap;\" ><div class=\"fusion-builder-row fusion-row fusion-flex-align-items-flex-start fusion-flex-content-wrap\" style=\"max-width:1248px;margin-left: calc(-4% \/ 2 );margin-right: calc(-4% \/ 2 );\"><div class=\"fusion-layout-column fusion_builder_column fusion-builder-column-0 fusion_builder_column_1_1 1_1 fusion-flex-column\" style=\"--awb-bg-size:cover;--awb-width-large:100%;--awb-margin-top-large:0px;--awb-spacing-right-large:1.92%;--awb-margin-bottom-large:20px;--awb-spacing-left-large:1.92%;--awb-width-medium:100%;--awb-order-medium:0;--awb-spacing-right-medium:1.92%;--awb-spacing-left-medium:1.92%;--awb-width-small:100%;--awb-order-small:0;--awb-spacing-right-small:1.92%;--awb-spacing-left-small:1.92%;\"><div class=\"fusion-column-wrapper fusion-column-has-shadow fusion-flex-justify-content-flex-start fusion-content-layout-column\"><div class=\"fusion-text fusion-text-1\"><p>T\u00ednh \u0111\u01a1n gi\u1ea3n c\u1ee7a vi\u1ec7c t\u1ea1o ra m\u1ed9t quy tr\u00ecnh c\u00f3 th\u1ec3 l\u1eb7p l\u1ea1i khi\u1ebfn h\u00e0n c\u1ea3m \u1ee9ng tr\u1edf n\u00ean ho\u00e0n h\u1ea3o cho c\u00e1c quy tr\u00ecnh s\u1ea3n xu\u1ea5t h\u00e0ng lo\u1ea1t, kh\u1ed1i l\u01b0\u1ee3ng l\u1edbn. Ng\u00e0y nay, h\u00e0n c\u1ea3m \u1ee9ng, m\u1ed9t quy tr\u00ecnh ch\u00ednh x\u00e1c ch\u1ec9 l\u00e0m n\u00f3ng \u0111i\u1ec3m n\u00f3ng ch\u1ea3y v\u00e0 h\u1ee3p kim n\u00f3ng ch\u1ea3y, l\u00e0 m\u1ed9t k\u1ef9 thu\u1eadt nhanh h\u01a1n, an to\u00e0n h\u01a1n v\u00e0 hi\u1ec7u qu\u1ea3 h\u01a1n, \u0111\u1eb7c bi\u1ec7t n\u1ebfu x\u01b0\u1edfng c\u1ee7a b\u1ea1n s\u1ea3n xu\u1ea5t kh\u1ed1i l\u01b0\u1ee3ng l\u1edbn v\u00e0 bao g\u1ed3m m\u1ed9t s\u1ed1 t\u1ef1 \u0111\u1ed9ng h\u00f3a.<\/p>\n<\/div><\/div><\/div><div class=\"fusion-layout-column fusion_builder_column fusion-builder-column-1 fusion_builder_column_1_1 1_1 fusion-flex-column\" style=\"--awb-bg-size:cover;--awb-width-large:100%;--awb-margin-top-large:0px;--awb-spacing-right-large:1.92%;--awb-margin-bottom-large:20px;--awb-spacing-left-large:1.92%;--awb-width-medium:100%;--awb-order-medium:0;--awb-spacing-right-medium:1.92%;--awb-spacing-left-medium:1.92%;--awb-width-small:100%;--awb-order-small:0;--awb-spacing-right-small:1.92%;--awb-spacing-left-small:1.92%;\"><div class=\"fusion-column-wrapper fusion-column-has-shadow fusion-flex-justify-content-flex-start fusion-content-layout-column\"><div class=\"fusion-text fusion-text-2\"><h2>Qu\u00e1 tr\u00ecnh h\u00e0n c\u1ea3m \u1ee9ng di\u1ec5n ra nh\u01b0 th\u1ebf n\u00e0o?<\/h2>\n<p>H\u00e0n \u0111\u1ed3ng l\u00e0 qu\u00e1 tr\u00ecnh gh\u00e9p n\u1ed1i v\u1eadt li\u1ec7u b\u1eb1ng kim lo\u1ea1i ph\u1ee5 (th\u01b0\u1eddng l\u00e0 dung m\u00f4i ch\u1ed1ng oxy h\u00f3a g\u1ecdi l\u00e0 ch\u1ea5t tr\u1ee3 dung) \u0111\u1ec3 li\u00ean k\u1ebft hai mi\u1ebfng kim lo\u1ea1i g\u1ea7n nhau v\u1edbi nhau m\u00e0 kh\u00f4ng l\u00e0m tan ch\u1ea3y v\u1eadt li\u1ec7u g\u1ed1c. Ng\u00e0y nay, h\u00e0n \u0111\u1ed3ng c\u1ea3m \u1ee9ng, m\u1ed9t quy tr\u00ecnh ch\u00ednh x\u00e1c ch\u1ec9 l\u00e0m n\u00f3ng \u0111i\u1ec3m n\u00f3ng ch\u1ea3y, l\u00e0 k\u1ef9 thu\u1eadt nhanh h\u01a1n, an to\u00e0n h\u01a1n v\u00e0 hi\u1ec7u qu\u1ea3 h\u01a1n\u2014ch\u1ee7 y\u1ebfu n\u1ebfu x\u01b0\u1edfng c\u1ee7a b\u1ea1n s\u1ea3n xu\u1ea5t kh\u1ed1i l\u01b0\u1ee3ng l\u1edbn v\u00e0 c\u00f3 m\u1ed9t s\u1ed1 m\u1ee9c \u0111\u1ed9 t\u1ef1 \u0111\u1ed9ng h\u00f3a.<\/p>\n<\/div><\/div><\/div><\/div><\/div><div class=\"fusion-fullwidth fullwidth-box fusion-builder-row-2 fusion-flex-container has-pattern-background has-mask-background nonhundred-percent-fullwidth non-hundred-percent-height-scrolling\" style=\"--awb-border-radius-top-left:0px;--awb-border-radius-top-right:0px;--awb-border-radius-bottom-right:0px;--awb-border-radius-bottom-left:0px;--awb-flex-wrap:wrap;\" ><div class=\"fusion-builder-row fusion-row fusion-flex-align-items-flex-start fusion-flex-content-wrap\" style=\"max-width:1248px;margin-left: calc(-4% \/ 2 );margin-right: calc(-4% \/ 2 );\"><div class=\"fusion-layout-column fusion_builder_column fusion-builder-column-2 fusion_builder_column_1_1 1_1 fusion-flex-column\" style=\"--awb-bg-size:cover;--awb-width-large:100%;--awb-margin-top-large:0px;--awb-spacing-right-large:1.92%;--awb-margin-bottom-large:20px;--awb-spacing-left-large:1.92%;--awb-width-medium:100%;--awb-order-medium:0;--awb-spacing-right-medium:1.92%;--awb-spacing-left-medium:1.92%;--awb-width-small:100%;--awb-order-small:0;--awb-spacing-right-small:1.92%;--awb-spacing-left-small:1.92%;\"><div class=\"fusion-column-wrapper fusion-column-has-shadow fusion-flex-justify-content-flex-start fusion-content-layout-column\"><div class=\"fusion-text fusion-text-3\"><h2>Nh\u1eefng l\u1ee3i \u00edch<\/h2>\n<ul>\n<li>S\u1eed d\u1ee5ng ph\u01b0\u01a1ng ph\u00e1p h\u00e0n c\u1ea3m \u1ee9ng thay v\u00ec h\u00e0n kh\u00f2 truy\u1ec1n th\u1ed1ng c\u00f3 th\u1ec3 c\u1ea3i thi\u1ec7n ch\u1ea5t l\u01b0\u1ee3ng m\u1ed1i h\u00e0n v\u00e0 gi\u1ea3m th\u1eddi gian c\u1ea7n thi\u1ebft cho m\u1ed7i chi ti\u1ebft.<\/li>\n<li>T\u00ednh \u0111\u01a1n gi\u1ea3n trong vi\u1ec7c t\u1ea1o ra quy tr\u00ecnh c\u00f3 th\u1ec3 l\u1eb7p l\u1ea1i khi\u1ebfn ph\u01b0\u01a1ng ph\u00e1p h\u00e0n c\u1ea3m \u1ee9ng tr\u1edf n\u00ean l\u00fd t\u01b0\u1edfng cho c\u00e1c quy tr\u00ecnh s\u1ea3n xu\u1ea5t h\u00e0ng lo\u1ea1t, kh\u1ed1i l\u01b0\u1ee3ng l\u1edbn.<\/li>\n<li>Nh\u1eefng ph\u00e1t tri\u1ec3n g\u1ea7n \u0111\u00e2y c\u1ee7a v\u1eadt li\u1ec7u h\u00e0n nh\u00f4m nhi\u1ec7t \u0111\u1ed9 th\u1ea5p \u0111\u00e3 thay th\u1ebf th\u00e0nh c\u00f4ng ng\u1ecdn l\u1eeda v\u00e0 l\u00f2 nung \u0111\u1ec3 l\u1eafp r\u00e1p nh\u00f4m kh\u1ed1i l\u01b0\u1ee3ng l\u1edbn. C\u1ea3m \u1ee9ng h\u00e0n l\u00e0m gi\u1ea3m nhu c\u1ea7u oxy h\u00f3a v\u00e0 v\u1ec7 sinh t\u1ed1n k\u00e9m, \u0111\u1eb7c bi\u1ec7t n\u1ebfu b\u1ea1n s\u1eed d\u1ee5ng chu tr\u00ecnh l\u00e0m m\u00e1t nhanh. <\/li>\n<li>V\u00ec chu k\u1ef3 nhi\u1ec7t c\u1ea3m \u1ee9ng ng\u1eafn h\u01a1n nhi\u1ec1u so v\u1edbi chu k\u1ef3 h\u00e0n b\u1eb1ng ng\u1ecdn l\u1eeda, nhi\u1ec1u b\u1ed9 ph\u1eadn c\u00f3 th\u1ec3 \u0111\u01b0\u1ee3c x\u1eed l\u00fd nhanh h\u01a1n, v\u1edbi \u00edt nhi\u1ec7t th\u1ea3i ra m\u00f4i tr\u01b0\u1eddng xung quanh h\u01a1n. Do \u0111\u00f3, m\u00e1y h\u00e0n c\u1ea3m \u1ee9ng t\u1ea1o ra c\u00e1c m\u1ed1i h\u00e0n ch\u1ea5t l\u01b0\u1ee3ng cao, k\u00edn kh\u00ed v\u00e0 k\u00edn n\u01b0\u1edbc v\u1edbi y\u00eau c\u1ea7u oxy h\u00f3a v\u00e0 l\u00e0m s\u1ea1ch th\u1ea5p h\u01a1n so v\u1edbi c\u00e1c m\u1ed1i h\u00e0n s\u1eed d\u1ee5ng c\u00f4ng ngh\u1ec7 gia nhi\u1ec7t b\u1eb1ng ng\u1ecdn l\u1eeda. <\/li>\n<li>H\u00e0n c\u1ea3m \u1ee9ng ch\u1ec9 c\u1ea7n nung n\u00f3ng giao di\u1ec7n m\u1ed1i n\u1ed1i, cho ph\u00e9p h\u1ee3p kim h\u00e0n ch\u1ea3y v\u00e0 c\u00e1c mao d\u1eabn \u0111i v\u00e0o giao di\u1ec7n m\u1ed1i n\u1ed1i.<\/li>\n<li>V\u1edbi thi\u1ebft b\u1ecb h\u00e0n c\u1ea3m \u1ee9ng, ng\u01b0\u1eddi d\u00f9ng c\u00f3 th\u1ec3 thi\u1ebft l\u1eadp c\u00e1c chu tr\u00ecnh t\u0103ng nhi\u1ec7t nhi\u1ec1u b\u01b0\u1edbc cho ph\u00e9p ng\u01b0\u1eddi d\u00f9ng t\u0103ng nhi\u1ec7t \u0111\u1ed9 nhanh ch\u00f3ng, sau \u0111\u00f3 gi\u1ea3m nhi\u1ec7t, \u0111\u1ec3 h\u1ee3p kim h\u00e0n ch\u1ea3y ch\u00ednh x\u00e1c, kh\u00f4ng l\u00e0m qu\u00e1 nhi\u1ec7t c\u00e1c b\u1ed9 ph\u1eadn \u0111\u01b0\u1ee3c gh\u00e9p n\u1ed1i.<\/li>\n<\/ul>\n<\/div><\/div><\/div><\/div><\/div><div class=\"fusion-fullwidth fullwidth-box fusion-builder-row-3 fusion-flex-container has-pattern-background has-mask-background nonhundred-percent-fullwidth non-hundred-percent-height-scrolling\" style=\"--awb-border-radius-top-left:0px;--awb-border-radius-top-right:0px;--awb-border-radius-bottom-right:0px;--awb-border-radius-bottom-left:0px;--awb-flex-wrap:wrap;\" ><div class=\"fusion-builder-row fusion-row fusion-flex-align-items-flex-start fusion-flex-content-wrap\" style=\"max-width:1248px;margin-left: calc(-4% \/ 2 );margin-right: calc(-4% \/ 2 );\"><div class=\"fusion-layout-column fusion_builder_column fusion-builder-column-3 fusion_builder_column_1_1 1_1 fusion-flex-column\" style=\"--awb-bg-size:cover;--awb-width-large:100%;--awb-margin-top-large:0px;--awb-spacing-right-large:1.92%;--awb-margin-bottom-large:20px;--awb-spacing-left-large:1.92%;--awb-width-medium:100%;--awb-order-medium:0;--awb-spacing-right-medium:1.92%;--awb-spacing-left-medium:1.92%;--awb-width-small:100%;--awb-order-small:0;--awb-spacing-right-small:1.92%;--awb-spacing-left-small:1.92%;\"><div class=\"fusion-column-wrapper fusion-column-has-shadow fusion-flex-justify-content-flex-start fusion-content-layout-column\"><div class=\"fusion-text fusion-text-4\"><h2>L\u1eafp r\u00e1p linh ki\u1ec7n<\/h2>\n<p>H\u1ec7 th\u1ed1ng h\u00e0n c\u1ea3m \u1ee9ng \u0111\u01b0\u1ee3c l\u1eafp \u0111\u1eb7t \u0111\u00fang c\u00e1ch s\u1ebd cung c\u1ea5p nhi\u1ec7t t\u1ea1i m\u1ed9t v\u1ecb tr\u00ed c\u1ee5 th\u1ec3, c\u1ee5c b\u1ed9 \u0111\u1ec3 gi\u1ea3m bi\u1ebfn d\u1ea1ng v\u00e0 t\u1ed1i \u01b0u h\u00f3a to\u00e0n b\u1ed9 quy tr\u00ecnh. H\u00e0n c\u1ea3m \u1ee9ng gi\u00fap d\u1ec5 d\u00e0ng t\u1ef1 \u0111\u1ed9ng h\u00f3a c\u00e1c quy tr\u00ecnh l\u1eafp r\u00e1p b\u1ed9 ph\u1eadn, gi\u1ea3i ph\u00f3ng \u0111\u00f4i tay c\u1ee7a ng\u01b0\u1eddi v\u1eadn h\u00e0nh \u0111\u1ed3ng th\u1eddi t\u0103ng tu\u1ed5i th\u1ecd c\u1ee7a thi\u1ebft b\u1ecb.<\/p>\n<\/div><\/div><\/div><\/div><\/div><div class=\"fusion-fullwidth fullwidth-box fusion-builder-row-4 fusion-flex-container has-pattern-background has-mask-background nonhundred-percent-fullwidth non-hundred-percent-height-scrolling\" style=\"--awb-border-radius-top-left:0px;--awb-border-radius-top-right:0px;--awb-border-radius-bottom-right:0px;--awb-border-radius-bottom-left:0px;--awb-flex-wrap:wrap;\" ><div class=\"fusion-builder-row fusion-row fusion-flex-align-items-flex-start fusion-flex-content-wrap\" style=\"max-width:1248px;margin-left: calc(-4% \/ 2 );margin-right: calc(-4% \/ 2 );\"><div class=\"fusion-layout-column fusion_builder_column fusion-builder-column-4 fusion_builder_column_1_1 1_1 fusion-flex-column\" style=\"--awb-bg-size:cover;--awb-width-large:100%;--awb-margin-top-large:0px;--awb-spacing-right-large:1.92%;--awb-margin-bottom-large:20px;--awb-spacing-left-large:1.92%;--awb-width-medium:100%;--awb-order-medium:0;--awb-spacing-right-medium:1.92%;--awb-spacing-left-medium:1.92%;--awb-width-small:100%;--awb-order-small:0;--awb-spacing-right-small:1.92%;--awb-spacing-left-small:1.92%;\"><div class=\"fusion-column-wrapper fusion-column-has-shadow fusion-flex-justify-content-flex-start fusion-content-layout-column\"><div class=\"fusion-text fusion-text-5\"><h2>Kim lo\u1ea1i c\u00f3 th\u1ec3 h\u00e0n c\u1ea3m \u1ee9ng<\/h2>\n<p>Trong khi h\u1ea7u nh\u01b0 t\u1ea5t c\u1ea3 c\u00e1c kim lo\u1ea1i \u0111\u1ec1u c\u00f3 th\u1ec3 h\u00e0n, mi\u1ec5n l\u00e0 nhi\u1ec7t v\u00e0 kim lo\u1ea1i c\u1ee7a ch\u1ea5t \u0111\u1ed9n \u0111\u01b0\u1ee3c s\u1eed d\u1ee5ng trong qu\u00e1 tr\u00ecnh n\u00e0y \u0111\u01b0\u1ee3c ki\u1ec3m so\u00e1t c\u1ea9n th\u1eadn, m\u1ed9t s\u1ed1 kim lo\u1ea1i \u0111\u00f2i h\u1ecfi s\u1ef1 c\u1ea9n th\u1eadn v\u00e0 ch\u00ednh x\u00e1c h\u01a1n trong qu\u00e1 tr\u00ecnh h\u00e0n. H\u00e0n c\u1ea3m \u1ee9ng v\u1eabn s\u1ebd t\u1ea1o ra m\u1ed9t li\u00ean k\u1ebft tuy\u1ec7t v\u1eddi gi\u1eef c\u00e1c m\u1ea3nh c\u1ee7a b\u1ea1n l\u1ea1i v\u1edbi nhau. C\u00f3 nhi\u1ec1u kim lo\u1ea1i ph\u00f9 h\u1ee3p \u0111\u1ec3 h\u00e0n c\u1ea3m \u1ee9ng. <\/p>\n<ul>\n<li>C\u00e1c kim lo\u1ea1i nh\u01b0 b\u1ea1ch kim, b\u1ea1c v\u00e0 v\u00e0ng r\u1ea5t t\u1ed1n k\u00e9m khi gia c\u00f4ng v\u00e0 \u0111\u1ed9 ch\u00ednh x\u00e1c l\u00e0 \u0111i\u1ec1u b\u1eaft bu\u1ed9c khi h\u00e0n c\u00e1c kim lo\u1ea1i qu\u00fd n\u00e0y.<\/li>\n<li>\u0110\u1ed3ng v\u00e0 h\u1ee3p kim c\u1ee7a n\u00f3 \u0111\u01b0\u1ee3c s\u1eed d\u1ee5ng r\u1ed9ng r\u00e3i do t\u00ednh ch\u1ea5t d\u1eabn \u0111i\u1ec7n v\u00e0 d\u1eabn nhi\u1ec7t v\u01b0\u1ee3t tr\u1ed9i c\u1ee7a ch\u00fang. Kh\u1ea3 n\u0103ng ch\u1ed1ng \u0103n m\u00f2n, \u0111\u1ed9 b\u1ec1n v\u00e0 hi\u1ec7u su\u1ea5t ch\u1ecbu m\u1ecfi c\u1ee7a ch\u00fang r\u1ea5t tuy\u1ec7t v\u1eddi. Ch\u00fang c\u00f3 th\u1ec3 d\u1ec5 d\u00e0ng \u0111\u01b0\u1ee3c h\u00e0n v\u00e0 h\u00e0n b\u1eb1ng \u0111\u1ed3ng thau, v\u00e0 nhi\u1ec1u lo\u1ea1i \u0111\u1ed3ng v\u00e0 h\u1ee3p kim \u0111\u1ed3ng c\u00f3 th\u1ec3 \u0111\u01b0\u1ee3c h\u00e0n b\u1eb1ng ph\u01b0\u01a1ng ph\u00e1p kh\u00ed, h\u1ed3 quang v\u00e0 \u0111i\u1ec7n tr\u1edf.  <\/li>\n<li>\u0110\u1ed3ng thau, nh\u00f4m, s\u1eaft, th\u00e9p v\u00e0 th\u00e9p kh\u00f4ng g\u1ec9 c\u0169ng l\u00e0 nh\u1eefng kim lo\u1ea1i ph\u1ed5 bi\u1ebfn \u0111\u1ec3 h\u00e0n.<\/li>\n<li>Vonfram b\u1ec1n h\u01a1n v\u00e0ng v\u00e0 b\u1ea1c c\u1ed9ng l\u1ea1i v\u00e0 t\u1ea1o ra m\u1ed1i h\u00e0n tuy\u1ec7t v\u1eddi.<\/li>\n<li>Crom, m\u1ed9t lo\u1ea1i kim lo\u1ea1i h\u00e0n \u0111\u1eaft ti\u1ec1n, \u0111\u01b0\u1ee3c s\u1eed d\u1ee5ng trong <a href=\"https:\/\/www.focoinduction.com\/vi\/nganh-cong-nghiep\/suoi-am-cam-ung-trong-nganh-cong-nghiep-o-to\/\" target=\"_blank\" rel=\"noopener\">ng\u00e0nh c\u00f4ng nghi\u1ec7p \u00f4 t\u00f4<\/a> .<\/li>\n<li>Niken v\u00e0 h\u1ee3p kim niken c\u0169ng l\u00e0 v\u1eadt li\u1ec7u h\u00e0n tuy\u1ec7t v\u1eddi v\u00e0 th\u01b0\u1eddng \u0111\u01b0\u1ee3c s\u1eed d\u1ee5ng trong c\u00e1c ng\u00e0nh c\u00f4ng nghi\u1ec7p h\u00f3a ch\u1ea5t, h\u1ea1t nh\u00e2n v\u00e0 h\u00e0ng kh\u00f4ng v\u0169 tr\u1ee5.<\/li>\n<\/ul>\n<\/div><\/div><\/div><div class=\"fusion-layout-column fusion_builder_column fusion-builder-column-5 fusion_builder_column_1_1 1_1 fusion-flex-column\" style=\"--awb-bg-size:cover;--awb-width-large:100%;--awb-margin-top-large:0px;--awb-spacing-right-large:1.92%;--awb-margin-bottom-large:20px;--awb-spacing-left-large:1.92%;--awb-width-medium:100%;--awb-order-medium:0;--awb-spacing-right-medium:1.92%;--awb-spacing-left-medium:1.92%;--awb-width-small:100%;--awb-order-small:0;--awb-spacing-right-small:1.92%;--awb-spacing-left-small:1.92%;\"><div class=\"fusion-column-wrapper fusion-column-has-shadow fusion-flex-justify-content-flex-start fusion-content-layout-column\"><div class=\"fusion-text fusion-text-6\" style=\"--awb-text-transform:capitalize;\"><p><a href=\"https:\/\/www.focoinduction.com\/induction-heating-applications\/induction-brazing\/\" target=\"_blank\" rel=\"noopener\"><em>Xem d\u1ef1 \u00e1n h\u00e0n c\u1ea3m \u1ee9ng c\u1ee7a ch\u00fang t\u00f4i.<\/em><\/a><\/p>\n<\/div><\/div><\/div><\/div><\/div><\/p>\n","protected":false},"excerpt":{"rendered":"","protected":false},"author":1,"featured_media":9227,"parent":9271,"menu_order":0,"comment_status":"closed","ping_status":"closed","template":"","meta":{"footnotes":""},"class_list":["post-9225","page","type-page","status-publish","has-post-thumbnail","hentry"],"_links":{"self":[{"href":"https:\/\/www.focoinduction.com\/vi\/wp-json\/wp\/v2\/pages\/9225","targetHints":{"allow":["GET"]}}],"collection":[{"href":"https:\/\/www.focoinduction.com\/vi\/wp-json\/wp\/v2\/pages"}],"about":[{"href":"https:\/\/www.focoinduction.com\/vi\/wp-json\/wp\/v2\/types\/page"}],"author":[{"embeddable":true,"href":"https:\/\/www.focoinduction.com\/vi\/wp-json\/wp\/v2\/users\/1"}],"replies":[{"embeddable":true,"href":"https:\/\/www.focoinduction.com\/vi\/wp-json\/wp\/v2\/comments?post=9225"}],"version-history":[{"count":0,"href":"https:\/\/www.focoinduction.com\/vi\/wp-json\/wp\/v2\/pages\/9225\/revisions"}],"up":[{"embeddable":true,"href":"https:\/\/www.focoinduction.com\/vi\/wp-json\/wp\/v2\/pages\/9271"}],"wp:featuredmedia":[{"embeddable":true,"href":"https:\/\/www.focoinduction.com\/vi\/wp-json\/wp\/v2\/media\/9227"}],"wp:attachment":[{"href":"https:\/\/www.focoinduction.com\/vi\/wp-json\/wp\/v2\/media?parent=9225"}],"curies":[{"name":"wp","href":"https:\/\/api.w.org\/{rel}","templated":true}]}}