{"id":9254,"date":"2022-10-02T10:50:38","date_gmt":"2022-10-02T02:50:38","guid":{"rendered":"https:\/\/www.focoinduction.com\/u-cam-ung-la-gi\/"},"modified":"2025-01-02T10:37:08","modified_gmt":"2025-01-02T02:37:08","slug":"u-cam-ung-la-gi","status":"publish","type":"page","link":"https:\/\/www.focoinduction.com\/vi\/tim-hieu-ve-he-thong-suoi-am-cam-ung\/u-cam-ung-la-gi\/","title":{"rendered":"\u1ee6 c\u1ea3m \u1ee9ng l\u00e0 g\u00ec"},"content":{"rendered":"<div class=\"fusion-fullwidth fullwidth-box fusion-builder-row-1 fusion-flex-container has-pattern-background has-mask-background nonhundred-percent-fullwidth non-hundred-percent-height-scrolling\" style=\"--awb-border-radius-top-left:0px;--awb-border-radius-top-right:0px;--awb-border-radius-bottom-right:0px;--awb-border-radius-bottom-left:0px;--awb-flex-wrap:wrap;\" ><div class=\"fusion-builder-row fusion-row fusion-flex-align-items-flex-start fusion-flex-content-wrap\" style=\"max-width:1248px;margin-left: calc(-4% \/ 2 );margin-right: calc(-4% \/ 2 );\"><div class=\"fusion-layout-column fusion_builder_column fusion-builder-column-0 fusion_builder_column_1_1 1_1 fusion-flex-column\" style=\"--awb-bg-size:cover;--awb-width-large:100%;--awb-margin-top-large:0px;--awb-spacing-right-large:1.92%;--awb-margin-bottom-large:20px;--awb-spacing-left-large:1.92%;--awb-width-medium:100%;--awb-order-medium:0;--awb-spacing-right-medium:1.92%;--awb-spacing-left-medium:1.92%;--awb-width-small:100%;--awb-order-small:0;--awb-spacing-right-small:1.92%;--awb-spacing-left-small:1.92%;\"><div class=\"fusion-column-wrapper fusion-column-has-shadow fusion-flex-justify-content-flex-start fusion-content-layout-column\"><div class=\"fusion-text fusion-text-1\"><p>\u1ee6 lo\u1ea1i b\u1ecf \u1ee9ng su\u1ea5t v\u00e0 bi\u1ebfn d\u1ea1ng t\u1eeb kim lo\u1ea1i c\u00f3 th\u1ec3 x\u1ea3y ra trong qu\u00e1 tr\u00ecnh gia c\u00f4ng, ng\u0103n ng\u1eeba b\u1ed9 ph\u1eadn b\u1ecb cong v\u00eanh ho\u1eb7c n\u1ee9t trong su\u1ed1t th\u1eddi gian ho\u1ea1t \u0111\u1ed9ng. \u0110\u1ed9 tin c\u1eady v\u00e0 kh\u1ea3 n\u0103ng l\u1eb7p l\u1ea1i c\u1ee7a quy tr\u00ecnh l\u00e0 hai l\u00fd do ch\u00ednh \u0111\u1ec3 s\u1eed d\u1ee5ng \u1ee7 c\u1ea3m \u1ee9ng \u0111\u1ec3 gi\u1ea3m \u1ee9ng su\u1ea5t t\u1eeb b\u1ed9 ph\u1eadn kim lo\u1ea1i v\u00e0 lo\u1ea1i b\u1ecf t\u1ea1p ch\u1ea5t.<\/p>\n<\/div><\/div><\/div><div class=\"fusion-layout-column fusion_builder_column fusion-builder-column-1 fusion_builder_column_1_1 1_1 fusion-flex-column\" style=\"--awb-bg-size:cover;--awb-width-large:100%;--awb-margin-top-large:0px;--awb-spacing-right-large:1.92%;--awb-margin-bottom-large:20px;--awb-spacing-left-large:1.92%;--awb-width-medium:100%;--awb-order-medium:0;--awb-spacing-right-medium:1.92%;--awb-spacing-left-medium:1.92%;--awb-width-small:100%;--awb-order-small:0;--awb-spacing-right-small:1.92%;--awb-spacing-left-small:1.92%;\"><div class=\"fusion-column-wrapper fusion-column-has-shadow fusion-flex-justify-content-flex-start fusion-content-layout-column\"><div class=\"fusion-text fusion-text-2\"><h2>Qu\u00e1 tr\u00ecnh \u1ee7 c\u1ea3m \u1ee9ng<\/h2>\n<p>Qu\u00e1 tr\u00ecnh \u1ee7 bao g\u1ed3m ba giai \u0111o\u1ea1n.<\/p>\n<ol>\n<li>Giai \u0111o\u1ea1n ph\u1ee5c h\u1ed3i<\/li>\n<li>Giai \u0111o\u1ea1n k\u1ebft tinh l\u1ea1i<\/li>\n<li>Giai \u0111o\u1ea1n sinh tr\u01b0\u1edfng c\u1ee7a h\u1ea1t<\/li>\n<\/ol>\n<p>Trong giai \u0111o\u1ea1n ph\u1ee5c h\u1ed3i, v\u1eadt li\u1ec7u \u0111\u01b0\u1ee3c nung n\u00f3ng \u0111\u1ebfn nhi\u1ec7t \u0111\u1ed9, ph\u1ee5c h\u1ed3i \u0111\u1ed9 c\u1ee9ng v\u1ed1n c\u00f3 c\u1ee7a v\u1eadt li\u1ec7u. Ti\u1ebfp theo, giai \u0111o\u1ea1n k\u1ebft tinh l\u1ea1i l\u00e0 giai \u0111o\u1ea1n nhi\u1ec7t \u0111\u1ed9 \u0111\u01b0\u1ee3c gi\u1eef \u0111\u1ee7 l\u00e2u \u0111\u1ec3 cho ph\u00e9p h\u00ecnh th\u00e0nh c\u00e1c h\u1ea1t m\u1edbi. Cu\u1ed1i c\u00f9ng, giai \u0111o\u1ea1n ph\u00e1t tri\u1ec3n h\u1ea1t l\u00e0 khi v\u1eadt li\u1ec7u \u0111\u01b0\u1ee3c l\u00e0m l\u1ea1nh ch\u1eadm \u0111\u1ec3 c\u00f3 th\u1eddi gian h\u00ecnh th\u00e0nh c\u00e1c h\u1ea1t m\u1edbi. T\u1ed1c \u0111\u1ed9 v\u1eadt li\u1ec7u \u0111\u01b0\u1ee3c ph\u00e9p l\u00e0m m\u00e1t quy\u1ebft \u0111\u1ecbnh t\u1ed1c \u0111\u1ed9 c\u00e1c h\u1ea1t ph\u00e1t tri\u1ec3n. \u1ee6 c\u1ea3m \u1ee9ng th\u01b0\u1eddng \u0111\u01b0\u1ee3c th\u1ef1c hi\u1ec7n m\u00e0 kh\u00f4ng c\u00f3 b\u1ea7u kh\u00ed quy\u1ec3n \u0111\u01b0\u1ee3c ki\u1ec3m so\u00e1t v\u00ec nhi\u1ec7t c\u1ea3m \u1ee9ng th\u01b0\u1eddng ch\u1ec9 m\u1ea5t v\u00e0i gi\u00e2y v\u00e0 \u1ee7 m\u1ed9t b\u1ed9 ph\u1eadn \u0111\u01b0\u1ee3c th\u1ef1c hi\u1ec7n tr\u01b0\u1edbc khi oxit c\u00f3 th\u1ec3 h\u00ecnh th\u00e0nh.<\/p>\n<\/div><\/div><\/div><div class=\"fusion-layout-column fusion_builder_column fusion-builder-column-2 fusion_builder_column_1_1 1_1 fusion-flex-column\" style=\"--awb-bg-size:cover;--awb-width-large:100%;--awb-margin-top-large:0px;--awb-spacing-right-large:1.92%;--awb-margin-bottom-large:20px;--awb-spacing-left-large:1.92%;--awb-width-medium:100%;--awb-order-medium:0;--awb-spacing-right-medium:1.92%;--awb-spacing-left-medium:1.92%;--awb-width-small:100%;--awb-order-small:0;--awb-spacing-right-small:1.92%;--awb-spacing-left-small:1.92%;\"><div class=\"fusion-column-wrapper fusion-column-has-shadow fusion-flex-justify-content-flex-start fusion-content-layout-column\"><div class=\"fusion-text fusion-text-3\"><h2>S\u1eed d\u1ee5ng trong c\u00f4ng nghi\u1ec7p<\/h2>\n<p>\u1ee6 c\u1ea3m \u1ee9ng c\u00f3 th\u1ec3 \u0111\u01b0\u1ee3c s\u1eed d\u1ee5ng \u0111\u1ec3 ki\u1ec3m so\u00e1t c\u00e1c \u0111\u1eb7c t\u00ednh v\u1eadt li\u1ec7u c\u1ee7a kim lo\u1ea1i trong c\u00e1c t\u00ecnh hu\u1ed1ng s\u1ea3n xu\u1ea5t kh\u00e1c nhau. Qu\u00e1 tr\u00ecnh \u1ee7 c\u1ea3m \u1ee9ng cho ph\u00e9p ki\u1ec3m so\u00e1t ch\u00ednh x\u00e1c v\u00e0 \u0111\u00e1ng tin c\u1eady c\u00e1c \u0111\u1eb7c t\u00ednh v\u1eadt li\u1ec7u c\u1ee7a kim lo\u1ea1i b\u00ean trong m\u1ed9t b\u1ed9 ph\u1eadn, bao g\u1ed3m <a href=\"https:\/\/www.focoinduction.com\/what-is-the-hardness-of-the-induction-hardened-steel-parts\/\" target=\"_blank\" rel=\"noopener\">\u0111\u1ed9 c\u1ee9ng<\/a> , \u0111\u1ed9 c\u1ee9ng v\u00e0 \u1ee9ng su\u1ea5t b\u00ean trong. Kh\u00f4ng gi\u1ed1ng nh\u01b0 c\u00e1c ph\u01b0\u01a1ng ph\u00e1p th\u00f4ng th\u01b0\u1eddng, \u1ee7 c\u1ea3m \u1ee9ng t\u1ea1o ra nhi\u1ec7t tr\u1ef1c ti\u1ebfp b\u00ean trong ph\u00f4i b\u1eb1ng c\u00e1ch s\u1eed d\u1ee5ng c\u00e1c tr\u01b0\u1eddng \u0111i\u1ec7n t\u1eeb xen k\u1ebd. B\u1ea1n c\u00f3 th\u1ec3 s\u1eed d\u1ee5ng c\u1ea3m \u1ee9ng \u0111\u1ec3 \u1ee7 c\u00e1c b\u1ed9 ph\u1eadn tr\u00ean m\u1ed9t d\u00e2y chuy\u1ec1n chuy\u1ec3n \u0111\u1ed9ng li\u00ean t\u1ee5c m\u1ed9t c\u00e1ch nhanh ch\u00f3ng. N\u00f3 c\u00f3 th\u1ec3 \u0111\u01b0\u1ee3c th\u1ef1c hi\u1ec7n tr\u00ean c\u00e1c b\u1ed9 ph\u1eadn ri\u00eang l\u1ebb, nh\u01b0 v\u1ecf b\u1ecdc, ho\u1eb7c theo h\u00e0ng v\u1edbi m\u00e1y phay \u0111\u1ec3 k\u00e9o d\u00e2y ho\u1eb7c \u1ed1ng. Vi\u1ec7c lo\u1ea1i b\u1ecf n\u00fat th\u1eaft c\u1ed5 chai do l\u00f2 nung g\u00e2y ra kh\u1ecfi d\u00e2y chuy\u1ec1n s\u1ea3n xu\u1ea5t cho ph\u00e9p c\u00e1c nh\u00e0 s\u1ea3n xu\u1ea5t linh ho\u1ea1t h\u01a1n trong vi\u1ec7c ki\u1ec3m so\u00e1t t\u1ed1c \u0111\u1ed9 d\u00e2y chuy\u1ec1n c\u1ee7a h\u1ecd v\u00e0 gi\u1ea3m th\u1eddi gian nh\u00e0n r\u1ed7i \u1edf c\u00e1c giai \u0111o\u1ea1n kh\u00e1c trong quy tr\u00ecnh. Ng\u00e0nh c\u00f4ng nghi\u1ec7p d\u00e2y v\u00e0 c\u00e1p th\u01b0\u1eddng s\u1eed d\u1ee5ng c\u00e1c thi\u1ebft b\u1ecb \u1ee7 c\u1ea3m \u1ee9ng \u0111\u1ec3 \u1ee7 d\u00e2y \u1edf gi\u1eefa v\u00e0 sau b\u01b0\u1edbc \u1ee7 \u0111\u1ec3 c\u1ea3i thi\u1ec7n t\u00ednh d\u1ec5 u\u1ed1n v\u00e0 \u0111\u1ed9 d\u1eabn \u0111i\u1ec7n. N\u00f3 ph\u00f9 h\u1ee3p v\u1edbi c\u00e1c d\u00e2y chuy\u1ec1n cu\u1ed9n v\u00e0 c\u00e1n t\u1ed1c \u0111\u1ed9 cao hi\u1ec7n \u0111\u1ea1i. S\u1ea3n xu\u1ea5t \u1ed1ng th\u01b0\u1eddng y\u00eau c\u1ea7u \u1ee7 t\u1ea1i th\u1eddi \u0111i\u1ec3m \u0111\u00f3 ho\u1eb7c sau khi t\u1ea1o h\u00ecnh ho\u1eb7c s\u01a1n. C\u1ea3 <a href=\"https:\/\/www.focoinduction.com\/what-are-the-benefits-of-induction-annealing-of-steel-pipe-welds\/\" target=\"_blank\" rel=\"noopener\">\u1ed1ng n\u1ed1i v\u00e0 \u1ed1ng li\u1ec1n m\u1ea1ch \u0111\u1ec1u c\u00f3 th\u1ec3 c\u1ea7n ph\u1ea3i \u1ee7<\/a> \u0111\u1ec3 \u0111\u1ea3m b\u1ea3o s\u1ea3n ph\u1ea9m c\u00f3 t\u00ednh ch\u1ea5t \u0111\u1ed3ng nh\u1ea5t v\u00e0 kim lo\u1ea1i mong mu\u1ed1n.<\/p>\n<\/div><div class=\"fusion-text fusion-text-4\"><p><a href=\"https:\/\/www.focoinduction.com\/induction-heating-applications\/induction-annealing\/\" target=\"_blank\" rel=\"noopener\"><em>Xem c\u00e1c d\u1ef1 \u00e1n \u1ee7 c\u1ea3m \u1ee9ng c\u1ee7a ch\u00fang t\u00f4i.<\/em><\/a><\/p>\n<\/div><\/div><\/div><div class=\"fusion-layout-column fusion_builder_column fusion-builder-column-3 fusion_builder_column_1_1 1_1 fusion-flex-column\" style=\"--awb-bg-size:cover;--awb-width-large:100%;--awb-margin-top-large:0px;--awb-spacing-right-large:1.92%;--awb-margin-bottom-large:20px;--awb-spacing-left-large:1.92%;--awb-width-medium:100%;--awb-order-medium:0;--awb-spacing-right-medium:1.92%;--awb-spacing-left-medium:1.92%;--awb-width-small:100%;--awb-order-small:0;--awb-spacing-right-small:1.92%;--awb-spacing-left-small:1.92%;\"><div class=\"fusion-column-wrapper fusion-column-has-shadow fusion-flex-justify-content-flex-start fusion-content-layout-column\"><div class=\"fusion-text fusion-text-5\"><h2>L\u1ee3i \u00edch c\u1ee7a \u1ee7 c\u1ea3m \u1ee9ng<\/h2>\n<p>M\u1eb7c d\u00f9 ch\u1ee7 y\u1ebfu \u0111\u01b0\u1ee3c s\u1eed d\u1ee5ng \u0111\u1ec3 \u1ee7 v\u1edbi v\u1eadt li\u1ec7u m\u1ec1m h\u01a1n, gi\u1ea3m \u1ee9ng su\u1ea5t, c\u1ea3m \u1ee9ng c\u00f3 <a href=\"https:\/\/www.focoinduction.com\/what-are-the-benefits-of-induction-annealing\/\" target=\"_blank\" rel=\"noopener\">nh\u1eefng \u01b0u \u0111i\u1ec3m<\/a> tuy\u1ec7t v\u1eddi so v\u1edbi c\u00e1c ph\u01b0\u01a1ng ph\u00e1p th\u00f4ng th\u01b0\u1eddng. Gia nhi\u1ec7t c\u1ea3m \u1ee9ng s\u1eed d\u1ee5ng \u00edt n\u0103ng l\u01b0\u1ee3ng h\u01a1n so v\u1edbi c\u00e1c k\u1ef9 thu\u1eadt gia nhi\u1ec7t b\u1eb1ng ng\u1ecdn l\u1eeda v\u00e0 l\u00f2 n\u01b0\u1edbng. Tuy nhi\u00ean, n\u00f3 t\u1ea1o ra nhi\u1ec7t \u0111\u1ed9 \u0111\u01b0\u1ee3c ki\u1ec3m so\u00e1t ch\u00ednh x\u00e1c v\u00e0 c\u00f3 th\u1ec3 thay \u0111\u1ed5i nhi\u1ec7t ch\u00ednh x\u00e1c tr\u00ean to\u00e0n b\u1ed9 chi\u1ec1u d\u00e0i c\u1ee7a v\u1ecf. Gia nhi\u1ec7t c\u1ea3m \u1ee9ng \u0111\u1ea3m b\u1ea3o r\u1eb1ng m\u1ecdi tr\u01b0\u1eddng h\u1ee3p \u0111\u1ec1u \u0111\u01b0\u1ee3c \u1ee7 ch\u1ea5t l\u01b0\u1ee3ng, gi\u1ea3m c\u00e1c bi\u1ebfn th\u1ec3 v\u00e0 h\u01b0 h\u1ecfng th\u01b0\u1eddng g\u1eb7p trong c\u00e1c quy tr\u00ecnh \u1ee7 kh\u1ed1i l\u01b0\u1ee3ng l\u1edbn.<\/p>\n<\/div><\/div><\/div><\/div><\/div>\n","protected":false},"excerpt":{"rendered":"","protected":false},"author":1,"featured_media":9256,"parent":9271,"menu_order":0,"comment_status":"closed","ping_status":"closed","template":"","meta":{"footnotes":""},"class_list":["post-9254","page","type-page","status-publish","has-post-thumbnail","hentry"],"_links":{"self":[{"href":"https:\/\/www.focoinduction.com\/vi\/wp-json\/wp\/v2\/pages\/9254","targetHints":{"allow":["GET"]}}],"collection":[{"href":"https:\/\/www.focoinduction.com\/vi\/wp-json\/wp\/v2\/pages"}],"about":[{"href":"https:\/\/www.focoinduction.com\/vi\/wp-json\/wp\/v2\/types\/page"}],"author":[{"embeddable":true,"href":"https:\/\/www.focoinduction.com\/vi\/wp-json\/wp\/v2\/users\/1"}],"replies":[{"embeddable":true,"href":"https:\/\/www.focoinduction.com\/vi\/wp-json\/wp\/v2\/comments?post=9254"}],"version-history":[{"count":0,"href":"https:\/\/www.focoinduction.com\/vi\/wp-json\/wp\/v2\/pages\/9254\/revisions"}],"up":[{"embeddable":true,"href":"https:\/\/www.focoinduction.com\/vi\/wp-json\/wp\/v2\/pages\/9271"}],"wp:featuredmedia":[{"embeddable":true,"href":"https:\/\/www.focoinduction.com\/vi\/wp-json\/wp\/v2\/media\/9256"}],"wp:attachment":[{"href":"https:\/\/www.focoinduction.com\/vi\/wp-json\/wp\/v2\/media?parent=9254"}],"curies":[{"name":"wp","href":"https:\/\/api.w.org\/{rel}","templated":true}]}}