{"id":9355,"date":"2022-10-04T09:57:54","date_gmt":"2022-10-04T01:57:54","guid":{"rendered":"https:\/\/www.focoinduction.com\/tim-hieu-ve-he-thong-suoi-am-cam-ung\/han-cam-ung-la-gi-2\/"},"modified":"2025-01-02T10:37:35","modified_gmt":"2025-01-02T02:37:35","slug":"han-cam-ung-la-gi-2","status":"publish","type":"page","link":"https:\/\/www.focoinduction.com\/vi\/tim-hieu-ve-he-thong-suoi-am-cam-ung\/han-cam-ung-la-gi-2\/","title":{"rendered":"H\u00e0n c\u1ea3m \u1ee9ng l\u00e0 g\u00ec"},"content":{"rendered":"<div class=\"fusion-fullwidth fullwidth-box fusion-builder-row-1 fusion-flex-container has-pattern-background has-mask-background nonhundred-percent-fullwidth non-hundred-percent-height-scrolling\" style=\"--awb-border-radius-top-left:0px;--awb-border-radius-top-right:0px;--awb-border-radius-bottom-right:0px;--awb-border-radius-bottom-left:0px;--awb-flex-wrap:wrap;\" ><div class=\"fusion-builder-row fusion-row fusion-flex-align-items-flex-start fusion-flex-content-wrap\" style=\"max-width:1248px;margin-left: calc(-4% \/ 2 );margin-right: calc(-4% \/ 2 );\"><div class=\"fusion-layout-column fusion_builder_column fusion-builder-column-0 fusion_builder_column_1_1 1_1 fusion-flex-column\" style=\"--awb-bg-size:cover;--awb-width-large:100%;--awb-margin-top-large:0px;--awb-spacing-right-large:1.92%;--awb-margin-bottom-large:20px;--awb-spacing-left-large:1.92%;--awb-width-medium:100%;--awb-order-medium:0;--awb-spacing-right-medium:1.92%;--awb-spacing-left-medium:1.92%;--awb-width-small:100%;--awb-order-small:0;--awb-spacing-right-small:1.92%;--awb-spacing-left-small:1.92%;\"><div class=\"fusion-column-wrapper fusion-column-has-shadow fusion-flex-justify-content-flex-start fusion-content-layout-column\"><div class=\"fusion-text fusion-text-1\"><p>FOCO cung c\u1ea5p kh\u1ea3 n\u0103ng h\u00e0n s\u1ea1ch, c\u00f3 th\u1ec3 l\u1eb7p l\u1ea1i tr\u00ean nhi\u1ec1u b\u1ed9 ph\u1eadn kh\u00e1c nhau. V\u00ec chu k\u1ef3 gia nhi\u1ec7t c\u1ea3m \u1ee9ng ng\u1eafn h\u01a1n nhi\u1ec1u so v\u1edbi h\u00e0n b\u1eb1ng ng\u1ecdn l\u1eeda, n\u00ean c\u00f3 th\u1ec3 x\u1eed l\u00fd nhi\u1ec1u th\u00e0nh ph\u1ea7n h\u01a1n trong c\u00f9ng m\u1ed9t kho\u1ea3ng th\u1eddi gian, v\u1edbi l\u01b0\u1ee3ng nhi\u1ec7t t\u1ecfa ra m\u00f4i tr\u01b0\u1eddng xung quanh \u00edt h\u01a1n. Ngo\u00e0i ra, kh\u00f4ng c\u00f3 ng\u1ecdn l\u1eeda h\u1edf, c\u00f3 th\u1ec3 c\u1ea7n th\u00f4ng gi\u00f3 th\u00eam. Do \u0111\u00f3, c\u00f4ng ngh\u1ec7 c\u1ea3m \u1ee9ng an to\u00e0n h\u01a1n nhi\u1ec1u cho ng\u01b0\u1eddi v\u1eadn h\u00e0nh.<\/p>\n<\/div><\/div><\/div><div class=\"fusion-layout-column fusion_builder_column fusion-builder-column-1 fusion_builder_column_1_1 1_1 fusion-flex-column\" style=\"--awb-bg-size:cover;--awb-width-large:100%;--awb-margin-top-large:0px;--awb-spacing-right-large:1.92%;--awb-margin-bottom-large:20px;--awb-spacing-left-large:1.92%;--awb-width-medium:100%;--awb-order-medium:0;--awb-spacing-right-medium:1.92%;--awb-spacing-left-medium:1.92%;--awb-width-small:100%;--awb-order-small:0;--awb-spacing-right-small:1.92%;--awb-spacing-left-small:1.92%;\"><div class=\"fusion-column-wrapper fusion-column-has-shadow fusion-flex-justify-content-flex-start fusion-content-layout-column\"><div class=\"fusion-text fusion-text-2\"><h2>H\u00e0n c\u1ea3m \u1ee9ng l\u00e0 g\u00ec v\u00e0 n\u00f3 ho\u1ea1t \u0111\u1ed9ng nh\u01b0 th\u1ebf n\u00e0o?<\/h2>\n<p>H\u00e0n c\u1ea3m \u1ee9ng l\u00e0 ph\u01b0\u01a1ng ph\u00e1p h\u00e0n c\u00e1c v\u1eadt th\u1ec3 kim lo\u1ea1i kh\u00e1c nhau b\u1eb1ng c\u00e1ch nung ch\u1ea3y v\u00e0 cho ph\u00e9p kim lo\u1ea1i ph\u1ee5 (h\u00e0n) ch\u1ea3y qua giao di\u1ec7n c\u1ee7a m\u1ed1i h\u00e0n. Kim lo\u1ea1i ph\u1ee5 (h\u00e0n) c\u00f3 nhi\u1ec7t \u0111\u1ed9 n\u00f3ng ch\u1ea3y th\u1ea5p h\u01a1n chi ti\u1ebft \u0111ang \u0111\u01b0\u1ee3c l\u1eafp r\u00e1p. H\u00e0n c\u1ea3m \u1ee9ng l\u00e0m n\u00f3ng chi ti\u1ebft tr\u00ean t\u1ea5m t\u1ea7n s\u1ed1 v\u00f4 tuy\u1ebfn (RF), kh\u00f4ng ti\u1ebfp x\u00fac v\u1eadt l\u00fd v\u1edbi chi ti\u1ebft.<\/p>\n<\/div><\/div><\/div><div class=\"fusion-layout-column fusion_builder_column fusion-builder-column-2 fusion_builder_column_1_1 1_1 fusion-flex-column\" style=\"--awb-bg-size:cover;--awb-width-large:100%;--awb-margin-top-large:0px;--awb-spacing-right-large:1.92%;--awb-margin-bottom-large:20px;--awb-spacing-left-large:1.92%;--awb-width-medium:100%;--awb-order-medium:0;--awb-spacing-right-medium:1.92%;--awb-spacing-left-medium:1.92%;--awb-width-small:100%;--awb-order-small:0;--awb-spacing-right-small:1.92%;--awb-spacing-left-small:1.92%;\"><div class=\"fusion-column-wrapper fusion-column-has-shadow fusion-flex-justify-content-flex-start fusion-content-layout-column\"><div class=\"fusion-text fusion-text-3\"><h2>\u1ee8ng d\u1ee5ng c\u1ee7a h\u00e0n c\u1ea3m \u1ee9ng<\/h2>\n<p>H\u00e0n \u0111\u00e3 \u0111\u01b0\u1ee3c s\u1eed d\u1ee5ng trong nhi\u1ec1u th\u1ebf k\u1ef7 v\u00ec kh\u1ea3 n\u0103ng l\u00e0m cho hai m\u1ea3nh kim lo\u1ea1i d\u00ednh ch\u1eb7t v\u00e0o nhau v\u0129nh vi\u1ec5n. C\u00f3 trong nhi\u1ec1u ng\u00e0nh c\u00f4ng nghi\u1ec7p, t\u1eeb k\u1ef9 thu\u1eadt \u0111\u1ebfn h\u1ec7 th\u1ed1ng \u1ed1ng n\u01b0\u1edbc &#8211; h\u00e0n l\u00e0 ph\u01b0\u01a1ng ph\u00e1p kh\u00f4ng th\u1ec3 thay th\u1ebf v\u00ec t\u00ednh linh ho\u1ea1t v\u00e0 \u1ee9ng d\u1ee5ng linh ho\u1ea1t c\u1ee7a n\u00f3. H\u00e0n c\u1ea3m \u1ee9ng c\u00f3 nhi\u1ec1u \u1ee9ng d\u1ee5ng kh\u00e1c nhau, \u0111\u1eb7c bi\u1ec7t l\u00e0 trong ng\u00e0nh c\u00f4ng nghi\u1ec7p \u00f4 t\u00f4, b\u1ea3ng m\u1ea1ch, \u0111\u01b0\u1eddng \u1ed1ng, \u0111\u1ed3 trang s\u1ee9c v\u00e0 HVAC.<\/p>\n<\/div><\/div><\/div><div class=\"fusion-layout-column fusion_builder_column fusion-builder-column-3 fusion_builder_column_1_1 1_1 fusion-flex-column\" style=\"--awb-bg-size:cover;--awb-width-large:100%;--awb-margin-top-large:0px;--awb-spacing-right-large:1.92%;--awb-margin-bottom-large:20px;--awb-spacing-left-large:1.92%;--awb-width-medium:100%;--awb-order-medium:0;--awb-spacing-right-medium:1.92%;--awb-spacing-left-medium:1.92%;--awb-width-small:100%;--awb-order-small:0;--awb-spacing-right-small:1.92%;--awb-spacing-left-small:1.92%;\"><div class=\"fusion-column-wrapper fusion-column-has-shadow fusion-flex-justify-content-flex-start fusion-content-layout-column\"><div class=\"fusion-text fusion-text-4\"><h2>L\u1ee3i \u00edch c\u1ee7a vi\u1ec7c h\u00e0n<\/h2>\n<p>C\u00e1c \u1ee9ng d\u1ee5ng h\u00e0n c\u00f3 th\u1eddi gian l\u00e0m n\u00f3ng nhanh h\u01a1n nhi\u1ec1u so v\u1edbi nung b\u1eb1ng ng\u1ecdn l\u1eeda ho\u1eb7c nung b\u1eb1ng l\u00f2. \u0110\u00f3 l\u00e0 m\u1ed9t l\u00fd do t\u1ea1i sao h\u00e0n c\u00f3 th\u1ec3 c\u00f3 l\u1ee3i cho c\u00e1c b\u1ed9 ph\u1eadn nh\u1ecf h\u01a1n, tinh t\u1ebf h\u01a1n c\u00f3 th\u1ec3 b\u1ecb h\u01b0 h\u1ecfng \u1edf nhi\u1ec7t \u0111\u1ed9 cao h\u01a1n. C\u1ea3m \u1ee9ng cung c\u1ea5p nhi\u1ec1u l\u1ee3i th\u1ebf h\u01a1n khi n\u00f3i \u0111\u1ebfn c\u00e1c \u1ee9ng d\u1ee5ng h\u00e0n.  <\/p>\n<ul>\n<li>Qu\u00e1 tr\u00ecnh h\u00e0n c\u1ea3m \u1ee9ng c\u00f3 th\u1ec3 \u0111\u01b0\u1ee3c l\u1eb7p l\u1ea1i.<\/li>\n<li>M\u1ed1i h\u00e0n lu\u00f4n \u0111\u1ed3ng \u0111\u1ec1u h\u01a1n.<\/li>\n<li>M\u1ed1i n\u1ed1i \u0111\u1ed3ng \u0111\u1ec1u c\u00f3 th\u1ec3 r\u1ea5t quan tr\u1ecdng \u0111\u1ed1i v\u1edbi c\u00e1c b\u1ed9 ph\u1eadn d\u1eabn \u0111i\u1ec7n.<\/li>\n<li>C\u00f4ng ngh\u1ec7 gia nhi\u1ec7t c\u1ea3m \u1ee9ng cho \u1ee9ng d\u1ee5ng h\u00e0n c\u00f3 th\u1ec3 d\u1ec5 d\u00e0ng th\u00edch \u1ee9ng v\u1edbi c\u00e1c ph\u01b0\u01a1ng ph\u00e1p l\u1eafp r\u00e1p tr\u00ean d\u00e2y chuy\u1ec1n l\u1eafp r\u00e1p, cho ph\u00e9p b\u1ed1 tr\u00ed thi\u1ebft b\u1ecb m\u1ed9t c\u00e1ch chi\u1ebfn l\u01b0\u1ee3c tr\u00ean d\u00e2y chuy\u1ec1n l\u1eafp r\u00e1p v\u00e0 khi c\u1ea7n thi\u1ebft, c\u00f3 th\u1ec3 gia nhi\u1ec7t b\u1eb1ng \u0111i\u1ec1u khi\u1ec3n t\u1eeb xa.<\/li>\n<li>H\u00e0n c\u1ea3m \u1ee9ng t\u1ea1o ra c\u00e1c m\u1ed1i h\u00e0n m\u1ecbn, \u0111\u1ea7y \u0111\u1eb7n v\u1edbi v\u1ebb ngo\u00e0i \u0111\u1eb9p m\u1eaft v\u00e0 \u0111\u1ed9 tin c\u1eady cao.<\/li>\n<\/ul>\n<\/div><\/div><\/div><div class=\"fusion-layout-column fusion_builder_column fusion-builder-column-4 fusion_builder_column_1_1 1_1 fusion-flex-column\" style=\"--awb-bg-size:cover;--awb-width-large:100%;--awb-margin-top-large:0px;--awb-spacing-right-large:1.92%;--awb-margin-bottom-large:20px;--awb-spacing-left-large:1.92%;--awb-width-medium:100%;--awb-order-medium:0;--awb-spacing-right-medium:1.92%;--awb-spacing-left-medium:1.92%;--awb-width-small:100%;--awb-order-small:0;--awb-spacing-right-small:1.92%;--awb-spacing-left-small:1.92%;\"><div class=\"fusion-column-wrapper fusion-column-has-shadow fusion-flex-justify-content-flex-start fusion-content-layout-column\"><div class=\"fusion-text fusion-text-5\"><h2>S\u1ef1 kh\u00e1c bi\u1ec7t gi\u1eefa h\u00e0n v\u00e0 h\u00e0n \u0111\u1ed3ng<\/h2>\n<p>H\u00e0n li\u00ean quan \u0111\u1ebfn vi\u1ec7c nung ch\u1ea3y h\u1ee3p kim n\u1ed1i gi\u1eefa c\u00e1c b\u1ed9 ph\u1eadn kim lo\u1ea1i \u0111ang \u0111\u01b0\u1ee3c n\u1ed1i. N\u1ebfu b\u1ec1 m\u1eb7t nh\u1eb5n, c\u00e1c ti\u1ebfp \u0111i\u1ec3m \u0111\u01b0\u1ee3c t\u1ea1o ra v\u00e0 h\u1ee3p kim n\u1ed1i \u0111\u01b0\u1ee3c tr\u1ed9n v\u00e0o t\u1eebng b\u1ec1 m\u1eb7t, t\u1ea1o ra m\u1ed1i n\u1ed1i c\u1ee9ng l\u1ea1i khi ngu\u1ed9i. H\u00e0n c\u1ea3m \u1ee9ng \u0111\u00e3 ch\u1ee9ng minh l\u00e0 m\u1ed9t tr\u1ee3 th\u1ee7 \u0111\u1eafc l\u1ef1c cho c\u00e1c quy tr\u00ecnh n\u1ed1i v\u00ec nhi\u1ec1u l\u00fd do. Trong s\u1ed1 \u0111\u00f3 c\u00f3 l\u00e0m n\u00f3ng nhanh v\u00e0 ki\u1ec3m so\u00e1t nhi\u1ec7t ch\u00ednh x\u00e1c. L\u00e0m n\u00f3ng nhanh v\u00e0 ki\u1ec3m so\u00e1t nhi\u1ec7t ch\u00ednh x\u00e1c cung c\u1ea5p kh\u1ea3 n\u0103ng l\u00e0m n\u00f3ng c\u1ee5c b\u1ed9 \u0111\u1ec3 li\u00ean k\u1ebft c\u00e1c th\u00e0nh ph\u1ea7n c\u00f3 \u0111\u1ed9 b\u1ec1n cao h\u01a1n, y\u00eau c\u1ea7u l\u00e0m m\u1ecfng t\u1ed1i thi\u1ec3u. <a href=\"https:\/\/www.focoinduction.com\/vi\/tim-hieu-ve-he-thong-suoi-am-cam-ung\/han-cam-ung-la-gi\/\" target=\"_blank\" rel=\"noopener\">H\u00e0n<\/a> li\u00ean quan \u0111\u1ebfn vi\u1ec7c t\u1ea1o ra nhi\u1ec7t b\u00ean trong m\u1ed9t b\u1ed9 ph\u1eadn, kh\u00f4ng gi\u1ed1ng nh\u01b0 l\u00f2 nung ho\u1eb7c gia nhi\u1ec7t b\u1eb1ng ng\u1ecdn l\u1eeda, trong \u0111\u00f3 ch\u1ec9 c\u00f3 b\u1ec1 m\u1eb7t \u0111\u01b0\u1ee3c l\u00e0m n\u00f3ng b\u1eb1ng \u0111\u1ed1i l\u01b0u. \u0110\u1ed9 ch\u00ednh x\u00e1c c\u1ee7a h\u00e0n cho ph\u00e9p l\u00e0m n\u00f3ng c\u00e1c ph\u1ea7n nh\u1ecf c\u1ee7a b\u1ed9 ph\u1eadn. V\u1edbi c\u1ea3 h\u00e0n v\u00e0 h\u00e0n, kim lo\u1ea1i h\u00e0n \u0111\u01b0\u1ee3c s\u1eed d\u1ee5ng c\u00f3 nhi\u1ec7t \u0111\u1ed9 n\u00f3ng ch\u1ea3y th\u1ea5p h\u01a1n nhi\u1ec7t \u0111\u1ed9 h\u00e0n c\u1ee7a c\u00e1c b\u1ed9 ph\u1eadn kim lo\u1ea1i \u0111\u01b0\u1ee3c n\u1ed1i. Cu\u1ed9n d\u00e2y t\u1ea1o ra t\u1eeb tr\u01b0\u1eddng l\u00e0m n\u00f3ng v\u1eadt li\u1ec7u c\u01a1 b\u1ea3n, l\u00e0m n\u00f3ng ch\u1ea3y kim lo\u1ea1i h\u00e0n.<\/p>\n<\/div><div class=\"fusion-text fusion-text-6\" style=\"--awb-text-transform:capitalize;\"><p><em><a href=\"https:\/\/www.focoinduction.com\/contact\/\" target=\"_blank\" rel=\"noopener\">H\u00e3y li\u00ean h\u1ec7 v\u1edbi ch\u00fang t\u00f4i ngay h\u00f4m nay \u0111\u1ec3 th\u1ea3o lu\u1eadn v\u1ec1 d\u1ef1 \u00e1n h\u00e0n c\u1ee7a b\u1ea1n.<\/a><\/em><\/p>\n<\/div><\/div><\/div><\/div><\/div>\n","protected":false},"excerpt":{"rendered":"","protected":false},"author":1,"featured_media":9356,"parent":9271,"menu_order":0,"comment_status":"closed","ping_status":"closed","template":"","meta":{"footnotes":""},"class_list":["post-9355","page","type-page","status-publish","has-post-thumbnail","hentry"],"_links":{"self":[{"href":"https:\/\/www.focoinduction.com\/vi\/wp-json\/wp\/v2\/pages\/9355","targetHints":{"allow":["GET"]}}],"collection":[{"href":"https:\/\/www.focoinduction.com\/vi\/wp-json\/wp\/v2\/pages"}],"about":[{"href":"https:\/\/www.focoinduction.com\/vi\/wp-json\/wp\/v2\/types\/page"}],"author":[{"embeddable":true,"href":"https:\/\/www.focoinduction.com\/vi\/wp-json\/wp\/v2\/users\/1"}],"replies":[{"embeddable":true,"href":"https:\/\/www.focoinduction.com\/vi\/wp-json\/wp\/v2\/comments?post=9355"}],"version-history":[{"count":0,"href":"https:\/\/www.focoinduction.com\/vi\/wp-json\/wp\/v2\/pages\/9355\/revisions"}],"up":[{"embeddable":true,"href":"https:\/\/www.focoinduction.com\/vi\/wp-json\/wp\/v2\/pages\/9271"}],"wp:featuredmedia":[{"embeddable":true,"href":"https:\/\/www.focoinduction.com\/vi\/wp-json\/wp\/v2\/media\/9356"}],"wp:attachment":[{"href":"https:\/\/www.focoinduction.com\/vi\/wp-json\/wp\/v2\/media?parent=9355"}],"curies":[{"name":"wp","href":"https:\/\/api.w.org\/{rel}","templated":true}]}}