{"id":9370,"date":"2022-10-05T11:02:30","date_gmt":"2022-10-05T03:02:30","guid":{"rendered":"https:\/\/www.focoinduction.com\/dich-vu-gia-nhiet-cam-ung\/"},"modified":"2025-01-02T10:37:36","modified_gmt":"2025-01-02T02:37:36","slug":"dich-vu-gia-nhiet-cam-ung","status":"publish","type":"page","link":"https:\/\/www.focoinduction.com\/vi\/dich-vu-gia-nhiet-cam-ung\/","title":{"rendered":"D\u1ecbch v\u1ee5 gia nhi\u1ec7t c\u1ea3m \u1ee9ng"},"content":{"rendered":"<p><div class=\"fusion-fullwidth fullwidth-box fusion-builder-row-1 fusion-flex-container has-pattern-background has-mask-background nonhundred-percent-fullwidth non-hundred-percent-height-scrolling\" style=\"--awb-border-radius-top-left:0px;--awb-border-radius-top-right:0px;--awb-border-radius-bottom-right:0px;--awb-border-radius-bottom-left:0px;--awb-flex-wrap:wrap;\" ><div class=\"fusion-builder-row fusion-row fusion-flex-align-items-flex-start fusion-flex-content-wrap\" style=\"max-width:1248px;margin-left: calc(-4% \/ 2 );margin-right: calc(-4% \/ 2 );\"><div class=\"fusion-layout-column fusion_builder_column fusion-builder-column-0 fusion_builder_column_1_1 1_1 fusion-flex-column\" style=\"--awb-bg-size:cover;--awb-width-large:100%;--awb-margin-top-large:0px;--awb-spacing-right-large:1.92%;--awb-margin-bottom-large:20px;--awb-spacing-left-large:1.92%;--awb-width-medium:100%;--awb-order-medium:0;--awb-spacing-right-medium:1.92%;--awb-spacing-left-medium:1.92%;--awb-width-small:100%;--awb-order-small:0;--awb-spacing-right-small:1.92%;--awb-spacing-left-small:1.92%;\"><div class=\"fusion-column-wrapper fusion-column-has-shadow fusion-flex-justify-content-flex-start fusion-content-layout-column\"><div class=\"fusion-text fusion-text-1\"><h2>FOCO cung c\u1ea5p c\u00e1c gi\u1ea3i ph\u00e1p gia nhi\u1ec7t c\u1ea3m \u1ee9ng ho\u00e0n ch\u1ec9nh.<\/h2>\n<h3>D\u1ecbch v\u1ee5 thi\u1ebft k\u1ebf, x\u00e2y d\u1ef1ng, s\u1eeda ch\u1eefa v\u00e0 t\u01b0 v\u1ea5n<\/h3>\n<p>Nh\u00e0 s\u1ea3n xu\u1ea5t thi\u1ebft b\u1ecb gia nhi\u1ec7t c\u1ea3m \u1ee9ng ch\u1ea5t l\u01b0\u1ee3ng cao, ch\u00eca kh\u00f3a trao tay, ho\u00e0n to\u00e0n t\u1ef1 \u0111\u1ed9ng, \u0111a n\u0103ng chuy\u00ean v\u1ec1 t\u00e2n trang v\u00e0 s\u1ea3n xu\u1ea5t cu\u1ed9n c\u1ea3m t\u00f9y ch\u1ec9nh. Ch\u00fang t\u00f4i l\u00e0m vi\u1ec7c v\u1edbi nhi\u1ec1u cu\u1ed9n d\u00e2y cho c\u00e1c \u1ee9ng d\u1ee5ng n\u1ea5u ch\u1ea3y c\u1ea3m \u1ee9ng v\u00e0 c\u00f3 th\u1ec3 t\u00f9y ch\u1ec9nh g\u00f3i cu\u1ed9n d\u00e2y c\u1ee7a b\u1ea1n \u0111\u1ec3 t\u1ed1i \u0111a h\u00f3a hi\u1ec7u su\u1ea5t v\u00e0 ch\u1ea5t l\u01b0\u1ee3ng s\u1ea3n ph\u1ea9m. Kh\u00f4ng c\u00f3 d\u1ef1 \u00e1n n\u00e0o l\u00e0 qu\u00e1 kh\u00f3. Ch\u00fang t\u00f4i hoan ngh\u00eanh nh\u1eefng th\u00e1ch th\u1ee9c v\u1ec1 gia nhi\u1ec7t c\u1ea3m \u1ee9ng c\u1ee7a b\u1ea1n.<\/p>\n<\/div><\/div><\/div><\/div><\/div><div class=\"fusion-fullwidth fullwidth-box fusion-builder-row-2 fusion-flex-container has-pattern-background has-mask-background nonhundred-percent-fullwidth non-hundred-percent-height-scrolling\" style=\"--awb-border-sizes-top:2px;--awb-border-color:#ff9600;--awb-border-radius-top-left:0px;--awb-border-radius-top-right:0px;--awb-border-radius-bottom-right:0px;--awb-border-radius-bottom-left:0px;--awb-padding-top:20px;--awb-padding-bottom:30px;--awb-flex-wrap:wrap;\" ><div class=\"fusion-builder-row fusion-row fusion-flex-align-items-stretch fusion-flex-content-wrap\" style=\"max-width:1248px;margin-left: calc(-4% \/ 2 );margin-right: calc(-4% \/ 2 );\"><div class=\"fusion-layout-column fusion_builder_column fusion-builder-column-1 fusion_builder_column_2_5 2_5 fusion-flex-column\" style=\"--awb-bg-size:cover;--awb-width-large:40%;--awb-margin-top-large:0px;--awb-spacing-right-large:4.8%;--awb-margin-bottom-large:20px;--awb-spacing-left-large:4.8%;--awb-width-medium:40%;--awb-order-medium:0;--awb-spacing-right-medium:4.8%;--awb-spacing-left-medium:4.8%;--awb-width-small:100%;--awb-order-small:0;--awb-spacing-right-small:1.92%;--awb-spacing-left-small:1.92%;\"><div class=\"fusion-column-wrapper fusion-column-has-shadow fusion-flex-justify-content-flex-start fusion-content-layout-column\"><div class=\"fusion-image-element \" style=\"--awb-caption-title-font-family:var(--h2_typography-font-family);--awb-caption-title-font-weight:var(--h2_typography-font-weight);--awb-caption-title-font-style:var(--h2_typography-font-style);--awb-caption-title-size:var(--h2_typography-font-size);--awb-caption-title-transform:var(--h2_typography-text-transform);--awb-caption-title-line-height:var(--h2_typography-line-height);--awb-caption-title-letter-spacing:var(--h2_typography-letter-spacing);\"><span class=\" fusion-imageframe imageframe-none imageframe-1 hover-type-none\"><a class=\"fusion-no-lightbox\" href=\"https:\/\/www.focoinduction.com\/vi\/tu-van-ung-dung-cam-ung\/\" target=\"_blank\" aria-label=\"induction heating consulting\" rel=\"noopener noreferrer\"><img decoding=\"async\" width=\"600\" height=\"302\" alt=\"t\u01b0 v\u1ea5n h\u1ec7 th\u1ed1ng s\u01b0\u1edfi \u1ea5m c\u1ea3m \u1ee9ng\" src=\"https:\/\/www.focoinduction.com\/wp-content\/uploads\/2022\/10\/induction-heating-consulting-600x302.jpg\" class=\"img-responsive wp-image-8736\" srcset=\"https:\/\/www.focoinduction.com\/wp-content\/uploads\/2022\/10\/induction-heating-consulting-200x101.jpg 200w, https:\/\/www.focoinduction.com\/wp-content\/uploads\/2022\/10\/induction-heating-consulting-400x201.jpg 400w, https:\/\/www.focoinduction.com\/wp-content\/uploads\/2022\/10\/induction-heating-consulting-600x302.jpg 600w, https:\/\/www.focoinduction.com\/wp-content\/uploads\/2022\/10\/induction-heating-consulting.jpg 765w\" sizes=\"(max-width: 768px) 100vw, 600px\" \/><\/a><\/span><\/div><\/div><\/div><div class=\"fusion-layout-column fusion_builder_column fusion-builder-column-2 fusion_builder_column_3_5 3_5 fusion-flex-column fusion-column-inner-bg-wrapper fusion-column-liftup-border\" style=\"--awb-inner-bg-size:cover;--awb-width-large:60%;--awb-margin-top-large:0px;--awb-spacing-right-large:3.2%;--awb-margin-bottom-large:20px;--awb-spacing-left-large:3.2%;--awb-width-medium:60%;--awb-order-medium:0;--awb-spacing-right-medium:3.2%;--awb-spacing-left-medium:3.2%;--awb-width-small:100%;--awb-order-small:0;--awb-spacing-right-small:1.92%;--awb-spacing-left-small:1.92%;\"><span class=\"fusion-column-inner-bg hover-type-liftup\"><a class=\"fusion-column-anchor\" href=\"https:\/\/www.focoinduction.com\/vi\/tu-van-ung-dung-cam-ung\/\" rel=\"noopener noreferrer\" target=\"_blank\"><span class=\"fusion-column-inner-bg-image\"><\/span><\/a><\/span><div class=\"fusion-column-wrapper fusion-flex-justify-content-flex-start fusion-content-layout-column\"><div class=\"fusion-text fusion-text-2\"><h2>T\u01b0 v\u1ea5n \u1ee9ng d\u1ee5ng<\/h2>\n<p>FOCO tuy\u1ec3n d\u1ee5ng c\u00e1c k\u1ef9 s\u01b0 \u0111\u1ec3 ph\u00e1t tri\u1ec3n c\u00e1c quy tr\u00ecnh t\u00f9y ch\u1ec9nh cho kh\u00e1ch h\u00e0ng. C\u00e1c chuy\u00ean gia c\u1ee7a ch\u00fang t\u00f4i t\u01b0 v\u1ea5n v\u1ec1 c\u00e1c y\u00eau c\u1ea7u s\u1ea3n xu\u1ea5t ph\u1ee9c t\u1ea1p nh\u1ea5t, l\u00e0 chuy\u00ean gia v\u1ec1 gia nhi\u1ec7t c\u1ea3m \u1ee9ng, h\u00e0n, t\u00f4i, h\u00e0n \u0111\u1ed3ng thau v\u00e0 \u1ee7 kim lo\u1ea1i. Ch\u00fang t\u00f4i \u0111\u00e1nh gi\u00e1 v\u1eadt li\u1ec7u v\u00e0 quy tr\u00ecnh hi\u1ec7n t\u1ea1i c\u1ee7a b\u1ea1n v\u00e0 cung c\u1ea5p c\u00e1c h\u1ec7 th\u1ed1ng t\u00f9y ch\u1ec9nh cho nhu c\u1ea7u gia nhi\u1ec7t c\u1ea3m \u1ee9ng c\u1ee7a b\u1ea1n.<\/p>\n<\/div><\/div><\/div><\/div><\/div><div class=\"fusion-fullwidth fullwidth-box fusion-builder-row-3 fusion-flex-container has-pattern-background has-mask-background nonhundred-percent-fullwidth non-hundred-percent-height-scrolling\" style=\"--awb-border-sizes-top:2px;--awb-border-color:#ff9600;--awb-border-radius-top-left:0px;--awb-border-radius-top-right:0px;--awb-border-radius-bottom-right:0px;--awb-border-radius-bottom-left:0px;--awb-padding-top:20px;--awb-padding-bottom:30px;--awb-flex-wrap:wrap;\" ><div class=\"fusion-builder-row fusion-row fusion-flex-align-items-stretch fusion-flex-content-wrap\" style=\"max-width:1248px;margin-left: calc(-4% \/ 2 );margin-right: calc(-4% \/ 2 );\"><div class=\"fusion-layout-column fusion_builder_column fusion-builder-column-3 fusion_builder_column_2_5 2_5 fusion-flex-column\" style=\"--awb-bg-size:cover;--awb-width-large:40%;--awb-margin-top-large:0px;--awb-spacing-right-large:4.8%;--awb-margin-bottom-large:20px;--awb-spacing-left-large:4.8%;--awb-width-medium:40%;--awb-order-medium:0;--awb-spacing-right-medium:4.8%;--awb-spacing-left-medium:4.8%;--awb-width-small:100%;--awb-order-small:0;--awb-spacing-right-small:1.92%;--awb-spacing-left-small:1.92%;\"><div class=\"fusion-column-wrapper fusion-column-has-shadow fusion-flex-justify-content-flex-start fusion-content-layout-column\"><div class=\"fusion-image-element \" style=\"--awb-caption-title-font-family:var(--h2_typography-font-family);--awb-caption-title-font-weight:var(--h2_typography-font-weight);--awb-caption-title-font-style:var(--h2_typography-font-style);--awb-caption-title-size:var(--h2_typography-font-size);--awb-caption-title-transform:var(--h2_typography-text-transform);--awb-caption-title-line-height:var(--h2_typography-line-height);--awb-caption-title-letter-spacing:var(--h2_typography-letter-spacing);\"><span class=\" fusion-imageframe imageframe-none imageframe-2 hover-type-none\"><a class=\"fusion-no-lightbox\" href=\"https:\/\/www.focoinduction.com\/vi\/kiem-tra-nhiet-cam-ung\/\" target=\"_blank\" aria-label=\"induction heating test\" rel=\"noopener noreferrer\"><img decoding=\"async\" width=\"600\" height=\"302\" alt=\"th\u1eed nghi\u1ec7m gia nhi\u1ec7t c\u1ea3m \u1ee9ng\" src=\"https:\/\/www.focoinduction.com\/wp-content\/uploads\/2022\/10\/induction-heating-test-600x302.jpg\" class=\"img-responsive wp-image-8757\" srcset=\"https:\/\/www.focoinduction.com\/wp-content\/uploads\/2022\/10\/induction-heating-test-200x101.jpg 200w, https:\/\/www.focoinduction.com\/wp-content\/uploads\/2022\/10\/induction-heating-test-400x201.jpg 400w, https:\/\/www.focoinduction.com\/wp-content\/uploads\/2022\/10\/induction-heating-test-600x302.jpg 600w, https:\/\/www.focoinduction.com\/wp-content\/uploads\/2022\/10\/induction-heating-test.jpg 765w\" sizes=\"(max-width: 768px) 100vw, 600px\" \/><\/a><\/span><\/div><\/div><\/div><div class=\"fusion-layout-column fusion_builder_column fusion-builder-column-4 fusion_builder_column_3_5 3_5 fusion-flex-column fusion-column-inner-bg-wrapper fusion-column-liftup-border\" style=\"--awb-padding-top:20px;--awb-inner-bg-size:cover;--awb-width-large:60%;--awb-margin-top-large:0px;--awb-spacing-right-large:3.2%;--awb-margin-bottom-large:20px;--awb-spacing-left-large:3.2%;--awb-width-medium:60%;--awb-order-medium:0;--awb-spacing-right-medium:3.2%;--awb-spacing-left-medium:3.2%;--awb-width-small:100%;--awb-order-small:0;--awb-spacing-right-small:1.92%;--awb-spacing-left-small:1.92%;\"><span class=\"fusion-column-inner-bg hover-type-liftup\"><a class=\"fusion-column-anchor\" href=\"https:\/\/www.focoinduction.com\/vi\/kiem-tra-nhiet-cam-ung\/\" rel=\"noopener noreferrer\" target=\"_blank\"><span class=\"fusion-column-inner-bg-image\"><\/span><\/a><\/span><div class=\"fusion-column-wrapper fusion-flex-justify-content-flex-start fusion-content-layout-column\"><div class=\"fusion-text fusion-text-3\"><h2>Ki\u1ec3m tra nhi\u1ec7t c\u1ea3m \u1ee9ng<\/h2>\n<p>Ki\u1ec3m tra nhi\u1ec7t c\u1ea3m \u1ee9ng l\u00e0 c\u00e1ch t\u1ed1t nh\u1ea5t \u0111\u1ec3 t\u00ecm ra quy tr\u00ecnh v\u00e0 thi\u1ebft b\u1ecb gia nhi\u1ec7t c\u1ea3m \u1ee9ng n\u00e0o ph\u00f9 h\u1ee3p nh\u1ea5t v\u1edbi \u1ee9ng d\u1ee5ng c\u1ee7a b\u1ea1n. Gia nhi\u1ec7t c\u1ea3m \u1ee9ng mang l\u1ea1i nhi\u1ec1u l\u1ee3i \u00edch cho quy tr\u00ecnh s\u1ea3n xu\u1ea5t v\u00ec \u0111\u00e2y l\u00e0 c\u00e1ch gia nhi\u1ec7t v\u1eadt li\u1ec7u d\u1eabn \u0111i\u1ec7n nhanh, ti\u1ebft ki\u1ec7m n\u0103ng l\u01b0\u1ee3ng v\u00e0 kh\u00f4ng c\u1ea7n ng\u1ecdn l\u1eeda.<\/p>\n<\/div><\/div><\/div><\/div><\/div><div class=\"fusion-fullwidth fullwidth-box fusion-builder-row-4 fusion-flex-container has-pattern-background has-mask-background nonhundred-percent-fullwidth non-hundred-percent-height-scrolling\" style=\"--awb-border-sizes-top:2px;--awb-border-color:#ff9600;--awb-border-radius-top-left:0px;--awb-border-radius-top-right:0px;--awb-border-radius-bottom-right:0px;--awb-border-radius-bottom-left:0px;--awb-padding-top:20px;--awb-padding-bottom:30px;--awb-flex-wrap:wrap;\" ><div class=\"fusion-builder-row fusion-row fusion-flex-align-items-stretch fusion-flex-content-wrap\" style=\"max-width:1248px;margin-left: calc(-4% \/ 2 );margin-right: calc(-4% \/ 2 );\"><div class=\"fusion-layout-column fusion_builder_column fusion-builder-column-5 fusion_builder_column_2_5 2_5 fusion-flex-column\" style=\"--awb-bg-size:cover;--awb-width-large:40%;--awb-margin-top-large:0px;--awb-spacing-right-large:4.8%;--awb-margin-bottom-large:20px;--awb-spacing-left-large:4.8%;--awb-width-medium:40%;--awb-order-medium:0;--awb-spacing-right-medium:4.8%;--awb-spacing-left-medium:4.8%;--awb-width-small:100%;--awb-order-small:0;--awb-spacing-right-small:1.92%;--awb-spacing-left-small:1.92%;\"><div class=\"fusion-column-wrapper fusion-column-has-shadow fusion-flex-justify-content-flex-start fusion-content-layout-column\"><div class=\"fusion-image-element \" style=\"--awb-caption-title-font-family:var(--h2_typography-font-family);--awb-caption-title-font-weight:var(--h2_typography-font-weight);--awb-caption-title-font-style:var(--h2_typography-font-style);--awb-caption-title-size:var(--h2_typography-font-size);--awb-caption-title-transform:var(--h2_typography-text-transform);--awb-caption-title-line-height:var(--h2_typography-line-height);--awb-caption-title-letter-spacing:var(--h2_typography-letter-spacing);\"><span class=\" fusion-imageframe imageframe-none imageframe-3 hover-type-none\"><a class=\"fusion-no-lightbox\" href=\"https:\/\/www.focoinduction.com\/vi\/cuon-day-suoi-am-cam-ung-tuy-chinh\/\" target=\"_blank\" aria-label=\"custom induction heating coil\" rel=\"noopener noreferrer\"><img decoding=\"async\" width=\"600\" height=\"302\" alt=\"cu\u1ed9n d\u00e2y gia nhi\u1ec7t c\u1ea3m \u1ee9ng t\u00f9y ch\u1ec9nh\" src=\"https:\/\/www.focoinduction.com\/wp-content\/uploads\/2022\/10\/custom-induction-heating-coil-600x302.jpg\" class=\"img-responsive wp-image-8768\" srcset=\"https:\/\/www.focoinduction.com\/wp-content\/uploads\/2022\/10\/custom-induction-heating-coil-200x101.jpg 200w, https:\/\/www.focoinduction.com\/wp-content\/uploads\/2022\/10\/custom-induction-heating-coil-400x201.jpg 400w, https:\/\/www.focoinduction.com\/wp-content\/uploads\/2022\/10\/custom-induction-heating-coil-600x302.jpg 600w, https:\/\/www.focoinduction.com\/wp-content\/uploads\/2022\/10\/custom-induction-heating-coil.jpg 765w\" sizes=\"(max-width: 768px) 100vw, 600px\" \/><\/a><\/span><\/div><\/div><\/div><div class=\"fusion-layout-column fusion_builder_column fusion-builder-column-6 fusion_builder_column_3_5 3_5 fusion-flex-column fusion-column-inner-bg-wrapper fusion-column-liftup-border\" style=\"--awb-inner-bg-size:cover;--awb-width-large:60%;--awb-margin-top-large:0px;--awb-spacing-right-large:3.2%;--awb-margin-bottom-large:20px;--awb-spacing-left-large:3.2%;--awb-width-medium:60%;--awb-order-medium:0;--awb-spacing-right-medium:3.2%;--awb-spacing-left-medium:3.2%;--awb-width-small:100%;--awb-order-small:0;--awb-spacing-right-small:1.92%;--awb-spacing-left-small:1.92%;\"><span class=\"fusion-column-inner-bg hover-type-liftup\"><a class=\"fusion-column-anchor\" href=\"https:\/\/www.focoinduction.com\/vi\/cuon-day-suoi-am-cam-ung-tuy-chinh\/\" rel=\"noopener noreferrer\" target=\"_blank\"><span class=\"fusion-column-inner-bg-image\"><\/span><\/a><\/span><div class=\"fusion-column-wrapper fusion-flex-justify-content-flex-start fusion-content-layout-column\"><div class=\"fusion-text fusion-text-4\"><h2>D\u1ecbch v\u1ee5 cu\u1ed9n d\u00e2y s\u01b0\u1edfi \u1ea5m c\u1ea3m \u1ee9ng t\u00f9y ch\u1ec9nh<\/h2>\n<p>Thi\u1ebft k\u1ebf cu\u1ed9n c\u1ea3m \u1ee9ng c\u00f3 th\u1ec3 \u1ea3nh h\u01b0\u1edfng \u0111\u00e1ng k\u1ec3 \u0111\u1ebfn ch\u1ea5t l\u01b0\u1ee3ng, hi\u1ec7u qu\u1ea3 quy tr\u00ecnh v\u00e0 chi ph\u00ed s\u1ea3n xu\u1ea5t c\u1ee7a b\u1ed9 ph\u1eadn. So v\u1edbi cu\u1ed9n c\u1ea3m \u1ee9ng gi\u00e1 r\u1ebb, cu\u1ed9n c\u1ea3m \u1ee9ng c\u1ea5p c\u00f4ng nghi\u1ec7p \u0111\u01b0\u1ee3c thi\u1ebft k\u1ebf t\u1ed1t c\u00f3 th\u1ec3 t\u1ed3n t\u1ea1i l\u00e2u h\u01a1n t\u1edbi 30 l\u1ea7n, t\u00f9y thu\u1ed9c v\u00e0o \u1ee9ng d\u1ee5ng, c\u00e1ch ch\u0103m s\u00f3c v\u00e0 m\u00f4i tr\u01b0\u1eddng. B\u1ea1n c\u00f3 th\u1ec3 tin t\u01b0\u1edfng FOCO \u0111\u1ec3 \u0111\u1ea3m b\u1ea3o cu\u1ed9n c\u1ea3m \u1ee9ng c\u1ee7a b\u1ea1n ho\u1ea1t \u0111\u1ed9ng \u1edf hi\u1ec7u su\u1ea5t cao nh\u1ea5t.<\/p>\n<\/div><\/div><\/div><\/div><\/div><div class=\"fusion-fullwidth fullwidth-box fusion-builder-row-5 fusion-flex-container has-pattern-background has-mask-background nonhundred-percent-fullwidth non-hundred-percent-height-scrolling\" style=\"--awb-border-sizes-top:2px;--awb-border-color:#ff9600;--awb-border-radius-top-left:0px;--awb-border-radius-top-right:0px;--awb-border-radius-bottom-right:0px;--awb-border-radius-bottom-left:0px;--awb-padding-top:20px;--awb-padding-bottom:30px;--awb-flex-wrap:wrap;\" ><div class=\"fusion-builder-row fusion-row fusion-flex-align-items-stretch fusion-flex-content-wrap\" style=\"max-width:1248px;margin-left: calc(-4% \/ 2 );margin-right: calc(-4% \/ 2 );\"><div class=\"fusion-layout-column fusion_builder_column fusion-builder-column-7 fusion_builder_column_2_5 2_5 fusion-flex-column\" style=\"--awb-bg-size:cover;--awb-width-large:40%;--awb-margin-top-large:0px;--awb-spacing-right-large:4.8%;--awb-margin-bottom-large:20px;--awb-spacing-left-large:4.8%;--awb-width-medium:40%;--awb-order-medium:0;--awb-spacing-right-medium:4.8%;--awb-spacing-left-medium:4.8%;--awb-width-small:100%;--awb-order-small:0;--awb-spacing-right-small:1.92%;--awb-spacing-left-small:1.92%;\"><div class=\"fusion-column-wrapper fusion-column-has-shadow fusion-flex-justify-content-flex-start fusion-content-layout-column\"><div class=\"fusion-image-element \" style=\"--awb-caption-title-font-family:var(--h2_typography-font-family);--awb-caption-title-font-weight:var(--h2_typography-font-weight);--awb-caption-title-font-style:var(--h2_typography-font-style);--awb-caption-title-size:var(--h2_typography-font-size);--awb-caption-title-transform:var(--h2_typography-text-transform);--awb-caption-title-line-height:var(--h2_typography-line-height);--awb-caption-title-letter-spacing:var(--h2_typography-letter-spacing);\"><span class=\" fusion-imageframe imageframe-none imageframe-4 hover-type-none\"><a class=\"fusion-no-lightbox\" href=\"https:\/\/www.focoinduction.com\/vi\/dao-tao-thiet-bi-cam-ung\/\" target=\"_blank\" aria-label=\"induction heating training\" rel=\"noopener noreferrer\"><img decoding=\"async\" width=\"600\" height=\"302\" alt=\"\u0111\u00e0o t\u1ea1o v\u1ec1 nhi\u1ec7t c\u1ea3m \u1ee9ng\" src=\"https:\/\/www.focoinduction.com\/wp-content\/uploads\/2022\/10\/induction-heating-training-600x302.jpg\" class=\"img-responsive wp-image-8703\" srcset=\"https:\/\/www.focoinduction.com\/wp-content\/uploads\/2022\/10\/induction-heating-training-200x101.jpg 200w, https:\/\/www.focoinduction.com\/wp-content\/uploads\/2022\/10\/induction-heating-training-400x201.jpg 400w, https:\/\/www.focoinduction.com\/wp-content\/uploads\/2022\/10\/induction-heating-training-600x302.jpg 600w, https:\/\/www.focoinduction.com\/wp-content\/uploads\/2022\/10\/induction-heating-training.jpg 765w\" sizes=\"(max-width: 768px) 100vw, 600px\" \/><\/a><\/span><\/div><\/div><\/div><div class=\"fusion-layout-column fusion_builder_column fusion-builder-column-8 fusion_builder_column_3_5 3_5 fusion-flex-column fusion-column-inner-bg-wrapper fusion-column-liftup-border\" style=\"--awb-padding-top:20px;--awb-inner-bg-size:cover;--awb-width-large:60%;--awb-margin-top-large:0px;--awb-spacing-right-large:3.2%;--awb-margin-bottom-large:20px;--awb-spacing-left-large:3.2%;--awb-width-medium:60%;--awb-order-medium:0;--awb-spacing-right-medium:3.2%;--awb-spacing-left-medium:3.2%;--awb-width-small:100%;--awb-order-small:0;--awb-spacing-right-small:1.92%;--awb-spacing-left-small:1.92%;\"><span class=\"fusion-column-inner-bg hover-type-liftup\"><a class=\"fusion-column-anchor\" href=\"https:\/\/www.focoinduction.com\/vi\/dao-tao-thiet-bi-cam-ung\/\" rel=\"noopener noreferrer\" target=\"_blank\"><span class=\"fusion-column-inner-bg-image\"><\/span><\/a><\/span><div class=\"fusion-column-wrapper fusion-flex-justify-content-flex-start fusion-content-layout-column\"><div class=\"fusion-text fusion-text-5\"><h2>\u0110\u00e0o t\u1ea1o v\u1ec1 gia nhi\u1ec7t c\u1ea3m \u1ee9ng<\/h2>\n<p>\u0110\u00e0o t\u1ea1o FOCO bao g\u1ed3m c\u00e1c ki\u1ebfn th\u1ee9c c\u01a1 b\u1ea3n v\u1ec1 gia nhi\u1ec7t c\u1ea3m \u1ee9ng, l\u00fd thuy\u1ebft n\u00e2ng cao v\u1ec1 thi\u1ebft k\u1ebf c\u1ea3m \u1ee9ng v\u00e0 b\u1ea3o tr\u00ec h\u1ec7 th\u1ed1ng ph\u00f2ng ng\u1eeba cho \u0111\u1ebfn \u0111\u00e0o t\u1ea1o v\u1ec1 v\u1eadn h\u00e0nh h\u1ec7 th\u1ed1ng cho ng\u01b0\u1eddi d\u00f9ng. C\u00e1c kh\u00f3a h\u1ecdc c\u00f3 s\u1eb5n \u1edf m\u1ecdi c\u1ea5p \u0111\u1ed9 n\u0103ng l\u1ef1c v\u00e0 \u0111\u01b0\u1ee3c thi\u1ebft k\u1ebf ri\u00eang cho m\u00f4i tr\u01b0\u1eddng s\u1ea3n xu\u1ea5t \u0111\u1ed9c \u0111\u00e1o, c\u00e1c b\u1ed9 ph\u1eadn c\u1ee7a b\u1ea1n v\u00e0 tr\u00ecnh \u0111\u1ed9 k\u1ef9 n\u0103ng c\u1ee7a nh\u00e2n vi\u00ean b\u1ea1n. B\u1ea1n c\u00e0ng hi\u1ec3u bi\u1ebft nhi\u1ec1u v\u1ec1 thi\u1ebft b\u1ecb c\u1ea3m \u1ee9ng c\u1ee7a m\u00ecnh, th\u00ec ROI c\u1ee7a b\u1ea1n c\u00e0ng cao.<\/p>\n<\/div><\/div><\/div><\/div><\/div><div class=\"fusion-fullwidth fullwidth-box fusion-builder-row-6 fusion-flex-container has-pattern-background has-mask-background nonhundred-percent-fullwidth non-hundred-percent-height-scrolling\" style=\"--awb-border-sizes-top:2px;--awb-border-color:#ff9600;--awb-border-radius-top-left:0px;--awb-border-radius-top-right:0px;--awb-border-radius-bottom-right:0px;--awb-border-radius-bottom-left:0px;--awb-padding-top:20px;--awb-padding-bottom:30px;--awb-flex-wrap:wrap;\" ><div class=\"fusion-builder-row fusion-row fusion-flex-align-items-stretch fusion-flex-content-wrap\" style=\"max-width:1248px;margin-left: calc(-4% \/ 2 );margin-right: calc(-4% \/ 2 );\"><div class=\"fusion-layout-column fusion_builder_column fusion-builder-column-9 fusion_builder_column_2_5 2_5 fusion-flex-column\" style=\"--awb-bg-size:cover;--awb-width-large:40%;--awb-margin-top-large:0px;--awb-spacing-right-large:4.8%;--awb-margin-bottom-large:20px;--awb-spacing-left-large:4.8%;--awb-width-medium:40%;--awb-order-medium:0;--awb-spacing-right-medium:4.8%;--awb-spacing-left-medium:4.8%;--awb-width-small:100%;--awb-order-small:0;--awb-spacing-right-small:1.92%;--awb-spacing-left-small:1.92%;\"><div class=\"fusion-column-wrapper fusion-column-has-shadow fusion-flex-justify-content-flex-start fusion-content-layout-column\"><div class=\"fusion-image-element \" style=\"--awb-caption-title-font-family:var(--h2_typography-font-family);--awb-caption-title-font-weight:var(--h2_typography-font-weight);--awb-caption-title-font-style:var(--h2_typography-font-style);--awb-caption-title-size:var(--h2_typography-font-size);--awb-caption-title-transform:var(--h2_typography-text-transform);--awb-caption-title-line-height:var(--h2_typography-line-height);--awb-caption-title-letter-spacing:var(--h2_typography-letter-spacing);\"><span class=\" fusion-imageframe imageframe-none imageframe-5 hover-type-none\"><a class=\"fusion-no-lightbox\" href=\"https:\/\/www.focoinduction.com\/vi\/lap-dat-thiet-bi-cam-ung\/\" target=\"_blank\" aria-label=\"induction heating equipment installation\" rel=\"noopener noreferrer\"><img decoding=\"async\" width=\"600\" height=\"302\" alt=\"l\u1eafp \u0111\u1eb7t thi\u1ebft b\u1ecb gia nhi\u1ec7t c\u1ea3m \u1ee9ng\" src=\"https:\/\/www.focoinduction.com\/wp-content\/uploads\/2022\/10\/induction-heating-equipment-installation-600x302.jpg\" class=\"img-responsive wp-image-8806\" srcset=\"https:\/\/www.focoinduction.com\/wp-content\/uploads\/2022\/10\/induction-heating-equipment-installation-200x101.jpg 200w, https:\/\/www.focoinduction.com\/wp-content\/uploads\/2022\/10\/induction-heating-equipment-installation-400x201.jpg 400w, https:\/\/www.focoinduction.com\/wp-content\/uploads\/2022\/10\/induction-heating-equipment-installation-600x302.jpg 600w, https:\/\/www.focoinduction.com\/wp-content\/uploads\/2022\/10\/induction-heating-equipment-installation.jpg 765w\" sizes=\"(max-width: 768px) 100vw, 600px\" \/><\/a><\/span><\/div><\/div><\/div><div class=\"fusion-layout-column fusion_builder_column fusion-builder-column-10 fusion_builder_column_3_5 3_5 fusion-flex-column fusion-column-inner-bg-wrapper fusion-column-liftup-border\" style=\"--awb-padding-top:20px;--awb-inner-bg-size:cover;--awb-width-large:60%;--awb-margin-top-large:0px;--awb-spacing-right-large:3.2%;--awb-margin-bottom-large:20px;--awb-spacing-left-large:3.2%;--awb-width-medium:60%;--awb-order-medium:0;--awb-spacing-right-medium:3.2%;--awb-spacing-left-medium:3.2%;--awb-width-small:100%;--awb-order-small:0;--awb-spacing-right-small:1.92%;--awb-spacing-left-small:1.92%;\"><span class=\"fusion-column-inner-bg hover-type-liftup\"><a class=\"fusion-column-anchor\" href=\"https:\/\/www.focoinduction.com\/vi\/lap-dat-thiet-bi-cam-ung\/\" rel=\"noopener noreferrer\" target=\"_blank\"><span class=\"fusion-column-inner-bg-image\"><\/span><\/a><\/span><div class=\"fusion-column-wrapper fusion-flex-justify-content-flex-start fusion-content-layout-column\"><div class=\"fusion-text fusion-text-6\"><h2>L\u1eafp \u0111\u1eb7t c\u1ea3m \u1ee9ng<\/h2>\n<p>Ch\u00fang t\u00f4i \u0111\u1ea3m b\u1ea3o r\u1eb1ng vi\u1ec7c l\u1eafp \u0111\u1eb7t c\u1ee7a ch\u00fang t\u00f4i s\u1ebd nhanh ch\u00f3ng v\u00e0 d\u1ec5 d\u00e0ng. T\u00f9y thu\u1ed9c v\u00e0o m\u1ee9c \u0111\u1ed9 ph\u1ee9c t\u1ea1p, ch\u00fang t\u00f4i c\u00f3 th\u1ec3 t\u1ea1o video tr\u00ecnh b\u00e0y v\u1ec1 vi\u1ec7c l\u1eafp \u0111\u1eb7t ho\u1eb7c c\u1eed m\u1ed9t trong nh\u1eefng k\u1ef9 s\u01b0 c\u1ee7a ch\u00fang t\u00f4i \u0111\u1ebfn c\u01a1 s\u1edf c\u1ee7a b\u1ea1n.<\/p>\n<\/div><\/div><\/div><\/div><\/div><\/p>\n","protected":false},"excerpt":{"rendered":"","protected":false},"author":1,"featured_media":9372,"parent":0,"menu_order":0,"comment_status":"closed","ping_status":"closed","template":"","meta":{"footnotes":""},"class_list":["post-9370","page","type-page","status-publish","has-post-thumbnail","hentry"],"_links":{"self":[{"href":"https:\/\/www.focoinduction.com\/vi\/wp-json\/wp\/v2\/pages\/9370","targetHints":{"allow":["GET"]}}],"collection":[{"href":"https:\/\/www.focoinduction.com\/vi\/wp-json\/wp\/v2\/pages"}],"about":[{"href":"https:\/\/www.focoinduction.com\/vi\/wp-json\/wp\/v2\/types\/page"}],"author":[{"embeddable":true,"href":"https:\/\/www.focoinduction.com\/vi\/wp-json\/wp\/v2\/users\/1"}],"replies":[{"embeddable":true,"href":"https:\/\/www.focoinduction.com\/vi\/wp-json\/wp\/v2\/comments?post=9370"}],"version-history":[{"count":0,"href":"https:\/\/www.focoinduction.com\/vi\/wp-json\/wp\/v2\/pages\/9370\/revisions"}],"wp:featuredmedia":[{"embeddable":true,"href":"https:\/\/www.focoinduction.com\/vi\/wp-json\/wp\/v2\/media\/9372"}],"wp:attachment":[{"href":"https:\/\/www.focoinduction.com\/vi\/wp-json\/wp\/v2\/media?parent=9370"}],"curies":[{"name":"wp","href":"https:\/\/api.w.org\/{rel}","templated":true}]}}