{"id":9418,"date":"2022-08-11T18:41:13","date_gmt":"2022-08-11T10:41:13","guid":{"rendered":"https:\/\/www.focoinduction.com\/cam-ung-nau-chay-bac\/"},"modified":"2025-01-02T10:50:00","modified_gmt":"2025-01-02T02:50:00","slug":"cam-ung-nau-chay-bac","status":"publish","type":"page","link":"https:\/\/www.focoinduction.com\/vi\/ung-dung\/nau-chay-cam-ung\/cam-ung-nau-chay-bac\/","title":{"rendered":"C\u1ea3m \u1ee9ng n\u1ea5u ch\u1ea3y b\u1ea1c"},"content":{"rendered":"<p><div class=\"fusion-fullwidth fullwidth-box fusion-builder-row-1 fusion-flex-container nonhundred-percent-fullwidth non-hundred-percent-height-scrolling\" style=\"--awb-border-sizes-bottom:1px;--awb-border-radius-top-left:0px;--awb-border-radius-top-right:0px;--awb-border-radius-bottom-right:0px;--awb-border-radius-bottom-left:0px;--awb-flex-wrap:wrap;\" ><div class=\"fusion-builder-row fusion-row fusion-flex-align-items-flex-start fusion-flex-content-wrap\" style=\"max-width:1248px;margin-left: calc(-4% \/ 2 );margin-right: calc(-4% \/ 2 );\"><div class=\"fusion-layout-column fusion_builder_column fusion-builder-column-0 fusion_builder_column_1_1 1_1 fusion-flex-column\" style=\"--awb-bg-size:cover;--awb-width-large:100%;--awb-margin-top-large:0px;--awb-spacing-right-large:1.92%;--awb-margin-bottom-large:20px;--awb-spacing-left-large:1.92%;--awb-width-medium:100%;--awb-order-medium:0;--awb-spacing-right-medium:1.92%;--awb-spacing-left-medium:1.92%;--awb-width-small:100%;--awb-order-small:0;--awb-spacing-right-small:1.92%;--awb-spacing-left-small:1.92%;\"><div class=\"fusion-column-wrapper fusion-column-has-shadow fusion-flex-justify-content-flex-start fusion-content-layout-column\"><div class=\"fusion-text fusion-text-1\"><h2>\u1ee8ng d\u1ee5ng n\u1ea5u ch\u1ea3y c\u1ea3m \u1ee9ng<\/h2>\n<p>L\u00f2 nung c\u1ea3m \u1ee9ng ki\u1ec3u nghi\u00eang FOCO 160 kW \u0111\u1ec3 n\u1ea5u ch\u1ea3y 300 kg b\u1ea1c. 300 kg b\u1ea1c \u0111\u00e3 \u0111\u01b0\u1ee3c n\u1ea5u ch\u1ea3y th\u00e0nh ch\u1ea5t l\u1ecfng trong 50 ph\u00fat. To\u00e0n b\u1ed9 qu\u00e1 tr\u00ecnh n\u1ea5u ch\u1ea3y nhanh ch\u00f3ng v\u00e0 an to\u00e0n. L\u00f2 n\u1ea5u ch\u1ea3y \u0111\u01b0\u1ee3c trang b\u1ecb thi\u1ebft b\u1ecb lo\u1ea1i b\u1ecf b\u1ee5i \u0111\u1ec3 \u0111\u1ea3m b\u1ea3o b\u1ea3o v\u1ec7 m\u00f4i tr\u01b0\u1eddng c\u1ee7a m\u00f4i tr\u01b0\u1eddng l\u00e0m vi\u1ec7c.   <\/p>\n<p><strong>Thi\u1ebft b\u1ecb:<\/strong><\/p>\n<ul>\n<li><span style=\"color: #0000ff;\"><a style=\"color: #0000ff;\" href=\"https:\/\/www.focoinduction.com\/induction-heating-equipment\/induction-melting-furnace\/tilt-type-induction-melting-furnace\/\" target=\"_blank\" rel=\"noopener\">L\u00f2 nung c\u1ea3m \u1ee9ng nghi\u00eang c\u00f4ng<\/a><\/span> su\u1ea5t 160kW.<\/li>\n<\/ul>\n<p>L\u00f2 nung c\u1ea3m \u1ee9ng ki\u1ec3u nghi\u00eang c\u00f3 th\u1ec3 n\u1ea5u ch\u1ea3y 10 kg th\u00e0nh 300 kg b\u1ea1c. C\u00f4ng su\u1ea5t t\u1ed1i \u0111a c\u00f3 th\u1ec3 \u0111\u1ea1t 160 kW. C\u00f3 th\u1ec3 trang b\u1ecb nhi\u1ec7t k\u1ebf h\u1ed3ng ngo\u1ea1i \u0111\u1ec3 ki\u1ec3m so\u00e1t ch\u00ednh x\u00e1c nhi\u1ec7t \u0111\u1ed9 n\u00f3ng ch\u1ea3y. C\u0169ng c\u00f3 th\u1ec3 l\u1eafp h\u1ec7 th\u1ed1ng \u0111i\u1ec1u khi\u1ec3n t\u1eeb xa \u0111\u1ec3 ki\u1ec3m so\u00e1t \u0111\u1ed9 nghi\u00eang 90 \u0111\u1ed9 c\u1ee7a th\u00e2n l\u00f2, gi\u00fap v\u1eadn h\u00e0nh an to\u00e0n h\u01a1n.   <\/p>\n<p><strong>Qu\u00e1 tr\u00ecnh n\u00f3ng ch\u1ea3y:<\/strong><\/p>\n<ol>\n<li>\u0110\u1ed5 300 kg b\u1ea1c v\u00e0o trong n\u1ed3i n\u1ea5u kim lo\u1ea1i.<\/li>\n<li>D\u01b0\u1edbi t\u00e1c \u0111\u1ed9ng c\u1ee7a nhi\u1ec7t c\u1ea3m \u1ee9ng, b\u1ea1c s\u1ebd n\u00f3ng ch\u1ea3y trong v\u00f2ng 50 ph\u00fat.<\/li>\n<li>Do t\u00e1c d\u1ee5ng khu\u1ea5y \u0111i\u1ec7n t\u1eeb c\u1ee7a gia nhi\u1ec7t c\u1ea3m \u1ee9ng n\u00ean b\u1ea1c \u0111\u01b0\u1ee3c gia nhi\u1ec7t \u0111\u1ec1u, t\u1ed1c \u0111\u1ed9 gia nhi\u1ec7t nhanh.<\/li>\n<\/ol>\n<p>\u0110\u1ecdc th\u00eam v\u1ec1 <span style=\"color: #0000ff;\"><a style=\"color: #0000ff;\" href=\"https:\/\/www.focoinduction.com\/induction-heating-applications\/induction-melting\/\" target=\"_blank\" rel=\"noopener\">\u1ee9ng d\u1ee5ng n\u1ea5u ch\u1ea3y c\u1ea3m \u1ee9ng<\/a><\/span> .<\/p>\n<\/div><\/div><\/div><\/div><\/div><div class=\"fusion-fullwidth fullwidth-box fusion-builder-row-2 fusion-flex-container nonhundred-percent-fullwidth non-hundred-percent-height-scrolling\" style=\"--awb-border-sizes-bottom:1px;--awb-border-radius-top-left:0px;--awb-border-radius-top-right:0px;--awb-border-radius-bottom-right:0px;--awb-border-radius-bottom-left:0px;--awb-flex-wrap:wrap;\" ><div class=\"fusion-builder-row fusion-row fusion-flex-align-items-flex-start fusion-flex-content-wrap\" style=\"max-width:1248px;margin-left: calc(-4% \/ 2 );margin-right: calc(-4% \/ 2 );\"><div class=\"fusion-layout-column fusion_builder_column fusion-builder-column-1 fusion_builder_column_1_1 1_1 fusion-flex-column\" style=\"--awb-bg-size:cover;--awb-width-large:100%;--awb-margin-top-large:0px;--awb-spacing-right-large:1.92%;--awb-margin-bottom-large:20px;--awb-spacing-left-large:1.92%;--awb-width-medium:100%;--awb-order-medium:0;--awb-spacing-right-medium:1.92%;--awb-spacing-left-medium:1.92%;--awb-width-small:100%;--awb-order-small:0;--awb-spacing-right-small:1.92%;--awb-spacing-left-small:1.92%;\"><div class=\"fusion-column-wrapper fusion-column-has-shadow fusion-flex-justify-content-flex-start fusion-content-layout-column\"><div class=\"fusion-text fusion-text-2\" style=\"--awb-text-transform:none;\"><h3>Video v\u1ec1 ph\u01b0\u01a1ng ph\u00e1p n\u1ea5u ch\u1ea3y b\u1ea1c b\u1eb1ng c\u1ea3m \u1ee9ng<\/h3>\n<\/div><\/div><\/div><div class=\"fusion-layout-column fusion_builder_column fusion-builder-column-2 fusion_builder_column_1_1 1_1 fusion-flex-column\" style=\"--awb-bg-size:cover;--awb-width-large:100%;--awb-margin-top-large:0px;--awb-spacing-right-large:1.92%;--awb-margin-bottom-large:20px;--awb-spacing-left-large:1.92%;--awb-width-medium:100%;--awb-order-medium:0;--awb-spacing-right-medium:1.92%;--awb-spacing-left-medium:1.92%;--awb-width-small:100%;--awb-order-small:0;--awb-spacing-right-small:1.92%;--awb-spacing-left-small:1.92%;\"><div class=\"fusion-column-wrapper fusion-column-has-shadow fusion-flex-justify-content-flex-start fusion-content-layout-column\"><div class=\"fusion-video fusion-youtube\" style=\"--awb-max-width:600px;--awb-max-height:360px;\"><div class=\"video-shortcode\"><lite-youtube videoid=\"xBsRljJospg\" class=\"landscape\" params=\"wmode=transparent&autoplay=1&amp;enablejsapi=1\" title=\"Induction Melting of Silver\" data-button-label=\"Play Video\" width=\"600\" height=\"360\" data-thumbnail-size=\"auto\" data-no-cookie=\"on\"><\/lite-youtube><\/div><\/div><\/div><\/div><\/div><\/div><\/p>\n","protected":false},"excerpt":{"rendered":"","protected":false},"author":1,"featured_media":9420,"parent":9823,"menu_order":0,"comment_status":"closed","ping_status":"closed","template":"","meta":{"footnotes":""},"class_list":["post-9418","page","type-page","status-publish","has-post-thumbnail","hentry"],"_links":{"self":[{"href":"https:\/\/www.focoinduction.com\/vi\/wp-json\/wp\/v2\/pages\/9418","targetHints":{"allow":["GET"]}}],"collection":[{"href":"https:\/\/www.focoinduction.com\/vi\/wp-json\/wp\/v2\/pages"}],"about":[{"href":"https:\/\/www.focoinduction.com\/vi\/wp-json\/wp\/v2\/types\/page"}],"author":[{"embeddable":true,"href":"https:\/\/www.focoinduction.com\/vi\/wp-json\/wp\/v2\/users\/1"}],"replies":[{"embeddable":true,"href":"https:\/\/www.focoinduction.com\/vi\/wp-json\/wp\/v2\/comments?post=9418"}],"version-history":[{"count":0,"href":"https:\/\/www.focoinduction.com\/vi\/wp-json\/wp\/v2\/pages\/9418\/revisions"}],"up":[{"embeddable":true,"href":"https:\/\/www.focoinduction.com\/vi\/wp-json\/wp\/v2\/pages\/9823"}],"wp:featuredmedia":[{"embeddable":true,"href":"https:\/\/www.focoinduction.com\/vi\/wp-json\/wp\/v2\/media\/9420"}],"wp:attachment":[{"href":"https:\/\/www.focoinduction.com\/vi\/wp-json\/wp\/v2\/media?parent=9418"}],"curies":[{"name":"wp","href":"https:\/\/api.w.org\/{rel}","templated":true}]}}