{"id":9475,"date":"2022-08-15T16:39:48","date_gmt":"2022-08-15T08:39:48","guid":{"rendered":"https:\/\/www.focoinduction.com\/thanh-sat-gia-nhiet-cam-ung-de-ren\/"},"modified":"2025-01-02T10:52:02","modified_gmt":"2025-01-02T02:52:02","slug":"thanh-sat-gia-nhiet-cam-ung-de-ren","status":"publish","type":"page","link":"https:\/\/www.focoinduction.com\/vi\/ung-dung\/ren-cam-ung\/thanh-sat-gia-nhiet-cam-ung-de-ren\/","title":{"rendered":"Thanh s\u1eaft gia nhi\u1ec7t c\u1ea3m \u1ee9ng \u0111\u1ec3 r\u00e8n"},"content":{"rendered":"<p><div class=\"fusion-fullwidth fullwidth-box fusion-builder-row-1 fusion-flex-container nonhundred-percent-fullwidth non-hundred-percent-height-scrolling\" style=\"--awb-border-sizes-bottom:1px;--awb-border-radius-top-left:0px;--awb-border-radius-top-right:0px;--awb-border-radius-bottom-right:0px;--awb-border-radius-bottom-left:0px;--awb-flex-wrap:wrap;\" ><div class=\"fusion-builder-row fusion-row fusion-flex-align-items-flex-start fusion-flex-content-wrap\" style=\"max-width:1248px;margin-left: calc(-4% \/ 2 );margin-right: calc(-4% \/ 2 );\"><div class=\"fusion-layout-column fusion_builder_column fusion-builder-column-0 fusion_builder_column_1_1 1_1 fusion-flex-column\" style=\"--awb-bg-size:cover;--awb-width-large:100%;--awb-margin-top-large:0px;--awb-spacing-right-large:1.92%;--awb-margin-bottom-large:20px;--awb-spacing-left-large:1.92%;--awb-width-medium:100%;--awb-order-medium:0;--awb-spacing-right-medium:1.92%;--awb-spacing-left-medium:1.92%;--awb-width-small:100%;--awb-order-small:0;--awb-spacing-right-small:1.92%;--awb-spacing-left-small:1.92%;\"><div class=\"fusion-column-wrapper fusion-column-has-shadow fusion-flex-justify-content-flex-start fusion-content-layout-column\"><div class=\"fusion-text fusion-text-1\"><h2>\u1ee8ng d\u1ee5ng thanh s\u1eaft gia nhi\u1ec7t c\u1ea3m \u1ee9ng<\/h2>\n<p>Thanh s\u1eaft gia nhi\u1ec7t c\u1ea3m \u1ee9ng l\u00e0 ph\u01b0\u01a1ng ph\u00e1p ti\u1ebft ki\u1ec7m n\u0103ng l\u01b0\u1ee3ng v\u00e0 hi\u1ec7u qu\u1ea3 \u0111\u1ec3 gia nhi\u1ec7t tr\u01b0\u1edbc khi r\u00e8n. Theo y\u00eau c\u1ea7u r\u00e8n c\u1ee7a thanh s\u1eaft, c\u00e1c k\u1ef9 s\u01b0 c\u1ee7a ch\u00fang t\u00f4i gia nhi\u1ec7t thanh s\u1eaft c\u00f3 \u0111\u01b0\u1eddng k\u00ednh 25 mm v\u00e0 chi\u1ec1u d\u00e0i 150 mm trong ph\u00f2ng th\u00ed nghi\u1ec7m c\u1ea3m \u1ee9ng FOCO. Thanh s\u1eaft \u0111\u01b0\u1ee3c gia nhi\u1ec7t \u0111\u1ebfn kho\u1ea3ng 900 \u00b0C trong 5 gi\u00e2y d\u1ef1a tr\u00ean k\u1ebft qu\u1ea3 th\u1ef1c nghi\u1ec7m.  <\/p>\n<p><strong>Thi\u1ebft b\u1ecb:<\/strong><\/p>\n<p><span style=\"color: #0000ff;\"><a style=\"color: #0000ff;\" href=\"https:\/\/www.focoinduction.com\/induction-heating-equipment\/induction-heating-machine\/medium-frequency-induction-heating-machine\/\" target=\"_blank\" rel=\"noopener\">M\u00e1y gia nhi\u1ec7t c\u1ea3m \u1ee9ng<\/a><\/span> MF 160 kW v\u00e0 nhi\u1ec7t k\u1ebf h\u1ed3ng ngo\u1ea1i. M\u00e1y gia nhi\u1ec7t c\u1ea3m \u1ee9ng t\u1ea7n s\u1ed1 trung b\u00ecnh c\u00f3 \u0111\u1ed9 s\u00e2u gia nhi\u1ec7t l\u1edbn v\u00e0 th\u01b0\u1eddng \u0111\u01b0\u1ee3c s\u1eed d\u1ee5ng \u0111\u1ec3 gia nhi\u1ec7t thanh s\u1eaft, thanh th\u00e9p, ph\u00f4i th\u00e9p, v.v. \u0110\u1ed1i v\u1edbi vi\u1ec7c gia nhi\u1ec7t v\u00e0 l\u00e0m n\u00f3ng tr\u01b0\u1edbc c\u00e1c thanh tr\u01b0\u1edbc khi r\u00e8n, ch\u00fang t\u00f4i \u0111\u00e3 thi\u1ebft k\u1ebf m\u1ed9t <span style=\"color: #0000ff;\"><a style=\"color: #0000ff;\" href=\"https:\/\/www.focoinduction.com\/induction-heating-equipment\/induction-heating-system-for-forging\/\" target=\"_blank\" rel=\"noopener\">h\u1ec7 th\u1ed1ng gia nhi\u1ec7t c\u1ea3m \u1ee9ng<\/a><\/span> chuy\u00ean d\u1ee5ng.<\/p>\n<p><strong>Qu\u00e1 tr\u00ecnh gia nhi\u1ec7t:<\/strong><\/p>\n<ol>\n<li>L\u1ea7n l\u01b0\u1ee3t \u0111\u01b0a c\u00e1c thanh s\u1eaft v\u00e0o cu\u1ed9n d\u00e2y c\u1ea3m \u1ee9ng.<\/li>\n<li>M\u1ed7i thanh s\u1eaft \u0111\u01b0\u1ee3c nung n\u00f3ng \u0111\u1ebfn nhi\u1ec7t \u0111\u1ed9 900 \u00b0C trong 5 gi\u00e2y.<\/li>\n<li>C\u00e1c thanh s\u1eaft \u0111\u01b0\u1ee3c th\u00e1o ra kh\u1ecfi cu\u1ed9n d\u00e2y c\u1ea3m \u1ee9ng.<\/li>\n<\/ol>\n<p><strong>Nh\u1eefng l\u1ee3i \u00edch:<\/strong><\/p>\n<p>Gia nhi\u1ec7t c\u1ea3m \u1ee9ng l\u00e0 ph\u01b0\u01a1ng ph\u00e1p gia nhi\u1ec7t thanh s\u1eaft nhanh v\u00e0 an to\u00e0n. So v\u1edbi ph\u01b0\u01a1ng ph\u00e1p gia nhi\u1ec7t b\u1eb1ng ng\u1ecdn l\u1eeda ho\u1eb7c gia nhi\u1ec7t l\u00f2 \u0111i\u1ec7n tr\u1edf, ph\u01b0\u01a1ng ph\u00e1p n\u00e0y ti\u1ebft ki\u1ec7m n\u0103ng l\u01b0\u1ee3ng h\u01a1n v\u00e0 an to\u00e0n h\u01a1n khi th\u1ef1c hi\u1ec7n. Ph\u01b0\u01a1ng ph\u00e1p n\u00e0y c\u0169ng c\u00f3 th\u1ec3 \u0111\u01b0\u1ee3c l\u1eadp tr\u00ecnh s\u1eb5n \u0111\u1ec3 t\u00edch h\u1ee3p m\u00e1y gia nhi\u1ec7t c\u1ea3m \u1ee9ng v\u00e0o d\u00e2y chuy\u1ec1n s\u1ea3n xu\u1ea5t c\u1ee7a b\u1ea1n \u0111\u1ec3 s\u1ea3n xu\u1ea5t t\u1ef1 \u0111\u1ed9ng. B\u1eb1ng c\u00e1ch thi\u1ebft l\u1eadp th\u1eddi gian v\u00e0 nhi\u1ec7t \u0111\u1ed9 gia nhi\u1ec7t, ph\u01b0\u01a1ng ph\u00e1p gia nhi\u1ec7t c\u1ea3m \u1ee9ng c\u00f3 th\u1ec3 \u0111\u1ea3m b\u1ea3o k\u1ebft qu\u1ea3 nh\u1ea5t qu\u00e1n. \u0110\u1ecdc th\u00eam v\u1ec1 <span style=\"color: #0000ff;\"><a style=\"color: #0000ff;\" href=\"https:\/\/www.focoinduction.com\/induction-heating-applications\/induction-forging\/\" target=\"_blank\" rel=\"noopener\">c\u00e1c \u1ee9ng d\u1ee5ng gia nhi\u1ec7t c\u1ea3m \u1ee9ng v\u00e0 r\u00e8n<\/a><\/span> . Tham kh\u1ea3o h\u1ec7 th\u1ed1ng gia nhi\u1ec7t c\u1ea3m \u1ee9ng t\u00f9y ch\u1ec9nh v\u00e0 <span style=\"color: #0000ff;\"><a style=\"color: #0000ff;\" href=\"https:\/\/www.focoinduction.com\/contact\/\" target=\"_blank\" rel=\"noopener\">nh\u1eadn b\u00e1o gi\u00e1<\/a><\/span> .<\/p>\n<\/div><\/div><\/div><\/div><\/div><div class=\"fusion-fullwidth fullwidth-box fusion-builder-row-2 fusion-flex-container nonhundred-percent-fullwidth non-hundred-percent-height-scrolling\" style=\"--awb-border-sizes-bottom:1px;--awb-border-radius-top-left:0px;--awb-border-radius-top-right:0px;--awb-border-radius-bottom-right:0px;--awb-border-radius-bottom-left:0px;--awb-flex-wrap:wrap;\" ><div class=\"fusion-builder-row fusion-row fusion-flex-align-items-flex-start fusion-flex-content-wrap\" style=\"max-width:1248px;margin-left: calc(-4% \/ 2 );margin-right: calc(-4% \/ 2 );\"><div class=\"fusion-layout-column fusion_builder_column fusion-builder-column-1 fusion_builder_column_1_1 1_1 fusion-flex-column\" style=\"--awb-bg-size:cover;--awb-width-large:100%;--awb-margin-top-large:0px;--awb-spacing-right-large:1.92%;--awb-margin-bottom-large:20px;--awb-spacing-left-large:1.92%;--awb-width-medium:100%;--awb-order-medium:0;--awb-spacing-right-medium:1.92%;--awb-spacing-left-medium:1.92%;--awb-width-small:100%;--awb-order-small:0;--awb-spacing-right-small:1.92%;--awb-spacing-left-small:1.92%;\"><div class=\"fusion-column-wrapper fusion-column-has-shadow fusion-flex-justify-content-flex-start fusion-content-layout-column\"><div class=\"fusion-text fusion-text-2\" style=\"--awb-text-transform:none;\"><h3>Video v\u1ec1 h\u1ec7 th\u1ed1ng s\u01b0\u1edfi \u1ea5m c\u1ea3m \u1ee9ng<\/h3>\n<\/div><\/div><\/div><div class=\"fusion-layout-column fusion_builder_column fusion-builder-column-2 fusion_builder_column_1_1 1_1 fusion-flex-column\" style=\"--awb-bg-size:cover;--awb-width-large:100%;--awb-margin-top-large:0px;--awb-spacing-right-large:1.92%;--awb-margin-bottom-large:20px;--awb-spacing-left-large:1.92%;--awb-width-medium:100%;--awb-order-medium:0;--awb-spacing-right-medium:1.92%;--awb-spacing-left-medium:1.92%;--awb-width-small:100%;--awb-order-small:0;--awb-spacing-right-small:1.92%;--awb-spacing-left-small:1.92%;\"><div class=\"fusion-column-wrapper fusion-column-has-shadow fusion-flex-justify-content-flex-start fusion-content-layout-column\"><div class=\"fusion-video fusion-youtube\" style=\"--awb-max-width:600px;--awb-max-height:360px;\"><div class=\"video-shortcode\"><lite-youtube videoid=\"nyaixAMaFJQ\" class=\"landscape\" params=\"wmode=transparent&autoplay=1&amp;enablejsapi=1\" title=\"Induction Heating Iron Bar for Forging\" data-button-label=\"Play Video\" width=\"600\" height=\"360\" data-thumbnail-size=\"auto\" data-no-cookie=\"on\"><\/lite-youtube><\/div><\/div><\/div><\/div><\/div><\/div><\/p>\n","protected":false},"excerpt":{"rendered":"","protected":false},"author":1,"featured_media":9476,"parent":10206,"menu_order":0,"comment_status":"closed","ping_status":"closed","template":"","meta":{"footnotes":""},"class_list":["post-9475","page","type-page","status-publish","has-post-thumbnail","hentry"],"_links":{"self":[{"href":"https:\/\/www.focoinduction.com\/vi\/wp-json\/wp\/v2\/pages\/9475","targetHints":{"allow":["GET"]}}],"collection":[{"href":"https:\/\/www.focoinduction.com\/vi\/wp-json\/wp\/v2\/pages"}],"about":[{"href":"https:\/\/www.focoinduction.com\/vi\/wp-json\/wp\/v2\/types\/page"}],"author":[{"embeddable":true,"href":"https:\/\/www.focoinduction.com\/vi\/wp-json\/wp\/v2\/users\/1"}],"replies":[{"embeddable":true,"href":"https:\/\/www.focoinduction.com\/vi\/wp-json\/wp\/v2\/comments?post=9475"}],"version-history":[{"count":0,"href":"https:\/\/www.focoinduction.com\/vi\/wp-json\/wp\/v2\/pages\/9475\/revisions"}],"up":[{"embeddable":true,"href":"https:\/\/www.focoinduction.com\/vi\/wp-json\/wp\/v2\/pages\/10206"}],"wp:featuredmedia":[{"embeddable":true,"href":"https:\/\/www.focoinduction.com\/vi\/wp-json\/wp\/v2\/media\/9476"}],"wp:attachment":[{"href":"https:\/\/www.focoinduction.com\/vi\/wp-json\/wp\/v2\/media?parent=9475"}],"curies":[{"name":"wp","href":"https:\/\/api.w.org\/{rel}","templated":true}]}}