{"id":9507,"date":"2022-08-22T12:17:43","date_gmt":"2022-08-22T04:17:43","guid":{"rendered":"https:\/\/www.focoinduction.com\/nau-chay-cam-ung-500-kg-sat\/"},"modified":"2025-01-02T10:50:00","modified_gmt":"2025-01-02T02:50:00","slug":"nau-chay-cam-ung-500-kg-sat","status":"publish","type":"page","link":"https:\/\/www.focoinduction.com\/vi\/ung-dung\/nau-chay-cam-ung\/nau-chay-cam-ung-500-kg-sat\/","title":{"rendered":"N\u1ea5u ch\u1ea3y c\u1ea3m \u1ee9ng 500 kg s\u1eaft"},"content":{"rendered":"<p><div class=\"fusion-fullwidth fullwidth-box fusion-builder-row-1 fusion-flex-container nonhundred-percent-fullwidth non-hundred-percent-height-scrolling\" style=\"--awb-border-sizes-bottom:1px;--awb-border-radius-top-left:0px;--awb-border-radius-top-right:0px;--awb-border-radius-bottom-right:0px;--awb-border-radius-bottom-left:0px;--awb-flex-wrap:wrap;\" ><div class=\"fusion-builder-row fusion-row fusion-flex-align-items-flex-start fusion-flex-content-wrap\" style=\"max-width:1248px;margin-left: calc(-4% \/ 2 );margin-right: calc(-4% \/ 2 );\"><div class=\"fusion-layout-column fusion_builder_column fusion-builder-column-0 fusion_builder_column_1_1 1_1 fusion-flex-column\" style=\"--awb-bg-size:cover;--awb-width-large:100%;--awb-margin-top-large:0px;--awb-spacing-right-large:1.92%;--awb-margin-bottom-large:20px;--awb-spacing-left-large:1.92%;--awb-width-medium:100%;--awb-order-medium:0;--awb-spacing-right-medium:1.92%;--awb-spacing-left-medium:1.92%;--awb-width-small:100%;--awb-order-small:0;--awb-spacing-right-small:1.92%;--awb-spacing-left-small:1.92%;\"><div class=\"fusion-column-wrapper fusion-column-has-shadow fusion-flex-justify-content-flex-start fusion-content-layout-column\"><div class=\"fusion-text fusion-text-1\"><p>M\u1ed9t x\u01b0\u1edfng \u0111\u00fac c\u1ea7n n\u1ea5u ch\u1ea3y 500 kg gang m\u1ed7i gi\u1edd. FOCO cung c\u1ea5p cho kh\u00e1ch h\u00e0ng l\u00f2 n\u1ea5u ch\u1ea3y c\u1ea3m \u1ee9ng v\u1ecf nh\u00f4m 300 kW, c\u00f3 th\u1ec3 n\u1ea5u ch\u1ea3y 500 kg s\u1eaft, gang v\u00e0 gang th\u1ecfi trong 50 ph\u00fat. Ch\u00fang t\u00f4i c\u0169ng trang b\u1ecb cho kh\u00e1ch h\u00e0ng thi\u1ebft b\u1ecb lo\u1ea1i b\u1ecf b\u1ee5i \u0111\u1ec3 thu gom c\u00e1c h\u1ea1t n\u1ed5i ph\u00e1t sinh trong qu\u00e1 tr\u00ecnh n\u1ea5u ch\u1ea3y v\u00e0 c\u1ea3i thi\u1ec7n m\u00f4i tr\u01b0\u1eddng l\u00e0m vi\u1ec7c.  <\/p>\n<p><strong>T\u00ednh ch\u1ea5t c\u1ee7a s\u1eaft:<\/strong><\/p>\n<ul>\n<li>\u0110i\u1ec3m n\u00f3ng ch\u1ea3y: 1538 \u2103.<\/li>\n<li>M\u1eadt \u0111\u1ed9: 7,86 g\/cm\u00b3.<\/li>\n<li>Nhi\u1ec7t dung ri\u00eang: 460J\/(kg \u2103).<\/li>\n<li>Ngo\u1ea1i quan v\u00e0 h\u00ecnh d\u1ea1ng: S\u1eaft nguy\u00ean ch\u1ea5t l\u00e0 tinh th\u1ec3 kim lo\u1ea1i c\u00f3 \u00e1nh kim m\u00e0u tr\u1eafng b\u1ea1c, th\u01b0\u1eddng l\u00e0 c\u00e1c h\u1ea1t m\u1ecbn v\u00f4 \u0111\u1ecbnh h\u00ecnh ho\u1eb7c b\u1ed9t m\u00e0u x\u00e1m \u0111\u1ebfn x\u00e1m \u0111en. N\u00f3 c\u00f3 \u0111\u1ed9 d\u1ebbo, \u0111\u1ed9 d\u1eabn \u0111i\u1ec7n v\u00e0 \u0111\u1ed9 d\u1eabn nhi\u1ec7t t\u1ed1t. N\u00f3 c\u00f3 t\u00ednh s\u1eaft t\u1eeb m\u1ea1nh v\u00e0 thu\u1ed9c v\u1ec1 v\u1eadt li\u1ec7u t\u1eeb.  <\/li>\n<\/ul>\n<p><strong>Thi\u1ebft b\u1ecb:<\/strong><\/p>\n<ul>\n<li><span style=\"color: #0000ff;\"><a style=\"color: #0000ff;\" href=\"https:\/\/www.focoinduction.com\/induction-heating-equipment\/induction-melting-furnace\/aluminum-shell-induction-melting-furnace\/\" target=\"_blank\" rel=\"noopener\">L\u00f2 nung c\u1ea3m \u1ee9ng v\u1ecf nh\u00f4m c\u00f4ng su\u1ea5t<\/a><\/span> 300 kW.<\/li>\n<li>Thi\u1ebft b\u1ecb lo\u1ea1i b\u1ecf b\u1ee5i.<\/li>\n<\/ul>\n<p>L\u00f2 nung ch\u1ea3y c\u1ea3m \u1ee9ng v\u1ecf nh\u00f4m s\u1eed d\u1ee5ng ngu\u1ed3n \u0111i\u1ec7n gia nhi\u1ec7t c\u1ea3m \u1ee9ng GWJ v\u00e0 th\u00e2n l\u00f2 nung ch\u1ea3y c\u1ea3m \u1ee9ng kh\u00f4ng l\u00f5i 500 kg. L\u00f2 \u0111\u01b0\u1ee3c trang b\u1ecb hai th\u00e2n l\u00f2 \u0111\u1ec3 n\u1ea5u ch\u1ea3y s\u1eaft. M\u1ed9t th\u00e2n l\u00f2 ho\u1ea1t \u0111\u1ed9ng v\u00e0 m\u1ed9t th\u00e2n l\u00f2 \u1edf ch\u1ebf \u0111\u1ed9 ch\u1edd. Khi m\u1ed9t trong hai th\u00e2n l\u00f2 \u0111\u01b0\u1ee3c b\u1ea3o d\u01b0\u1ee1ng, th\u00e2n l\u00f2 d\u1ef1 ph\u00f2ng c\u00f3 th\u1ec3 \u0111\u01b0\u1ee3c k\u00edch ho\u1ea1t \u0111\u1ec3 \u0111\u1ea3m b\u1ea3o s\u1ea3n xu\u1ea5t li\u00ean t\u1ee5c. L\u00f2 c\u0169ng \u0111\u01b0\u1ee3c trang b\u1ecb tay c\u1ea7m \u0111i\u1ec1u khi\u1ec3n t\u1eeb xa \u0111\u1ec3 \u0111i\u1ec1u khi\u1ec3n \u0111\u1ea3o ng\u01b0\u1ee3c th\u00e2n l\u00f2, gi\u00fap \u0111\u1ed5 s\u1eaft n\u00f3ng ch\u1ea3y an to\u00e0n h\u01a1n. C\u00f3 th\u1ec3 lo\u1ea1i b\u1ecf kh\u00f3i v\u00e0 b\u1ee5i ph\u00e1t sinh trong qu\u00e1 tr\u00ecnh n\u1ea5u ch\u1ea3y b\u1eb1ng thi\u1ebft b\u1ecb lo\u1ea1i b\u1ecf b\u1ee5i.   <\/p>\n<p><strong>Qu\u00e1 tr\u00ecnh n\u00f3ng ch\u1ea3y:<\/strong><\/p>\n<ol>\n<li>\u0110\u1eb7t kh\u1ed1i s\u1eaft v\u00e0o th\u00e2n l\u00f2 c\u1ee7a l\u00f2 n\u1ea5u ch\u1ea3y c\u1ea3m \u1ee9ng.<\/li>\n<li>Kh\u1ed1i s\u1eaft n\u1eb7ng 500 kg s\u1ebd tan ch\u1ea3y trong v\u00f2ng 50 ph\u00fat.<\/li>\n<li>\u0110\u1ed5 s\u1eaft n\u00f3ng ch\u1ea3y ra.<\/li>\n<\/ol>\n<p><strong>Nh\u00e0 m\u00e1y \u0111\u00fac hi\u1ec7u qu\u1ea3 v\u00e0 an to\u00e0n h\u01a1n:<\/strong><\/p>\n<p>Nhi\u1ec1u l\u1ee3i \u00edch c\u1ee7a l\u00f2 nung c\u1ea3m \u1ee9ng cho th\u1ea5y <span style=\"color: #0000ff;\"><a style=\"color: #0000ff;\" href=\"https:\/\/www.focoinduction.com\/induction-heating-equipment\/induction-melting-furnace\/\" target=\"_blank\" rel=\"noopener\">l\u00f2 nung ch\u1ea3y c\u1ea3m \u1ee9ng<\/a><\/span> c\u00f3 th\u1ec3 cung c\u1ea5p quy tr\u00ecnh s\u1ea3n xu\u1ea5t an to\u00e0n v\u00e0 hi\u1ec7u qu\u1ea3 h\u01a1n. H\u1ec7 th\u1ed1ng nung ch\u1ea3y v\u00e0 gia nhi\u1ec7t c\u1ea3m \u1ee9ng FOCO cung c\u1ea5p gi\u1ea3i ph\u00e1p ti\u1ebft ki\u1ec7m chi ph\u00ed t\u1ed1t nh\u1ea5t cho d\u1ef1 \u00e1n nung ch\u1ea3y c\u1ee7a b\u1ea1n. \u0110\u1ecdc th\u00eam v\u1ec1 <span style=\"color: #0000ff;\"><a style=\"color: #0000ff;\" href=\"https:\/\/www.focoinduction.com\/induction-heating-applications\/induction-melting\/\" target=\"_blank\" rel=\"noopener\">c\u00e1c \u1ee9ng d\u1ee5ng nung ch\u1ea3y c\u1ea3m \u1ee9ng<\/a><\/span> .<\/p>\n<\/div><\/div><\/div><\/div><\/div><div class=\"fusion-fullwidth fullwidth-box fusion-builder-row-2 fusion-flex-container nonhundred-percent-fullwidth non-hundred-percent-height-scrolling\" style=\"--awb-border-sizes-bottom:1px;--awb-border-radius-top-left:0px;--awb-border-radius-top-right:0px;--awb-border-radius-bottom-right:0px;--awb-border-radius-bottom-left:0px;--awb-flex-wrap:wrap;\" ><div class=\"fusion-builder-row fusion-row fusion-flex-align-items-flex-start fusion-flex-content-wrap\" style=\"max-width:1248px;margin-left: calc(-4% \/ 2 );margin-right: calc(-4% \/ 2 );\"><div class=\"fusion-layout-column fusion_builder_column fusion-builder-column-1 fusion_builder_column_1_1 1_1 fusion-flex-column\" style=\"--awb-bg-size:cover;--awb-width-large:100%;--awb-margin-top-large:0px;--awb-spacing-right-large:1.92%;--awb-margin-bottom-large:20px;--awb-spacing-left-large:1.92%;--awb-width-medium:100%;--awb-order-medium:0;--awb-spacing-right-medium:1.92%;--awb-spacing-left-medium:1.92%;--awb-width-small:100%;--awb-order-small:0;--awb-spacing-right-small:1.92%;--awb-spacing-left-small:1.92%;\"><div class=\"fusion-column-wrapper fusion-column-has-shadow fusion-flex-justify-content-flex-start fusion-content-layout-column\"><div class=\"fusion-text fusion-text-2\" style=\"--awb-text-transform:none;\"><h3>Video v\u1ec1 l\u00f2 nung c\u1ea3m \u1ee9ng 500 kg s\u1eaft<\/h3>\n<\/div><\/div><\/div><div class=\"fusion-layout-column fusion_builder_column fusion-builder-column-2 fusion_builder_column_1_1 1_1 fusion-flex-column\" style=\"--awb-bg-size:cover;--awb-width-large:100%;--awb-margin-top-large:0px;--awb-spacing-right-large:1.92%;--awb-margin-bottom-large:20px;--awb-spacing-left-large:1.92%;--awb-width-medium:100%;--awb-order-medium:0;--awb-spacing-right-medium:1.92%;--awb-spacing-left-medium:1.92%;--awb-width-small:100%;--awb-order-small:0;--awb-spacing-right-small:1.92%;--awb-spacing-left-small:1.92%;\"><div class=\"fusion-column-wrapper fusion-column-has-shadow fusion-flex-justify-content-flex-start fusion-content-layout-column\"><div class=\"fusion-video fusion-youtube\" style=\"--awb-max-width:600px;--awb-max-height:360px;\"><div class=\"video-shortcode\"><lite-youtube videoid=\"NV-ZPF-eha4\" class=\"landscape\" params=\"wmode=transparent&autoplay=1&amp;enablejsapi=1\" title=\"Induction Melting 500 kg Iron\" data-button-label=\"Play Video\" width=\"600\" height=\"360\" data-thumbnail-size=\"auto\" data-no-cookie=\"on\"><\/lite-youtube><\/div><\/div><\/div><\/div><\/div><\/div><\/p>\n","protected":false},"excerpt":{"rendered":"","protected":false},"author":1,"featured_media":9509,"parent":9823,"menu_order":0,"comment_status":"closed","ping_status":"closed","template":"","meta":{"footnotes":""},"class_list":["post-9507","page","type-page","status-publish","has-post-thumbnail","hentry"],"_links":{"self":[{"href":"https:\/\/www.focoinduction.com\/vi\/wp-json\/wp\/v2\/pages\/9507","targetHints":{"allow":["GET"]}}],"collection":[{"href":"https:\/\/www.focoinduction.com\/vi\/wp-json\/wp\/v2\/pages"}],"about":[{"href":"https:\/\/www.focoinduction.com\/vi\/wp-json\/wp\/v2\/types\/page"}],"author":[{"embeddable":true,"href":"https:\/\/www.focoinduction.com\/vi\/wp-json\/wp\/v2\/users\/1"}],"replies":[{"embeddable":true,"href":"https:\/\/www.focoinduction.com\/vi\/wp-json\/wp\/v2\/comments?post=9507"}],"version-history":[{"count":0,"href":"https:\/\/www.focoinduction.com\/vi\/wp-json\/wp\/v2\/pages\/9507\/revisions"}],"up":[{"embeddable":true,"href":"https:\/\/www.focoinduction.com\/vi\/wp-json\/wp\/v2\/pages\/9823"}],"wp:featuredmedia":[{"embeddable":true,"href":"https:\/\/www.focoinduction.com\/vi\/wp-json\/wp\/v2\/media\/9509"}],"wp:attachment":[{"href":"https:\/\/www.focoinduction.com\/vi\/wp-json\/wp\/v2\/media?parent=9507"}],"curies":[{"name":"wp","href":"https:\/\/api.w.org\/{rel}","templated":true}]}}