{"id":9555,"date":"2022-08-24T16:45:07","date_gmt":"2022-08-24T08:45:07","guid":{"rendered":"https:\/\/www.focoinduction.com\/thep-nau-chay-cam-ung-600-kg\/"},"modified":"2025-01-02T10:50:00","modified_gmt":"2025-01-02T02:50:00","slug":"thep-nau-chay-cam-ung-600-kg","status":"publish","type":"page","link":"https:\/\/www.focoinduction.com\/vi\/ung-dung\/nau-chay-cam-ung\/thep-nau-chay-cam-ung-600-kg\/","title":{"rendered":"Th\u00e9p n\u1ea5u ch\u1ea3y c\u1ea3m \u1ee9ng 600 kg"},"content":{"rendered":"<p><div class=\"fusion-fullwidth fullwidth-box fusion-builder-row-1 fusion-flex-container nonhundred-percent-fullwidth non-hundred-percent-height-scrolling\" style=\"--awb-border-sizes-bottom:1px;--awb-border-radius-top-left:0px;--awb-border-radius-top-right:0px;--awb-border-radius-bottom-right:0px;--awb-border-radius-bottom-left:0px;--awb-flex-wrap:wrap;\" ><div class=\"fusion-builder-row fusion-row fusion-flex-align-items-flex-start fusion-flex-content-wrap\" style=\"max-width:1248px;margin-left: calc(-4% \/ 2 );margin-right: calc(-4% \/ 2 );\"><div class=\"fusion-layout-column fusion_builder_column fusion-builder-column-0 fusion_builder_column_1_1 1_1 fusion-flex-column\" style=\"--awb-bg-size:cover;--awb-width-large:100%;--awb-margin-top-large:0px;--awb-spacing-right-large:1.92%;--awb-margin-bottom-large:20px;--awb-spacing-left-large:1.92%;--awb-width-medium:100%;--awb-order-medium:0;--awb-spacing-right-medium:1.92%;--awb-spacing-left-medium:1.92%;--awb-width-small:100%;--awb-order-small:0;--awb-spacing-right-small:1.92%;--awb-spacing-left-small:1.92%;\"><div class=\"fusion-column-wrapper fusion-column-has-shadow fusion-flex-justify-content-flex-start fusion-content-layout-column\"><div class=\"fusion-text fusion-text-1\"><h2>\u1ee8ng d\u1ee5ng th\u00e9p n\u00f3ng ch\u1ea3y c\u1ea3m \u1ee9ng<\/h2>\n<p>M\u1ed9t x\u01b0\u1edfng \u0111\u00fac th\u00e9p nh\u1ecf c\u1ea7n n\u1ea5u ch\u1ea3y c\u1ea3m \u1ee9ng 600 kg th\u00e9p trong 50 ph\u00fat v\u00e0 ph\u1ea3i gi\u1ea3m s\u1ea3n l\u01b0\u1ee3ng xu\u1ed1ng c\u00f2n 300 kg m\u1ed7i gi\u1edd trong th\u1eddi gian ngo\u00e0i m\u00f9a. Ch\u00fang t\u00f4i cung c\u1ea5p cho kh\u00e1ch h\u00e0ng hai ngu\u1ed3n \u0111i\u1ec7n gia nhi\u1ec7t c\u1ea3m \u1ee9ng 250 kW, \u0111\u01b0\u1ee3c trang b\u1ecb ba th\u00e2n l\u00f2 300 kg, trong \u0111\u00f3 c\u00f3 m\u1ed9t th\u00e2n l\u00f2 d\u1ef1 ph\u00f2ng.<\/p>\n<\/div><div class=\"fusion-text fusion-text-2\"><p><strong>T\u00ednh ch\u1ea5t c\u1ee7a th\u00e9p:<\/strong><\/p>\n<ul>\n<li>M\u1eadt \u0111\u1ed9 c\u1ee7a th\u00e9p: 7,85 g\/cm\u00b3.<\/li>\n<li>\u0110i\u1ec3m n\u00f3ng ch\u1ea3y c\u1ee7a th\u00e9p: 1.500 \u2103<\/li>\n<li>Th\u00e9p l\u00e0 thu\u1eadt ng\u1eef chung cho h\u1ee3p kim s\u1eaft-cacbon c\u00f3 h\u00e0m l\u01b0\u1ee3ng cacbon t\u1eeb 0,02% \u0111\u1ebfn 2,11% theo kh\u1ed1i l\u01b0\u1ee3ng. Th\u00e9p \u0111\u01b0\u1ee3c s\u1eed d\u1ee5ng r\u1ed9ng r\u00e3i trong x\u00e2y d\u1ef1ng, s\u1ea3n xu\u1ea5t v\u00e0 c\u00e1c l\u0129nh v\u1ef1c c\u00f4ng nghi\u1ec7p kh\u00e1c. <\/li>\n<\/ul>\n<\/div><div class=\"fusion-text fusion-text-3\"><p><strong>Thi\u1ebft b\u1ecb:<\/strong><\/p>\n<ul>\n<li>Hai <span style=\"color: #0000ff;\"><a style=\"color: #0000ff;\" href=\"https:\/\/www.focoinduction.com\/induction-heating-equipment\/induction-melting-furnace\/aluminum-shell-induction-melting-furnace\/\" target=\"_blank\" rel=\"noopener\">l\u00f2 nung c\u1ea3m \u1ee9ng v\u1ecf nh\u00f4m<\/a><\/span> c\u00f4ng su\u1ea5t 250 kW \u0111\u01b0\u1ee3c trang b\u1ecb ba th\u00e2n l\u00f2 c\u00f3 c\u1ea5u tr\u00fac v\u1ecf nh\u00f4m.<\/li>\n<li>M\u1ed9t b\u1ed9 thi\u1ebft b\u1ecb lo\u1ea1i b\u1ecf b\u1ee5i.<\/li>\n<\/ul>\n<p>Hai l\u00f2 n\u1ea5u ch\u1ea3y c\u1ea3m \u1ee9ng c\u00f3 th\u1ec3 ho\u1ea1t \u0111\u1ed9ng \u0111\u1ed3ng th\u1eddi, v\u1edbi t\u1ed5ng c\u00f4ng su\u1ea5t t\u1ed1i \u0111a l\u00e0 600 kg s\u1eaft m\u1ed7i gi\u1edd. V\u00e0o m\u00f9a th\u1ea5p \u0111i\u1ec3m s\u1ea3n xu\u1ea5t, c\u00f3 th\u1ec3 t\u1eaft ngu\u1ed3n \u0111i\u1ec7n gia nhi\u1ec7t c\u1ea3m \u1ee9ng \u0111\u1ec3 \u0111\u1ea3m b\u1ea3o c\u00f4ng su\u1ea5t s\u1ea3n xu\u1ea5t t\u1ed1i thi\u1ec3u l\u00e0 300 kg m\u1ed7i gi\u1edd. Trong qu\u00e1 tr\u00ecnh b\u1ea3o d\u01b0\u1ee1ng v\u00e0 s\u1eeda ch\u1eefa th\u00e2n l\u00f2, c\u00f3 th\u1ec3 s\u1eed d\u1ee5ng th\u00e2n l\u00f2 d\u1ef1 ph\u00f2ng \u0111\u1ec3 \u0111\u1ea3m b\u1ea3o t\u00ednh li\u00ean t\u1ee5c c\u1ee7a s\u1ea3n xu\u1ea5t. Thi\u1ebft b\u1ecb lo\u1ea1i b\u1ecf b\u1ee5i c\u00f3 th\u1ec3 lo\u1ea1i b\u1ecf hi\u1ec7u qu\u1ea3 c\u00e1c h\u1ea1t kh\u00f3i sinh ra trong qu\u00e1 tr\u00ecnh n\u1ea5u ch\u1ea3y, b\u1ea3o v\u1ec7 m\u00f4i tr\u01b0\u1eddng v\u00e0 gi\u1ea3m \u00f4 nhi\u1ec5m.<\/p>\n<\/div><div class=\"fusion-text fusion-text-4\"><p><strong>Qu\u00e1 tr\u00ecnh n\u00f3ng ch\u1ea3y:<\/strong><\/p>\n<ol>\n<li>Kh\u1ed1i th\u00e9p \u0111\u01b0\u1ee3c \u0111\u1eb7t v\u00e0o l\u00f2 nung c\u1ea3m \u1ee9ng.<\/li>\n<li>Kh\u1ed1i th\u00e9p \u0111\u01b0\u1ee3c n\u1ea5u ch\u1ea3y th\u00e0nh c\u00f4ng trong v\u00f2ng 50 ph\u00fat.<\/li>\n<li>Ki\u1ec3m so\u00e1t th\u00e2n l\u00f2 \u0111\u1ec3 \u0111\u1ed5 th\u00e9p n\u00f3ng ch\u1ea3y ra.<\/li>\n<\/ol>\n<\/div><div class=\"fusion-text fusion-text-5\"><p>Qu\u00e1 tr\u00ecnh n\u1ea5u ch\u1ea3y th\u00e9p c\u1ea3m \u1ee9ng l\u00e0 m\u1ed9t qu\u00e1 tr\u00ecnh nhanh ch\u00f3ng v\u00e0 an to\u00e0n. <span style=\"color: #0000ff;\"><a style=\"color: #0000ff;\" href=\"https:\/\/www.focoinduction.com\/induction-heating-equipment\/induction-melting-furnace\/\" target=\"_blank\" rel=\"noopener\">L\u00f2 n\u1ea5u ch\u1ea3y c\u1ea3m \u1ee9ng<\/a><\/span> FOCO c\u00f3 th\u1ec3 n\u1ea5u ch\u1ea3y t\u1eeb 5 kg \u0111\u1ebfn 5.000 kg th\u00e9p. Ch\u00fang t\u00f4i cung c\u1ea5p c\u00e1c gi\u1ea3i ph\u00e1p ho\u00e0n ch\u1ec9nh, bao g\u1ed3m ngu\u1ed3n \u0111i\u1ec7n gia nhi\u1ec7t c\u1ea3m \u1ee9ng, th\u00e2n l\u00f2, thi\u1ebft b\u1ecb lo\u1ea1i b\u1ecf b\u1ee5i v\u00e0 h\u1ec7 th\u1ed1ng l\u00e0m m\u00e1t b\u1eb1ng n\u01b0\u1edbc. \u0110\u1ecdc th\u00eam v\u1ec1 <span style=\"color: #0000ff;\"><a style=\"color: #0000ff;\" href=\"https:\/\/www.focoinduction.com\/induction-heating-applications\/induction-melting\/\" target=\"_blank\" rel=\"noopener\">c\u00e1c \u1ee9ng d\u1ee5ng n\u1ea5u ch\u1ea3y c\u1ea3m \u1ee9ng<\/a><\/span> .  <\/p>\n<p><span style=\"color: #0000ff;\"><a style=\"color: #0000ff;\" href=\"https:\/\/www.focoinduction.com\/contact\/\" target=\"_blank\" rel=\"noopener\">Nh\u1eadn b\u00e1o gi\u00e1 cho L\u00f2 nung c\u1ea3m \u1ee9ng.<\/a><\/span><\/p>\n<\/div><\/div><\/div><\/div><\/div><div class=\"fusion-fullwidth fullwidth-box fusion-builder-row-2 fusion-flex-container nonhundred-percent-fullwidth non-hundred-percent-height-scrolling\" style=\"--awb-border-sizes-bottom:1px;--awb-border-radius-top-left:0px;--awb-border-radius-top-right:0px;--awb-border-radius-bottom-right:0px;--awb-border-radius-bottom-left:0px;--awb-flex-wrap:wrap;\" ><div class=\"fusion-builder-row fusion-row fusion-flex-align-items-flex-start fusion-flex-content-wrap\" style=\"max-width:1248px;margin-left: calc(-4% \/ 2 );margin-right: calc(-4% \/ 2 );\"><div class=\"fusion-layout-column fusion_builder_column fusion-builder-column-1 fusion_builder_column_1_1 1_1 fusion-flex-column\" style=\"--awb-bg-size:cover;--awb-width-large:100%;--awb-margin-top-large:0px;--awb-spacing-right-large:1.92%;--awb-margin-bottom-large:20px;--awb-spacing-left-large:1.92%;--awb-width-medium:100%;--awb-order-medium:0;--awb-spacing-right-medium:1.92%;--awb-spacing-left-medium:1.92%;--awb-width-small:100%;--awb-order-small:0;--awb-spacing-right-small:1.92%;--awb-spacing-left-small:1.92%;\"><div class=\"fusion-column-wrapper fusion-column-has-shadow fusion-flex-justify-content-flex-start fusion-content-layout-column\"><div class=\"fusion-text fusion-text-6\" style=\"--awb-text-transform:none;\"><h3>Video v\u1ec1 th\u00e9p n\u00f3ng ch\u1ea3y<\/h3>\n<\/div><\/div><\/div><div class=\"fusion-layout-column fusion_builder_column fusion-builder-column-2 fusion_builder_column_1_1 1_1 fusion-flex-column\" style=\"--awb-bg-size:cover;--awb-width-large:100%;--awb-margin-top-large:0px;--awb-spacing-right-large:1.92%;--awb-margin-bottom-large:20px;--awb-spacing-left-large:1.92%;--awb-width-medium:100%;--awb-order-medium:0;--awb-spacing-right-medium:1.92%;--awb-spacing-left-medium:1.92%;--awb-width-small:100%;--awb-order-small:0;--awb-spacing-right-small:1.92%;--awb-spacing-left-small:1.92%;\"><div class=\"fusion-column-wrapper fusion-column-has-shadow fusion-flex-justify-content-flex-start fusion-content-layout-column\"><div class=\"fusion-video fusion-youtube\" style=\"--awb-max-width:600px;--awb-max-height:360px;\"><div class=\"video-shortcode\"><lite-youtube videoid=\"IpjqbXQI4ZE\" class=\"landscape\" params=\"wmode=transparent&autoplay=1&amp;enablejsapi=1\" title=\"Induction Melting Steel\" data-button-label=\"Play Video\" width=\"600\" height=\"360\" data-thumbnail-size=\"auto\" data-no-cookie=\"on\"><\/lite-youtube><\/div><\/div><\/div><\/div><\/div><\/div><\/p>\n","protected":false},"excerpt":{"rendered":"","protected":false},"author":1,"featured_media":9557,"parent":9823,"menu_order":0,"comment_status":"closed","ping_status":"closed","template":"","meta":{"footnotes":""},"class_list":["post-9555","page","type-page","status-publish","has-post-thumbnail","hentry"],"_links":{"self":[{"href":"https:\/\/www.focoinduction.com\/vi\/wp-json\/wp\/v2\/pages\/9555","targetHints":{"allow":["GET"]}}],"collection":[{"href":"https:\/\/www.focoinduction.com\/vi\/wp-json\/wp\/v2\/pages"}],"about":[{"href":"https:\/\/www.focoinduction.com\/vi\/wp-json\/wp\/v2\/types\/page"}],"author":[{"embeddable":true,"href":"https:\/\/www.focoinduction.com\/vi\/wp-json\/wp\/v2\/users\/1"}],"replies":[{"embeddable":true,"href":"https:\/\/www.focoinduction.com\/vi\/wp-json\/wp\/v2\/comments?post=9555"}],"version-history":[{"count":0,"href":"https:\/\/www.focoinduction.com\/vi\/wp-json\/wp\/v2\/pages\/9555\/revisions"}],"up":[{"embeddable":true,"href":"https:\/\/www.focoinduction.com\/vi\/wp-json\/wp\/v2\/pages\/9823"}],"wp:featuredmedia":[{"embeddable":true,"href":"https:\/\/www.focoinduction.com\/vi\/wp-json\/wp\/v2\/media\/9557"}],"wp:attachment":[{"href":"https:\/\/www.focoinduction.com\/vi\/wp-json\/wp\/v2\/media?parent=9555"}],"curies":[{"name":"wp","href":"https:\/\/api.w.org\/{rel}","templated":true}]}}