{"id":9591,"date":"2022-09-28T11:46:47","date_gmt":"2022-09-28T03:46:47","guid":{"rendered":"https:\/\/www.focoinduction.com\/han-ong-dong-vao-phu-kien-dong-thau\/"},"modified":"2025-01-02T10:51:14","modified_gmt":"2025-01-02T02:51:14","slug":"han-ong-dong-vao-phu-kien-dong-thau","status":"publish","type":"page","link":"https:\/\/www.focoinduction.com\/vi\/ung-dung\/han-cam-ung\/han-ong-dong-vao-phu-kien-dong-thau\/","title":{"rendered":"H\u00e0n \u1ed1ng \u0111\u1ed3ng v\u00e0o ph\u1ee5 ki\u1ec7n \u0111\u1ed3ng thau"},"content":{"rendered":"<p><div class=\"fusion-fullwidth fullwidth-box fusion-builder-row-1 fusion-flex-container has-pattern-background has-mask-background nonhundred-percent-fullwidth non-hundred-percent-height-scrolling\" style=\"--awb-border-radius-top-left:0px;--awb-border-radius-top-right:0px;--awb-border-radius-bottom-right:0px;--awb-border-radius-bottom-left:0px;--awb-flex-wrap:wrap;\" ><div class=\"fusion-builder-row fusion-row fusion-flex-align-items-flex-start fusion-flex-content-wrap\" style=\"max-width:1248px;margin-left: calc(-4% \/ 2 );margin-right: calc(-4% \/ 2 );\"><div class=\"fusion-layout-column fusion_builder_column fusion-builder-column-0 fusion_builder_column_1_1 1_1 fusion-flex-column\" style=\"--awb-bg-size:cover;--awb-width-large:100%;--awb-margin-top-large:0px;--awb-spacing-right-large:1.92%;--awb-margin-bottom-large:20px;--awb-spacing-left-large:1.92%;--awb-width-medium:100%;--awb-order-medium:0;--awb-spacing-right-medium:1.92%;--awb-spacing-left-medium:1.92%;--awb-width-small:100%;--awb-order-small:0;--awb-spacing-right-small:1.92%;--awb-spacing-left-small:1.92%;\"><div class=\"fusion-column-wrapper fusion-column-has-shadow fusion-flex-justify-content-flex-start fusion-content-layout-column\"><div class=\"fusion-text fusion-text-1\"><h2>\u1ee8ng d\u1ee5ng h\u00e0n c\u1ea3m \u1ee9ng \u0111\u1ed3ng v\u1edbi \u0111\u1ed3ng thau<\/h2>\n<p>Trong ph\u00f2ng th\u00ed nghi\u1ec7m gia nhi\u1ec7t c\u1ea3m \u1ee9ng FOCO, ch\u00fang t\u00f4i \u0111\u00e3 ho\u00e0n th\u00e0nh c\u00e1c th\u1eed nghi\u1ec7m h\u00e0n c\u1ea3m \u1ee9ng \u1ed1ng \u0111\u1ed3ng v\u1edbi ph\u1ee5 ki\u1ec7n b\u1eb1ng \u0111\u1ed3ng thau. Theo y\u00eau c\u1ea7u c\u1ee7a kh\u00e1ch h\u00e0ng, ch\u00fang t\u00f4i ph\u1ea3i h\u00e0n c\u1ea3m \u1ee9ng \u1ed1ng \u0111\u1ed3ng v\u1edbi c\u00e1c th\u00e0nh ph\u1ea7n b\u1eb1ng \u0111\u1ed3ng thau trong v\u00f2ng 20 gi\u00e2y. Sau khi nh\u1eadn \u0111\u01b0\u1ee3c m\u1eabu th\u1eed nghi\u1ec7m c\u1ee7a kh\u00e1ch h\u00e0ng, ch\u00fang t\u00f4i \u0111\u00e3 th\u1ef1c hi\u1ec7n c\u00e1c th\u1eed nghi\u1ec7m h\u00e0n c\u1ea3m \u1ee9ng tr\u00ean c\u00e1c m\u1eabu \u1ed1ng \u0111\u1ed3ng v\u00e0 ph\u1ee5 ki\u1ec7n b\u1eb1ng \u0111\u1ed3ng thau b\u1eb1ng m\u00e1y h\u00e0n c\u1ea3m \u1ee9ng c\u1ea7m tay.<\/p>\n<p><strong>M\u00e1y h\u00e0n \u0111\u1ed3ng:<\/strong><br \/>\n<span style=\"color: #0000ff;\"><a style=\"color: #0000ff;\" href=\"https:\/\/www.focoinduction.com\/induction-heating-equipment\/induction-brazing-machine\/handheld-induction-brazing-machine\/\" target=\"_blank\" rel=\"noopener\">M\u00e1y h\u00e0n c\u1ea3m \u1ee9ng c\u1ea7m tay 10 kW<\/a><\/span> . M\u00e1y h\u00e0n c\u1ea3m \u1ee9ng c\u1ea7m tay 10 kW s\u1eed d\u1ee5ng h\u1ec7 th\u1ed1ng \u0111i\u1ec1u khi\u1ec3n PLC th\u00f4ng minh. M\u00e1y s\u1eed d\u1ee5ng <span style=\"color: #0000ff;\"><a style=\"color: #0000ff;\" href=\"https:\/\/www.focoinduction.com\/induction-heating-equipment\/induction-heating-machine\/ultra-high-frequency-induction-heating-machine\/\" target=\"_blank\" rel=\"noopener\">ngu\u1ed3n \u0111i\u1ec7n gia nhi\u1ec7t c\u1ea3m \u1ee9ng UHF<\/a><\/span> v\u00e0 \u0111\u01b0\u1ee3c trang b\u1ecb h\u1ec7 th\u1ed1ng l\u00e0m m\u00e1t b\u1eb1ng n\u01b0\u1edbc t\u00edch h\u1ee3p. Trong qu\u00e1 tr\u00ecnh h\u00e0n c\u1ea3m \u1ee9ng, ch\u00fang t\u00f4i s\u1eed d\u1ee5ng h\u1ec7 th\u1ed1ng h\u00e0n c\u1ea3m \u1ee9ng c\u1ea7m tay \u0111\u1ec3 c\u00f3 quy tr\u00ecnh h\u00e0n th\u00e2n thi\u1ec7n h\u01a1n v\u1edbi ng\u01b0\u1eddi d\u00f9ng.<\/p>\n<p><strong>Quy tr\u00ecnh h\u00e0n \u0111\u1ed3ng sang \u0111\u1ed3ng thau:<\/strong><\/p>\n<ol>\n<li>L\u1eafp \u1ed1ng \u0111\u1ed3ng v\u00e0 ph\u1ee5 ki\u1ec7n b\u1eb1ng \u0111\u1ed3ng thau l\u1ea1i v\u1edbi nhau.<\/li>\n<li>\u0110\u1eb7t ch\u1ea5t tr\u1ee3 dung v\u00e0 ch\u1ea5t \u0111\u1ed9n v\u00e0o v\u1ecb tr\u00ed khe h\u1edf c\u1ee7a m\u1ed1i n\u1ed1i \u1ed1ng \u0111\u1ed3ng.<\/li>\n<li>Ng\u01b0\u1eddi v\u1eadn h\u00e0nh c\u1ea7m m\u00e1y h\u00e0n c\u1ea3m \u1ee9ng c\u1ea7m tay FOCO, c\u0103n ch\u1ec9nh cu\u1ed9n d\u00e2y v\u1edbi m\u1ed1i n\u1ed1i v\u00e0 b\u1eaft \u0111\u1ea7u gia nhi\u1ec7t.<\/li>\n<li>Sau 20 gi\u00e2y gia nhi\u1ec7t, \u1ed1ng \u0111\u1ed3ng v\u00e0 c\u00e1c b\u1ed9 ph\u1eadn b\u1eb1ng \u0111\u1ed3ng thau \u0111\u01b0\u1ee3c gh\u00e9p l\u1ea1i v\u1edbi nhau v\u00e0 qu\u00e1 tr\u00ecnh h\u00e0n c\u1ea3m \u1ee9ng ho\u00e0n t\u1ea5t.<\/li>\n<\/ol>\n<p><strong>Nh\u1eefng l\u1ee3i \u00edch:<\/strong><\/p>\n<ul>\n<li>L\u00e0m n\u00f3ng nhanh v\u00e0 gi\u1ea3m qu\u00e1 tr\u00ecnh oxy h\u00f3a.<\/li>\n<li>\u0110\u1ed9 bi\u1ebfn d\u1ea1ng nh\u1ecf n\u00ean ph\u00f9 h\u1ee3p \u0111\u1ec3 ch\u1ebf t\u1ea1o c\u00e1c b\u1ed9 ph\u1eadn ch\u00ednh x\u00e1c.<\/li>\n<li>Th\u1eddi gian gia nhi\u1ec7t c\u00f3 th\u1ec3 \u0111\u01b0\u1ee3c ki\u1ec3m so\u00e1t ch\u00ednh x\u00e1c.<\/li>\n<li>C\u00f4ng su\u1ea5t c\u00f3 th\u1ec3 \u0111i\u1ec1u ch\u1ec9nh \u0111\u1ec3 ti\u1ebft ki\u1ec7m n\u0103ng l\u01b0\u1ee3ng.<\/li>\n<li>Quy tr\u00ecnh l\u1eb7p l\u1ea1i v\u1edbi thao t\u00e1c \u0111\u01a1n gi\u1ea3n.<\/li>\n<\/ul>\n<p><strong>Ph\u1ea7n k\u1ebft lu\u1eadn<\/strong><\/p>\n<p>S\u1eed d\u1ee5ng m\u00e1y h\u00e0n c\u1ea3m \u1ee9ng c\u1ea7m tay FOCO 10 kW, ch\u00fang t\u00f4i \u0111\u00e3 h\u00e0n th\u00e0nh c\u00f4ng m\u1ed9t \u1ed1ng \u0111\u1ed3ng v\u1edbi ph\u1ee5 ki\u1ec7n b\u1eb1ng \u0111\u1ed3ng thau trong v\u00f2ng ch\u01b0a \u0111\u1ea7y 20 gi\u00e2y. To\u00e0n b\u1ed9 qu\u00e1 tr\u00ecnh di\u1ec5n ra nhanh ch\u00f3ng v\u00e0 b\u1ec1 m\u1eb7t c\u1ee7a m\u1ed1i n\u1ed1i \u1ed1ng \u0111\u1ed3ng h\u00e0n nh\u1eb5n v\u00e0 \u00edt b\u1ecb oxy h\u00f3a h\u01a1n. H\u1ec7 th\u1ed1ng gia nhi\u1ec7t c\u1ea3m \u1ee9ng c\u1ea7m tay c\u1ee7a ch\u00fang t\u00f4i cho ph\u00e9p h\u00e0n c\u1ea3m \u1ee9ng \u0111\u1ed3ng v\u1edbi \u0111\u1ed3ng, \u0111\u1ed3ng v\u1edbi \u0111\u1ed3ng thau, \u0111\u1ed3ng v\u1edbi th\u00e9p, nh\u00f4m v\u1edbi nh\u00f4m, v.v. \u0110\u1ecdc th\u00eam v\u1ec1 <span style=\"color: #0000ff;\"><a style=\"color: #0000ff;\" href=\"https:\/\/www.focoinduction.com\/induction-heating-applications\/induction-brazing\/\" target=\"_blank\" rel=\"noopener\">c\u00e1c \u1ee9ng d\u1ee5ng h\u00e0n c\u1ea3m \u1ee9ng<\/a><\/span> .<\/p>\n<\/div><\/div><\/div><\/div><\/div><div class=\"fusion-fullwidth fullwidth-box fusion-builder-row-2 fusion-flex-container nonhundred-percent-fullwidth non-hundred-percent-height-scrolling\" style=\"--awb-border-sizes-bottom:1px;--awb-border-radius-top-left:0px;--awb-border-radius-top-right:0px;--awb-border-radius-bottom-right:0px;--awb-border-radius-bottom-left:0px;--awb-flex-wrap:wrap;\" ><div class=\"fusion-builder-row fusion-row fusion-flex-align-items-flex-start fusion-flex-content-wrap\" style=\"max-width:1248px;margin-left: calc(-4% \/ 2 );margin-right: calc(-4% \/ 2 );\"><div class=\"fusion-layout-column fusion_builder_column fusion-builder-column-1 fusion_builder_column_1_1 1_1 fusion-flex-column\" style=\"--awb-bg-size:cover;--awb-width-large:100%;--awb-margin-top-large:0px;--awb-spacing-right-large:1.92%;--awb-margin-bottom-large:0px;--awb-spacing-left-large:1.92%;--awb-width-medium:100%;--awb-order-medium:0;--awb-spacing-right-medium:1.92%;--awb-spacing-left-medium:1.92%;--awb-width-small:100%;--awb-order-small:0;--awb-spacing-right-small:1.92%;--awb-spacing-left-small:1.92%;\"><div class=\"fusion-column-wrapper fusion-column-has-shadow fusion-flex-justify-content-flex-start fusion-content-layout-column\"><div class=\"fusion-text fusion-text-2\" style=\"--awb-font-size:24px;--awb-text-transform:capitalize;\"><p><strong>Ph\u00f2ng tr\u01b0ng b\u00e0y<\/strong><\/p>\n<\/div><\/div><\/div><div class=\"fusion-layout-column fusion_builder_column fusion-builder-column-2 fusion_builder_column_1_1 1_1 fusion-flex-column\" style=\"--awb-bg-size:cover;--awb-width-large:100%;--awb-margin-top-large:0px;--awb-spacing-right-large:1.92%;--awb-margin-bottom-large:20px;--awb-spacing-left-large:1.92%;--awb-width-medium:100%;--awb-order-medium:0;--awb-spacing-right-medium:1.92%;--awb-spacing-left-medium:1.92%;--awb-width-small:100%;--awb-order-small:0;--awb-spacing-right-small:1.92%;--awb-spacing-left-small:1.92%;\"><div class=\"fusion-column-wrapper fusion-column-has-shadow fusion-flex-justify-content-flex-start fusion-content-layout-column\"><div class=\"fusion-image-carousel fusion-image-carousel-auto fusion-image-carousel-1 lightbox-enabled fusion-carousel-border\"><div class=\"awb-carousel awb-swiper awb-swiper-carousel awb-carousel--carousel awb-swiper-dots-position-bottom\" data-layout=\"carousel\" data-autoplay=\"no\" data-autoplayspeed=\"3500\" data-autoplaypause=\"no\" data-columns=\"2\" data-columnsmedium=\"1\" data-columnssmall=\"1\" data-itemmargin=\"15\" data-itemwidth=\"180\" data-touchscroll=\"no\" data-freemode=\"no\" data-imagesize=\"auto\" data-scrollitems=\"0\" data-centeredslides=\"no\" data-rotationangle=\"50\" data-depth=\"100\" data-speed=\"500\" data-shadow=\"no\" data-pagination=\"bullets\" style=\"--awb-columns:2;--awb-column-spacing:15px;--awb-border-width:1px;--awb-border-color:#e9eaee;\"><div class=\"swiper-wrapper awb-image-carousel-wrapper fusion-flex-align-items-center\"><div class=\"swiper-slide\"><div class=\"fusion-carousel-item-wrapper\"><div class=\"fusion-image-wrapper hover-type-none\"><a data-rel=\"iLightbox[image_carousel_1]\" data-caption=\"Brazing copper tube to brass fittings\" data-title=\"Brazing copper tube to brass fittings\" aria-label=\"Brazing copper tube to brass fittings\" href=\"https:\/\/www.focoinduction.com\/wp-content\/uploads\/2022\/09\/Brazing-copper-tube-to-brass-fittings.jpg\" target=\"_self\"><img decoding=\"async\" width=\"600\" height=\"400\" src=\"https:\/\/www.focoinduction.com\/wp-content\/uploads\/2022\/09\/Brazing-copper-tube-to-brass-fittings.jpg\" class=\"attachment-full size-full\" alt=\"H\u00e0n \u1ed1ng \u0111\u1ed3ng v\u00e0o ph\u1ee5 ki\u1ec7n b\u1eb1ng \u0111\u1ed3ng thau\" srcset=\"https:\/\/www.focoinduction.com\/wp-content\/uploads\/2022\/09\/Brazing-copper-tube-to-brass-fittings-200x133.jpg 200w, https:\/\/www.focoinduction.com\/wp-content\/uploads\/2022\/09\/Brazing-copper-tube-to-brass-fittings-400x267.jpg 400w, https:\/\/www.focoinduction.com\/wp-content\/uploads\/2022\/09\/Brazing-copper-tube-to-brass-fittings.jpg 600w\" sizes=\"(min-width: 2200px) 100vw, (min-width: 712px) 593px, (min-width: 640px) 712px, \" \/><\/a><\/div><\/div><\/div><div class=\"swiper-slide\"><div class=\"fusion-carousel-item-wrapper\"><div class=\"fusion-image-wrapper hover-type-none\"><a data-rel=\"iLightbox[image_carousel_1]\" data-caption=\"Brazing copper pipe to brass fittings with induction heating\" data-title=\"Brazing copper pipe to brass fittings with induction heating\" aria-label=\"Brazing copper pipe to brass fittings with induction heating\" href=\"https:\/\/www.focoinduction.com\/wp-content\/uploads\/2022\/09\/Brazing-copper-pipe-to-brass-fittings-with-induction-heating.jpg\" target=\"_self\"><img decoding=\"async\" width=\"600\" height=\"400\" src=\"https:\/\/www.focoinduction.com\/wp-content\/uploads\/2022\/09\/Brazing-copper-pipe-to-brass-fittings-with-induction-heating.jpg\" class=\"attachment-full size-full\" alt=\"H\u00e0n \u1ed1ng \u0111\u1ed3ng v\u00e0o ph\u1ee5 ki\u1ec7n \u0111\u1ed3ng thau b\u1eb1ng ph\u01b0\u01a1ng ph\u00e1p gia nhi\u1ec7t c\u1ea3m \u1ee9ng\" srcset=\"https:\/\/www.focoinduction.com\/wp-content\/uploads\/2022\/09\/Brazing-copper-pipe-to-brass-fittings-with-induction-heating-200x133.jpg 200w, https:\/\/www.focoinduction.com\/wp-content\/uploads\/2022\/09\/Brazing-copper-pipe-to-brass-fittings-with-induction-heating-400x267.jpg 400w, https:\/\/www.focoinduction.com\/wp-content\/uploads\/2022\/09\/Brazing-copper-pipe-to-brass-fittings-with-induction-heating.jpg 600w\" sizes=\"(min-width: 2200px) 100vw, (min-width: 712px) 593px, (min-width: 640px) 712px, \" \/><\/a><\/div><\/div><\/div><div class=\"swiper-slide\"><div class=\"fusion-carousel-item-wrapper\"><div class=\"fusion-image-wrapper hover-type-none\"><a data-rel=\"iLightbox[image_carousel_1]\" data-caption=\"Induction Brazing copper pipe to brass fittings\" data-title=\"Induction Brazing copper pipe to brass fittings\" aria-label=\"Induction Brazing copper pipe to brass fittings\" href=\"https:\/\/www.focoinduction.com\/wp-content\/uploads\/2022\/09\/Induction-Brazing-copper-pipe-to-brass-fittings.jpg\" target=\"_self\"><img decoding=\"async\" width=\"600\" height=\"400\" src=\"https:\/\/www.focoinduction.com\/wp-content\/uploads\/2022\/09\/Induction-Brazing-copper-pipe-to-brass-fittings.jpg\" class=\"attachment-full size-full\" alt=\"H\u00e0n c\u1ea3m \u1ee9ng \u1ed1ng \u0111\u1ed3ng v\u1edbi ph\u1ee5 ki\u1ec7n \u0111\u1ed3ng thau\" srcset=\"https:\/\/www.focoinduction.com\/wp-content\/uploads\/2022\/09\/Induction-Brazing-copper-pipe-to-brass-fittings-200x133.jpg 200w, https:\/\/www.focoinduction.com\/wp-content\/uploads\/2022\/09\/Induction-Brazing-copper-pipe-to-brass-fittings-400x267.jpg 400w, https:\/\/www.focoinduction.com\/wp-content\/uploads\/2022\/09\/Induction-Brazing-copper-pipe-to-brass-fittings.jpg 600w\" sizes=\"(min-width: 2200px) 100vw, (min-width: 712px) 593px, (min-width: 640px) 712px, \" \/><\/a><\/div><\/div><\/div><\/div><div class=\"awb-swiper-button awb-swiper-button-prev\"><i class=\"awb-icon-angle-left\" aria-hidden=\"true\"><\/i><\/div><div class=\"awb-swiper-button awb-swiper-button-next\"><i class=\"awb-icon-angle-right\" aria-hidden=\"true\"><\/i><\/div><\/div><\/div><\/div><\/div><\/div><\/div><\/p>\n","protected":false},"excerpt":{"rendered":"","protected":false},"author":1,"featured_media":9593,"parent":10041,"menu_order":0,"comment_status":"closed","ping_status":"closed","template":"","meta":{"footnotes":""},"class_list":["post-9591","page","type-page","status-publish","has-post-thumbnail","hentry"],"_links":{"self":[{"href":"https:\/\/www.focoinduction.com\/vi\/wp-json\/wp\/v2\/pages\/9591","targetHints":{"allow":["GET"]}}],"collection":[{"href":"https:\/\/www.focoinduction.com\/vi\/wp-json\/wp\/v2\/pages"}],"about":[{"href":"https:\/\/www.focoinduction.com\/vi\/wp-json\/wp\/v2\/types\/page"}],"author":[{"embeddable":true,"href":"https:\/\/www.focoinduction.com\/vi\/wp-json\/wp\/v2\/users\/1"}],"replies":[{"embeddable":true,"href":"https:\/\/www.focoinduction.com\/vi\/wp-json\/wp\/v2\/comments?post=9591"}],"version-history":[{"count":0,"href":"https:\/\/www.focoinduction.com\/vi\/wp-json\/wp\/v2\/pages\/9591\/revisions"}],"up":[{"embeddable":true,"href":"https:\/\/www.focoinduction.com\/vi\/wp-json\/wp\/v2\/pages\/10041"}],"wp:featuredmedia":[{"embeddable":true,"href":"https:\/\/www.focoinduction.com\/vi\/wp-json\/wp\/v2\/media\/9593"}],"wp:attachment":[{"href":"https:\/\/www.focoinduction.com\/vi\/wp-json\/wp\/v2\/media?parent=9591"}],"curies":[{"name":"wp","href":"https:\/\/api.w.org\/{rel}","templated":true}]}}