{"id":9652,"date":"2022-09-29T09:18:23","date_gmt":"2022-09-29T01:18:23","guid":{"rendered":"https:\/\/www.focoinduction.com\/han-cam-ung-cua-van-dao-chieu-bon-chieu\/"},"modified":"2025-01-02T10:51:14","modified_gmt":"2025-01-02T02:51:14","slug":"han-cam-ung-cua-van-dao-chieu-bon-chieu","status":"publish","type":"page","link":"https:\/\/www.focoinduction.com\/vi\/ung-dung\/han-cam-ung\/han-cam-ung-cua-van-dao-chieu-bon-chieu\/","title":{"rendered":"H\u00e0n c\u1ea3m \u1ee9ng c\u1ee7a van \u0111\u1ea3o chi\u1ec1u b\u1ed1n chi\u1ec1u"},"content":{"rendered":"<p><div class=\"fusion-fullwidth fullwidth-box fusion-builder-row-1 fusion-flex-container has-pattern-background has-mask-background nonhundred-percent-fullwidth non-hundred-percent-height-scrolling\" style=\"--awb-border-radius-top-left:0px;--awb-border-radius-top-right:0px;--awb-border-radius-bottom-right:0px;--awb-border-radius-bottom-left:0px;--awb-flex-wrap:wrap;\" ><div class=\"fusion-builder-row fusion-row fusion-flex-align-items-flex-start fusion-flex-content-wrap\" style=\"max-width:1248px;margin-left: calc(-4% \/ 2 );margin-right: calc(-4% \/ 2 );\"><div class=\"fusion-layout-column fusion_builder_column fusion-builder-column-0 fusion_builder_column_1_1 1_1 fusion-flex-column\" style=\"--awb-bg-size:cover;--awb-width-large:100%;--awb-margin-top-large:0px;--awb-spacing-right-large:1.92%;--awb-margin-bottom-large:20px;--awb-spacing-left-large:1.92%;--awb-width-medium:100%;--awb-order-medium:0;--awb-spacing-right-medium:1.92%;--awb-spacing-left-medium:1.92%;--awb-width-small:100%;--awb-order-small:0;--awb-spacing-right-small:1.92%;--awb-spacing-left-small:1.92%;\"><div class=\"fusion-column-wrapper fusion-column-has-shadow fusion-flex-justify-content-flex-start fusion-content-layout-column\"><div class=\"fusion-text fusion-text-1\"><h2>H\u00e0n van \u0111\u1ea3o chi\u1ec1u b\u1ed1n chi\u1ec1u v\u1edbi c\u1ea3m \u1ee9ng<\/h2>\n<p>Theo y\u00eau c\u1ea7u c\u1ee7a m\u1ed9t nh\u00e0 s\u1ea3n xu\u1ea5t m\u00e1y \u0111i\u1ec1u h\u00f2a kh\u00f4ng kh\u00ed l\u1edbn, ch\u00fang t\u00f4i cung c\u1ea5p cho kh\u00e1ch h\u00e0ng m\u00e1y h\u00e0n c\u1ea3m \u1ee9ng \u1ed1ng \u0111\u1ed3ng cho van \u0111\u1ea3o chi\u1ec1u b\u1ed1n chi\u1ec1u. Kh\u00e1ch h\u00e0ng mu\u1ed1n s\u1eed d\u1ee5ng h\u00e0n c\u1ea3m \u1ee9ng thay v\u00ec h\u00e0n ng\u1ecdn l\u1eeda \u0111\u1ec3 h\u00e0n van \u0111\u1ea3o chi\u1ec1u b\u1ed1n chi\u1ec1u an to\u00e0n v\u00e0 hi\u1ec7u qu\u1ea3 h\u01a1n. Van \u0111\u1ea3o chi\u1ec1u b\u1ed1n chi\u1ec1u l\u00e0 m\u1ed9t th\u00e0nh ph\u1ea7n quan tr\u1ecdng c\u1ee7a m\u00e1y b\u01a1m nhi\u1ec7t. N\u00f3 thay \u0111\u1ed5i h\u01b0\u1edbng d\u00f2ng ch\u1ea3y c\u1ee7a ch\u1ea5t l\u00e0m l\u1ea1nh b\u1eb1ng c\u00e1ch thay \u0111\u1ed5i \u0111\u01b0\u1eddng \u1ed1ng d\u00f2ng ch\u1ea3y c\u1ee7a ch\u1ea5t l\u00e0m l\u1ea1nh \u0111\u1ec3 th\u1ef1c hi\u1ec7n ch\u1ee9c n\u0103ng l\u00e0m m\u00e1t v\u00e0 s\u01b0\u1edfi \u1ea5m c\u1ee7a m\u00e1y \u0111i\u1ec1u h\u00f2a kh\u00f4ng kh\u00ed. Ngo\u00e0i ra, n\u00f3 c\u0169ng c\u00f3 th\u1ec3 \u0111\u1ea1t \u0111\u01b0\u1ee3c s\u1ef1 r\u00e3 \u0111\u00f4ng nhanh ch\u00f3ng c\u1ee7a b\u1ed9 trao \u0111\u1ed5i nhi\u1ec7t b\u1eb1ng c\u00e1ch thay \u0111\u1ed5i d\u00f2ng ch\u1ea3y c\u1ee7a ch\u1ea5t l\u00e0m l\u1ea1nh. <\/p>\n<p><strong>Thi\u1ebft b\u1ecb:<\/strong><\/p>\n<p><span style=\"color: #0000ff;\"><a style=\"color: #0000ff;\" href=\"https:\/\/www.focoinduction.com\/induction-heating-equipment\/induction-brazing-machine\/\" target=\"_blank\" rel=\"noopener\">M\u00e1y h\u00e0n c\u1ea3m \u1ee9ng<\/a><\/span> . \u0110\u1ed1i v\u1edbi c\u00e1c \u1ee9ng d\u1ee5ng h\u00e0n c\u1ea3m \u1ee9ng cho van \u0111\u1ecbnh h\u01b0\u1edbng b\u1ed1n chi\u1ec1u, ch\u00fang t\u00f4i cung c\u1ea5p <a href=\"https:\/\/www.focoinduction.com\/induction-heating-equipment\/induction-brazing-machine\/automatic-induction-brazing-machine\/\" target=\"_blank\" rel=\"noopener\">m\u00e1y h\u00e0n c\u1ea3m \u1ee9ng t\u1ef1 \u0111\u1ed9ng<\/a> v\u00e0 <a href=\"https:\/\/www.focoinduction.com\/induction-heating-equipment\/induction-brazing-machine\/portable-induction-brazing-machine\/\" target=\"_blank\" rel=\"noopener\">m\u00e1y h\u00e0n c\u1ea3m \u1ee9ng di \u0111\u1ed9ng<\/a> . M\u00e1y h\u00e0n c\u1ea3m \u1ee9ng t\u1ef1 \u0111\u1ed9ng FOCO t\u1ef1 \u0111\u1ed9ng h\u00f3a quy tr\u00ecnh h\u00e0n b\u1eb1ng c\u00e1c c\u00e1nh tay r\u00f4 b\u1ed1t v\u00e0 \u0111\u1ed3 g\u00e1 chuy\u00ean d\u1ee5ng. C\u00e1c cu\u1ed9n d\u00e2y gia nhi\u1ec7t c\u1ee7a m\u00e1y h\u00e0n c\u1ea3m \u1ee9ng di \u0111\u1ed9ng c\u00f3 th\u1ec3 ti\u1ebfp c\u1eadn nh\u1eefng n\u01a1i kh\u00f3 ti\u1ebfp c\u1eadn ho\u1eb7c h\u1ea1n ch\u1ebf v\u1ec1 kh\u00f4ng gian.<\/p>\n<p><strong>Quy tr\u00ecnh h\u00e0n:<\/strong><\/p>\n<p>Thu\u1ed1c h\u00e0n \u0111\u01b0\u1ee3c s\u1eed d\u1ee5ng \u0111\u1ec3 \u0111i\u1ec1n \u0111\u1ea7y c\u00e1c m\u1ed1i n\u1ed1i b\u1eb1ng \u0111\u1ed3ng trong qu\u00e1 tr\u00ecnh h\u00e0n c\u1ea3m \u1ee9ng. Cu\u1ed9n d\u00e2y c\u1ea3m \u1ee9ng lo\u1ea1i C \u0111\u00f3ng v\u00e0o \u1ed1ng \u0111\u1ed3ng \u0111\u1ec3 b\u1eaft \u0111\u1ea7u gia nhi\u1ec7t. Thu\u1ed1c h\u00e0n n\u00f3ng ch\u1ea3y trong v\u00f2ng 10 gi\u00e2y v\u00e0 qu\u00e1 tr\u00ecnh h\u00e0n ho\u00e0n t\u1ea5t v\u1edbi c\u00f4ng su\u1ea5t 30 kW v\u00e0 nhi\u1ec7t \u0111\u1ed9 kho\u1ea3ng 600\u00b0C-700\u00b0C. Qu\u00e1 tr\u00ecnh gia nhi\u1ec7t c\u1ea3m \u1ee9ng kh\u00f4ng ti\u1ebfp x\u00fac nhanh, an to\u00e0n v\u00e0 s\u1ea1ch h\u01a1n so v\u1edbi h\u00e0n ng\u1ecdn l\u1eeda. K\u1ebft lu\u1eadn:<br \/>\n <a href=\"https:\/\/www.focoinduction.com\/induction-heating-equipment\/induction-brazing-machine\/handheld-induction-brazing-machine\/\" target=\"_blank\" rel=\"noopener\">M\u00e1y h\u00e0n c\u1ea3m \u1ee9ng c\u1ea7m tay<\/a> FOCO 30 kW \u0111\u00e3 ho\u00e0n th\u00e0nh th\u00e0nh c\u00f4ng qu\u00e1 tr\u00ecnh h\u00e0n c\u1ea3m \u1ee9ng c\u1ee7a van \u0111\u1ea3o chi\u1ec1u b\u1ed1n chi\u1ec1u trong v\u00f2ng 10 gi\u00e2y. Qu\u00e1 tr\u00ecnh h\u00e0n di\u1ec5n ra r\u1ea5t nhanh. Tr\u00ecnh \u0111\u1ed9 k\u1ef9 n\u0103ng c\u1ee7a ng\u01b0\u1eddi v\u1eadn h\u00e0nh c\u00f3 \u1ea3nh h\u01b0\u1edfng t\u1ed1i thi\u1ec3u \u0111\u1ebfn ch\u1ea5t l\u01b0\u1ee3ng h\u00e0n sau khi \u1ed1ng \u0111\u1ed3ng \u0111\u01b0\u1ee3c c\u1ed1 \u0111\u1ecbnh b\u1eb1ng k\u1eb9p. H\u00e0n c\u1ea3m \u1ee9ng \u0111\u1ea3m b\u1ea3o c\u00e1c quy tr\u00ecnh c\u00f3 th\u1ec3 l\u1eb7p l\u1ea1i v\u00e0 k\u1ebft qu\u1ea3 nh\u1ea5t qu\u00e1n. \u0110\u1ecdc th\u00eam v\u1ec1 <span style=\"color: #0000ff;\"><a style=\"color: #0000ff;\" href=\"https:\/\/www.focoinduction.com\/induction-heating-applications\/induction-brazing\/\" target=\"_blank\" rel=\"noopener\">\u1ee8ng d\u1ee5ng h\u00e0n c\u1ea3m \u1ee9ng<\/a><\/span> .<\/p>\n<\/div><\/div><\/div><\/div><\/div><div class=\"fusion-fullwidth fullwidth-box fusion-builder-row-2 fusion-flex-container has-pattern-background has-mask-background nonhundred-percent-fullwidth non-hundred-percent-height-scrolling\" style=\"--awb-border-radius-top-left:0px;--awb-border-radius-top-right:0px;--awb-border-radius-bottom-right:0px;--awb-border-radius-bottom-left:0px;--awb-margin-bottom:40px;--awb-flex-wrap:wrap;\" ><div class=\"fusion-builder-row fusion-row fusion-flex-align-items-flex-start fusion-flex-content-wrap\" style=\"max-width:1248px;margin-left: calc(-4% \/ 2 );margin-right: calc(-4% \/ 2 );\"><div class=\"fusion-layout-column fusion_builder_column fusion-builder-column-1 fusion_builder_column_1_1 1_1 fusion-flex-column\" style=\"--awb-bg-size:cover;--awb-width-large:100%;--awb-margin-top-large:0px;--awb-spacing-right-large:1.92%;--awb-margin-bottom-large:0px;--awb-spacing-left-large:1.92%;--awb-width-medium:100%;--awb-order-medium:0;--awb-spacing-right-medium:1.92%;--awb-spacing-left-medium:1.92%;--awb-width-small:100%;--awb-order-small:0;--awb-spacing-right-small:1.92%;--awb-spacing-left-small:1.92%;\"><div class=\"fusion-column-wrapper fusion-column-has-shadow fusion-flex-justify-content-flex-start fusion-content-layout-column\"><div class=\"fusion-text fusion-text-2\" style=\"--awb-font-size:24px;--awb-text-transform:capitalize;\"><p><strong>Ph\u00f2ng tr\u01b0ng b\u00e0y<\/strong><\/p>\n<\/div><\/div><\/div><div class=\"fusion-layout-column fusion_builder_column fusion-builder-column-2 fusion_builder_column_1_1 1_1 fusion-flex-column\" style=\"--awb-bg-size:cover;--awb-width-large:100%;--awb-margin-top-large:0px;--awb-spacing-right-large:1.92%;--awb-margin-bottom-large:20px;--awb-spacing-left-large:1.92%;--awb-width-medium:100%;--awb-order-medium:0;--awb-spacing-right-medium:1.92%;--awb-spacing-left-medium:1.92%;--awb-width-small:100%;--awb-order-small:0;--awb-spacing-right-small:1.92%;--awb-spacing-left-small:1.92%;\"><div class=\"fusion-column-wrapper fusion-column-has-shadow fusion-flex-justify-content-flex-start fusion-content-layout-column\"><div class=\"fusion-image-carousel fusion-image-carousel-auto fusion-image-carousel-1 lightbox-enabled fusion-carousel-border\"><div class=\"awb-carousel awb-swiper awb-swiper-carousel awb-carousel--carousel awb-swiper-dots-position-bottom\" data-layout=\"carousel\" data-autoplay=\"no\" data-autoplayspeed=\"3500\" data-autoplaypause=\"no\" data-columns=\"2\" data-columnsmedium=\"1\" data-columnssmall=\"1\" data-itemmargin=\"15\" data-itemwidth=\"180\" data-touchscroll=\"no\" data-freemode=\"no\" data-imagesize=\"auto\" data-scrollitems=\"0\" data-centeredslides=\"no\" data-rotationangle=\"50\" data-depth=\"100\" data-speed=\"500\" data-shadow=\"no\" data-pagination=\"bullets\" style=\"--awb-columns:2;--awb-column-spacing:15px;--awb-border-width:1px;--awb-border-color:#e9eaee;\"><div class=\"swiper-wrapper awb-image-carousel-wrapper fusion-flex-align-items-center\"><div class=\"swiper-slide\"><div class=\"fusion-carousel-item-wrapper\"><div class=\"fusion-image-wrapper hover-type-none\"><a data-rel=\"iLightbox[image_carousel_1]\" data-caption=\"Brazing of Four Way Reversing Valve with Induction Heating\" data-title=\"Brazing of Four Way Reversing Valve with Induction Heating\" aria-label=\"Brazing of Four Way Reversing Valve with Induction Heating\" href=\"https:\/\/www.focoinduction.com\/wp-content\/uploads\/2022\/09\/Brazing-of-Four-Way-Reversing-Valve-with-Induction-Heating.jpg\" target=\"_self\"><img decoding=\"async\" width=\"600\" height=\"400\" src=\"https:\/\/www.focoinduction.com\/wp-content\/uploads\/2022\/09\/Brazing-of-Four-Way-Reversing-Valve-with-Induction-Heating.jpg\" class=\"attachment-full size-full\" alt=\"H\u00e0n van \u0111\u1ea3o chi\u1ec1u b\u1ed1n chi\u1ec1u b\u1eb1ng ph\u01b0\u01a1ng ph\u00e1p gia nhi\u1ec7t c\u1ea3m \u1ee9ng\" srcset=\"https:\/\/www.focoinduction.com\/wp-content\/uploads\/2022\/09\/Brazing-of-Four-Way-Reversing-Valve-with-Induction-Heating-200x133.jpg 200w, https:\/\/www.focoinduction.com\/wp-content\/uploads\/2022\/09\/Brazing-of-Four-Way-Reversing-Valve-with-Induction-Heating-400x267.jpg 400w, https:\/\/www.focoinduction.com\/wp-content\/uploads\/2022\/09\/Brazing-of-Four-Way-Reversing-Valve-with-Induction-Heating.jpg 600w\" sizes=\"(min-width: 2200px) 100vw, (min-width: 712px) 593px, (min-width: 640px) 712px, \" \/><\/a><\/div><\/div><\/div><div class=\"swiper-slide\"><div class=\"fusion-carousel-item-wrapper\"><div class=\"fusion-image-wrapper hover-type-none\"><a data-rel=\"iLightbox[image_carousel_1]\" data-caption=\"brazing of Four Way Reversing Valve\" data-title=\"brazing of Four Way Reversing Valve\" aria-label=\"brazing of Four Way Reversing Valve\" href=\"https:\/\/www.focoinduction.com\/wp-content\/uploads\/2022\/09\/brazing-of-Four-Way-Reversing-Valve.jpg\" target=\"_self\"><img decoding=\"async\" width=\"600\" height=\"400\" src=\"https:\/\/www.focoinduction.com\/wp-content\/uploads\/2022\/09\/brazing-of-Four-Way-Reversing-Valve.jpg\" class=\"attachment-full size-full\" alt=\"h\u00e0n van \u0111\u1ea3o chi\u1ec1u b\u1ed1n chi\u1ec1u\" srcset=\"https:\/\/www.focoinduction.com\/wp-content\/uploads\/2022\/09\/brazing-of-Four-Way-Reversing-Valve-200x133.jpg 200w, https:\/\/www.focoinduction.com\/wp-content\/uploads\/2022\/09\/brazing-of-Four-Way-Reversing-Valve-400x267.jpg 400w, https:\/\/www.focoinduction.com\/wp-content\/uploads\/2022\/09\/brazing-of-Four-Way-Reversing-Valve.jpg 600w\" sizes=\"(min-width: 2200px) 100vw, (min-width: 712px) 593px, (min-width: 640px) 712px, \" \/><\/a><\/div><\/div><\/div><div class=\"swiper-slide\"><div class=\"fusion-carousel-item-wrapper\"><div class=\"fusion-image-wrapper hover-type-none\"><a data-rel=\"iLightbox[image_carousel_1]\" data-caption=\"induction brazing of Reversing Valve\" data-title=\"induction brazing of Reversing Valve\" aria-label=\"induction brazing of Reversing Valve\" href=\"https:\/\/www.focoinduction.com\/wp-content\/uploads\/2022\/09\/induction-brazing-of-Reversing-Valve.jpg\" target=\"_self\"><img decoding=\"async\" width=\"600\" height=\"400\" src=\"https:\/\/www.focoinduction.com\/wp-content\/uploads\/2022\/09\/induction-brazing-of-Reversing-Valve.jpg\" class=\"attachment-full size-full\" alt=\"h\u00e0n c\u1ea3m \u1ee9ng c\u1ee7a van \u0111\u1ea3o chi\u1ec1u\" srcset=\"https:\/\/www.focoinduction.com\/wp-content\/uploads\/2022\/09\/induction-brazing-of-Reversing-Valve-200x133.jpg 200w, https:\/\/www.focoinduction.com\/wp-content\/uploads\/2022\/09\/induction-brazing-of-Reversing-Valve-400x267.jpg 400w, https:\/\/www.focoinduction.com\/wp-content\/uploads\/2022\/09\/induction-brazing-of-Reversing-Valve.jpg 600w\" sizes=\"(min-width: 2200px) 100vw, (min-width: 712px) 593px, (min-width: 640px) 712px, \" \/><\/a><\/div><\/div><\/div><div class=\"swiper-slide\"><div class=\"fusion-carousel-item-wrapper\"><div class=\"fusion-image-wrapper hover-type-none\"><a data-rel=\"iLightbox[image_carousel_1]\" data-caption=\"induction brazing Four Way Reversing Valve\" data-title=\"induction brazing Four Way Reversing Valve\" aria-label=\"induction brazing Four Way Reversing Valve\" href=\"https:\/\/www.focoinduction.com\/wp-content\/uploads\/2022\/09\/induction-brazing-Four-Way-Reversing-Valve.jpg\" target=\"_self\"><img decoding=\"async\" width=\"600\" height=\"400\" src=\"https:\/\/www.focoinduction.com\/wp-content\/uploads\/2022\/09\/induction-brazing-Four-Way-Reversing-Valve.jpg\" class=\"attachment-full size-full\" alt=\"van \u0111\u1ea3o chi\u1ec1u b\u1ed1n chi\u1ec1u h\u00e0n c\u1ea3m \u1ee9ng\" srcset=\"https:\/\/www.focoinduction.com\/wp-content\/uploads\/2022\/09\/induction-brazing-Four-Way-Reversing-Valve-200x133.jpg 200w, https:\/\/www.focoinduction.com\/wp-content\/uploads\/2022\/09\/induction-brazing-Four-Way-Reversing-Valve-400x267.jpg 400w, https:\/\/www.focoinduction.com\/wp-content\/uploads\/2022\/09\/induction-brazing-Four-Way-Reversing-Valve.jpg 600w\" sizes=\"(min-width: 2200px) 100vw, (min-width: 712px) 593px, (min-width: 640px) 712px, \" \/><\/a><\/div><\/div><\/div><\/div><div class=\"awb-swiper-button awb-swiper-button-prev\"><i class=\"awb-icon-angle-left\" aria-hidden=\"true\"><\/i><\/div><div class=\"awb-swiper-button awb-swiper-button-next\"><i class=\"awb-icon-angle-right\" aria-hidden=\"true\"><\/i><\/div><\/div><\/div><div style=\"text-align:center;\"><a class=\"fusion-button button-flat fusion-button-default-size button-default fusion-button-default button-1 fusion-button-default-span fusion-button-default-type\" target=\"_blank\" rel=\"noopener noreferrer\" href=\"https:\/\/www.focoinduction.com\/contact\/\"><span class=\"fusion-button-text awb-button__text awb-button__text--default\">Nh\u1eadn tr\u1ee3 gi\u00fap v\u1ec1 \u1ee9ng d\u1ee5ng v\u00e0 thi\u1ebft b\u1ecb h\u00e0n c\u1ea3m \u1ee9ng<\/span><\/a><\/div><\/div><\/div><\/div><\/div><\/p>\n","protected":false},"excerpt":{"rendered":"","protected":false},"author":1,"featured_media":9653,"parent":10041,"menu_order":0,"comment_status":"closed","ping_status":"closed","template":"","meta":{"footnotes":""},"class_list":["post-9652","page","type-page","status-publish","has-post-thumbnail","hentry"],"_links":{"self":[{"href":"https:\/\/www.focoinduction.com\/vi\/wp-json\/wp\/v2\/pages\/9652","targetHints":{"allow":["GET"]}}],"collection":[{"href":"https:\/\/www.focoinduction.com\/vi\/wp-json\/wp\/v2\/pages"}],"about":[{"href":"https:\/\/www.focoinduction.com\/vi\/wp-json\/wp\/v2\/types\/page"}],"author":[{"embeddable":true,"href":"https:\/\/www.focoinduction.com\/vi\/wp-json\/wp\/v2\/users\/1"}],"replies":[{"embeddable":true,"href":"https:\/\/www.focoinduction.com\/vi\/wp-json\/wp\/v2\/comments?post=9652"}],"version-history":[{"count":0,"href":"https:\/\/www.focoinduction.com\/vi\/wp-json\/wp\/v2\/pages\/9652\/revisions"}],"up":[{"embeddable":true,"href":"https:\/\/www.focoinduction.com\/vi\/wp-json\/wp\/v2\/pages\/10041"}],"wp:featuredmedia":[{"embeddable":true,"href":"https:\/\/www.focoinduction.com\/vi\/wp-json\/wp\/v2\/media\/9653"}],"wp:attachment":[{"href":"https:\/\/www.focoinduction.com\/vi\/wp-json\/wp\/v2\/media?parent=9652"}],"curies":[{"name":"wp","href":"https:\/\/api.w.org\/{rel}","templated":true}]}}