{"id":9706,"date":"2022-10-03T09:07:03","date_gmt":"2022-10-03T01:07:03","guid":{"rendered":"https:\/\/www.focoinduction.com\/han-cam-ung-tu-dong-luoi-cua-tron-bang-thep-khong-gi\/"},"modified":"2025-01-02T10:51:14","modified_gmt":"2025-01-02T02:51:14","slug":"han-cam-ung-tu-dong-luoi-cua-tron-bang-thep-khong-gi","status":"publish","type":"page","link":"https:\/\/www.focoinduction.com\/vi\/ung-dung\/han-cam-ung\/han-cam-ung-tu-dong-luoi-cua-tron-bang-thep-khong-gi\/","title":{"rendered":"H\u00e0n c\u1ea3m \u1ee9ng t\u1ef1 \u0111\u1ed9ng l\u01b0\u1ee1i c\u01b0a tr\u00f2n b\u1eb1ng th\u00e9p kh\u00f4ng g\u1ec9"},"content":{"rendered":"<p><div class=\"fusion-fullwidth fullwidth-box fusion-builder-row-1 fusion-flex-container has-pattern-background has-mask-background nonhundred-percent-fullwidth non-hundred-percent-height-scrolling\" style=\"--awb-border-sizes-bottom:1px;--awb-border-radius-top-left:0px;--awb-border-radius-top-right:0px;--awb-border-radius-bottom-right:0px;--awb-border-radius-bottom-left:0px;--awb-flex-wrap:wrap;\" ><div class=\"fusion-builder-row fusion-row fusion-flex-align-items-flex-start fusion-flex-content-wrap\" style=\"max-width:1248px;margin-left: calc(-4% \/ 2 );margin-right: calc(-4% \/ 2 );\"><div class=\"fusion-layout-column fusion_builder_column fusion-builder-column-0 fusion_builder_column_1_1 1_1 fusion-flex-column\" style=\"--awb-bg-size:cover;--awb-width-large:100%;--awb-margin-top-large:0px;--awb-spacing-right-large:1.92%;--awb-margin-bottom-large:20px;--awb-spacing-left-large:1.92%;--awb-width-medium:100%;--awb-order-medium:0;--awb-spacing-right-medium:1.92%;--awb-spacing-left-medium:1.92%;--awb-width-small:100%;--awb-order-small:0;--awb-spacing-right-small:1.92%;--awb-spacing-left-small:1.92%;\"><div class=\"fusion-column-wrapper fusion-column-has-shadow fusion-flex-justify-content-flex-start fusion-content-layout-column\"><div class=\"fusion-text fusion-text-1\"><h2>\u1ee8ng d\u1ee5ng \u0111\u1ea7u l\u01b0\u1ee1i c\u01b0a tr\u00f2n h\u00e0n c\u1ea3m \u1ee9ng t\u1ef1 \u0111\u1ed9ng<\/h2>\n<p>M\u1ed9t nh\u00e0 m\u00e1y s\u1ea3n xu\u1ea5t l\u01b0\u1ee1i c\u01b0a nh\u1ecf c\u1ea7n s\u1eed d\u1ee5ng ph\u01b0\u01a1ng ph\u00e1p gia nhi\u1ec7t c\u1ea3m \u1ee9ng \u0111\u1ec3 h\u00e0n \u0111\u1ea7u l\u01b0\u1ee1i c\u01b0a tr\u00f2n. \u0110\u1ec3 n\u00e2ng cao hi\u1ec7u qu\u1ea3 v\u00e0 gi\u1ea3m c\u00e1c v\u1ea5n \u0111\u1ec1 v\u1ec1 ch\u1ea5t l\u01b0\u1ee3ng do thao t\u00e1c th\u1ee7 c\u00f4ng g\u00e2y ra, kh\u00e1ch h\u00e0ng mu\u1ed1n s\u1eed d\u1ee5ng h\u1ec7 th\u1ed1ng h\u00e0n c\u1ea3m \u1ee9ng ho\u00e0n to\u00e0n t\u1ef1 \u0111\u1ed9ng. Theo y\u00eau c\u1ea7u c\u1ee7a kh\u00e1ch h\u00e0ng, c\u00e1c k\u1ef9 s\u01b0 gia nhi\u1ec7t c\u1ea3m \u1ee9ng gi\u00e0u kinh nghi\u1ec7m c\u1ee7a ch\u00fang t\u00f4i \u0111\u00e3 thi\u1ebft k\u1ebf thi\u1ebft b\u1ecb h\u00e0n c\u1ea3m \u1ee9ng ho\u00e0n to\u00e0n t\u1ef1 \u0111\u1ed9ng \u0111\u1ec3 kh\u00e1ch h\u00e0ng th\u1ef1c hi\u1ec7n quy tr\u00ecnh c\u1ea5p li\u1ec7u t\u1ef1 \u0111\u1ed9ng v\u00e0 h\u00e0n t\u1ef1 \u0111\u1ed9ng. N\u00f3 c\u00f3 th\u1ec3 h\u00e0n c\u1ea3m \u1ee9ng \u0111\u1ea7u l\u01b0\u1ee1i c\u01b0a trong 3-5 gi\u00e2y, c\u1ef1c k\u1ef3 nhanh.   <\/p>\n<p><strong>Thi\u1ebft b\u1ecb:<\/strong><\/p>\n<p><span style=\"color: #0000ff;\"><a style=\"color: #0000ff;\" href=\"https:\/\/www.focoinduction.com\/induction-heating-equipment\/induction-brazing-machine\/automatic-induction-brazing-machine\/\" target=\"_blank\" rel=\"noopener\">M\u00e1y h\u00e0n c\u1ea3m \u1ee9ng ho\u00e0n to\u00e0n t\u1ef1 \u0111\u1ed9ng<\/a><\/span><\/p>\n<p>H\u1ec7 th\u1ed1ng h\u00e0n bao g\u1ed3m <a href=\"https:\/\/www.focoinduction.com\/induction-heating-equipment\/induction-heating-machine\/ultra-high-frequency-induction-heating-machine\/\" target=\"_blank\" rel=\"noopener\">ngu\u1ed3n \u0111i\u1ec7n gia nhi\u1ec7t c\u1ea3m \u1ee9ng UHF<\/a> , r\u00f4-b\u1ed1t c\u1ea5p li\u1ec7u, b\u1ed9 ph\u1eadn gia nhi\u1ec7t (cu\u1ed9n c\u1ea3m \u1ee9ng) v\u00e0 h\u1ec7 th\u1ed1ng l\u00e0m m\u00e1t b\u1eb1ng n\u01b0\u1edbc. H\u1ec7 th\u1ed1ng kh\u00f4ng y\u00eau c\u1ea7u v\u1eadn h\u00e0nh th\u1ee7 c\u00f4ng v\u00e0 to\u00e0n b\u1ed9 quy tr\u00ecnh \u0111\u01b0\u1ee3c t\u1ef1 \u0111\u1ed9ng h\u00f3a ho\u00e0n to\u00e0n b\u1eb1ng thi\u1ebft b\u1ecb. V\u1ecb tr\u00ed c\u1ee7a b\u1ed9 ph\u1eadn c\u00f3 th\u1ec3 \u0111\u01b0\u1ee3c ki\u1ec3m so\u00e1t ch\u00ednh x\u00e1c b\u1eb1ng c\u00e1ch c\u1ed1 \u0111\u1ecbnh tay r\u00f4-b\u1ed1t, k\u1eb9p c\u1ed1 \u0111\u1ecbnh v\u00e0 c\u1ee5m gia nhi\u1ec7t. Do \u0111\u00f3, c\u00f3 th\u1ec3 \u0111\u1ea3m b\u1ea3o t\u00ednh nh\u1ea5t qu\u00e1n c\u1ee7a v\u00f9ng gia nhi\u1ec7t v\u00e0 th\u1eddi gian gia nhi\u1ec7t c\u1ee7a t\u1eebng \u0111\u1ea7u r\u0103ng c\u01b0a. Trong khi c\u1ea3i thi\u1ec7n hi\u1ec7u qu\u1ea3, h\u1ec7 th\u1ed1ng c\u0169ng c\u1ea3i thi\u1ec7n ch\u1ea5t l\u01b0\u1ee3ng h\u00e0n.    <\/p>\n<p><strong>Nh\u1eefng l\u1ee3i \u00edch:<\/strong><\/p>\n<ul>\n<li>Qu\u00e1 tr\u00ecnh l\u1eb7p l\u1ea1i.<\/li>\n<li>K\u1ebft qu\u1ea3 nh\u1ea5t qu\u00e1n.<\/li>\n<li>Ki\u1ec3m so\u00e1t ch\u00ednh x\u00e1c khu v\u1ef1c s\u01b0\u1edfi \u1ea5m.<\/li>\n<li>Chu tr\u00ecnh gia nhi\u1ec7t nhanh.<\/li>\n<li>Gi\u1ea3m qu\u00e1 tr\u00ecnh oxy h\u00f3a v\u00e0 l\u00e0m s\u1ea1ch.<\/li>\n<\/ul>\n<p><strong>Ph\u1ea7n k\u1ebft lu\u1eadn<\/strong><\/p>\n<p>M\u00e1y h\u00e0n c\u1ea3m \u1ee9ng t\u1ef1 \u0111\u1ed9ng t\u00f9y ch\u1ec9nh do FOCO INDUCTION thi\u1ebft k\u1ebf c\u00f3 th\u1ec3 ho\u00e0n th\u00e0nh qu\u00e1 tr\u00ecnh h\u00e0n c\u1ea3m \u1ee9ng c\u1ee7a \u0111\u1ea7u l\u01b0\u1ee1i c\u01b0a tr\u00f2n trong 3-5 gi\u00e2y. To\u00e0n b\u1ed9 qu\u00e1 tr\u00ecnh \u0111\u01b0\u1ee3c t\u1ef1 \u0111\u1ed9ng h\u00f3a ho\u00e0n to\u00e0n v\u00e0 kh\u00f4ng y\u00eau c\u1ea7u v\u1eadn h\u00e0nh th\u1ee7 c\u00f4ng. H\u00e0n c\u1ea3m \u1ee9ng c\u00f3 th\u1ec3 ki\u1ec3m so\u00e1t cao v\u00e0 ph\u00f9 h\u1ee3p \u0111\u1ec3 h\u00e0n v\u1eadt li\u1ec7u kim lo\u1ea1i. Cho d\u00f9 b\u1ea1n \u0111ang h\u00e0n hai mi\u1ebfng kim lo\u1ea1i gi\u1ed1ng nhau hay kim lo\u1ea1i kh\u00f4ng gi\u1ed1ng nhau theo l\u00f4 l\u1edbn, h\u1ec7 th\u1ed1ng h\u00e0n c\u1ea3m \u1ee9ng t\u1ef1 \u0111\u1ed9ng c\u00f3 th\u1ec3 \u0111\u01b0\u1ee3c s\u1eed d\u1ee5ng \u0111\u1ec3 c\u1ea3i thi\u1ec7n t\u00ednh nh\u1ea5t qu\u00e1n. Quan tr\u1ecdng nh\u1ea5t, n\u00f3 c\u00f3 th\u1ec3 t\u1ed1i \u0111a h\u00f3a hi\u1ec7u qu\u1ea3 s\u1ea3n xu\u1ea5t v\u00e0 mang l\u1ea1i l\u1ee3i \u00edch s\u1ea3n xu\u1ea5t cao h\u01a1n cho c\u00e1c doanh nghi\u1ec7p v\u00e0 nh\u00e0 m\u00e1y. \u0110\u1ecdc th\u00eam v\u1ec1 <a href=\"https:\/\/www.focoinduction.com\/induction-heating-applications\/induction-brazing\/\" target=\"_blank\" rel=\"noopener\"><span style=\"color: #0000ff;\">c\u00e1c \u1ee9ng d\u1ee5ng h\u00e0n c\u1ea3m \u1ee9ng<\/span><\/a> .<\/p>\n<\/div><\/div><\/div><\/div><\/div><div class=\"fusion-fullwidth fullwidth-box fusion-builder-row-2 fusion-flex-container has-pattern-background has-mask-background nonhundred-percent-fullwidth non-hundred-percent-height-scrolling\" style=\"--awb-border-sizes-bottom:1px;--awb-border-radius-top-left:0px;--awb-border-radius-top-right:0px;--awb-border-radius-bottom-right:0px;--awb-border-radius-bottom-left:0px;--awb-margin-top:20px;--awb-flex-wrap:wrap;\" ><div class=\"fusion-builder-row fusion-row fusion-flex-align-items-flex-start fusion-flex-content-wrap\" style=\"max-width:1248px;margin-left: calc(-4% \/ 2 );margin-right: calc(-4% \/ 2 );\"><div class=\"fusion-layout-column fusion_builder_column fusion-builder-column-1 fusion_builder_column_1_1 1_1 fusion-flex-column\" style=\"--awb-bg-size:cover;--awb-width-large:100%;--awb-margin-top-large:0px;--awb-spacing-right-large:1.92%;--awb-margin-bottom-large:0px;--awb-spacing-left-large:1.92%;--awb-width-medium:100%;--awb-order-medium:0;--awb-spacing-right-medium:1.92%;--awb-spacing-left-medium:1.92%;--awb-width-small:100%;--awb-order-small:0;--awb-spacing-right-small:1.92%;--awb-spacing-left-small:1.92%;\"><div class=\"fusion-column-wrapper fusion-column-has-shadow fusion-flex-justify-content-flex-start fusion-content-layout-column\"><div class=\"fusion-text fusion-text-2\" style=\"--awb-font-size:24px;--awb-text-transform:capitalize;\"><p><strong>Th\u01b0 vi\u1ec7n \u1ea3nh v\u1ec1 h\u00e0n<\/strong><\/p>\n<\/div><\/div><\/div><div class=\"fusion-layout-column fusion_builder_column fusion-builder-column-2 fusion_builder_column_1_1 1_1 fusion-flex-column\" style=\"--awb-bg-size:cover;--awb-width-large:100%;--awb-margin-top-large:0px;--awb-spacing-right-large:1.92%;--awb-margin-bottom-large:20px;--awb-spacing-left-large:1.92%;--awb-width-medium:100%;--awb-order-medium:0;--awb-spacing-right-medium:1.92%;--awb-spacing-left-medium:1.92%;--awb-width-small:100%;--awb-order-small:0;--awb-spacing-right-small:1.92%;--awb-spacing-left-small:1.92%;\"><div class=\"fusion-column-wrapper fusion-column-has-shadow fusion-flex-justify-content-flex-start fusion-content-layout-column\"><div class=\"fusion-image-carousel fusion-image-carousel-auto fusion-image-carousel-1 lightbox-enabled fusion-carousel-border\"><div class=\"awb-carousel awb-swiper awb-swiper-carousel awb-carousel--carousel awb-swiper-dots-position-bottom\" data-layout=\"carousel\" data-autoplay=\"no\" data-autoplayspeed=\"3500\" data-autoplaypause=\"no\" data-columns=\"2\" data-columnsmedium=\"1\" data-columnssmall=\"1\" data-itemmargin=\"15\" data-itemwidth=\"180\" data-touchscroll=\"no\" data-freemode=\"no\" data-imagesize=\"auto\" data-scrollitems=\"0\" data-centeredslides=\"no\" data-rotationangle=\"50\" data-depth=\"100\" data-speed=\"500\" data-shadow=\"no\" data-pagination=\"bullets\" style=\"--awb-columns:2;--awb-column-spacing:15px;--awb-border-width:1px;--awb-border-color:#e9eaee;\"><div class=\"swiper-wrapper awb-image-carousel-wrapper fusion-flex-align-items-center\"><div class=\"swiper-slide\"><div class=\"fusion-carousel-item-wrapper\"><div class=\"fusion-image-wrapper hover-type-none\"><a data-rel=\"iLightbox[image_carousel_1]\" data-caption=\"Induction Brazing of Circular Saw Blades\" data-title=\"Induction Brazing of Circular Saw Blades\" aria-label=\"Induction Brazing of Circular Saw Blades\" href=\"https:\/\/www.focoinduction.com\/wp-content\/uploads\/2022\/10\/Induction-Brazing-of-Circular-Saw-Blades.jpg\" target=\"_self\"><img decoding=\"async\" width=\"600\" height=\"400\" src=\"https:\/\/www.focoinduction.com\/wp-content\/uploads\/2022\/10\/Induction-Brazing-of-Circular-Saw-Blades.jpg\" class=\"attachment-full size-full\" alt=\"H\u00e0n c\u1ea3m \u1ee9ng l\u01b0\u1ee1i c\u01b0a tr\u00f2n\" srcset=\"https:\/\/www.focoinduction.com\/wp-content\/uploads\/2022\/10\/Induction-Brazing-of-Circular-Saw-Blades-200x133.jpg 200w, https:\/\/www.focoinduction.com\/wp-content\/uploads\/2022\/10\/Induction-Brazing-of-Circular-Saw-Blades-400x267.jpg 400w, https:\/\/www.focoinduction.com\/wp-content\/uploads\/2022\/10\/Induction-Brazing-of-Circular-Saw-Blades.jpg 600w\" sizes=\"(min-width: 2200px) 100vw, (min-width: 712px) 593px, (min-width: 640px) 712px, \" \/><\/a><\/div><\/div><\/div><div class=\"swiper-slide\"><div class=\"fusion-carousel-item-wrapper\"><div class=\"fusion-image-wrapper hover-type-none\"><a data-rel=\"iLightbox[image_carousel_1]\" data-caption=\"Brazing of Circular Saw Blades\" data-title=\"Brazing of Circular Saw Blades\" aria-label=\"Brazing of Circular Saw Blades\" href=\"https:\/\/www.focoinduction.com\/wp-content\/uploads\/2022\/10\/Brazing-of-Circular-Saw-Blades.jpg\" target=\"_self\"><img decoding=\"async\" width=\"600\" height=\"400\" src=\"https:\/\/www.focoinduction.com\/wp-content\/uploads\/2022\/10\/Brazing-of-Circular-Saw-Blades.jpg\" class=\"attachment-full size-full\" alt=\"H\u00e0n l\u01b0\u1ee1i c\u01b0a tr\u00f2n\" srcset=\"https:\/\/www.focoinduction.com\/wp-content\/uploads\/2022\/10\/Brazing-of-Circular-Saw-Blades-200x133.jpg 200w, https:\/\/www.focoinduction.com\/wp-content\/uploads\/2022\/10\/Brazing-of-Circular-Saw-Blades-400x267.jpg 400w, https:\/\/www.focoinduction.com\/wp-content\/uploads\/2022\/10\/Brazing-of-Circular-Saw-Blades.jpg 600w\" sizes=\"(min-width: 2200px) 100vw, (min-width: 712px) 593px, (min-width: 640px) 712px, \" \/><\/a><\/div><\/div><\/div><div class=\"swiper-slide\"><div class=\"fusion-carousel-item-wrapper\"><div class=\"fusion-image-wrapper hover-type-none\"><a data-rel=\"iLightbox[image_carousel_1]\" data-caption=\"Induction Brazing of Circular Saw Blades 1\" data-title=\"Induction Brazing of Circular Saw Blades 1\" aria-label=\"Induction Brazing of Circular Saw Blades 1\" href=\"https:\/\/www.focoinduction.com\/wp-content\/uploads\/2022\/10\/Induction-Brazing-of-Circular-Saw-Blades-1.jpg\" target=\"_self\"><img decoding=\"async\" width=\"600\" height=\"400\" src=\"https:\/\/www.focoinduction.com\/wp-content\/uploads\/2022\/10\/Induction-Brazing-of-Circular-Saw-Blades-1.jpg\" class=\"attachment-full size-full\" alt=\"H\u00e0n c\u1ea3m \u1ee9ng l\u01b0\u1ee1i c\u01b0a tr\u00f2n\" srcset=\"https:\/\/www.focoinduction.com\/wp-content\/uploads\/2022\/10\/Induction-Brazing-of-Circular-Saw-Blades-1-200x133.jpg 200w, https:\/\/www.focoinduction.com\/wp-content\/uploads\/2022\/10\/Induction-Brazing-of-Circular-Saw-Blades-1-400x267.jpg 400w, https:\/\/www.focoinduction.com\/wp-content\/uploads\/2022\/10\/Induction-Brazing-of-Circular-Saw-Blades-1.jpg 600w\" sizes=\"(min-width: 2200px) 100vw, (min-width: 712px) 593px, (min-width: 640px) 712px, \" \/><\/a><\/div><\/div><\/div><\/div><div class=\"awb-swiper-button awb-swiper-button-prev\"><i class=\"awb-icon-angle-left\" aria-hidden=\"true\"><\/i><\/div><div class=\"awb-swiper-button awb-swiper-button-next\"><i class=\"awb-icon-angle-right\" aria-hidden=\"true\"><\/i><\/div><\/div><\/div><\/div><\/div><\/div><\/div><\/p>\n","protected":false},"excerpt":{"rendered":"","protected":false},"author":1,"featured_media":9707,"parent":10041,"menu_order":0,"comment_status":"closed","ping_status":"closed","template":"","meta":{"footnotes":""},"class_list":["post-9706","page","type-page","status-publish","has-post-thumbnail","hentry"],"_links":{"self":[{"href":"https:\/\/www.focoinduction.com\/vi\/wp-json\/wp\/v2\/pages\/9706","targetHints":{"allow":["GET"]}}],"collection":[{"href":"https:\/\/www.focoinduction.com\/vi\/wp-json\/wp\/v2\/pages"}],"about":[{"href":"https:\/\/www.focoinduction.com\/vi\/wp-json\/wp\/v2\/types\/page"}],"author":[{"embeddable":true,"href":"https:\/\/www.focoinduction.com\/vi\/wp-json\/wp\/v2\/users\/1"}],"replies":[{"embeddable":true,"href":"https:\/\/www.focoinduction.com\/vi\/wp-json\/wp\/v2\/comments?post=9706"}],"version-history":[{"count":0,"href":"https:\/\/www.focoinduction.com\/vi\/wp-json\/wp\/v2\/pages\/9706\/revisions"}],"up":[{"embeddable":true,"href":"https:\/\/www.focoinduction.com\/vi\/wp-json\/wp\/v2\/pages\/10041"}],"wp:featuredmedia":[{"embeddable":true,"href":"https:\/\/www.focoinduction.com\/vi\/wp-json\/wp\/v2\/media\/9707"}],"wp:attachment":[{"href":"https:\/\/www.focoinduction.com\/vi\/wp-json\/wp\/v2\/media?parent=9706"}],"curies":[{"name":"wp","href":"https:\/\/api.w.org\/{rel}","templated":true}]}}