{"id":9767,"date":"2022-04-09T14:02:19","date_gmt":"2022-04-09T06:02:19","guid":{"rendered":"https:\/\/www.focoinduction.com\/lam-cung-cam-ung-cua-duong-ray\/"},"modified":"2025-01-02T10:51:14","modified_gmt":"2025-01-02T02:51:14","slug":"lam-cung-cam-ung-cua-duong-ray","status":"publish","type":"page","link":"https:\/\/www.focoinduction.com\/vi\/ung-dung\/lam-cung-cam-ung\/lam-cung-cam-ung-cua-duong-ray\/","title":{"rendered":"L\u00e0m c\u1ee9ng c\u1ea3m \u1ee9ng c\u1ee7a \u0111\u01b0\u1eddng ray"},"content":{"rendered":"<p><div class=\"fusion-fullwidth fullwidth-box fusion-builder-row-1 fusion-flex-container nonhundred-percent-fullwidth non-hundred-percent-height-scrolling\" style=\"--awb-border-radius-top-left:0px;--awb-border-radius-top-right:0px;--awb-border-radius-bottom-right:0px;--awb-border-radius-bottom-left:0px;--awb-flex-wrap:wrap;\" ><div class=\"fusion-builder-row fusion-row fusion-flex-align-items-flex-start fusion-flex-content-wrap\" style=\"max-width:1248px;margin-left: calc(-4% \/ 2 );margin-right: calc(-4% \/ 2 );\"><div class=\"fusion-layout-column fusion_builder_column fusion-builder-column-0 fusion_builder_column_1_1 1_1 fusion-flex-column\" style=\"--awb-bg-size:cover;--awb-width-large:100%;--awb-margin-top-large:0px;--awb-spacing-right-large:1.92%;--awb-margin-bottom-large:20px;--awb-spacing-left-large:1.92%;--awb-width-medium:100%;--awb-order-medium:0;--awb-spacing-right-medium:1.92%;--awb-spacing-left-medium:1.92%;--awb-width-small:100%;--awb-order-small:0;--awb-spacing-right-small:1.92%;--awb-spacing-left-small:1.92%;\"><div class=\"fusion-column-wrapper fusion-column-has-shadow fusion-flex-justify-content-flex-start fusion-content-layout-column\"><div class=\"fusion-text fusion-text-1\" style=\"--awb-text-transform:none;\"><p>L\u00e0m c\u1ee9ng c\u1ea3m \u1ee9ng ray l\u00e0 m\u1ed9t qu\u00e1 tr\u00ecnh x\u1eed l\u00fd nhi\u1ec7t l\u00e0m t\u0103ng \u0111\u1ed9 c\u1ee9ng v\u00e0 kh\u1ea3 n\u0103ng ch\u1ed1ng m\u00e0i m\u00f2n c\u1ee7a ray d\u1eabn h\u01b0\u1edbng tuy\u1ebfn t\u00ednh. T\u00ednh l\u1eb7p l\u1ea1i v\u00e0 kh\u1ea3 n\u0103ng ki\u1ec3m so\u00e1t c\u1ee7a qu\u00e1 tr\u00ecnh l\u00e0m c\u1ee9ng c\u1ea3m \u1ee9ng l\u00e0m cho qu\u00e1 tr\u00ecnh x\u1eed l\u00fd nhi\u1ec7t c\u1ee7a to\u00e0n b\u1ed9 ray \u0111\u01b0\u1ee3c t\u1ef1 \u0111\u1ed9ng h\u00f3a h\u01a1n. Ch\u00fang t\u00f4i th\u01b0\u1eddng l\u00e0m n\u00f3ng v\u00e0 l\u00e0m m\u00e1t ray b\u1eb1ng <a href=\"https:\/\/www.focoinduction.com\/induction-heating-equipment\/induction-hardening-machine\/\" target=\"_blank\" rel=\"noopener\">m\u00e1y l\u00e0m c\u1ee9ng c\u1ea3m \u1ee9ng<\/a> ray chuy\u00ean d\u1ee5ng. Ray d\u1eabn h\u01b0\u1edbng tuy\u1ebfn t\u00ednh l\u00e0 m\u1ed9t b\u1ed9 ph\u1eadn quan tr\u1ecdng c\u1ee7a m\u00e1y c\u00f4ng c\u1ee5 v\u00e0 c\u1ea7n c\u00f3 \u0111\u1ed9 c\u1ee9ng v\u00e0 kh\u1ea3 n\u0103ng ch\u1ed1ng m\u00e0i m\u00f2n cao. Tu\u1ed5i th\u1ecd v\u00e0 kh\u1ea3 n\u0103ng <a href=\"https:\/\/www.focoinduction.com\/how-to-do-induction-hardening-and-self-tempering\/\" target=\"_blank\" rel=\"noopener\">ch\u1ed1ng<\/a> m\u00e0i m\u00f2n c\u1ee7a ray d\u1eabn h\u01b0\u1edbng sau khi l\u00e0m c\u1ee9ng s\u1ebd \u0111\u01b0\u1ee3c c\u1ea3i thi\u1ec7n \u0111\u00e1ng k\u1ec3. N\u00f3i chung, qu\u00e1 tr\u00ecnh l\u00e0m c\u1ee9ng c\u1ea3m \u1ee9ng ray d\u1eabn h\u01b0\u1edbng \u0111\u01b0\u1ee3c ti\u1ebfp n\u1ed1i b\u1eb1ng qu\u00e1 tr\u00ecnh ram c\u1ea3m \u1ee9ng, c\u00f3 th\u1ec3 c\u1ea3i thi\u1ec7n \u0111\u00e1ng k\u1ec3 \u0111\u1ed9 c\u1ee9ng c\u1ee7a ray d\u1eabn h\u01b0\u1edbng b\u1eb1ng th\u00e9p, gi\u1ea3m \u0111\u1ed9 gi\u00f2n v\u00e0 c\u1ea3i thi\u1ec7n \u0111\u1ed9 d\u1ebbo dai c\u1ee7a ch\u00fang.  <\/p>\n<p><strong>C\u00e1c ch\u1ec9 ti\u00eau k\u1ef9 thu\u1eadt v\u1ec1 \u0111\u1ed9 c\u1ee9ng c\u1ee7a ray d\u1eabn h\u01b0\u1edbng:<\/strong><\/p>\n<ul>\n<li>\u0110\u1ed9 s\u00e2u l\u00e0m ngu\u1ed9i: 1,5-3 mm.<\/li>\n<li>\u0110\u1ed9 c\u1ee9ng: 45 HRC-52 HRC.<\/li>\n<li>Bi\u1ebfn d\u1ea1ng l\u00e0m ngu\u1ed9i thanh ray d\u1eabn h\u01b0\u1edbng:&lt; 0,06mm.<\/li>\n<\/ul>\n<\/div><\/div><\/div><\/div><\/div><div class=\"fusion-fullwidth fullwidth-box fusion-builder-row-2 fusion-flex-container nonhundred-percent-fullwidth non-hundred-percent-height-scrolling\" style=\"--awb-border-sizes-bottom:1px;--awb-border-radius-top-left:0px;--awb-border-radius-top-right:0px;--awb-border-radius-bottom-right:0px;--awb-border-radius-bottom-left:0px;--awb-flex-wrap:wrap;\" ><div class=\"fusion-builder-row fusion-row fusion-flex-align-items-flex-start fusion-flex-content-wrap\" style=\"max-width:1248px;margin-left: calc(-4% \/ 2 );margin-right: calc(-4% \/ 2 );\"><div class=\"fusion-layout-column fusion_builder_column fusion-builder-column-1 fusion_builder_column_1_1 1_1 fusion-flex-column\" style=\"--awb-bg-size:cover;--awb-width-large:100%;--awb-margin-top-large:0px;--awb-spacing-right-large:1.92%;--awb-margin-bottom-large:0px;--awb-spacing-left-large:1.92%;--awb-width-medium:100%;--awb-order-medium:0;--awb-spacing-right-medium:1.92%;--awb-spacing-left-medium:1.92%;--awb-width-small:100%;--awb-order-small:0;--awb-spacing-right-small:1.92%;--awb-spacing-left-small:1.92%;\"><div class=\"fusion-column-wrapper fusion-column-has-shadow fusion-flex-justify-content-flex-start fusion-content-layout-column\"><div class=\"fusion-text fusion-text-2\" style=\"--awb-font-size:24px;--awb-text-transform:capitalize;\"><p><strong>B\u1ed9 s\u01b0u t\u1eadp thanh ray d\u1eabn h\u01b0\u1edbng tuy\u1ebfn t\u00ednh c\u1ee9ng c\u1ea3m \u1ee9ng<\/strong><\/p>\n<\/div><\/div><\/div><div class=\"fusion-layout-column fusion_builder_column fusion-builder-column-2 fusion_builder_column_1_1 1_1 fusion-flex-column\" style=\"--awb-bg-size:cover;--awb-width-large:100%;--awb-margin-top-large:0px;--awb-spacing-right-large:1.92%;--awb-margin-bottom-large:20px;--awb-spacing-left-large:1.92%;--awb-width-medium:100%;--awb-order-medium:0;--awb-spacing-right-medium:1.92%;--awb-spacing-left-medium:1.92%;--awb-width-small:100%;--awb-order-small:0;--awb-spacing-right-small:1.92%;--awb-spacing-left-small:1.92%;\"><div class=\"fusion-column-wrapper fusion-column-has-shadow fusion-flex-justify-content-flex-start fusion-content-layout-column\"><div class=\"fusion-image-carousel fusion-image-carousel-auto fusion-image-carousel-1 lightbox-enabled fusion-carousel-border\"><div class=\"awb-carousel awb-swiper awb-swiper-carousel awb-carousel--carousel awb-swiper-dots-position-bottom\" data-layout=\"carousel\" data-autoplay=\"no\" data-autoplayspeed=\"3500\" data-autoplaypause=\"no\" data-columns=\"2\" data-columnsmedium=\"1\" data-columnssmall=\"1\" data-itemmargin=\"15\" data-itemwidth=\"180\" data-touchscroll=\"no\" data-freemode=\"no\" data-imagesize=\"auto\" data-scrollitems=\"0\" data-centeredslides=\"no\" data-rotationangle=\"50\" data-depth=\"100\" data-speed=\"500\" data-shadow=\"no\" data-pagination=\"bullets\" style=\"--awb-columns:2;--awb-column-spacing:15px;--awb-border-width:1px;--awb-border-color:#e9eaee;\"><div class=\"swiper-wrapper awb-image-carousel-wrapper fusion-flex-align-items-center\"><div class=\"swiper-slide\"><div class=\"fusion-carousel-item-wrapper\"><div class=\"fusion-image-wrapper hover-type-none\"><a data-rel=\"iLightbox[image_carousel_1]\" data-caption=\"hardening of rail with induction heating\" data-title=\"hardening of rail with induction heating\" aria-label=\"hardening of rail with induction heating\" href=\"https:\/\/www.focoinduction.com\/wp-content\/uploads\/2022\/04\/hardening-of-rail-with-induction-heating.jpg\" target=\"_self\"><img decoding=\"async\" width=\"600\" height=\"400\" src=\"https:\/\/www.focoinduction.com\/wp-content\/uploads\/2022\/04\/hardening-of-rail-with-induction-heating.jpg\" class=\"attachment-full size-full\" alt=\"l\u00e0m c\u1ee9ng \u0111\u01b0\u1eddng ray b\u1eb1ng c\u00e1ch gia nhi\u1ec7t c\u1ea3m \u1ee9ng\" srcset=\"https:\/\/www.focoinduction.com\/wp-content\/uploads\/2022\/04\/hardening-of-rail-with-induction-heating-200x133.jpg 200w, https:\/\/www.focoinduction.com\/wp-content\/uploads\/2022\/04\/hardening-of-rail-with-induction-heating-400x267.jpg 400w, https:\/\/www.focoinduction.com\/wp-content\/uploads\/2022\/04\/hardening-of-rail-with-induction-heating.jpg 600w\" sizes=\"(min-width: 2200px) 100vw, (min-width: 712px) 593px, (min-width: 640px) 712px, \" \/><\/a><\/div><\/div><\/div><div class=\"swiper-slide\"><div class=\"fusion-carousel-item-wrapper\"><div class=\"fusion-image-wrapper hover-type-none\"><a data-rel=\"iLightbox[image_carousel_1]\" data-caption=\"hardening of guide rail\" data-title=\"hardening of guide rail\" aria-label=\"hardening of guide rail\" href=\"https:\/\/www.focoinduction.com\/wp-content\/uploads\/2022\/04\/hardening-of-guide-rail.jpg\" target=\"_self\"><img decoding=\"async\" width=\"600\" height=\"400\" src=\"https:\/\/www.focoinduction.com\/wp-content\/uploads\/2022\/04\/hardening-of-guide-rail.jpg\" class=\"attachment-full size-full\" alt=\"l\u00e0m c\u1ee9ng thanh ray d\u1eabn h\u01b0\u1edbng\" srcset=\"https:\/\/www.focoinduction.com\/wp-content\/uploads\/2022\/04\/hardening-of-guide-rail-200x133.jpg 200w, https:\/\/www.focoinduction.com\/wp-content\/uploads\/2022\/04\/hardening-of-guide-rail-400x267.jpg 400w, https:\/\/www.focoinduction.com\/wp-content\/uploads\/2022\/04\/hardening-of-guide-rail.jpg 600w\" sizes=\"(min-width: 2200px) 100vw, (min-width: 712px) 593px, (min-width: 640px) 712px, \" \/><\/a><\/div><\/div><\/div><\/div><div class=\"awb-swiper-button awb-swiper-button-prev\"><i class=\"awb-icon-angle-left\" aria-hidden=\"true\"><\/i><\/div><div class=\"awb-swiper-button awb-swiper-button-next\"><i class=\"awb-icon-angle-right\" aria-hidden=\"true\"><\/i><\/div><\/div><\/div><\/div><\/div><\/div><\/div><div class=\"fusion-fullwidth fullwidth-box fusion-builder-row-3 fusion-flex-container nonhundred-percent-fullwidth non-hundred-percent-height-scrolling\" style=\"--awb-border-radius-top-left:0px;--awb-border-radius-top-right:0px;--awb-border-radius-bottom-right:0px;--awb-border-radius-bottom-left:0px;--awb-margin-top:20px;--awb-flex-wrap:wrap;\" ><div class=\"fusion-builder-row fusion-row fusion-flex-align-items-flex-start fusion-flex-content-wrap\" style=\"max-width:1248px;margin-left: calc(-4% \/ 2 );margin-right: calc(-4% \/ 2 );\"><div class=\"fusion-layout-column fusion_builder_column fusion-builder-column-3 fusion_builder_column_1_1 1_1 fusion-flex-column\" style=\"--awb-bg-size:cover;--awb-width-large:100%;--awb-margin-top-large:0px;--awb-spacing-right-large:1.92%;--awb-margin-bottom-large:20px;--awb-spacing-left-large:1.92%;--awb-width-medium:100%;--awb-order-medium:0;--awb-spacing-right-medium:1.92%;--awb-spacing-left-medium:1.92%;--awb-width-small:100%;--awb-order-small:0;--awb-spacing-right-small:1.92%;--awb-spacing-left-small:1.92%;\"><div class=\"fusion-column-wrapper fusion-column-has-shadow fusion-flex-justify-content-flex-start fusion-content-layout-column\"><div class=\"fusion-text fusion-text-3\" style=\"--awb-font-size:24px;--awb-text-transform:none;\"><p><strong>Video v\u1ec1 thanh ray d\u1eabn h\u01b0\u1edbng c\u1ee9ng<\/strong><\/p>\n<\/div><div class=\"fusion-video fusion-youtube\" style=\"--awb-max-width:600px;--awb-max-height:360px;\"><div class=\"video-shortcode\"><lite-youtube videoid=\"c4d6trNq3U4\" class=\"landscape\" params=\"wmode=transparent&autoplay=1&amp;enablejsapi=1\" title=\"Induction Hardening of Guide Rail\" data-button-label=\"Play Video\" width=\"600\" height=\"360\" data-thumbnail-size=\"auto\" data-no-cookie=\"on\"><\/lite-youtube><\/div><\/div><\/div><\/div><\/div><\/div><\/p>\n","protected":false},"excerpt":{"rendered":"","protected":false},"author":1,"featured_media":9769,"parent":10044,"menu_order":0,"comment_status":"closed","ping_status":"closed","template":"","meta":{"footnotes":""},"class_list":["post-9767","page","type-page","status-publish","has-post-thumbnail","hentry"],"_links":{"self":[{"href":"https:\/\/www.focoinduction.com\/vi\/wp-json\/wp\/v2\/pages\/9767","targetHints":{"allow":["GET"]}}],"collection":[{"href":"https:\/\/www.focoinduction.com\/vi\/wp-json\/wp\/v2\/pages"}],"about":[{"href":"https:\/\/www.focoinduction.com\/vi\/wp-json\/wp\/v2\/types\/page"}],"author":[{"embeddable":true,"href":"https:\/\/www.focoinduction.com\/vi\/wp-json\/wp\/v2\/users\/1"}],"replies":[{"embeddable":true,"href":"https:\/\/www.focoinduction.com\/vi\/wp-json\/wp\/v2\/comments?post=9767"}],"version-history":[{"count":0,"href":"https:\/\/www.focoinduction.com\/vi\/wp-json\/wp\/v2\/pages\/9767\/revisions"}],"up":[{"embeddable":true,"href":"https:\/\/www.focoinduction.com\/vi\/wp-json\/wp\/v2\/pages\/10044"}],"wp:featuredmedia":[{"embeddable":true,"href":"https:\/\/www.focoinduction.com\/vi\/wp-json\/wp\/v2\/media\/9769"}],"wp:attachment":[{"href":"https:\/\/www.focoinduction.com\/vi\/wp-json\/wp\/v2\/media?parent=9767"}],"curies":[{"name":"wp","href":"https:\/\/api.w.org\/{rel}","templated":true}]}}