{"id":9857,"date":"2022-05-30T15:14:46","date_gmt":"2022-05-30T07:14:46","guid":{"rendered":"https:\/\/www.focoinduction.com\/nau-chay-cam-ung\/nau-chay-cam-ung-cua-vang-placer\/"},"modified":"2025-01-02T10:50:17","modified_gmt":"2025-01-02T02:50:17","slug":"nau-chay-cam-ung-cua-vang-placer","status":"publish","type":"page","link":"https:\/\/www.focoinduction.com\/vi\/ung-dung\/nau-chay-cam-ung\/nau-chay-cam-ung-cua-vang-placer\/","title":{"rendered":"N\u1ea5u ch\u1ea3y c\u1ea3m \u1ee9ng c\u1ee7a v\u00e0ng placer"},"content":{"rendered":"<p><div class=\"fusion-fullwidth fullwidth-box fusion-builder-row-1 fusion-flex-container nonhundred-percent-fullwidth non-hundred-percent-height-scrolling\" style=\"--awb-border-radius-top-left:0px;--awb-border-radius-top-right:0px;--awb-border-radius-bottom-right:0px;--awb-border-radius-bottom-left:0px;--awb-flex-wrap:wrap;\" ><div class=\"fusion-builder-row fusion-row fusion-flex-align-items-flex-start fusion-flex-content-wrap\" style=\"max-width:1248px;margin-left: calc(-4% \/ 2 );margin-right: calc(-4% \/ 2 );\"><div class=\"fusion-layout-column fusion_builder_column fusion-builder-column-0 fusion_builder_column_1_1 1_1 fusion-flex-column\" style=\"--awb-bg-size:cover;--awb-width-large:100%;--awb-margin-top-large:0px;--awb-spacing-right-large:1.92%;--awb-margin-bottom-large:20px;--awb-spacing-left-large:1.92%;--awb-width-medium:100%;--awb-order-medium:0;--awb-spacing-right-medium:1.92%;--awb-spacing-left-medium:1.92%;--awb-width-small:100%;--awb-order-small:0;--awb-spacing-right-small:1.92%;--awb-spacing-left-small:1.92%;\"><div class=\"fusion-column-wrapper fusion-column-has-shadow fusion-flex-justify-content-flex-start fusion-content-layout-column\"><div class=\"fusion-text fusion-text-1\"><h2>N\u1ea5u ch\u1ea3y v\u00e0 tinh ch\u1ebf v\u00e0ng sa kho\u00e1ng b\u1eb1ng ph\u01b0\u01a1ng ph\u00e1p gia nhi\u1ec7t c\u1ea3m \u1ee9ng<\/h2>\n<p>Kh\u00e1ch h\u00e0ng mu\u1ed1n n\u1ea5u ch\u1ea3y 50 kg v\u00e0ng sa kho\u00e1ng ph\u00f9 sa trong 30 ph\u00fat v\u00e0 ti\u1ebfn h\u00e0nh tinh ch\u1ebf s\u01a1 b\u1ed9. V\u00e0ng sa kho\u00e1ng l\u00e0 m\u1ed9t lo\u1ea1i qu\u1eb7ng v\u00e0ng. N\u00f3 c\u00f3 ngu\u1ed3n g\u1ed1c t\u1eeb qu\u1eb7ng ph\u00f9 sa. \u0110\u00e2y l\u00e0 v\u00e0ng \u0111\u01b0\u1ee3c h\u00ecnh th\u00e0nh b\u1eb1ng c\u00e1ch t\u00e1ch c\u00e1c m\u1ea1ch v\u00e0ng v\u00e0 th\u1ea1ch anh kh\u1ecfi v\u00e0ng \u0111\u00e1 trong th\u00e2n n\u00fai \u0111\u01b0\u1ee3c r\u1eeda s\u1ea1ch b\u1eb1ng n\u01b0\u1edbc s\u00f4ng. V\u00e0ng l\u00e0 ch\u1ea5t r\u1eafn \u1edf nhi\u1ec7t \u0111\u1ed9 ph\u00f2ng, c\u00f3 m\u1eadt \u0111\u1ed9 cao, m\u1ec1m, s\u00e1ng v\u00e0 ch\u1ed1ng \u0103n m\u00f2n. \u0110\u00e2y l\u00e0 kim lo\u1ea1i c\u00f3 \u0111\u1ed9 d\u1ebbo t\u1ed1t nh\u1ea5t, ch\u1ec9 \u0111\u1ee9ng sau b\u1ea1ch kim v\u00e0 l\u00e0 m\u1ed9t trong nh\u1eefng kim lo\u1ea1i d\u1ebbo nh\u1ea5t.   <\/p>\n<ul>\n<li>\u0110i\u1ec3m n\u00f3ng ch\u1ea3y c\u1ee7a v\u00e0ng: 1064 \u2103.<\/li>\n<li>M\u1eadt \u0111\u1ed9 v\u00e0ng: 19,32 g\/ cm\u00b3 (20 \u2103).<\/li>\n<\/ul>\n<\/div><\/div><\/div><\/div><\/div><div class=\"fusion-fullwidth fullwidth-box fusion-builder-row-2 fusion-flex-container nonhundred-percent-fullwidth non-hundred-percent-height-scrolling\" style=\"--awb-border-radius-top-left:0px;--awb-border-radius-top-right:0px;--awb-border-radius-bottom-right:0px;--awb-border-radius-bottom-left:0px;--awb-flex-wrap:wrap;\" ><div class=\"fusion-builder-row fusion-row fusion-flex-align-items-flex-start fusion-flex-content-wrap\" style=\"max-width:1248px;margin-left: calc(-4% \/ 2 );margin-right: calc(-4% \/ 2 );\"><div class=\"fusion-layout-column fusion_builder_column fusion-builder-column-1 fusion_builder_column_1_1 1_1 fusion-flex-column\" style=\"--awb-bg-size:cover;--awb-width-large:100%;--awb-margin-top-large:0px;--awb-spacing-right-large:1.92%;--awb-margin-bottom-large:20px;--awb-spacing-left-large:1.92%;--awb-width-medium:100%;--awb-order-medium:0;--awb-spacing-right-medium:1.92%;--awb-spacing-left-medium:1.92%;--awb-width-small:100%;--awb-order-small:0;--awb-spacing-right-small:1.92%;--awb-spacing-left-small:1.92%;\"><div class=\"fusion-column-wrapper fusion-column-has-shadow fusion-flex-justify-content-flex-start fusion-content-layout-column\"><div class=\"fusion-text fusion-text-2\"><h3>Thi\u1ebft b\u1ecb gia nhi\u1ec7t c\u1ea3m \u1ee9ng \u0111\u1ec3 n\u1ea5u ch\u1ea3y v\u00e0 tinh ch\u1ebf 50 kg v\u00e0ng sa kho\u00e1ng:<\/h3>\n<ul>\n<li>M\u00e1y m\u00f3c: <a href=\"https:\/\/www.focoinduction.com\/vi\/lo-nung-vang-cam-ung\/\" target=\"_blank\" rel=\"noopener\"><span style=\"color: #0000ff;\">L\u00f2 nung c\u1ea3m \u1ee9ng luy\u1ec7n v\u00e0ng c\u00f4ng su\u1ea5t<\/span> 110 kW v\u00e0 45 kW.<\/a><\/li>\n<li>Ph\u1ea1m vi nhi\u1ec7t \u0111\u1ed9: 1.200 \u2103 &#8211; 1.300 \u2103.<\/li>\n<li>N\u1ed3i n\u1ea5u kim lo\u1ea1i: N\u1ed3i n\u1ea5u kim lo\u1ea1i \u0111\u1ea5t s\u00e9t v\u00e0 n\u1ed3i n\u1ea5u kim lo\u1ea1i than ch\u00ec nguy\u00ean ch\u1ea5t.<\/li>\n<\/ul>\n<\/div><\/div><\/div><\/div><\/div><div class=\"fusion-fullwidth fullwidth-box fusion-builder-row-3 fusion-flex-container nonhundred-percent-fullwidth non-hundred-percent-height-scrolling\" style=\"--awb-border-radius-top-left:0px;--awb-border-radius-top-right:0px;--awb-border-radius-bottom-right:0px;--awb-border-radius-bottom-left:0px;--awb-flex-wrap:wrap;\" ><div class=\"fusion-builder-row fusion-row fusion-flex-align-items-flex-start fusion-flex-content-wrap\" style=\"max-width:1248px;margin-left: calc(-4% \/ 2 );margin-right: calc(-4% \/ 2 );\"><div class=\"fusion-layout-column fusion_builder_column fusion-builder-column-2 fusion_builder_column_1_1 1_1 fusion-flex-column\" style=\"--awb-bg-size:cover;--awb-width-large:100%;--awb-margin-top-large:0px;--awb-spacing-right-large:1.92%;--awb-margin-bottom-large:20px;--awb-spacing-left-large:1.92%;--awb-width-medium:100%;--awb-order-medium:0;--awb-spacing-right-medium:1.92%;--awb-spacing-left-medium:1.92%;--awb-width-small:100%;--awb-order-small:0;--awb-spacing-right-small:1.92%;--awb-spacing-left-small:1.92%;\"><div class=\"fusion-column-wrapper fusion-column-has-shadow fusion-flex-justify-content-flex-start fusion-content-layout-column\"><div class=\"fusion-text fusion-text-3\"><h3>N\u1ea5u ch\u1ea3y v\u00e0 tinh ch\u1ebf v\u00e0ng Placer:<\/h3>\n<p><strong>1. Nung n\u00f3ng v\u00e0 n\u1ea5u ch\u1ea3y v\u00e0ng Placer<\/strong><br \/>\n S\u1eed d\u1ee5ng l\u00f2 nung c\u1ea3m \u1ee9ng c\u00f4ng su\u1ea5t 110 kW \u0111\u1ec3 n\u1ea5u ch\u1ea3y 50 kg v\u00e0ng ph\u00f9 sa v\u00e0 r\u00f3t v\u00e0o khu\u00f4n \u0111\u1ec3 t\u1ea1o th\u00e0nh th\u1ecfi v\u00e0ng.<\/p>\n<ul>\n<li>S\u1eed d\u1ee5ng n\u1ed3i n\u1ea5u: n\u1ed3i n\u1ea5u \u0111\u1ea5t s\u00e9t than ch\u00ec.<\/li>\n<li>Th\u1eddi gian tan ch\u1ea3y: 25 ph\u00fat.<\/li>\n<\/ul>\n<p><strong>2. Thanh l\u1ecdc th\u1ecfi v\u00e0ng<\/strong><br \/>\n S\u1eed d\u1ee5ng l\u00f2 nung c\u1ea3m \u1ee9ng 45 kW \u0111\u1ec3 nung ch\u1ea3y l\u1ea1i th\u1ecfi v\u00e0ng n\u1eb7ng 20 kg v\u00e0 lo\u1ea1i b\u1ecf t\u1ea1p ch\u1ea5t.<\/p>\n<ul>\n<li>S\u1eed d\u1ee5ng n\u1ed3i n\u1ea5u: n\u1ed3i n\u1ea5u b\u1eb1ng than ch\u00ec nguy\u00ean ch\u1ea5t.<\/li>\n<li>Th\u1eddi gian tan ch\u1ea3y: 20 ph\u00fat.<\/li>\n<\/ul>\n<\/div><\/div><\/div><\/div><\/div><div class=\"fusion-fullwidth fullwidth-box fusion-builder-row-4 fusion-flex-container nonhundred-percent-fullwidth non-hundred-percent-height-scrolling\" style=\"--awb-border-radius-top-left:0px;--awb-border-radius-top-right:0px;--awb-border-radius-bottom-right:0px;--awb-border-radius-bottom-left:0px;--awb-flex-wrap:wrap;\" ><div class=\"fusion-builder-row fusion-row fusion-flex-align-items-flex-start fusion-flex-content-wrap\" style=\"max-width:1248px;margin-left: calc(-4% \/ 2 );margin-right: calc(-4% \/ 2 );\"><div class=\"fusion-layout-column fusion_builder_column fusion-builder-column-3 fusion_builder_column_1_1 1_1 fusion-flex-column\" style=\"--awb-bg-size:cover;--awb-width-large:100%;--awb-margin-top-large:0px;--awb-spacing-right-large:1.92%;--awb-margin-bottom-large:20px;--awb-spacing-left-large:1.92%;--awb-width-medium:100%;--awb-order-medium:0;--awb-spacing-right-medium:1.92%;--awb-spacing-left-medium:1.92%;--awb-width-small:100%;--awb-order-small:0;--awb-spacing-right-small:1.92%;--awb-spacing-left-small:1.92%;\"><div class=\"fusion-column-wrapper fusion-column-has-shadow fusion-flex-justify-content-flex-start fusion-content-layout-column\"><div class=\"fusion-text fusion-text-4\"><h3>H\u1ec7 th\u1ed1ng l\u00e0m m\u00e1t b\u1eb1ng n\u01b0\u1edbc<\/h3>\n<p>Trong qu\u00e1 tr\u00ecnh th\u1eed nghi\u1ec7m, ch\u00fang t\u00f4i \u0111\u00e3 s\u1eed d\u1ee5ng m\u1ed9t h\u1ec7 th\u1ed1ng l\u00e0m m\u00e1t b\u1eb1ng n\u01b0\u1edbc \u0111\u01a1n gi\u1ea3n bao g\u1ed3m m\u1ed9t m\u00e1y b\u01a1m n\u01b0\u1edbc, c\u00e1c \u0111\u01b0\u1eddng \u1ed1ng v\u00e0 m\u1ed9t b\u1ec3 ch\u1ee9a n\u01b0\u1edbc. M\u00e1y b\u01a1m n\u01b0\u1edbc b\u01a1m nhi\u1ec7t \u0111\u1ed9 th\u1ea5p c\u1ee7a b\u1ec3 ch\u1ee9a n\u01b0\u1edbc v\u00e0o b\u00ean trong m\u00e1y \u0111\u1ec3 lo\u1ea1i b\u1ecf nhi\u1ec7t sinh ra do ho\u1ea1t \u0111\u1ed9ng c\u1ee7a m\u00e1y. <\/p>\n<p>\u0110\u1ecdc th\u00eam v\u1ec1 <span style=\"color: #0000ff;\"><a style=\"color: #0000ff;\" href=\"https:\/\/www.focoinduction.com\/vi\/nau-chay-cam-ung\/\" target=\"_blank\" rel=\"noopener\">\u1ee9ng d\u1ee5ng n\u1ea5u ch\u1ea3y c\u1ea3m \u1ee9ng<\/a><\/span> .<\/p>\n<\/div><\/div><\/div><\/div><\/div><div class=\"fusion-fullwidth fullwidth-box fusion-builder-row-5 fusion-flex-container nonhundred-percent-fullwidth non-hundred-percent-height-scrolling\" style=\"--awb-border-radius-top-left:0px;--awb-border-radius-top-right:0px;--awb-border-radius-bottom-right:0px;--awb-border-radius-bottom-left:0px;--awb-flex-wrap:wrap;\" ><div class=\"fusion-builder-row fusion-row fusion-flex-align-items-flex-start fusion-flex-content-wrap\" style=\"max-width:1248px;margin-left: calc(-4% \/ 2 );margin-right: calc(-4% \/ 2 );\"><div class=\"fusion-layout-column fusion_builder_column fusion-builder-column-4 fusion_builder_column_1_1 1_1 fusion-flex-column\" style=\"--awb-bg-size:cover;--awb-width-large:100%;--awb-margin-top-large:0px;--awb-spacing-right-large:1.92%;--awb-margin-bottom-large:20px;--awb-spacing-left-large:1.92%;--awb-width-medium:100%;--awb-order-medium:0;--awb-spacing-right-medium:1.92%;--awb-spacing-left-medium:1.92%;--awb-width-small:100%;--awb-order-small:0;--awb-spacing-right-small:1.92%;--awb-spacing-left-small:1.92%;\"><div class=\"fusion-column-wrapper fusion-column-has-shadow fusion-flex-justify-content-flex-start fusion-content-layout-column\"><div class=\"fusion-text fusion-text-5\"><h3>H\u00ecnh \u1ea3nh<\/h3>\n<\/div><div class=\"fusion-image-carousel fusion-image-carousel-auto fusion-image-carousel-1 lightbox-enabled fusion-carousel-border\"><div class=\"awb-carousel awb-swiper awb-swiper-carousel awb-carousel--carousel awb-swiper-dots-position-bottom\" data-layout=\"carousel\" data-autoplay=\"no\" data-autoplayspeed=\"3500\" data-autoplaypause=\"no\" data-columns=\"2\" data-columnsmedium=\"1\" data-columnssmall=\"1\" data-itemmargin=\"15\" data-itemwidth=\"180\" data-touchscroll=\"no\" data-freemode=\"no\" data-imagesize=\"auto\" data-scrollitems=\"0\" data-centeredslides=\"no\" data-rotationangle=\"50\" data-depth=\"100\" data-speed=\"500\" data-shadow=\"no\" data-pagination=\"bullets\" style=\"--awb-columns:2;--awb-column-spacing:15px;--awb-border-width:1px;--awb-border-color:#e9eaee;\"><div class=\"swiper-wrapper awb-image-carousel-wrapper fusion-flex-align-items-center\"><div class=\"swiper-slide\"><div class=\"fusion-carousel-item-wrapper\"><div class=\"fusion-image-wrapper hover-type-none\"><a data-rel=\"iLightbox[image_carousel_1]\" data-caption=\"Melting of Placer Gold with induction heating\" data-title=\"Melting of Placer Gold with induction heating\" aria-label=\"Melting of Placer Gold with induction heating\" href=\"https:\/\/www.focoinduction.com\/wp-content\/uploads\/2022\/05\/Melting-of-Placer-Gold-with-induction-heating.jpg\" target=\"_self\"><img decoding=\"async\" width=\"600\" height=\"400\" src=\"https:\/\/www.focoinduction.com\/wp-content\/uploads\/2022\/05\/Melting-of-Placer-Gold-with-induction-heating.jpg\" class=\"attachment-full size-full\" alt=\"\" srcset=\"https:\/\/www.focoinduction.com\/wp-content\/uploads\/2022\/05\/Melting-of-Placer-Gold-with-induction-heating-200x133.jpg 200w, https:\/\/www.focoinduction.com\/wp-content\/uploads\/2022\/05\/Melting-of-Placer-Gold-with-induction-heating-400x267.jpg 400w, https:\/\/www.focoinduction.com\/wp-content\/uploads\/2022\/05\/Melting-of-Placer-Gold-with-induction-heating.jpg 600w\" sizes=\"(min-width: 2200px) 100vw, (min-width: 712px) 593px, (min-width: 640px) 712px, \" \/><\/a><\/div><\/div><\/div><div class=\"swiper-slide\"><div class=\"fusion-carousel-item-wrapper\"><div class=\"fusion-image-wrapper hover-type-none\"><a data-rel=\"iLightbox[image_carousel_1]\" data-caption=\"induction melting of 50kg placer gold\" data-title=\"induction melting of 50kg placer gold\" aria-label=\"induction melting of 50kg placer gold\" href=\"https:\/\/www.focoinduction.com\/wp-content\/uploads\/2022\/05\/induction-melting-of-50kg-placer-gold.jpg\" target=\"_self\"><img decoding=\"async\" width=\"600\" height=\"400\" src=\"https:\/\/www.focoinduction.com\/wp-content\/uploads\/2022\/05\/induction-melting-of-50kg-placer-gold.jpg\" class=\"attachment-full size-full\" alt=\"induction melting of 50kg placer gold\" srcset=\"https:\/\/www.focoinduction.com\/wp-content\/uploads\/2022\/05\/induction-melting-of-50kg-placer-gold-200x133.jpg 200w, https:\/\/www.focoinduction.com\/wp-content\/uploads\/2022\/05\/induction-melting-of-50kg-placer-gold-400x267.jpg 400w, https:\/\/www.focoinduction.com\/wp-content\/uploads\/2022\/05\/induction-melting-of-50kg-placer-gold.jpg 600w\" sizes=\"(min-width: 2200px) 100vw, (min-width: 712px) 593px, (min-width: 640px) 712px, \" \/><\/a><\/div><\/div><\/div><\/div><div class=\"awb-swiper-button awb-swiper-button-prev\"><i class=\"awb-icon-angle-left\" aria-hidden=\"true\"><\/i><\/div><div class=\"awb-swiper-button awb-swiper-button-next\"><i class=\"awb-icon-angle-right\" aria-hidden=\"true\"><\/i><\/div><\/div><\/div><\/div><\/div><\/div><\/div><\/p>\n","protected":false},"excerpt":{"rendered":"","protected":false},"author":1,"featured_media":9858,"parent":9823,"menu_order":0,"comment_status":"closed","ping_status":"closed","template":"","meta":{"footnotes":""},"class_list":["post-9857","page","type-page","status-publish","has-post-thumbnail","hentry"],"_links":{"self":[{"href":"https:\/\/www.focoinduction.com\/vi\/wp-json\/wp\/v2\/pages\/9857","targetHints":{"allow":["GET"]}}],"collection":[{"href":"https:\/\/www.focoinduction.com\/vi\/wp-json\/wp\/v2\/pages"}],"about":[{"href":"https:\/\/www.focoinduction.com\/vi\/wp-json\/wp\/v2\/types\/page"}],"author":[{"embeddable":true,"href":"https:\/\/www.focoinduction.com\/vi\/wp-json\/wp\/v2\/users\/1"}],"replies":[{"embeddable":true,"href":"https:\/\/www.focoinduction.com\/vi\/wp-json\/wp\/v2\/comments?post=9857"}],"version-history":[{"count":0,"href":"https:\/\/www.focoinduction.com\/vi\/wp-json\/wp\/v2\/pages\/9857\/revisions"}],"up":[{"embeddable":true,"href":"https:\/\/www.focoinduction.com\/vi\/wp-json\/wp\/v2\/pages\/9823"}],"wp:featuredmedia":[{"embeddable":true,"href":"https:\/\/www.focoinduction.com\/vi\/wp-json\/wp\/v2\/media\/9858"}],"wp:attachment":[{"href":"https:\/\/www.focoinduction.com\/vi\/wp-json\/wp\/v2\/media?parent=9857"}],"curies":[{"name":"wp","href":"https:\/\/api.w.org\/{rel}","templated":true}]}}