{"id":9886,"date":"2022-08-02T17:42:45","date_gmt":"2022-08-02T09:42:45","guid":{"rendered":"https:\/\/www.focoinduction.com\/nau-chay-cam-ung\/nau-chay-cam-ung-50-kg-dong-phe-lieu\/"},"modified":"2025-01-02T10:50:25","modified_gmt":"2025-01-02T02:50:25","slug":"nau-chay-cam-ung-50-kg-dong-phe-lieu","status":"publish","type":"page","link":"https:\/\/www.focoinduction.com\/vi\/ung-dung\/nau-chay-cam-ung\/nau-chay-cam-ung-50-kg-dong-phe-lieu\/","title":{"rendered":"N\u1ea5u ch\u1ea3y c\u1ea3m \u1ee9ng 50 kg \u0111\u1ed3ng ph\u1ebf li\u1ec7u"},"content":{"rendered":"<p><div class=\"fusion-fullwidth fullwidth-box fusion-builder-row-1 fusion-flex-container nonhundred-percent-fullwidth non-hundred-percent-height-scrolling\" style=\"--awb-border-sizes-bottom:1px;--awb-border-radius-top-left:0px;--awb-border-radius-top-right:0px;--awb-border-radius-bottom-right:0px;--awb-border-radius-bottom-left:0px;--awb-flex-wrap:wrap;\" ><div class=\"fusion-builder-row fusion-row fusion-flex-align-items-flex-start fusion-flex-content-wrap\" style=\"max-width:1248px;margin-left: calc(-4% \/ 2 );margin-right: calc(-4% \/ 2 );\"><div class=\"fusion-layout-column fusion_builder_column fusion-builder-column-0 fusion_builder_column_1_1 1_1 fusion-flex-column\" style=\"--awb-bg-size:cover;--awb-width-large:100%;--awb-margin-top-large:0px;--awb-spacing-right-large:1.92%;--awb-margin-bottom-large:20px;--awb-spacing-left-large:1.92%;--awb-width-medium:100%;--awb-order-medium:0;--awb-spacing-right-medium:1.92%;--awb-spacing-left-medium:1.92%;--awb-width-small:100%;--awb-order-small:0;--awb-spacing-right-small:1.92%;--awb-spacing-left-small:1.92%;\"><div class=\"fusion-column-wrapper fusion-column-has-shadow fusion-flex-justify-content-flex-start fusion-content-layout-column\"><div class=\"fusion-text fusion-text-1\"><h2>N\u1ea5u ch\u1ea3y \u0111\u1ed3ng ph\u1ebf li\u1ec7u b\u1eb1ng l\u00f2 n\u1ea5u ch\u1ea3y c\u1ea3m \u1ee9ng ki\u1ec3u nghi\u00eang<\/h2>\n<p>Kh\u00e1ch h\u00e0ng mu\u1ed1n n\u1ea5u ch\u1ea3y 50kg \u0111\u1ed3ng ph\u1ebf li\u1ec7u v\u00e0 \u0111\u00fac th\u1ecfi \u0111\u1ed3ng \u0111\u1ec3 b\u00e1n. Ch\u00fang t\u00f4i cung c\u1ea5p L\u00f2 n\u1ea5u ch\u1ea3y c\u1ea3m \u1ee9ng ki\u1ec3u nghi\u00eang 45kW c\u00f3 th\u1ec3 n\u1ea5u ch\u1ea3y 50kg \u0111\u1ed3ng trong 30 ph\u00fat. <\/p>\n<p><strong>T\u00ednh ch\u1ea5t c\u1ee7a \u0110\u1ed3ng:<\/strong><\/p>\n<ul>\n<li>\u0110i\u1ec3m n\u00f3ng ch\u1ea3y: 1.083,4 \u2103.<\/li>\n<li>M\u1eadt \u0111\u1ed9: 8.960 g\/cm\u00b3<\/li>\n<\/ul>\n<p><strong>Thi\u1ebft b\u1ecb:<\/strong><\/p>\n<ul>\n<li><span style=\"color: #0000ff;\"><a style=\"color: #0000ff;\" href=\"https:\/\/www.focoinduction.com\/induction-heating-equipment\/induction-melting-furnace\/tilt-type-induction-melting-furnace\/\" target=\"_blank\" rel=\"noopener\">L\u00f2 nung c\u1ea3m \u1ee9ng nghi\u00eang 45 kW.<\/a><\/span><\/li>\n<li>M\u00e1y l\u00e0m l\u1ea1nh c\u00f4ng nghi\u1ec7p.<\/li>\n<\/ul>\n<p><strong>Quy tr\u00ecnh n\u1ea5u ch\u1ea3y 50 kg \u0111\u1ed3ng:<\/strong><\/p>\n<ol>\n<li>B\u1eadt c\u00f4ng t\u1eafc l\u00f2 nung c\u1ea3m \u1ee9ng sau khi m\u00e1y l\u00e0m l\u1ea1nh \u0111ang ch\u1ea1y. Cho ph\u1ebf li\u1ec7u \u0111\u1ed3ng v\u00e0o l\u00f2. <\/li>\n<li>V\u1eadt li\u1ec7u \u0111\u1ed3ng ph\u1ebf li\u1ec7u ph\u1ea3i \u0111\u01b0\u1ee3c nung n\u00f3ng cho \u0111\u1ebfn khi tan ch\u1ea3y ho\u00e0n to\u00e0n. To\u00e0n b\u1ed9 qu\u00e1 tr\u00ecnh m\u1ea5t kho\u1ea3ng 30 ph\u00fat. <\/li>\n<li>Sau khi \u0111\u1ed3ng ph\u1ebf li\u1ec7u \u0111\u01b0\u1ee3c n\u1ea5u ch\u1ea3y, h\u00e3y \u0111i\u1ec1u ch\u1ec9nh c\u00f4ng su\u1ea5t c\u1ee7a m\u00e1y \u0111\u1ec3 \u0111\u1ea3m b\u1ea3o \u0111\u1ed3ng \u1edf tr\u1ea1ng th\u00e1i l\u1ecfng.<\/li>\n<li>\u0110\u1ed5 dung d\u1ecbch \u0111\u1ed3ng v\u00e0o th\u00f9ng ch\u1ee9a ho\u1eb7c khu\u00f4n \u0111\u1ec3 \u0111\u00fac th\u1ecfi \u0111\u1ed3ng.<\/li>\n<\/ol>\n<p><strong>L\u1ee3i \u00edch c\u1ee7a l\u00f2 nung c\u1ea3m \u1ee9ng nghi\u00eang:<\/strong><\/p>\n<ol>\n<li>M\u1ed9t quy tr\u00ecnh ti\u1ebft ki\u1ec7m n\u0103ng l\u01b0\u1ee3ng, an to\u00e0n v\u00e0 s\u1ea1ch s\u1ebd.<\/li>\n<li>Hi\u1ec7u \u1ee9ng khu\u1ea5y \u0111i\u1ec7n t\u1eeb l\u00e0m cho qu\u00e1 tr\u00ecnh gia nhi\u1ec7t \u0111\u1ed3ng \u0111\u1ec1u h\u01a1n.<\/li>\n<li>Ch\u1ee9c n\u0103ng gi\u1eef nhi\u1ec7t s\u1ebd ng\u0103n kh\u00f4ng cho \u0111\u1ed3ng n\u00f3ng ch\u1ea3y \u0111\u00f4ng l\u1ea1i.<\/li>\n<li>C\u00f3 th\u1ec3 trang b\u1ecb thi\u1ebft b\u1ecb \u0111i\u1ec1u khi\u1ec3n h\u1ed3ng ngo\u1ea1i t\u1eeb xa.<\/li>\n<\/ol>\n<p>L\u00f2 nung c\u1ea3m \u1ee9ng ki\u1ec3u nghi\u00eang FOCO c\u00f3 th\u1ec3 nung ch\u1ea3y 10 kg th\u00e0nh 250 kg \u0111\u1ed3ng v\u00e0 l\u00e0 l\u1ef1a ch\u1ecdn t\u1ed1t nh\u1ea5t \u0111\u1ec3 nung ch\u1ea3y 50 kg ph\u1ebf li\u1ec7u \u0111\u1ed3ng. Nung ch\u1ea3y \u0111\u1ed3ng b\u1eb1ng gia nhi\u1ec7t c\u1ea3m \u1ee9ng nhanh h\u01a1n v\u00e0 hi\u1ec7u qu\u1ea3 h\u01a1n. FOCO c\u00f3 th\u1ec3 cung c\u1ea5p c\u00e1c gi\u1ea3i ph\u00e1p <span style=\"color: #0000ff;\"><a style=\"color: #0000ff;\" href=\"https:\/\/www.focoinduction.com\/induction-heating-equipment\/induction-melting-furnace\/\" target=\"_blank\" rel=\"noopener\">l\u00f2 nung c\u1ea3m \u1ee9ng<\/a><\/span> ho\u00e0n ch\u1ec9nh cho c\u00e1c nhu c\u1ea7u nung ch\u1ea3y kim lo\u1ea1i kh\u00e1c nhau c\u1ee7a b\u1ea1n.  <\/p>\n<p>\u0110\u1ecdc th\u00eam v\u1ec1 <span style=\"color: #0000ff;\"><a style=\"color: #0000ff;\" href=\"https:\/\/www.focoinduction.com\/vi\/nau-chay-cam-ung\/\">\u1ee9ng d\u1ee5ng n\u1ea5u ch\u1ea3y c\u1ea3m \u1ee9ng<\/a><\/span> .<\/p>\n<\/div><\/div><\/div><\/div><\/div><div class=\"fusion-fullwidth fullwidth-box fusion-builder-row-2 fusion-flex-container nonhundred-percent-fullwidth non-hundred-percent-height-scrolling\" style=\"--awb-border-sizes-bottom:1px;--awb-border-radius-top-left:0px;--awb-border-radius-top-right:0px;--awb-border-radius-bottom-right:0px;--awb-border-radius-bottom-left:0px;--awb-flex-wrap:wrap;\" ><div class=\"fusion-builder-row fusion-row fusion-flex-align-items-flex-start fusion-flex-content-wrap\" style=\"max-width:1248px;margin-left: calc(-4% \/ 2 );margin-right: calc(-4% \/ 2 );\"><div class=\"fusion-layout-column fusion_builder_column fusion-builder-column-1 fusion_builder_column_1_1 1_1 fusion-flex-column\" style=\"--awb-bg-size:cover;--awb-width-large:100%;--awb-margin-top-large:0px;--awb-spacing-right-large:1.92%;--awb-margin-bottom-large:20px;--awb-spacing-left-large:1.92%;--awb-width-medium:100%;--awb-order-medium:0;--awb-spacing-right-medium:1.92%;--awb-spacing-left-medium:1.92%;--awb-width-small:100%;--awb-order-small:0;--awb-spacing-right-small:1.92%;--awb-spacing-left-small:1.92%;\"><div class=\"fusion-column-wrapper fusion-column-has-shadow fusion-flex-justify-content-flex-start fusion-content-layout-column\"><div class=\"fusion-text fusion-text-2\" style=\"--awb-text-transform:none;\"><h3 class=\"entry-title fusion-responsive-typography-calculated\" data-fontsize=\"36\" data-lineheight=\"60.12px\">Video v\u1ec1 qu\u00e1 tr\u00ecnh n\u1ea5u ch\u1ea3y c\u1ea3m \u1ee9ng 50kg \u0111\u1ed3ng ph\u1ebf li\u1ec7u<\/h3>\n<\/div><\/div><\/div><div class=\"fusion-layout-column fusion_builder_column fusion-builder-column-2 fusion_builder_column_1_1 1_1 fusion-flex-column\" style=\"--awb-bg-size:cover;--awb-width-large:100%;--awb-margin-top-large:0px;--awb-spacing-right-large:1.92%;--awb-margin-bottom-large:20px;--awb-spacing-left-large:1.92%;--awb-width-medium:100%;--awb-order-medium:0;--awb-spacing-right-medium:1.92%;--awb-spacing-left-medium:1.92%;--awb-width-small:100%;--awb-order-small:0;--awb-spacing-right-small:1.92%;--awb-spacing-left-small:1.92%;\"><div class=\"fusion-column-wrapper fusion-column-has-shadow fusion-flex-justify-content-flex-start fusion-content-layout-column\"><div class=\"fusion-video fusion-youtube\" style=\"--awb-max-width:600px;--awb-max-height:360px;\"><div class=\"video-shortcode\"><lite-youtube videoid=\"pogH3kaiXI8\" class=\"landscape\" params=\"wmode=transparent&autoplay=1&amp;enablejsapi=1\" title=\"Induction Melting 50kg Scrap Copper\" data-button-label=\"Play Video\" width=\"600\" height=\"360\" data-thumbnail-size=\"auto\" data-no-cookie=\"on\"><\/lite-youtube><\/div><\/div><\/div><\/div><\/div><\/div><\/p>\n","protected":false},"excerpt":{"rendered":"","protected":false},"author":1,"featured_media":9888,"parent":9823,"menu_order":0,"comment_status":"closed","ping_status":"closed","template":"","meta":{"footnotes":""},"class_list":["post-9886","page","type-page","status-publish","has-post-thumbnail","hentry"],"_links":{"self":[{"href":"https:\/\/www.focoinduction.com\/vi\/wp-json\/wp\/v2\/pages\/9886","targetHints":{"allow":["GET"]}}],"collection":[{"href":"https:\/\/www.focoinduction.com\/vi\/wp-json\/wp\/v2\/pages"}],"about":[{"href":"https:\/\/www.focoinduction.com\/vi\/wp-json\/wp\/v2\/types\/page"}],"author":[{"embeddable":true,"href":"https:\/\/www.focoinduction.com\/vi\/wp-json\/wp\/v2\/users\/1"}],"replies":[{"embeddable":true,"href":"https:\/\/www.focoinduction.com\/vi\/wp-json\/wp\/v2\/comments?post=9886"}],"version-history":[{"count":0,"href":"https:\/\/www.focoinduction.com\/vi\/wp-json\/wp\/v2\/pages\/9886\/revisions"}],"up":[{"embeddable":true,"href":"https:\/\/www.focoinduction.com\/vi\/wp-json\/wp\/v2\/pages\/9823"}],"wp:featuredmedia":[{"embeddable":true,"href":"https:\/\/www.focoinduction.com\/vi\/wp-json\/wp\/v2\/media\/9888"}],"wp:attachment":[{"href":"https:\/\/www.focoinduction.com\/vi\/wp-json\/wp\/v2\/media?parent=9886"}],"curies":[{"name":"wp","href":"https:\/\/api.w.org\/{rel}","templated":true}]}}