{"id":9899,"date":"2022-06-06T14:37:56","date_gmt":"2022-06-06T06:37:56","guid":{"rendered":"https:\/\/www.focoinduction.com\/nau-chay-cam-ung\/nau-chay-dong-bang-lo-cam-ung-mini\/"},"modified":"2025-01-02T10:50:26","modified_gmt":"2025-01-02T02:50:26","slug":"nau-chay-dong-bang-lo-cam-ung-mini","status":"publish","type":"page","link":"https:\/\/www.focoinduction.com\/vi\/ung-dung\/nau-chay-cam-ung\/nau-chay-dong-bang-lo-cam-ung-mini\/","title":{"rendered":"N\u1ea5u ch\u1ea3y \u0111\u1ed3ng b\u1eb1ng l\u00f2 c\u1ea3m \u1ee9ng mini"},"content":{"rendered":"<p><div class=\"fusion-fullwidth fullwidth-box fusion-builder-row-1 fusion-flex-container nonhundred-percent-fullwidth non-hundred-percent-height-scrolling\" style=\"--awb-border-radius-top-left:0px;--awb-border-radius-top-right:0px;--awb-border-radius-bottom-right:0px;--awb-border-radius-bottom-left:0px;--awb-flex-wrap:wrap;\" ><div class=\"fusion-builder-row fusion-row fusion-flex-align-items-flex-start fusion-flex-content-wrap\" style=\"max-width:1248px;margin-left: calc(-4% \/ 2 );margin-right: calc(-4% \/ 2 );\"><div class=\"fusion-layout-column fusion_builder_column fusion-builder-column-0 fusion_builder_column_1_1 1_1 fusion-flex-column\" style=\"--awb-bg-size:cover;--awb-width-large:100%;--awb-margin-top-large:0px;--awb-spacing-right-large:1.92%;--awb-margin-bottom-large:20px;--awb-spacing-left-large:1.92%;--awb-width-medium:100%;--awb-order-medium:0;--awb-spacing-right-medium:1.92%;--awb-spacing-left-medium:1.92%;--awb-width-small:100%;--awb-order-small:0;--awb-spacing-right-small:1.92%;--awb-spacing-left-small:1.92%;\"><div class=\"fusion-column-wrapper fusion-column-has-shadow fusion-flex-justify-content-flex-start fusion-content-layout-column\"><div class=\"fusion-text fusion-text-1\"><p>Kh\u00e1ch h\u00e0ng mu\u1ed1n n\u1ea5u ch\u1ea3y 1 kg \u0111\u1ed3ng trong 10 ph\u00fat. C\u00f3 nhi\u1ec1u \u01b0u \u0111i\u1ec3m khi n\u1ea5u ch\u1ea3y \u0111\u1ed3ng b\u1eb1ng ph\u01b0\u01a1ng ph\u00e1p gia nhi\u1ec7t c\u1ea3m \u1ee9ng. N\u1ea5u ch\u1ea3y c\u1ea3m \u1ee9ng c\u00f3 \u0111\u1eb7c \u0111i\u1ec3m l\u00e0 n\u00f3ng ch\u1ea3y nhanh, ti\u1ebft ki\u1ec7m n\u0103ng l\u01b0\u1ee3ng, kh\u00f4ng c\u00f3 kh\u00f3i v\u00e0 an to\u00e0n. L\u00f2 n\u1ea5u ch\u1ea3y c\u1ea3m \u1ee9ng mini c\u00f3 th\u1ec3 \u0111\u01b0\u1ee3c trang b\u1ecb nhi\u1ec7t k\u1ebf h\u1ed3ng ngo\u1ea1i \u0111\u1ec3 ki\u1ec3m so\u00e1t ch\u00ednh x\u00e1c nhi\u1ec7t \u0111\u1ed9 c\u1ee7a \u0111\u1ed3ng nh\u1eb1m ng\u0103n ng\u1eeba kim lo\u1ea1i \u0111\u1ed3ng b\u1ecb ch\u00e1y do nhi\u1ec7t \u0111\u1ed9 qu\u00e1 cao.<\/p>\n<\/div><div class=\"fusion-text fusion-text-2\"><p>\u0110\u1ed3ng l\u00e0 kim lo\u1ea1i m\u00e0u \u0111\u1ecf t\u00eda, c\u1ee9ng, ch\u1ecbu m\u00e0i m\u00f2n, c\u00f3 \u0111\u1ed9 d\u1ebbo t\u1ed1t, d\u1eabn nhi\u1ec7t, d\u1eabn \u0111i\u1ec7n v\u00e0 ch\u1ed1ng \u0103n m\u00f2n, \u0111\u01b0\u1ee3c s\u1eed d\u1ee5ng r\u1ed9ng r\u00e3i trong c\u00e1c ng\u00e0nh \u0111i\u1ec7n, ch\u1ebf t\u1ea1o m\u00e1y, x\u00e2y d\u1ef1ng, v\u1eadn t\u1ea3i v\u00e0 c\u00e1c ng\u00e0nh c\u00f4ng nghi\u1ec7p kh\u00e1c. <\/p>\n<ul>\n<li>\u0110i\u1ec3m n\u00f3ng ch\u1ea3y c\u1ee7a \u0111\u1ed3ng: 1.083 \u2103.<\/li>\n<li>M\u1eadt \u0111\u1ed9 \u0111\u1ed3ng: 8,92 g\/cm.<\/li>\n<\/ul>\n<\/div><\/div><\/div><\/div><\/div><div class=\"fusion-fullwidth fullwidth-box fusion-builder-row-2 fusion-flex-container nonhundred-percent-fullwidth non-hundred-percent-height-scrolling\" style=\"--awb-border-radius-top-left:0px;--awb-border-radius-top-right:0px;--awb-border-radius-bottom-right:0px;--awb-border-radius-bottom-left:0px;--awb-flex-wrap:wrap;\" ><div class=\"fusion-builder-row fusion-row fusion-flex-align-items-flex-start fusion-flex-content-wrap\" style=\"max-width:1248px;margin-left: calc(-4% \/ 2 );margin-right: calc(-4% \/ 2 );\"><div class=\"fusion-layout-column fusion_builder_column fusion-builder-column-1 fusion_builder_column_1_1 1_1 fusion-flex-column\" style=\"--awb-bg-size:cover;--awb-width-large:100%;--awb-margin-top-large:0px;--awb-spacing-right-large:1.92%;--awb-margin-bottom-large:20px;--awb-spacing-left-large:1.92%;--awb-width-medium:100%;--awb-order-medium:0;--awb-spacing-right-medium:1.92%;--awb-spacing-left-medium:1.92%;--awb-width-small:100%;--awb-order-small:0;--awb-spacing-right-small:1.92%;--awb-spacing-left-small:1.92%;\"><div class=\"fusion-column-wrapper fusion-column-has-shadow fusion-flex-justify-content-flex-start fusion-content-layout-column\"><div class=\"fusion-text fusion-text-3\"><h2>Qu\u00e1 tr\u00ecnh n\u1ea5u ch\u1ea3y c\u1ea3m \u1ee9ng 1 kg \u0111\u1ed3ng<\/h2>\n<ul>\n<li>Thi\u1ebft b\u1ecb n\u1ea5u ch\u1ea3y: l\u00f2 n\u1ea5u ch\u1ea3y c\u1ea3m \u1ee9ng mini.<\/li>\n<li>C\u00f4ng su\u1ea5t: 15 kW.<\/li>\n<li>N\u1ed3i n\u1ea5u: n\u1ed3i n\u1ea5u b\u1eb1ng than ch\u00ec nguy\u00ean ch\u1ea5t.<\/li>\n<li>Th\u1eddi gian tan ch\u1ea3y: 5 ph\u00fat.<\/li>\n<\/ul>\n<p>Ch\u00fang t\u00f4i s\u1eed d\u1ee5ng l\u00f2 nung c\u1ea3m \u1ee9ng mini <span style=\"color: #0000ff;\"><a style=\"color: #0000ff;\" href=\"https:\/\/www.focoinduction.com\/induction-heating-equipment\/induction-heating-machine\/high-frequency-induction-heating-machine\/\" target=\"_blank\" rel=\"noopener\">t\u1ea7n s\u1ed1 cao<\/a><\/span> 15 kW, n\u1ed3i n\u1ea5u ch\u1ea3y than ch\u00ec nguy\u00ean ch\u1ea5t v\u00e0 h\u1ec7 th\u1ed1ng l\u00e0m m\u00e1t b\u1eb1ng n\u01b0\u1edbc c\u1ee7a nh\u00e0 m\u00e1y. Ph\u1ea3i m\u1ea5t 5 ph\u00fat \u0111\u1ec3 1kg \u0111\u1ed3ng n\u00f3ng ch\u1ea3y ho\u00e0n to\u00e0n.<\/p>\n<\/div><\/div><\/div><\/div><\/div><div class=\"fusion-fullwidth fullwidth-box fusion-builder-row-3 fusion-flex-container nonhundred-percent-fullwidth non-hundred-percent-height-scrolling\" style=\"--awb-border-sizes-bottom:1px;--awb-border-radius-top-left:0px;--awb-border-radius-top-right:0px;--awb-border-radius-bottom-right:0px;--awb-border-radius-bottom-left:0px;--awb-flex-wrap:wrap;\" ><div class=\"fusion-builder-row fusion-row fusion-flex-align-items-flex-start fusion-flex-content-wrap\" style=\"max-width:1248px;margin-left: calc(-4% \/ 2 );margin-right: calc(-4% \/ 2 );\"><div class=\"fusion-layout-column fusion_builder_column fusion-builder-column-2 fusion_builder_column_1_1 1_1 fusion-flex-column\" style=\"--awb-bg-size:cover;--awb-width-large:100%;--awb-margin-top-large:0px;--awb-spacing-right-large:1.92%;--awb-margin-bottom-large:20px;--awb-spacing-left-large:1.92%;--awb-width-medium:100%;--awb-order-medium:0;--awb-spacing-right-medium:1.92%;--awb-spacing-left-medium:1.92%;--awb-width-small:100%;--awb-order-small:0;--awb-spacing-right-small:1.92%;--awb-spacing-left-small:1.92%;\"><div class=\"fusion-column-wrapper fusion-column-has-shadow fusion-flex-justify-content-flex-start fusion-content-layout-column\"><div class=\"fusion-text fusion-text-4\"><h3>H\u1ec7 th\u1ed1ng l\u00e0m m\u00e1t b\u1eb1ng n\u01b0\u1edbc<\/h3>\n<p>Qu\u00e1 tr\u00ecnh n\u1ea5u ch\u1ea3y c\u1ea3m \u1ee9ng 1 kg \u0111\u1ed3ng \u0111\u01b0\u1ee3c th\u1ef1c hi\u1ec7n t\u1ea1i nh\u00e0 m\u00e1y thi\u1ebft b\u1ecb c\u1ea3m \u1ee9ng c\u1ee7a FOCO. Ch\u00fang t\u00f4i s\u1eed d\u1ee5ng h\u1ec7 th\u1ed1ng l\u00e0m m\u00e1t b\u1eb1ng n\u01b0\u1edbc c\u1ee7a nh\u00e0 m\u00e1y. Kh\u00e1ch h\u00e0ng c\u00f3 th\u1ec3 s\u1eed d\u1ee5ng m\u00e1y l\u00e0m l\u1ea1nh c\u00f4ng nghi\u1ec7p ho\u1eb7c h\u1ec7 th\u1ed1ng l\u00e0m m\u00e1t b\u1eb1ng n\u01b0\u1edbc \u0111\u01a1n gi\u1ea3n khi s\u1eed d\u1ee5ng l\u00f2 n\u1ea5u ch\u1ea3y c\u1ea3m \u1ee9ng mini. <\/p>\n<p>\u0110\u1ecdc th\u00eam v\u1ec1 <span style=\"color: #0000ff;\"><a style=\"color: #0000ff;\" href=\"https:\/\/www.focoinduction.com\/vi\/nau-chay-cam-ung\/\" target=\"_blank\" rel=\"noopener\">\u1ee9ng d\u1ee5ng n\u1ea5u ch\u1ea3y c\u1ea3m \u1ee9ng<\/a><\/span> .<\/p>\n<\/div><\/div><\/div><\/div><\/div><div class=\"fusion-fullwidth fullwidth-box fusion-builder-row-4 fusion-flex-container nonhundred-percent-fullwidth non-hundred-percent-height-scrolling\" style=\"--awb-border-radius-top-left:0px;--awb-border-radius-top-right:0px;--awb-border-radius-bottom-right:0px;--awb-border-radius-bottom-left:0px;--awb-flex-wrap:wrap;\" ><div class=\"fusion-builder-row fusion-row fusion-flex-align-items-flex-start fusion-flex-content-wrap\" style=\"max-width:1248px;margin-left: calc(-4% \/ 2 );margin-right: calc(-4% \/ 2 );\"><div class=\"fusion-layout-column fusion_builder_column fusion-builder-column-3 fusion_builder_column_1_1 1_1 fusion-flex-column\" style=\"--awb-bg-size:cover;--awb-width-large:100%;--awb-margin-top-large:0px;--awb-spacing-right-large:1.92%;--awb-margin-bottom-large:20px;--awb-spacing-left-large:1.92%;--awb-width-medium:100%;--awb-order-medium:0;--awb-spacing-right-medium:1.92%;--awb-spacing-left-medium:1.92%;--awb-width-small:100%;--awb-order-small:0;--awb-spacing-right-small:1.92%;--awb-spacing-left-small:1.92%;\"><div class=\"fusion-column-wrapper fusion-column-has-shadow fusion-flex-justify-content-flex-start fusion-content-layout-column\"><div class=\"fusion-text fusion-text-5\"><h3>Video n\u1ea5u ch\u1ea3y 1kg \u0110\u1ed3ng<\/h3>\n<\/div><div class=\"fusion-video fusion-youtube\" style=\"--awb-max-width:600px;--awb-max-height:360px;\"><div class=\"video-shortcode\"><lite-youtube videoid=\"KMDJv8LkSZQ\" class=\"landscape\" params=\"wmode=transparent&autoplay=1&amp;enablejsapi=1\" title=\"Induction melting copper video\" data-button-label=\"Play Video\" width=\"600\" height=\"360\" data-thumbnail-size=\"auto\" data-no-cookie=\"on\"><\/lite-youtube><\/div><\/div><\/div><\/div><\/div><\/div><\/p>\n","protected":false},"excerpt":{"rendered":"","protected":false},"author":1,"featured_media":9902,"parent":9823,"menu_order":0,"comment_status":"closed","ping_status":"closed","template":"","meta":{"footnotes":""},"class_list":["post-9899","page","type-page","status-publish","has-post-thumbnail","hentry"],"_links":{"self":[{"href":"https:\/\/www.focoinduction.com\/vi\/wp-json\/wp\/v2\/pages\/9899","targetHints":{"allow":["GET"]}}],"collection":[{"href":"https:\/\/www.focoinduction.com\/vi\/wp-json\/wp\/v2\/pages"}],"about":[{"href":"https:\/\/www.focoinduction.com\/vi\/wp-json\/wp\/v2\/types\/page"}],"author":[{"embeddable":true,"href":"https:\/\/www.focoinduction.com\/vi\/wp-json\/wp\/v2\/users\/1"}],"replies":[{"embeddable":true,"href":"https:\/\/www.focoinduction.com\/vi\/wp-json\/wp\/v2\/comments?post=9899"}],"version-history":[{"count":0,"href":"https:\/\/www.focoinduction.com\/vi\/wp-json\/wp\/v2\/pages\/9899\/revisions"}],"up":[{"embeddable":true,"href":"https:\/\/www.focoinduction.com\/vi\/wp-json\/wp\/v2\/pages\/9823"}],"wp:featuredmedia":[{"embeddable":true,"href":"https:\/\/www.focoinduction.com\/vi\/wp-json\/wp\/v2\/media\/9902"}],"wp:attachment":[{"href":"https:\/\/www.focoinduction.com\/vi\/wp-json\/wp\/v2\/media?parent=9899"}],"curies":[{"name":"wp","href":"https:\/\/api.w.org\/{rel}","templated":true}]}}