{"id":9933,"date":"2022-08-04T15:21:01","date_gmt":"2022-08-04T07:21:01","guid":{"rendered":"https:\/\/www.focoinduction.com\/thep-gia-nhiet-cam-ung\/"},"modified":"2025-01-02T10:52:01","modified_gmt":"2025-01-02T02:52:01","slug":"thep-gia-nhiet-cam-ung","status":"publish","type":"page","link":"https:\/\/www.focoinduction.com\/vi\/ung-dung\/ren-cam-ung\/thep-gia-nhiet-cam-ung\/","title":{"rendered":"Th\u00e9p gia nhi\u1ec7t c\u1ea3m \u1ee9ng"},"content":{"rendered":"<p><div class=\"fusion-fullwidth fullwidth-box fusion-builder-row-1 fusion-flex-container nonhundred-percent-fullwidth non-hundred-percent-height-scrolling\" style=\"--awb-border-sizes-bottom:1px;--awb-border-radius-top-left:0px;--awb-border-radius-top-right:0px;--awb-border-radius-bottom-right:0px;--awb-border-radius-bottom-left:0px;--awb-flex-wrap:wrap;\" ><div class=\"fusion-builder-row fusion-row fusion-flex-align-items-flex-start fusion-flex-content-wrap\" style=\"max-width:1248px;margin-left: calc(-4% \/ 2 );margin-right: calc(-4% \/ 2 );\"><div class=\"fusion-layout-column fusion_builder_column fusion-builder-column-0 fusion_builder_column_1_1 1_1 fusion-flex-column\" style=\"--awb-bg-size:cover;--awb-width-large:100%;--awb-margin-top-large:0px;--awb-spacing-right-large:1.92%;--awb-margin-bottom-large:20px;--awb-spacing-left-large:1.92%;--awb-width-medium:100%;--awb-order-medium:0;--awb-spacing-right-medium:1.92%;--awb-spacing-left-medium:1.92%;--awb-width-small:100%;--awb-order-small:0;--awb-spacing-right-small:1.92%;--awb-spacing-left-small:1.92%;\"><div class=\"fusion-column-wrapper fusion-column-has-shadow fusion-flex-justify-content-flex-start fusion-content-layout-column\"><div class=\"fusion-text fusion-text-1\"><h2>\u1ee8ng d\u1ee5ng c\u1ee7a th\u00e9p gia nhi\u1ec7t c\u1ea3m \u1ee9ng<\/h2>\n<p>L\u00e0m n\u00f3ng nhanh thanh th\u00e9p c\u00f3 \u0111\u01b0\u1eddng k\u00ednh 40 mm. M\u1ed9t thanh th\u00e9p c\u00f3 chi\u1ec1u d\u00e0i 85 mm \u0111\u01b0\u1ee3c l\u00e0m n\u00f3ng nhanh \u0111\u1ebfn 1.050 \u00b0C trong 6 gi\u00e2y. C\u00e1c th\u1eed nghi\u1ec7m l\u00e0m n\u00f3ng thanh th\u00e9p \u0111\u00e3 \u0111\u01b0\u1ee3c th\u1ef1c hi\u1ec7n t\u1ea1i nh\u00e0 m\u00e1y FOCO.  <\/p>\n<p><strong>Thi\u1ebft b\u1ecb s\u01b0\u1edfi \u1ea5m:<\/strong><\/p>\n<ul>\n<li><span style=\"color: #0000ff;\"><a style=\"color: #0000ff;\" href=\"https:\/\/www.focoinduction.com\/induction-heating-equipment\/induction-heating-machine\/medium-frequency-induction-heating-machine\/\">M\u00e1y gia nhi\u1ec7t c\u1ea3m \u1ee9ng t\u1ea7n s\u1ed1 trung b\u00ecnh<\/a><\/span> 160kW.<\/li>\n<li>Nhi\u1ec7t k\u1ebf h\u1ed3ng ngo\u1ea1i.<\/li>\n<\/ul>\n<p>Ch\u00fang t\u00f4i \u0111\u00e3 s\u1eed d\u1ee5ng m\u00e1y s\u01b0\u1edfi c\u1ea3m \u1ee9ng 160 kW cho c\u00e1c th\u1eed nghi\u1ec7m s\u01b0\u1edfi \u1ea5m c\u1ee7a m\u00ecnh. Cu\u1ed9n d\u00e2y c\u1ea3m \u1ee9ng \u0111\u01b0\u1ee3c b\u1ea3o v\u1ec7 b\u1eb1ng \u1ed1ng silicon carbide ch\u1ecbu nhi\u1ec7t \u0111\u1ed9 cao gi\u1eefa cu\u1ed9n d\u00e2y c\u1ea3m \u1ee9ng v\u00e0 thanh th\u00e9p. <\/p>\n<p><strong>Qu\u00e1 tr\u00ecnh gia nhi\u1ec7t:<\/strong><\/p>\n<ol>\n<li>\u0110\u1eb7t \u1ed1ng silicon carbide v\u00e0o b\u00ean trong cu\u1ed9n d\u00e2y c\u1ea3m \u1ee9ng.<\/li>\n<li>\u0110\u01b0a thanh th\u00e9p v\u00e0o \u1ed1ng silicon carbide.<\/li>\n<li>B\u1eaft \u0111\u1ea7u \u0111un n\u00f3ng trong s\u00e1u gi\u00e2y.<\/li>\n<li>Th\u00e1o thanh th\u00e9p ra.<\/li>\n<\/ol>\n<p><strong>K\u1ebft qu\u1ea3 th\u1eed nghi\u1ec7m:<\/strong><br \/>\n M\u00e1y gia nhi\u1ec7t c\u1ea3m \u1ee9ng 160 kW \u0111\u00e3 gia nhi\u1ec7t th\u00e0nh c\u00f4ng thanh th\u00e9p c\u00f3 \u0111\u01b0\u1eddng k\u00ednh 40 mm \u0111\u1ebfn 1.050 \u00b0C trong 6 gi\u00e2y. Gia nhi\u1ec7t c\u1ea3m \u1ee9ng t\u00e1c \u0111\u1ed9ng tr\u1ef1c ti\u1ebfp l\u00ean thanh th\u00e9p, l\u00e0m n\u00f3ng nhanh ch\u00f3ng. So v\u1edbi l\u00f2 nung truy\u1ec1n th\u1ed1ng, <span style=\"color: #0000ff;\"><a style=\"color: #0000ff;\" href=\"https:\/\/www.focoinduction.com\/induction-heating-equipment\/induction-heating-system-for-forging\/\" target=\"_blank\" rel=\"noopener\">h\u1ec7 th\u1ed1ng gia nhi\u1ec7t c\u1ea3m \u1ee9ng<\/a><\/span> nhanh h\u01a1n v\u00e0 hi\u1ec7u qu\u1ea3 h\u01a1n. K\u1ebft h\u1ee3p v\u1edbi thi\u1ebft b\u1ecb t\u1ef1 \u0111\u1ed9ng h\u00f3a c\u00f4ng nghi\u1ec7p, ch\u00fang t\u00f4i c\u00f3 th\u1ec3 t\u1ef1 \u0111\u1ed9ng h\u00f3a nhi\u1ec1u quy tr\u00ecnh gia nhi\u1ec7t kh\u00e1c nhau, bao g\u1ed3m gia nhi\u1ec7t ph\u00f4i, gia nhi\u1ec7t \u0111\u1ea7u thanh th\u00e9p v\u00e0 gia nhi\u1ec7t thanh \u0111\u1ed3ng. \u0110\u1ecdc th\u00eam v\u1ec1 <span style=\"color: #0000ff;\"><a style=\"color: #0000ff;\" href=\"https:\/\/www.focoinduction.com\/induction-heating-applications\/induction-forging\/\">\u1ee8ng d\u1ee5ng gia nhi\u1ec7t v\u00e0 r\u00e8n c\u1ea3m \u1ee9ng<\/a><\/span> .<\/p>\n<\/div><\/div><\/div><\/div><\/div><div class=\"fusion-fullwidth fullwidth-box fusion-builder-row-2 fusion-flex-container nonhundred-percent-fullwidth non-hundred-percent-height-scrolling\" style=\"--awb-border-sizes-bottom:1px;--awb-border-radius-top-left:0px;--awb-border-radius-top-right:0px;--awb-border-radius-bottom-right:0px;--awb-border-radius-bottom-left:0px;--awb-flex-wrap:wrap;\" ><div class=\"fusion-builder-row fusion-row fusion-flex-align-items-flex-start fusion-flex-content-wrap\" style=\"max-width:1248px;margin-left: calc(-4% \/ 2 );margin-right: calc(-4% \/ 2 );\"><div class=\"fusion-layout-column fusion_builder_column fusion-builder-column-1 fusion_builder_column_1_1 1_1 fusion-flex-column\" style=\"--awb-bg-size:cover;--awb-width-large:100%;--awb-margin-top-large:0px;--awb-spacing-right-large:1.92%;--awb-margin-bottom-large:20px;--awb-spacing-left-large:1.92%;--awb-width-medium:100%;--awb-order-medium:0;--awb-spacing-right-medium:1.92%;--awb-spacing-left-medium:1.92%;--awb-width-small:100%;--awb-order-small:0;--awb-spacing-right-small:1.92%;--awb-spacing-left-small:1.92%;\"><div class=\"fusion-column-wrapper fusion-column-has-shadow fusion-flex-justify-content-flex-start fusion-content-layout-column\"><div class=\"fusion-text fusion-text-2\" style=\"--awb-text-transform:none;\"><h3>Video v\u1ec1 Th\u00e9p gia nhi\u1ec7t c\u1ea3m \u1ee9ng<\/h3>\n<\/div><\/div><\/div><div class=\"fusion-layout-column fusion_builder_column fusion-builder-column-2 fusion_builder_column_1_1 1_1 fusion-flex-column\" style=\"--awb-bg-size:cover;--awb-width-large:100%;--awb-margin-top-large:0px;--awb-spacing-right-large:1.92%;--awb-margin-bottom-large:20px;--awb-spacing-left-large:1.92%;--awb-width-medium:100%;--awb-order-medium:0;--awb-spacing-right-medium:1.92%;--awb-spacing-left-medium:1.92%;--awb-width-small:100%;--awb-order-small:0;--awb-spacing-right-small:1.92%;--awb-spacing-left-small:1.92%;\"><div class=\"fusion-column-wrapper fusion-column-has-shadow fusion-flex-justify-content-flex-start fusion-content-layout-column\"><div class=\"fusion-video fusion-youtube\" style=\"--awb-max-width:600px;--awb-max-height:360px;\"><div class=\"video-shortcode\"><lite-youtube videoid=\"Z2M6gDFXSK4\" class=\"landscape\" params=\"wmode=transparent&autoplay=1&amp;enablejsapi=1\" title=\"Induction Heating Steel\" data-button-label=\"Play Video\" width=\"600\" height=\"360\" data-thumbnail-size=\"auto\" data-no-cookie=\"on\"><\/lite-youtube><\/div><\/div><\/div><\/div><\/div><\/div><\/p>\n","protected":false},"excerpt":{"rendered":"","protected":false},"author":1,"featured_media":9934,"parent":10206,"menu_order":0,"comment_status":"closed","ping_status":"closed","template":"","meta":{"footnotes":""},"class_list":["post-9933","page","type-page","status-publish","has-post-thumbnail","hentry"],"_links":{"self":[{"href":"https:\/\/www.focoinduction.com\/vi\/wp-json\/wp\/v2\/pages\/9933","targetHints":{"allow":["GET"]}}],"collection":[{"href":"https:\/\/www.focoinduction.com\/vi\/wp-json\/wp\/v2\/pages"}],"about":[{"href":"https:\/\/www.focoinduction.com\/vi\/wp-json\/wp\/v2\/types\/page"}],"author":[{"embeddable":true,"href":"https:\/\/www.focoinduction.com\/vi\/wp-json\/wp\/v2\/users\/1"}],"replies":[{"embeddable":true,"href":"https:\/\/www.focoinduction.com\/vi\/wp-json\/wp\/v2\/comments?post=9933"}],"version-history":[{"count":0,"href":"https:\/\/www.focoinduction.com\/vi\/wp-json\/wp\/v2\/pages\/9933\/revisions"}],"up":[{"embeddable":true,"href":"https:\/\/www.focoinduction.com\/vi\/wp-json\/wp\/v2\/pages\/10206"}],"wp:featuredmedia":[{"embeddable":true,"href":"https:\/\/www.focoinduction.com\/vi\/wp-json\/wp\/v2\/media\/9934"}],"wp:attachment":[{"href":"https:\/\/www.focoinduction.com\/vi\/wp-json\/wp\/v2\/media?parent=9933"}],"curies":[{"name":"wp","href":"https:\/\/api.w.org\/{rel}","templated":true}]}}