{"id":9961,"date":"2022-08-05T17:31:52","date_gmt":"2022-08-05T09:31:52","guid":{"rendered":"https:\/\/www.focoinduction.com\/lam-nong-cam-ung-dau-thanh-sat-de-tao-hinh-nong\/"},"modified":"2025-01-02T10:52:02","modified_gmt":"2025-01-02T02:52:02","slug":"lam-nong-cam-ung-dau-thanh-sat-de-tao-hinh-nong","status":"publish","type":"page","link":"https:\/\/www.focoinduction.com\/vi\/ung-dung\/ren-cam-ung\/lam-nong-cam-ung-dau-thanh-sat-de-tao-hinh-nong\/","title":{"rendered":"L\u00e0m n\u00f3ng c\u1ea3m \u1ee9ng \u0111\u1ea7u thanh s\u1eaft \u0111\u1ec3 t\u1ea1o h\u00ecnh n\u00f3ng"},"content":{"rendered":"<p><div class=\"fusion-fullwidth fullwidth-box fusion-builder-row-1 fusion-flex-container nonhundred-percent-fullwidth non-hundred-percent-height-scrolling\" style=\"--awb-border-sizes-bottom:1px;--awb-border-radius-top-left:0px;--awb-border-radius-top-right:0px;--awb-border-radius-bottom-right:0px;--awb-border-radius-bottom-left:0px;--awb-flex-wrap:wrap;\" ><div class=\"fusion-builder-row fusion-row fusion-flex-align-items-flex-start fusion-flex-content-wrap\" style=\"max-width:1248px;margin-left: calc(-4% \/ 2 );margin-right: calc(-4% \/ 2 );\"><div class=\"fusion-layout-column fusion_builder_column fusion-builder-column-0 fusion_builder_column_1_1 1_1 fusion-flex-column\" style=\"--awb-bg-size:cover;--awb-width-large:100%;--awb-margin-top-large:0px;--awb-spacing-right-large:1.92%;--awb-margin-bottom-large:20px;--awb-spacing-left-large:1.92%;--awb-width-medium:100%;--awb-order-medium:0;--awb-spacing-right-medium:1.92%;--awb-spacing-left-medium:1.92%;--awb-width-small:100%;--awb-order-small:0;--awb-spacing-right-small:1.92%;--awb-spacing-left-small:1.92%;\"><div class=\"fusion-column-wrapper fusion-column-has-shadow fusion-flex-justify-content-flex-start fusion-content-layout-column\"><div class=\"fusion-text fusion-text-1\"><h2>\u1ee8ng d\u1ee5ng gia nhi\u1ec7t c\u1ea3m \u1ee9ng<\/h2>\n<p>M\u1ed9t nh\u00e0 m\u00e1y r\u00e8n thanh s\u1eaft c\u1ea7n gia nhi\u1ec7t c\u1ea3m \u1ee9ng \u0111\u1ea7u thanh s\u1eaft \u0111\u1ec3 t\u1ea1o h\u00ecnh n\u00f3ng. M\u1ed9t \u0111\u1ea7u thanh s\u1eaft c\u00f3 \u0111\u01b0\u1eddng k\u00ednh 30 mm v\u00e0 chi\u1ec1u d\u00e0i 50 mm s\u1ebd \u0111\u01b0\u1ee3c gia nhi\u1ec7t \u0111\u1ebfn 850 \u00b0C trong 10 gi\u00e2y. Theo t\u1ed1c \u0111\u1ed9 s\u1ea3n xu\u1ea5t m\u00e0 quy tr\u00ecnh r\u00e8n ti\u1ebfp theo y\u00eau c\u1ea7u, ch\u00fang t\u00f4i s\u1eed d\u1ee5ng ph\u01b0\u01a1ng ph\u00e1p c\u1ea5p li\u1ec7u th\u1ee7 c\u00f4ng trong quy tr\u00ecnh gia nhi\u1ec7t c\u1ea3m \u1ee9ng.  <\/p>\n<p><strong>C\u00e1c th\u00f4ng s\u1ed1 ch\u00ednh:<\/strong><\/p>\n<ul>\n<li>Nhi\u1ec7t \u0111\u1ed9 gia nhi\u1ec7t: 850 \u00b0C.<\/li>\n<li>Gia nhi\u1ec7t s\u01a1 b\u1ed9 ph\u00f4i: \u0111\u1ea7u thanh s\u1eaft.<\/li>\n<li>Th\u1eddi gian l\u00e0m n\u00f3ng: 7 gi\u00e2y.<\/li>\n<li>C\u00f4ng su\u1ea5t: 45 kW.<\/li>\n<\/ul>\n<p><strong>Thi\u1ebft b\u1ecb s\u01b0\u1edfi \u1ea5m:<\/strong><\/p>\n<ul>\n<li><span style=\"color: #0000ff;\"><a style=\"color: #0000ff;\" href=\"https:\/\/www.focoinduction.com\/induction-heating-equipment\/induction-heating-machine\/medium-frequency-induction-heating-machine\/\" target=\"_blank\" rel=\"noopener\">M\u00e1y gia nhi\u1ec7t c\u1ea3m \u1ee9ng t\u1ea7n s\u1ed1 trung b\u00ecnh 45kW.<\/a><\/span><\/li>\n<li>Cu\u1ed9n d\u00e2y c\u1ea3m \u1ee9ng 5 l\u1ed7 t\u00f9y ch\u1ec9nh.<\/li>\n<li>Nhi\u1ec7t k\u1ebf h\u1ed3ng ngo\u1ea1i.<\/li>\n<\/ul>\n<p><strong>Qu\u00e1 tr\u00ecnh gia nhi\u1ec7t c\u1ea3m \u1ee9ng \u0111\u1ea7u thanh s\u1eaft:<\/strong><\/p>\n<ol>\n<li>C\u1eafm l\u1ea7n l\u01b0\u1ee3t c\u00e1c \u0111\u1ea7u thanh s\u1eaft v\u00e0o c\u00e1c l\u1ed7 c\u1ee7a cu\u1ed9n d\u00e2y c\u1ea3m \u1ee9ng.<\/li>\n<li>Thanh s\u1eaft th\u1ee9 nh\u1ea5t \u0111\u01b0\u1ee3c nung n\u00f3ng t\u1edbi 850 \u00b0C trong 7 gi\u00e2y.<\/li>\n<li>Th\u00e1o thanh s\u1eaft \u0111\u1ea7u ti\u00ean ra v\u00e0 l\u1eafp thanh s\u1eaft m\u1edbi v\u00e0o.<\/li>\n<\/ol>\n<p><strong>Ph\u1ea7n k\u1ebft lu\u1eadn<\/strong><\/p>\n<p>M\u00e1y gia nhi\u1ec7t c\u1ea3m \u1ee9ng t\u1ea7n s\u1ed1 trung b\u00ecnh 45 kW c\u00f3 th\u1ec3 gia nhi\u1ec7t \u0111\u1ea7u thanh s\u1eaft c\u00f3 \u0111\u01b0\u1eddng k\u00ednh 30 mm v\u00e0 chi\u1ec1u d\u00e0i 50 mm \u0111\u1ebfn 850 \u00b0C trong v\u00f2ng 7 gi\u00e2y. \u0110\u1ea7u thanh s\u1eaft \u0111\u01b0\u1ee3c gia nhi\u1ec7t c\u1ea3m \u1ee9ng tr\u01b0\u1edbc r\u1ea5t hi\u1ec7u qu\u1ea3 cho vi\u1ec7c t\u1ea1o h\u00ecnh n\u00f3ng, v\u1edbi th\u1eddi gian gia nhi\u1ec7t ng\u1eafn v\u00e0 \u00edt b\u1ecb oxy h\u00f3a kh\u1eed cacbon. <span style=\"color: #0000ff;\"><a style=\"color: #0000ff;\" href=\"https:\/\/www.focoinduction.com\/induction-heating-equipment\/induction-heating-system-for-forging\/\" target=\"_blank\" rel=\"noopener\">H\u1ec7 th\u1ed1ng gia nhi\u1ec7t c\u1ea3m \u1ee9ng<\/a><\/span> FOCO th\u00edch h\u1ee3p \u0111\u1ec3 gia nhi\u1ec7t tr\u01b0\u1edbc thanh th\u00e9p, s\u1eaft, \u0111\u1ed3ng v\u00e0 nh\u00f4m. Ch\u00fang t\u00f4i c\u00f3 th\u1ec3 cung c\u1ea5p c\u00e1c gi\u1ea3i ph\u00e1p ho\u00e0n ch\u1ec9nh cho c\u00e1c d\u1ef1 \u00e1n r\u00e8n nhi\u1ec7t. \u0110\u1ecdc th\u00eam v\u1ec1 <a href=\"https:\/\/www.focoinduction.com\/induction-heating-applications\/induction-forging\/\" target=\"_blank\" rel=\"noopener\"><span style=\"color: #0000ff;\">c\u00e1c \u1ee9ng d\u1ee5ng gia nhi\u1ec7t v\u00e0 r\u00e8n c\u1ea3m \u1ee9ng<\/span><\/a> .<\/p>\n<\/div><\/div><\/div><\/div><\/div><div class=\"fusion-fullwidth fullwidth-box fusion-builder-row-2 fusion-flex-container nonhundred-percent-fullwidth non-hundred-percent-height-scrolling\" style=\"--awb-border-sizes-bottom:1px;--awb-border-radius-top-left:0px;--awb-border-radius-top-right:0px;--awb-border-radius-bottom-right:0px;--awb-border-radius-bottom-left:0px;--awb-flex-wrap:wrap;\" ><div class=\"fusion-builder-row fusion-row fusion-flex-align-items-flex-start fusion-flex-content-wrap\" style=\"max-width:1248px;margin-left: calc(-4% \/ 2 );margin-right: calc(-4% \/ 2 );\"><div class=\"fusion-layout-column fusion_builder_column fusion-builder-column-1 fusion_builder_column_1_1 1_1 fusion-flex-column\" style=\"--awb-bg-size:cover;--awb-width-large:100%;--awb-margin-top-large:0px;--awb-spacing-right-large:1.92%;--awb-margin-bottom-large:20px;--awb-spacing-left-large:1.92%;--awb-width-medium:100%;--awb-order-medium:0;--awb-spacing-right-medium:1.92%;--awb-spacing-left-medium:1.92%;--awb-width-small:100%;--awb-order-small:0;--awb-spacing-right-small:1.92%;--awb-spacing-left-small:1.92%;\"><div class=\"fusion-column-wrapper fusion-column-has-shadow fusion-flex-justify-content-flex-start fusion-content-layout-column\"><div class=\"fusion-text fusion-text-2\" style=\"--awb-text-transform:none;\"><h3>Video v\u1ec1 \u0110\u1ea7u thanh s\u1eaft nung n\u00f3ng c\u1ea3m \u1ee9ng<\/h3>\n<\/div><\/div><\/div><div class=\"fusion-layout-column fusion_builder_column fusion-builder-column-2 fusion_builder_column_1_1 1_1 fusion-flex-column\" style=\"--awb-bg-size:cover;--awb-width-large:100%;--awb-margin-top-large:0px;--awb-spacing-right-large:1.92%;--awb-margin-bottom-large:20px;--awb-spacing-left-large:1.92%;--awb-width-medium:100%;--awb-order-medium:0;--awb-spacing-right-medium:1.92%;--awb-spacing-left-medium:1.92%;--awb-width-small:100%;--awb-order-small:0;--awb-spacing-right-small:1.92%;--awb-spacing-left-small:1.92%;\"><div class=\"fusion-column-wrapper fusion-column-has-shadow fusion-flex-justify-content-flex-start fusion-content-layout-column\"><div class=\"fusion-video fusion-youtube\" style=\"--awb-max-width:600px;--awb-max-height:360px;\"><div class=\"video-shortcode\"><lite-youtube videoid=\"_hPlNNhABXM\" class=\"landscape\" params=\"wmode=transparent&autoplay=1&amp;enablejsapi=1\" title=\"Induction Preheating of Iron Bar End for Hot Forming\" data-button-label=\"Play Video\" width=\"600\" height=\"360\" data-thumbnail-size=\"auto\" data-no-cookie=\"on\"><\/lite-youtube><\/div><\/div><\/div><\/div><\/div><\/div><\/p>\n","protected":false},"excerpt":{"rendered":"","protected":false},"author":1,"featured_media":9962,"parent":10206,"menu_order":0,"comment_status":"closed","ping_status":"closed","template":"","meta":{"footnotes":""},"class_list":["post-9961","page","type-page","status-publish","has-post-thumbnail","hentry"],"_links":{"self":[{"href":"https:\/\/www.focoinduction.com\/vi\/wp-json\/wp\/v2\/pages\/9961","targetHints":{"allow":["GET"]}}],"collection":[{"href":"https:\/\/www.focoinduction.com\/vi\/wp-json\/wp\/v2\/pages"}],"about":[{"href":"https:\/\/www.focoinduction.com\/vi\/wp-json\/wp\/v2\/types\/page"}],"author":[{"embeddable":true,"href":"https:\/\/www.focoinduction.com\/vi\/wp-json\/wp\/v2\/users\/1"}],"replies":[{"embeddable":true,"href":"https:\/\/www.focoinduction.com\/vi\/wp-json\/wp\/v2\/comments?post=9961"}],"version-history":[{"count":0,"href":"https:\/\/www.focoinduction.com\/vi\/wp-json\/wp\/v2\/pages\/9961\/revisions"}],"up":[{"embeddable":true,"href":"https:\/\/www.focoinduction.com\/vi\/wp-json\/wp\/v2\/pages\/10206"}],"wp:featuredmedia":[{"embeddable":true,"href":"https:\/\/www.focoinduction.com\/vi\/wp-json\/wp\/v2\/media\/9962"}],"wp:attachment":[{"href":"https:\/\/www.focoinduction.com\/vi\/wp-json\/wp\/v2\/media?parent=9961"}],"curies":[{"name":"wp","href":"https:\/\/api.w.org\/{rel}","templated":true}]}}