{"id":9989,"date":"2022-04-09T11:23:37","date_gmt":"2022-04-09T03:23:37","guid":{"rendered":"https:\/\/www.focoinduction.com\/ung-dung\/"},"modified":"2025-01-02T10:50:56","modified_gmt":"2025-01-02T02:50:56","slug":"ung-dung","status":"publish","type":"page","link":"https:\/\/www.focoinduction.com\/vi\/ung-dung\/","title":{"rendered":"\u1ee8ng d\u1ee5ng"},"content":{"rendered":"<p><div class=\"fusion-fullwidth fullwidth-box fusion-builder-row-1 fusion-flex-container nonhundred-percent-fullwidth non-hundred-percent-height-scrolling\" style=\"--awb-border-radius-top-left:0px;--awb-border-radius-top-right:0px;--awb-border-radius-bottom-right:0px;--awb-border-radius-bottom-left:0px;--awb-flex-wrap:wrap;\" ><div class=\"fusion-builder-row fusion-row fusion-flex-align-items-flex-start fusion-flex-content-wrap\" style=\"max-width:1248px;margin-left: calc(-4% \/ 2 );margin-right: calc(-4% \/ 2 );\"><div class=\"fusion-layout-column fusion_builder_column fusion-builder-column-0 fusion_builder_column_1_1 1_1 fusion-flex-column\" style=\"--awb-bg-size:cover;--awb-width-large:100%;--awb-margin-top-large:0px;--awb-spacing-right-large:1.92%;--awb-margin-bottom-large:20px;--awb-spacing-left-large:1.92%;--awb-width-medium:100%;--awb-order-medium:0;--awb-spacing-right-medium:1.92%;--awb-spacing-left-medium:1.92%;--awb-width-small:100%;--awb-order-small:0;--awb-spacing-right-small:1.92%;--awb-spacing-left-small:1.92%;\"><div class=\"fusion-column-wrapper fusion-column-has-shadow fusion-flex-justify-content-flex-start fusion-content-layout-column\"><div class=\"fusion-text fusion-text-1\" style=\"--awb-text-transform:none;\"><h2>\u1ee8ng d\u1ee5ng gia nhi\u1ec7t c\u1ea3m \u1ee9ng c\u00f4ng nghi\u1ec7p<\/h2>\n<p>Gia nhi\u1ec7t c\u1ea3m \u1ee9ng l\u00e0 ph\u01b0\u01a1ng ph\u00e1p gia nhi\u1ec7t kim lo\u1ea1i nhanh, ch\u00ednh x\u00e1c v\u00e0 s\u1ea1ch \u0111\u01b0\u1ee3c s\u1eed d\u1ee5ng r\u1ed9ng r\u00e3i cho c\u00e1c quy tr\u00ecnh gia nhi\u1ec7t c\u00f4ng nghi\u1ec7p c\u00f3 ki\u1ec3m so\u00e1t v\u00e0 l\u1eb7p l\u1ea1i. Gia nhi\u1ec7t c\u1ea3m \u1ee9ng cho ph\u00e9p quy tr\u00ecnh s\u1ea3n xu\u1ea5t c\u1ee7a b\u1ea1n \u1edf tr\u1ea1ng th\u00e1i \u1ed5n \u0111\u1ecbnh v\u00e0 \u0111\u01b0\u1ee3c ki\u1ec3m so\u00e1t, gi\u00fap d\u1ec5 d\u00e0ng t\u1ef1 \u0111\u1ed9ng h\u00f3a vi\u1ec7c gia nhi\u1ec7t c\u00e1c ph\u00f4i c\u00f3 kh\u1ed1i l\u01b0\u1ee3ng l\u1edbn. Gia nhi\u1ec7t c\u1ea3m \u1ee9ng FOCO cung c\u1ea5p gi\u1ea3i ph\u00e1p an to\u00e0n h\u01a1n v\u00e0 hi\u1ec7u qu\u1ea3 h\u01a1n cho c\u00e1c quy tr\u00ecnh c\u00f4ng nghi\u1ec7p nh\u01b0 h\u00e0n, t\u00f4i, n\u1ea5u ch\u1ea3y, h\u00e0n, gia nhi\u1ec7t tr\u01b0\u1edbc, co ng\u00f3t, \u1ee7, ram, r\u00e8n, v.v.<\/p>\n<\/div><\/div><\/div><\/div><\/div><div class=\"fusion-fullwidth fullwidth-box fusion-builder-row-2 fusion-flex-container nonhundred-percent-fullwidth non-hundred-percent-height-scrolling\" style=\"--awb-border-sizes-top:1px;--awb-border-sizes-bottom:1px;--awb-border-radius-top-left:0px;--awb-border-radius-top-right:0px;--awb-border-radius-bottom-right:0px;--awb-border-radius-bottom-left:0px;--awb-flex-wrap:wrap;\" ><div class=\"fusion-builder-row fusion-row fusion-flex-align-items-stretch fusion-flex-content-wrap\" style=\"max-width:calc( 1200px + 20px );margin-left: calc(-20px \/ 2 );margin-right: calc(-20px \/ 2 );\"><div class=\"fusion-layout-column fusion_builder_column fusion-builder-column-1 fusion_builder_column_1_1 1_1 fusion-flex-column\" style=\"--awb-padding-top:20px;--awb-bg-color:#ffffff;--awb-bg-color-hover:#ffffff;--awb-bg-size:cover;--awb-width-large:100%;--awb-margin-top-large:0px;--awb-spacing-right-large:10px;--awb-margin-bottom-large:20px;--awb-spacing-left-large:10px;--awb-width-medium:100%;--awb-order-medium:0;--awb-spacing-right-medium:10px;--awb-spacing-left-medium:10px;--awb-width-small:100%;--awb-order-small:0;--awb-spacing-right-small:10px;--awb-spacing-left-small:10px;\"><div class=\"fusion-column-wrapper fusion-column-has-shadow fusion-flex-justify-content-flex-start fusion-content-layout-column\"><div class=\"fusion-text fusion-text-2\" style=\"--awb-text-transform:none;\"><p>Nh\u1ea5p v\u00e0o \u0111\u00e2y \u0111\u1ec3 t\u00ecm hi\u1ec3u v\u1ec1 c\u00e1c \u1ee9ng d\u1ee5ng gia nhi\u1ec7t c\u1ea3m \u1ee9ng kh\u00e1c nhau.<\/p>\n<\/div><\/div><\/div><div class=\"fusion-layout-column fusion_builder_column fusion-builder-column-2 fusion_builder_column_1_3 1_3 fusion-flex-column\" style=\"--awb-padding-top:15px;--awb-padding-right:15px;--awb-padding-bottom:15px;--awb-padding-left:15px;--awb-bg-size:cover;--awb-border-color:#bababa;--awb-border-top:1px;--awb-border-style:solid;--awb-width-large:33.333333333333%;--awb-margin-top-large:0px;--awb-spacing-right-large:10px;--awb-margin-bottom-large:20px;--awb-spacing-left-large:10px;--awb-width-medium:33.333333333333%;--awb-order-medium:0;--awb-spacing-right-medium:10px;--awb-spacing-left-medium:10px;--awb-width-small:100%;--awb-order-small:0;--awb-spacing-right-small:10px;--awb-spacing-left-small:10px;\"><div class=\"fusion-column-wrapper fusion-column-has-shadow fusion-flex-justify-content-flex-start fusion-content-layout-column\"><div class=\"fusion-image-element \" style=\"--awb-liftup-border-radius:0px;--awb-caption-title-font-family:var(--h2_typography-font-family);--awb-caption-title-font-weight:var(--h2_typography-font-weight);--awb-caption-title-font-style:var(--h2_typography-font-style);--awb-caption-title-size:var(--h2_typography-font-size);--awb-caption-title-transform:var(--h2_typography-text-transform);--awb-caption-title-line-height:var(--h2_typography-line-height);--awb-caption-title-letter-spacing:var(--h2_typography-letter-spacing);\"><div class=\"awb-image-frame awb-image-frame-1 imageframe-liftup\" style=\"max-width:260px;\"><span class=\" fusion-imageframe imageframe-none imageframe-1\"><a class=\"fusion-no-lightbox\" href=\"https:\/\/www.focoinduction.com\/induction-heating-applications\/induction-hardening\/\" target=\"_blank\" aria-label=\"Induction hardening of steel shaft\" rel=\"noopener noreferrer\"><img decoding=\"async\" width=\"765\" height=\"385\" alt=\"L\u00e0m c\u1ee9ng c\u1ea3m \u1ee9ng\" src=\"https:\/\/www.focoinduction.com\/wp-content\/uploads\/2022\/05\/Induction-hardening-of-steel-shaft.jpg\" class=\"img-responsive wp-image-10048\" srcset=\"https:\/\/www.focoinduction.com\/wp-content\/uploads\/2022\/05\/Induction-hardening-of-steel-shaft-200x101.jpg 200w, https:\/\/www.focoinduction.com\/wp-content\/uploads\/2022\/05\/Induction-hardening-of-steel-shaft-400x201.jpg 400w, https:\/\/www.focoinduction.com\/wp-content\/uploads\/2022\/05\/Induction-hardening-of-steel-shaft-600x302.jpg 600w, https:\/\/www.focoinduction.com\/wp-content\/uploads\/2022\/05\/Induction-hardening-of-steel-shaft.jpg 765w\" sizes=\"(max-width: 768px) 100vw, 400px\" \/><\/a><\/span><\/div><\/div><div class=\"fusion-text fusion-text-3\" style=\"--awb-text-transform:none;--awb-margin-top:10px;\"><p style=\"text-align: center;\"><a href=\"https:\/\/www.focoinduction.com\/induction-heating-applications\/induction-hardening\/\"><strong>L\u00e0m c\u1ee9ng c\u1ea3m \u1ee9ng<\/strong><\/a><\/p>\n<\/div><\/div><\/div><div class=\"fusion-layout-column fusion_builder_column fusion-builder-column-3 fusion_builder_column_1_3 1_3 fusion-flex-column\" style=\"--awb-padding-top:15px;--awb-padding-right:15px;--awb-padding-bottom:15px;--awb-padding-left:15px;--awb-bg-size:cover;--awb-border-color:#bababa;--awb-border-top:1px;--awb-border-style:solid;--awb-width-large:33.333333333333%;--awb-margin-top-large:0px;--awb-spacing-right-large:10px;--awb-margin-bottom-large:20px;--awb-spacing-left-large:10px;--awb-width-medium:33.333333333333%;--awb-order-medium:0;--awb-spacing-right-medium:10px;--awb-spacing-left-medium:10px;--awb-width-small:100%;--awb-order-small:0;--awb-spacing-right-small:10px;--awb-spacing-left-small:10px;\"><div class=\"fusion-column-wrapper fusion-column-has-shadow fusion-flex-justify-content-flex-start fusion-content-layout-column\"><div class=\"fusion-image-element \" style=\"text-align:center;--awb-liftup-border-radius:0px;--awb-caption-title-font-family:var(--h2_typography-font-family);--awb-caption-title-font-weight:var(--h2_typography-font-weight);--awb-caption-title-font-style:var(--h2_typography-font-style);--awb-caption-title-size:var(--h2_typography-font-size);--awb-caption-title-transform:var(--h2_typography-text-transform);--awb-caption-title-line-height:var(--h2_typography-line-height);--awb-caption-title-letter-spacing:var(--h2_typography-letter-spacing);\"><div class=\"awb-image-frame awb-image-frame-2 imageframe-liftup\" style=\"max-width:260px;\"><span class=\" fusion-imageframe imageframe-none imageframe-2\"><a class=\"fusion-no-lightbox\" href=\"https:\/\/www.focoinduction.com\/induction-heating-applications\/induction-brazing\/\" target=\"_blank\" aria-label=\"induction brazing\" rel=\"noopener noreferrer\"><img decoding=\"async\" width=\"765\" height=\"385\" alt=\"H\u00e0n c\u1ea3m \u1ee9ng\" src=\"https:\/\/www.focoinduction.com\/wp-content\/uploads\/2022\/05\/induction-brazing.jpg\" class=\"img-responsive wp-image-10043\" srcset=\"https:\/\/www.focoinduction.com\/wp-content\/uploads\/2022\/05\/induction-brazing-200x101.jpg 200w, https:\/\/www.focoinduction.com\/wp-content\/uploads\/2022\/05\/induction-brazing-400x201.jpg 400w, https:\/\/www.focoinduction.com\/wp-content\/uploads\/2022\/05\/induction-brazing-600x302.jpg 600w, https:\/\/www.focoinduction.com\/wp-content\/uploads\/2022\/05\/induction-brazing.jpg 765w\" sizes=\"(max-width: 768px) 100vw, 400px\" \/><\/a><\/span><\/div><\/div><div class=\"fusion-text fusion-text-4\" style=\"--awb-text-transform:none;--awb-margin-top:10px;\"><p style=\"text-align: center;\"><a href=\"https:\/\/www.focoinduction.com\/induction-heating-applications\/induction-brazing\/\"><strong>H\u00e0n c\u1ea3m \u1ee9ng<\/strong><\/a><\/p>\n<\/div><\/div><\/div><div class=\"fusion-layout-column fusion_builder_column fusion-builder-column-4 fusion_builder_column_1_3 1_3 fusion-flex-column\" style=\"--awb-padding-top:15px;--awb-padding-right:15px;--awb-padding-bottom:15px;--awb-padding-left:15px;--awb-bg-size:cover;--awb-border-color:#bababa;--awb-border-top:1px;--awb-border-style:solid;--awb-width-large:33.333333333333%;--awb-margin-top-large:0px;--awb-spacing-right-large:10px;--awb-margin-bottom-large:20px;--awb-spacing-left-large:10px;--awb-width-medium:33.333333333333%;--awb-order-medium:0;--awb-spacing-right-medium:10px;--awb-spacing-left-medium:10px;--awb-width-small:100%;--awb-order-small:0;--awb-spacing-right-small:10px;--awb-spacing-left-small:10px;\"><div class=\"fusion-column-wrapper fusion-column-has-shadow fusion-flex-justify-content-flex-start fusion-content-layout-column\"><div class=\"fusion-image-element \" style=\"text-align:center;--awb-liftup-border-radius:0px;--awb-caption-title-font-family:var(--h2_typography-font-family);--awb-caption-title-font-weight:var(--h2_typography-font-weight);--awb-caption-title-font-style:var(--h2_typography-font-style);--awb-caption-title-size:var(--h2_typography-font-size);--awb-caption-title-transform:var(--h2_typography-text-transform);--awb-caption-title-line-height:var(--h2_typography-line-height);--awb-caption-title-letter-spacing:var(--h2_typography-letter-spacing);\"><div class=\"awb-image-frame awb-image-frame-3 imageframe-liftup\" style=\"max-width:260px;\"><span class=\" fusion-imageframe imageframe-none imageframe-3\"><a class=\"fusion-no-lightbox\" href=\"https:\/\/www.focoinduction.com\/vi\/ung-dung\/nau-chay-cam-ung\/\" target=\"_blank\" aria-label=\"induction melting\" rel=\"noopener noreferrer\"><img decoding=\"async\" width=\"765\" height=\"385\" alt=\"N\u1ea5u ch\u1ea3y c\u1ea3m \u1ee9ng\" src=\"https:\/\/www.focoinduction.com\/wp-content\/uploads\/2022\/05\/induction-melting.jpg\" class=\"img-responsive wp-image-9825\" srcset=\"https:\/\/www.focoinduction.com\/wp-content\/uploads\/2022\/05\/induction-melting-200x101.jpg 200w, https:\/\/www.focoinduction.com\/wp-content\/uploads\/2022\/05\/induction-melting-400x201.jpg 400w, https:\/\/www.focoinduction.com\/wp-content\/uploads\/2022\/05\/induction-melting-600x302.jpg 600w, https:\/\/www.focoinduction.com\/wp-content\/uploads\/2022\/05\/induction-melting.jpg 765w\" sizes=\"(max-width: 768px) 100vw, 400px\" \/><\/a><\/span><\/div><\/div><div class=\"fusion-text fusion-text-5\" style=\"--awb-text-transform:none;--awb-margin-top:10px;\"><p style=\"text-align: center;\"><a href=\"https:\/\/www.focoinduction.com\/vi\/ung-dung\/nau-chay-cam-ung\/\"><strong>N\u1ea5u ch\u1ea3y c\u1ea3m \u1ee9ng<\/strong><\/a><\/p>\n<\/div><\/div><\/div><div class=\"fusion-layout-column fusion_builder_column fusion-builder-column-5 fusion_builder_column_1_3 1_3 fusion-flex-column\" style=\"--awb-padding-top:15px;--awb-padding-right:15px;--awb-padding-bottom:15px;--awb-padding-left:15px;--awb-bg-size:cover;--awb-border-color:#bababa;--awb-border-top:1px;--awb-border-style:solid;--awb-width-large:33.333333333333%;--awb-margin-top-large:0px;--awb-spacing-right-large:10px;--awb-margin-bottom-large:20px;--awb-spacing-left-large:10px;--awb-width-medium:33.333333333333%;--awb-order-medium:0;--awb-spacing-right-medium:10px;--awb-spacing-left-medium:10px;--awb-width-small:100%;--awb-order-small:0;--awb-spacing-right-small:10px;--awb-spacing-left-small:10px;\"><div class=\"fusion-column-wrapper fusion-column-has-shadow fusion-flex-justify-content-flex-start fusion-content-layout-column\"><div class=\"fusion-image-element \" style=\"text-align:center;--awb-liftup-border-radius:0px;--awb-caption-title-font-family:var(--h2_typography-font-family);--awb-caption-title-font-weight:var(--h2_typography-font-weight);--awb-caption-title-font-style:var(--h2_typography-font-style);--awb-caption-title-size:var(--h2_typography-font-size);--awb-caption-title-transform:var(--h2_typography-text-transform);--awb-caption-title-line-height:var(--h2_typography-line-height);--awb-caption-title-letter-spacing:var(--h2_typography-letter-spacing);\"><div class=\"awb-image-frame awb-image-frame-4 imageframe-liftup\" style=\"max-width:260px;\"><span class=\" fusion-imageframe imageframe-none imageframe-4\"><a class=\"fusion-no-lightbox\" href=\"https:\/\/www.focoinduction.com\/induction-heating-applications\/induction-forging\/\" target=\"_blank\" aria-label=\"induction forging\" rel=\"noopener noreferrer\"><img decoding=\"async\" width=\"765\" height=\"385\" alt=\"R\u00e8n c\u1ea3m \u1ee9ng\" src=\"https:\/\/www.focoinduction.com\/wp-content\/uploads\/2022\/05\/induction-forging.jpg\" class=\"img-responsive wp-image-10207\" srcset=\"https:\/\/www.focoinduction.com\/wp-content\/uploads\/2022\/05\/induction-forging-200x101.jpg 200w, https:\/\/www.focoinduction.com\/wp-content\/uploads\/2022\/05\/induction-forging-400x201.jpg 400w, https:\/\/www.focoinduction.com\/wp-content\/uploads\/2022\/05\/induction-forging-600x302.jpg 600w, https:\/\/www.focoinduction.com\/wp-content\/uploads\/2022\/05\/induction-forging.jpg 765w\" sizes=\"(max-width: 768px) 100vw, 400px\" \/><\/a><\/span><\/div><\/div><div class=\"fusion-text fusion-text-6\" style=\"--awb-text-transform:none;--awb-margin-top:10px;\"><p style=\"text-align: center;\"><a href=\"https:\/\/www.focoinduction.com\/induction-heating-applications\/induction-forging\/\"><strong>R\u00e8n c\u1ea3m \u1ee9ng<\/strong><\/a><\/p>\n<\/div><\/div><\/div><div class=\"fusion-layout-column fusion_builder_column fusion-builder-column-6 fusion_builder_column_1_3 1_3 fusion-flex-column\" style=\"--awb-padding-top:15px;--awb-padding-right:15px;--awb-padding-bottom:15px;--awb-padding-left:15px;--awb-bg-size:cover;--awb-border-color:#bababa;--awb-border-top:1px;--awb-border-style:solid;--awb-width-large:33.333333333333%;--awb-margin-top-large:0px;--awb-spacing-right-large:10px;--awb-margin-bottom-large:20px;--awb-spacing-left-large:10px;--awb-width-medium:33.333333333333%;--awb-order-medium:0;--awb-spacing-right-medium:10px;--awb-spacing-left-medium:10px;--awb-width-small:100%;--awb-order-small:0;--awb-spacing-right-small:10px;--awb-spacing-left-small:10px;\"><div class=\"fusion-column-wrapper fusion-column-has-shadow fusion-flex-justify-content-flex-start fusion-content-layout-column\"><div class=\"fusion-image-element \" style=\"text-align:center;--awb-liftup-border-radius:0px;--awb-caption-title-font-family:var(--h2_typography-font-family);--awb-caption-title-font-weight:var(--h2_typography-font-weight);--awb-caption-title-font-style:var(--h2_typography-font-style);--awb-caption-title-size:var(--h2_typography-font-size);--awb-caption-title-transform:var(--h2_typography-text-transform);--awb-caption-title-line-height:var(--h2_typography-line-height);--awb-caption-title-letter-spacing:var(--h2_typography-letter-spacing);\"><div class=\"awb-image-frame awb-image-frame-5 imageframe-liftup\" style=\"max-width:260px;\"><span class=\" fusion-imageframe imageframe-none imageframe-5\"><a class=\"fusion-no-lightbox\" href=\"https:\/\/www.focoinduction.com\/induction-heating-applications\/induction-annealing\/\" target=\"_blank\" aria-label=\"induction annealing of metal parts\" rel=\"noopener noreferrer\"><img decoding=\"async\" width=\"765\" height=\"385\" alt=\"\u1ee6 c\u1ea3m \u1ee9ng\" src=\"https:\/\/www.focoinduction.com\/wp-content\/uploads\/2022\/05\/induction-annealing-of-metal-parts.jpg\" class=\"img-responsive wp-image-9256\" srcset=\"https:\/\/www.focoinduction.com\/wp-content\/uploads\/2022\/05\/induction-annealing-of-metal-parts-200x101.jpg 200w, https:\/\/www.focoinduction.com\/wp-content\/uploads\/2022\/05\/induction-annealing-of-metal-parts-400x201.jpg 400w, https:\/\/www.focoinduction.com\/wp-content\/uploads\/2022\/05\/induction-annealing-of-metal-parts-600x302.jpg 600w, https:\/\/www.focoinduction.com\/wp-content\/uploads\/2022\/05\/induction-annealing-of-metal-parts.jpg 765w\" sizes=\"(max-width: 768px) 100vw, 400px\" \/><\/a><\/span><\/div><\/div><div class=\"fusion-text fusion-text-7\" style=\"--awb-text-transform:none;--awb-margin-top:10px;\"><p style=\"text-align: center;\"><a href=\"https:\/\/www.focoinduction.com\/induction-heating-applications\/induction-annealing\/\"><strong>\u1ee6 c\u1ea3m \u1ee9ng<\/strong><\/a><\/p>\n<\/div><\/div><\/div><\/div><\/div><\/p>\n","protected":false},"excerpt":{"rendered":"","protected":false},"author":1,"featured_media":0,"parent":0,"menu_order":3,"comment_status":"closed","ping_status":"closed","template":"","meta":{"footnotes":""},"class_list":["post-9989","page","type-page","status-publish","hentry"],"_links":{"self":[{"href":"https:\/\/www.focoinduction.com\/vi\/wp-json\/wp\/v2\/pages\/9989","targetHints":{"allow":["GET"]}}],"collection":[{"href":"https:\/\/www.focoinduction.com\/vi\/wp-json\/wp\/v2\/pages"}],"about":[{"href":"https:\/\/www.focoinduction.com\/vi\/wp-json\/wp\/v2\/types\/page"}],"author":[{"embeddable":true,"href":"https:\/\/www.focoinduction.com\/vi\/wp-json\/wp\/v2\/users\/1"}],"replies":[{"embeddable":true,"href":"https:\/\/www.focoinduction.com\/vi\/wp-json\/wp\/v2\/comments?post=9989"}],"version-history":[{"count":0,"href":"https:\/\/www.focoinduction.com\/vi\/wp-json\/wp\/v2\/pages\/9989\/revisions"}],"wp:attachment":[{"href":"https:\/\/www.focoinduction.com\/vi\/wp-json\/wp\/v2\/media?parent=9989"}],"curies":[{"name":"wp","href":"https:\/\/api.w.org\/{rel}","templated":true}]}}